{"id":953,"date":"2024-10-08T16:52:38","date_gmt":"2024-10-08T14:52:38","guid":{"rendered":"https:\/\/poppersparadise.eu\/product\/lmfao-pentyl-24ml\/"},"modified":"2026-04-22T12:02:21","modified_gmt":"2026-04-22T10:02:21","slug":"lmfao-pentyl-poppers-24ml","status":"publish","type":"product","link":"https:\/\/poppersparadise.eu\/sv\/product\/lmfao-pentyl-poppers-24ml\/","title":{"rendered":"LMFAO Boom Boom Pentyl 24ml"},"content":{"rendered":"<h2 class=\"wp-block-heading\">Uppt\u00e4ck LMFAO Boom Boom Pentyl Poppers 24ml<\/h2>\n\n\n\n<p>Upplev de uppfriskande dofterna fr\u00e5n LMFAO Boom Boom Pentyl Poppers, en doftspridare som \u00e4r perfekt f\u00f6r att koppla av och skapa en lugn, stressfri milj\u00f6. Med en kapacitet p\u00e5 24 ml erbjuder denna flaska en l\u00e5ngvarig doftupplevelse, perfekt f\u00f6r dem som s\u00f6ker lugn och komfort.<\/p>\n\n\n\n<h3 class=\"wp-block-heading\">Produktspecifikationer<\/h3>\n\n\n\n<ul class=\"wp-block-list\">\n<li><strong>Aktiv best\u00e5ndsdel<\/strong>: Isopentylnitrit<\/li>\n\n\n\n<li><strong>Volym<\/strong>: 24 ml<\/li>\n<\/ul>\n\n\n\n<h3 class=\"wp-block-heading\">F\u00f6rdelar och effekter<\/h3>\n\n\n\n<ul class=\"wp-block-list\">\n<li>Snabbverkande med l\u00e5ngvarig luktspridning<\/li>\n\n\n\n<li>En m\u00e4ngd olika uppfriskande dofter f\u00f6r att passa alla preferenser<\/li>\n\n\n\n<li>Fr\u00e4mjar en lugn och stressfri milj\u00f6<\/li>\n\n\n\n<li>\u00d6kar avslappningen och den sociala interaktionen<\/li>\n<\/ul>\n\n\n\n<h3 class=\"wp-block-heading\">Varf\u00f6r v\u00e4lja LMFAO Boom Boom Pentyl Poppers?<\/h3>\n\n\n\n<ul class=\"wp-block-list\">\n<li>Speciellt utformad f\u00f6r finsmakare och \u00e4lskare av doftspridare<\/li>\n\n\n\n<li>Kombinerar innovation med tradition, inspirerad av den legendariska PWD Rush Popper<\/li>\n\n\n\n<li>Perfekt f\u00f6r personlig avkoppling eller som en unik present till v\u00e4nner och familj<\/li>\n\n\n\n<li>Tillg\u00e4nglig med attraktiva volymrabatter f\u00f6r bulkk\u00f6p<\/li>\n<\/ul>\n\n\n\n<h3 class=\"wp-block-heading\">Viktiga anm\u00e4rkningar<\/h3>\n\n\n\n<ul class=\"wp-block-list\">\n<li>Denna produkt \u00e4r endast avsedd att anv\u00e4ndas som doftspridare eller reng\u00f6ringsmedel.<\/li>\n\n\n\n<li>Det \u00e4r inte l\u00e4mpligt f\u00f6r f\u00f6rt\u00e4ring eller inandning.<\/li>\n\n\n\n<li>Kombinera inte med l\u00e4kemedel mot erektil dysfunktion.<\/li>\n\n\n\n<li>Undvik direkt hudkontakt p\u00e5 grund av dess fr\u00e4tande egenskaper.<\/li>\n\n\n\n<li>F\u00f6rvara p\u00e5 en sval och m\u00f6rk plats och st\u00e4ng flaskan ordentligt efter anv\u00e4ndning.<\/li>\n<\/ul>\n\n\n\n<h3 class=\"wp-block-heading\">Varningar<\/h3>\n\n\n\n<ul class=\"wp-block-list\">\n<li>Mycket brandfarlig v\u00e4tska och \u00e5nga (H225)<\/li>\n\n\n\n<li>Orsakar hud- och \u00f6gonirritation (H315\/H319)<\/li>\n\n\n\n<li>Giftigt vid inandning (H331)<\/li>\n\n\n\n<li>Ingen medicin<\/li>\n\n\n\n<li>Anv\u00e4nd endast enligt anvisningarna<\/li>\n<\/ul>\n\n\n\n<h3 class=\"wp-block-heading\">F\u00f6rvaring<\/h3>\n\n\n\n<ul class=\"wp-block-list\">\n<li>F\u00f6rvaras svalt och torrt.<\/li>\n\n\n\n<li>F\u00f6rvaras o\u00e5tkomligt f\u00f6r barn.<\/li>\n<\/ul>\n\n\n\n<h3 class=\"wp-block-heading\">Land av ursprung<\/h3>\n\n\n\n<p>Luxemburg<\/p>","protected":false},"excerpt":{"rendered":"<p><strong><br \/>KOMPATIBLA TILLBEH\u00d6R:<\/strong><\/p>\n<ul>\n<li><a href=\"https:\/\/poppersparadise.eu\/sv\/produktkategori\/tillbehor\/sniffare-liten\/\">Sniffers Small<\/a><\/li>\n<li><a href=\"https:\/\/poppersparadise.eu\/sv\/product\/xtrm-poppers-hallare-oval\/\">XTRM Poppers H\u00e5llare oval<\/a><\/li>\n<li><a href=\"https:\/\/poppersparadise.eu\/sv\/product\/xtrm-poppers-keeper-stor-24ml\/\">XTRM Poppers Keeper stor<\/a><\/li>\n<\/ul>","protected":false},"featured_media":12409,"comment_status":"open","ping_status":"closed","template":"","meta":{"_acf_changed":false},"product_brand":[],"product_cat":[35,482],"product_tag":[],"class_list":{"0":"post-953","1":"product","2":"type-product","3":"status-publish","4":"has-post-thumbnail","6":"product_cat-grote-flesjes-poppers","7":"product_cat-aanbiedingen","9":"first","10":"instock","11":"sale","12":"taxable","13":"shipping-taxable","14":"purchasable","15":"product-type-simple"},"acf":[],"df_price":3.5,"df_sale_price":3.5,"df_regular_price":6.95,"df_image_link":"https:\/\/poppersparadise.eu\/wp-content\/uploads\/2024\/10\/LMPN24-300x300.webp","_links":{"self":[{"href":"https:\/\/poppersparadise.eu\/sv\/wp-json\/wp\/v2\/product\/953","targetHints":{"allow":["GET"]}}],"collection":[{"href":"https:\/\/poppersparadise.eu\/sv\/wp-json\/wp\/v2\/product"}],"about":[{"href":"https:\/\/poppersparadise.eu\/sv\/wp-json\/wp\/v2\/types\/product"}],"replies":[{"embeddable":true,"href":"https:\/\/poppersparadise.eu\/sv\/wp-json\/wp\/v2\/comments?post=953"}],"wp:featuredmedia":[{"embeddable":true,"href":"https:\/\/poppersparadise.eu\/sv\/wp-json\/wp\/v2\/media\/12409"}],"wp:attachment":[{"href":"https:\/\/poppersparadise.eu\/sv\/wp-json\/wp\/v2\/media?parent=953"}],"wp:term":[{"taxonomy":"product_brand","embeddable":true,"href":"https:\/\/poppersparadise.eu\/sv\/wp-json\/wp\/v2\/product_brand?post=953"},{"taxonomy":"product_cat","embeddable":true,"href":"https:\/\/poppersparadise.eu\/sv\/wp-json\/wp\/v2\/product_cat?post=953"},{"taxonomy":"product_tag","embeddable":true,"href":"https:\/\/poppersparadise.eu\/sv\/wp-json\/wp\/v2\/product_tag?post=953"}],"curies":[{"name":"wp","href":"https:\/\/api.w.org\/{rel}","templated":true}]}}