{"id":865,"date":"2024-10-08T16:52:13","date_gmt":"2024-10-08T14:52:13","guid":{"rendered":"https:\/\/poppersparadise.eu\/product\/amyl-metal-30ml\/"},"modified":"2026-04-14T14:16:04","modified_gmt":"2026-04-14T12:16:04","slug":"amyl-metall-poppers-24ml-2","status":"publish","type":"product","link":"https:\/\/poppersparadise.eu\/sv\/product\/amyl-metal-poppers-24ml\/","title":{"rendered":"Amyl (Metal) 30ml"},"content":{"rendered":"<h2 class=\"wp-block-heading\">Styrkan hos Amyl Metal Poppers <\/h2>\n\n\n\n<p>Uppt\u00e4ck den oemotst\u00e5ndliga kvaliteten hos Amyl Metal Poppers , f\u00f6rpackad i en praktisk och h\u00e5llbar 30 ml metallflaska. Denna doftspridare ger en intensiv och l\u00e5ngvarig doftupplevelse, perfekt f\u00f6r dig som \u00e4lskar produkter av h\u00f6g kvalitet.<\/p>\n\n\n\n<h3 class=\"wp-block-heading\">Viktiga funktioner<\/h3>\n\n\n\n<ul class=\"wp-block-list\">\n<li><strong>L\u00e5ngvarig effekt<\/strong>: Med en kapacitet p\u00e5 30 ml kan du njuta av en kraftfull doftspridning under l\u00e4ngre tid.<\/li>\n\n\n\n<li><strong>H\u00e5llbar metallflaska<\/strong>: Den robusta designen garanterar f\u00e4rskhet och kvalitet.<\/li>\n\n\n\n<li><strong>Formel av h\u00f6g kvalitet<\/strong>: Speciellt framtagen f\u00f6r en intensiv doftupplevelse.<\/li>\n<\/ul>\n\n\n\n<h3 class=\"wp-block-heading\">Viktig anv\u00e4ndarinformation<\/h3>\n\n\n\n<ul class=\"wp-block-list\">\n<li>Denna produkt \u00e4r endast avsedd att anv\u00e4ndas som doftspridare eller reng\u00f6ringsmedel.<\/li>\n\n\n\n<li>Det \u00e4r inte l\u00e4mpligt f\u00f6r f\u00f6rt\u00e4ring eller inandning.<\/li>\n\n\n\n<li>Undvik direkt hudkontakt p\u00e5 grund av dess fr\u00e4tande egenskaper.<\/li>\n\n\n\n<li>F\u00f6rvara p\u00e5 en sval och m\u00f6rk plats och st\u00e4ng flaskan ordentligt efter anv\u00e4ndning.<\/li>\n<\/ul>\n\n\n\n<h3 class=\"wp-block-heading\">Varningar<\/h3>\n\n\n\n<ul class=\"wp-block-list\">\n<li>Mycket brandfarlig v\u00e4tska och \u00e5nga (H225).<\/li>\n\n\n\n<li>Orsakar hud- och \u00f6gonirritation (H315\/H319).<\/li>\n\n\n\n<li>Giftigt vid inandning (H331).<\/li>\n\n\n\n<li>Inte ett l\u00e4kemedel eller en medicinsk produkt.<\/li>\n\n\n\n<li>Anv\u00e4nd endast enligt anvisningarna.<\/li>\n<\/ul>\n\n\n\n<h3 class=\"wp-block-heading\">F\u00f6rvaring<\/h3>\n\n\n\n<ul class=\"wp-block-list\">\n<li>F\u00f6rvaras svalt och torrt.<\/li>\n\n\n\n<li>F\u00f6rvaras o\u00e5tkomligt f\u00f6r barn.<\/li>\n<\/ul>\n\n\n\n<p><strong>Land av ursprung<\/strong>: Luxemburg<\/p>\n\n\n\n<h3 class=\"wp-block-heading\">Best\u00e4ll Amyl Metal Poppers idag<\/h3>\n\n\n\n<p>Med Amyl Metal Poppers f\u00e5r du en kraftfull doftspridare som kombinerar kvalitet och funktionalitet. Best\u00e4ll idag och uppt\u00e4ck varf\u00f6r denna produkt \u00e4r en favorit bland doftspridarentusiaster!<\/p>","protected":false},"excerpt":{"rendered":"<p><strong><br \/>KOMPATIBLA TILLBEH\u00d6R:<\/strong><\/p>\n<ul>\n<li><a href=\"https:\/\/poppersparadise.eu\/sv\/produktkategori\/tillbehor\/sniffare-liten\/\">Sniffers Small<\/a><\/li>\n<\/ul>","protected":false},"featured_media":329,"comment_status":"open","ping_status":"closed","template":"","meta":{"_acf_changed":false},"product_brand":[736],"product_cat":[35],"product_tag":[],"class_list":{"0":"post-865","1":"product","2":"type-product","3":"status-publish","4":"has-post-thumbnail","6":"product_brand-amyl","7":"product_cat-grote-flesjes-poppers","9":"first","10":"instock","11":"taxable","12":"shipping-taxable","13":"purchasable","14":"product-type-simple"},"acf":[],"df_price":7.95,"df_sale_price":"","df_regular_price":7.95,"df_image_link":"https:\/\/poppersparadise.eu\/wp-content\/uploads\/2024\/10\/amy30-b-300x300.jpg","_links":{"self":[{"href":"https:\/\/poppersparadise.eu\/sv\/wp-json\/wp\/v2\/product\/865","targetHints":{"allow":["GET"]}}],"collection":[{"href":"https:\/\/poppersparadise.eu\/sv\/wp-json\/wp\/v2\/product"}],"about":[{"href":"https:\/\/poppersparadise.eu\/sv\/wp-json\/wp\/v2\/types\/product"}],"replies":[{"embeddable":true,"href":"https:\/\/poppersparadise.eu\/sv\/wp-json\/wp\/v2\/comments?post=865"}],"wp:featuredmedia":[{"embeddable":true,"href":"https:\/\/poppersparadise.eu\/sv\/wp-json\/wp\/v2\/media\/329"}],"wp:attachment":[{"href":"https:\/\/poppersparadise.eu\/sv\/wp-json\/wp\/v2\/media?parent=865"}],"wp:term":[{"taxonomy":"product_brand","embeddable":true,"href":"https:\/\/poppersparadise.eu\/sv\/wp-json\/wp\/v2\/product_brand?post=865"},{"taxonomy":"product_cat","embeddable":true,"href":"https:\/\/poppersparadise.eu\/sv\/wp-json\/wp\/v2\/product_cat?post=865"},{"taxonomy":"product_tag","embeddable":true,"href":"https:\/\/poppersparadise.eu\/sv\/wp-json\/wp\/v2\/product_tag?post=865"}],"curies":[{"name":"wp","href":"https:\/\/api.w.org\/{rel}","templated":true}]}}