{"id":29419,"date":"2026-03-27T14:08:24","date_gmt":"2026-03-27T13:08:24","guid":{"rendered":"https:\/\/poppersparadise.eu\/?post_type=product&#038;p=29419"},"modified":"2026-04-21T11:39:11","modified_gmt":"2026-04-21T09:39:11","slug":"iron-fist-flash-10-ml-poppers","status":"publish","type":"product","link":"https:\/\/poppersparadise.eu\/sv\/product\/iron-fist-flash-10ml-poppers\/","title":{"rendered":"Iron Fist Flash 10ml"},"content":{"rendered":"<h2 class=\"wp-block-heading\">Uppt\u00e4ck sp\u00e4nningen med Iron Fist Flash 10ml Poppers<\/h2>\n\n\n\n<p>G\u00f6r dig redo f\u00f6r en unik doftupplevelse med Iron Fist Flash 10ml Poppers. Denna doftspridare \u00e4r speciellt utformad f\u00f6r dem som s\u00f6ker en intensiv och sofistikerad atmosf\u00e4r och ger en kraftfull och l\u00e5ngvarig doftupplevelse.<\/p>\n\n\n\n<h3 class=\"wp-block-heading\">Vad g\u00f6r Iron Fist speciell?<\/h3>\n\n\n\n<ul class=\"wp-block-list\">\n<li><strong>Kraftfull mix<\/strong>: En unik kombination av pentylnitrit f\u00f6r en m\u00e5ngsidig doftupplevelse.<\/li>\n\n\n\n<li><strong>Bekv\u00e4mt format<\/strong>: 10 ml i en tunn metallflaska, perfekt f\u00f6r resan.<\/li>\n\n\n\n<li><strong>Snabb, intensiv doftspridning<\/strong>: K\u00e4nn effekterna inom n\u00e5gra minuter f\u00f6r ett f\u00f6rh\u00f6jt hum\u00f6r.<\/li>\n\n\n\n<li><strong>F\u00f6rb\u00e4ttrad atmosf\u00e4r<\/strong>: Skapa en avslappnad och speciell atmosf\u00e4r.<\/li>\n\n\n\n<li><strong>Ekonomisk anv\u00e4ndning<\/strong>: Tack vare styrkan hos isoamylnitrit beh\u00f6vs endast en liten m\u00e4ngd.<\/li>\n<\/ul>\n\n\n\n<h3 class=\"wp-block-heading\">En n\u00e4rmare titt p\u00e5 ingredienserna<\/h3>\n\n\n\n<ul class=\"wp-block-list\">\n<li><strong>Pentylnitrit<\/strong>: Ett mildare alternativ, perfekt f\u00f6r nyb\u00f6rjare, med minimal risk f\u00f6r biverkningar.<\/li>\n<\/ul>\n\n\n\n<h3 class=\"wp-block-heading\">Viktigt att veta<\/h3>\n\n\n\n<p>Denna produkt \u00e4r endast avsedd att anv\u00e4ndas som doftspridare eller reng\u00f6ringsmedel. Den \u00e4r inte l\u00e4mplig f\u00f6r f\u00f6rt\u00e4ring eller inandning. F\u00f6rvara produkten p\u00e5 en sval och m\u00f6rk plats och st\u00e4ng flaskan ordentligt efter anv\u00e4ndning.<\/p>\n\n\n\n<h3 class=\"wp-block-heading\">Varningar<\/h3>\n\n\n\n<ul class=\"wp-block-list\">\n<li>Mycket brandfarlig v\u00e4tska och \u00e5nga (H225).<\/li>\n\n\n\n<li>Orsakar hud- och \u00f6gonirritation (H315\/H319).<\/li>\n\n\n\n<li>Giftigt vid inandning (H331).<\/li>\n\n\n\n<li>Ingen medicin.<\/li>\n\n\n\n<li>Anv\u00e4nd endast enligt anvisningarna.<\/li>\n<\/ul>\n\n\n\n<h3 class=\"wp-block-heading\">F\u00f6rvaring<\/h3>\n\n\n\n<p>F\u00f6rvara p\u00e5 en sval och torr plats. F\u00f6rvaras o\u00e5tkomligt f\u00f6r barn.<\/p>\n\n\n\n<h3 class=\"wp-block-heading\">Land av ursprung<\/h3>\n\n\n\n<p>Luxemburg<\/p>\n\n\n\n<p><\/p>","protected":false},"excerpt":{"rendered":"<p><strong><br \/>KOMPATIBLA TILLBEH\u00d6R:<\/strong><\/p>\n<ul>\n<li><a href=\"https:\/\/poppersparadise.eu\/sv\/produktkategori\/tillbehor\/sniffare-liten\/\">Sniffers Small<\/a><\/li>\n<li><a href=\"https:\/\/poppersparadise.eu\/sv\/product\/xtrm-poppers-houder-zwart-small\/\">XTRM Poppers H\u00e5llare liten<\/a><\/li>\n<li><a href=\"https:\/\/poppersparadise.eu\/sv\/product\/xtrm-poppers-keeper-liten-10ml-2\/\">XTRM Poppers Keeper liten<\/a><\/li>\n<\/ul>","protected":false},"featured_media":29420,"comment_status":"open","ping_status":"closed","template":"","meta":{"_acf_changed":false},"product_brand":[742],"product_cat":[34],"product_tag":[],"class_list":{"0":"post-29419","1":"product","2":"type-product","3":"status-publish","4":"has-post-thumbnail","6":"product_brand-iron-fist","7":"product_cat-kleine-flesjes-poppers","9":"first","10":"instock","11":"taxable","12":"shipping-taxable","13":"purchasable","14":"product-type-simple"},"acf":[],"df_price":5.95,"df_sale_price":"","df_regular_price":5.95,"df_image_link":"https:\/\/poppersparadise.eu\/wp-content\/uploads\/2026\/03\/iron-fist-flash-10ml-300x300.jpg","_links":{"self":[{"href":"https:\/\/poppersparadise.eu\/sv\/wp-json\/wp\/v2\/product\/29419","targetHints":{"allow":["GET"]}}],"collection":[{"href":"https:\/\/poppersparadise.eu\/sv\/wp-json\/wp\/v2\/product"}],"about":[{"href":"https:\/\/poppersparadise.eu\/sv\/wp-json\/wp\/v2\/types\/product"}],"replies":[{"embeddable":true,"href":"https:\/\/poppersparadise.eu\/sv\/wp-json\/wp\/v2\/comments?post=29419"}],"wp:featuredmedia":[{"embeddable":true,"href":"https:\/\/poppersparadise.eu\/sv\/wp-json\/wp\/v2\/media\/29420"}],"wp:attachment":[{"href":"https:\/\/poppersparadise.eu\/sv\/wp-json\/wp\/v2\/media?parent=29419"}],"wp:term":[{"taxonomy":"product_brand","embeddable":true,"href":"https:\/\/poppersparadise.eu\/sv\/wp-json\/wp\/v2\/product_brand?post=29419"},{"taxonomy":"product_cat","embeddable":true,"href":"https:\/\/poppersparadise.eu\/sv\/wp-json\/wp\/v2\/product_cat?post=29419"},{"taxonomy":"product_tag","embeddable":true,"href":"https:\/\/poppersparadise.eu\/sv\/wp-json\/wp\/v2\/product_tag?post=29419"}],"curies":[{"name":"wp","href":"https:\/\/api.w.org\/{rel}","templated":true}]}}