{"id":25353,"date":"2025-11-24T14:21:56","date_gmt":"2025-11-24T13:21:56","guid":{"rendered":"https:\/\/poppersparadise.eu\/?post_type=product&#038;p=25353"},"modified":"2026-04-21T15:46:16","modified_gmt":"2026-04-21T13:46:16","slug":"xtrm-solo-snffr-set","status":"publish","type":"product","link":"https:\/\/poppersparadise.eu\/sv\/product\/xtrm-solo-snffr-set\/","title":{"rendered":"XTRM Solo SNFFR-sats (liten och stor)"},"content":{"rendered":"<h2 data-start=\"145\" data-end=\"205\">K\u00f6p nu den kompletta XTRM Solo SNFFR-satsen, som best\u00e5r av b\u00e5de <strong data-start=\"484\" data-end=\"493\">Liten<\/strong> som <strong data-start=\"498\" data-end=\"507\">Stor<\/strong> genomf\u00f6rande.<\/h2>\n<p data-start=\"145\" data-end=\"205\">Dessa h\u00f6gkvalitativa tillbeh\u00f6r \u00e4r utformade f\u00f6r att g\u00f6ra din Poppers mer effektiv och renare att anv\u00e4nda, utan kr\u00e5ngel med lock, ingen hudkontakt och mindre risk f\u00f6r spill.<\/p>\n<p data-start=\"698\" data-end=\"1018\">SNFFR-f\u00e4stena placeras helt enkelt p\u00e5 flaskan, vilket g\u00f6r din Poppers omedelbart klar f\u00f6r anv\u00e4ndning. Tack vare den smarta designen beh\u00f6ver du inte l\u00e4ngre bomullsull, masker eller ytterligare verktyg. Dessutom undviker du o\u00f6nskad kontakt mellan aromen och huden, vilket bidrar till att undvika irritation och rodnad.<\/p>\n<p data-start=\"1020\" data-end=\"1061\"><strong data-start=\"1020\" data-end=\"1061\">F\u00f6rdelar med XTRM Solo SNFFR Set:<\/strong><\/p>\n<ul>\n<li data-start=\"1064\" data-end=\"1117\">Inneh\u00e5ller b\u00e5de <strong data-start=\"1076\" data-end=\"1085\">Liten<\/strong> som <strong data-start=\"1090\" data-end=\"1099\">Stor<\/strong> SNFFR-tillbeh\u00f6r<\/li>\n<li data-start=\"1120\" data-end=\"1252\">Sm\u00e5 flaskor<\/li>\n<li data-start=\"1120\" data-end=\"1252\">Smala h\u00f6ga flaskor<\/li>\n<li data-start=\"1120\" data-end=\"1252\">Stora flaskor i omkl\u00e4dningsrum<\/li>\n<li>Minimerar spill och hudkontakt<\/li>\n<li>Ingen hudirritation eller rodnad vid kontakt med aromen<\/li>\n<li>Enkel att anv\u00e4nda - inga lock att lossa och dra \u00e5t<\/li>\n<li>Kan \u00e5terst\u00e4lla optimal cirkulation av \u00e4ldre aromer<\/li>\n<li>100% producerad i \u00d6sterrike<\/li>\n<\/ul>\n<p data-start=\"1503\" data-end=\"1756\"><strong data-start=\"1503\" data-end=\"1526\">Anv\u00e4ndning &amp; underh\u00e5ll<\/strong><br data-start=\"1526\" data-end=\"1529\" \/>SNFFR-redskap f\u00f6rblir i optimalt skick under l\u00e4ngst tid n\u00e4r de skyddas mot sol, v\u00e4rme, kyla och aggressiva reng\u00f6ringsmedel. Sk\u00f6lj dem helst efter varje anv\u00e4ndning och f\u00f6rvara dem i originalf\u00f6rpackningen.<\/p>\n<p data-start=\"1758\" data-end=\"1978\"><strong data-start=\"1758\" data-end=\"1805\">Ny storlekstabell - alltid r\u00e4tt passform<\/strong><br data-start=\"1805\" data-end=\"1808\" \/>Med den uppdaterade storlekstabellen f\u00f6r XTRM SNFFR kan du nu enkelt hitta r\u00e4tt storlek f\u00f6r varje flaska. Inget mer gissande eller fumlande: du vet omedelbart vilken SNFFR som passar perfekt.<\/p>\n\n\n<figure class=\"wp-block-table\"><table class=\"has-fixed-layout\"><thead><tr><th>Storlek<\/th><th>Exempel&nbsp;<\/th><th>Beskrivning<\/th><\/tr><\/thead><tbody><tr><td><strong>XXS<\/strong><\/td><td><img decoding=\"async\" src=\"https:\/\/wholesale.xtrm.net\/TAP\/XXS.jpg\" alt=\"XXS Flaska\" title=\"\"><\/td><td>Skull 24 ml flaskor<\/td><\/tr><tr><td><strong>XS<\/strong><\/td><td><img decoding=\"async\" src=\"https:\/\/wholesale.xtrm.net\/TAP\/XS.jpg\" alt=\"XS Flaska\" title=\"\"><\/td><td>Franska, Double Scorpio (USA), Everest, OXY - smala aluminiumflaskor (10-15 ml)<\/td><\/tr><tr><td><strong>S<\/strong><\/td><td><img decoding=\"async\" src=\"https:\/\/wholesale.xtrm.net\/TAP\/SMALL.jpg\" alt=\"S Flaska\" title=\"\"><\/td><td>Rush, Amsterdam, ovala XTRM-flaskor, breda Lockerroom-flaskor (inte h\u00f6ga), PWD 10ml, Funline 10ml<\/td><\/tr><tr><td><strong>M<\/strong><\/td><td><img decoding=\"async\" src=\"https:\/\/wholesale.xtrm.net\/TAP\/M.jpg\" alt=\"M Flaska\" title=\"\"><\/td><td>Nya h\u00f6ga Lockerroom-flaskor (30 ml) - tidigare \"Small\", nu Medium-storlek<\/td><\/tr><tr><td><strong>L<\/strong><\/td><td><img decoding=\"async\" src=\"https:\/\/wholesale.xtrm.net\/TAP\/large.jpg\" alt=\"L Flaska\" title=\"\"><\/td><td>Fyrkantiga retroflaskor (24-25 ml), t.ex. Belgo, Funline, Lockerroom, vissa amerikanska flaskor<\/td><\/tr><tr><td><strong>XL<\/strong><\/td><td><img decoding=\"async\" src=\"https:\/\/wholesale.xtrm.net\/TAP\/xl.jpg\" alt=\"XL-flaska\" title=\"\"><\/td><td>Nya OXY och Lockerroom aluminiumflaskor (stora, runda)<\/td><\/tr><tr><td><strong>2XL<\/strong><\/td><td><img decoding=\"async\" src=\"https:\/\/wholesale.xtrm.net\/TAP\/2xl.jpg\" alt=\"2XL Flaska\" title=\"\"><\/td><td>Extra breda 30 ml aluminiumflaskor med stor \u00f6ppning<\/td><\/tr><tr><td><strong>3XL<\/strong><\/td><td><img decoding=\"async\" src=\"https:\/\/wholesale.xtrm.net\/TAP\/3xl.jpg\" alt=\"3XL Flaska\" title=\"\"><\/td><td>Isoamyl plastflaskor, Everest 30 ml, glasflaskor med vid mynning<\/td><\/tr><tr><td><strong>4XL<\/strong><\/td><td><img decoding=\"async\" src=\"https:\/\/wholesale.xtrm.net\/TAP\/4xl.jpg\" alt=\"4XL Flaska\" title=\"\"><\/td><td>XTRM flaskor 60-100 ml, t.ex. XTRM BEAST<\/td><\/tr><\/tbody><\/table><\/figure>\n\n\n\n<p><\/p>","protected":false},"excerpt":{"rendered":"<p>Sniffer-inhalatorn XTRM \u00e4r ett sniffningstillbeh\u00f6r till Poppers. Med detta tillbeh\u00f6r ger sniffning dig en helt ny rush. S\u00e5 intensiv, s\u00e5 ren, s\u00e5 k\u00e5t med den fetaste hammaren h\u00f6g du aldrig har sett.<\/p>","protected":false},"featured_media":25354,"comment_status":"open","ping_status":"closed","template":"","meta":{"_acf_changed":false},"product_brand":[752],"product_cat":[330,756],"product_tag":[],"class_list":{"0":"post-25353","1":"product","2":"type-product","3":"status-publish","4":"has-post-thumbnail","6":"product_brand-xtrm","7":"product_cat-accessoires","8":"product_cat-sniffers-small-large-sets","10":"first","11":"instock","12":"sale","13":"taxable","14":"shipping-taxable","15":"purchasable","16":"product-type-woosb"},"acf":[],"df_price":14.95,"df_sale_price":14.95,"df_regular_price":19.9,"df_image_link":"https:\/\/poppersparadise.eu\/wp-content\/uploads\/2025\/11\/XTRM-Set-300x300.jpg","_links":{"self":[{"href":"https:\/\/poppersparadise.eu\/sv\/wp-json\/wp\/v2\/product\/25353","targetHints":{"allow":["GET"]}}],"collection":[{"href":"https:\/\/poppersparadise.eu\/sv\/wp-json\/wp\/v2\/product"}],"about":[{"href":"https:\/\/poppersparadise.eu\/sv\/wp-json\/wp\/v2\/types\/product"}],"replies":[{"embeddable":true,"href":"https:\/\/poppersparadise.eu\/sv\/wp-json\/wp\/v2\/comments?post=25353"}],"wp:featuredmedia":[{"embeddable":true,"href":"https:\/\/poppersparadise.eu\/sv\/wp-json\/wp\/v2\/media\/25354"}],"wp:attachment":[{"href":"https:\/\/poppersparadise.eu\/sv\/wp-json\/wp\/v2\/media?parent=25353"}],"wp:term":[{"taxonomy":"product_brand","embeddable":true,"href":"https:\/\/poppersparadise.eu\/sv\/wp-json\/wp\/v2\/product_brand?post=25353"},{"taxonomy":"product_cat","embeddable":true,"href":"https:\/\/poppersparadise.eu\/sv\/wp-json\/wp\/v2\/product_cat?post=25353"},{"taxonomy":"product_tag","embeddable":true,"href":"https:\/\/poppersparadise.eu\/sv\/wp-json\/wp\/v2\/product_tag?post=25353"}],"curies":[{"name":"wp","href":"https:\/\/api.w.org\/{rel}","templated":true}]}}