{"id":23223,"date":"2025-10-29T15:57:43","date_gmt":"2025-10-29T14:57:43","guid":{"rendered":"https:\/\/poppersparadise.eu\/?post_type=product&#038;p=23223"},"modified":"2026-04-16T08:47:05","modified_gmt":"2026-04-16T06:47:05","slug":"xtrm-festforpackning","status":"publish","type":"product","link":"https:\/\/poppersparadise.eu\/sv\/product\/xtrm-party-pack\/","title":{"rendered":"XTRM Party Pack 5 x 30ml + Gratis XTRM Leak Proof Turbo SNFFR"},"content":{"rendered":"<h2 class=\"wp-block-heading\">Komplettera din fest med en <strong>XTRM Party Pack 5 x 30ml<\/strong> <strong>Poppers<\/strong>! <\/h2>\n\n\n\n<p>V\u00e4lj dina fem favoritflaskor av XTRM 30ml fr\u00e5n v\u00e5r omfattande lista med olika sorter. S\u00e4tt en personlig pr\u00e4gel p\u00e5 din fest med dina favoritsorter av XTRM. Dessutom kan du dra nytta av en gratis <strong><strong><strong><strong>Gratis XTRM L\u00e4ckages\u00e4ker Turbo SNFFR<\/strong><\/strong> <strong>v\u00e4rde 24,95 euro<\/strong><\/strong><\/strong> med ditt k\u00f6p <strong>OCH f\u00e5 15% extra rabatt<\/strong> per flaska! Och f\u00f6r att g\u00f6ra festen komplett f\u00e5r du ocks\u00e5 en <strong>XTRM Proppstoppare<\/strong> p\u00e5!<\/p>\n\n\n\n<h3 class=\"wp-block-heading\">S\u00e5 sammanfattningsvis f\u00e5r du:<\/h3>\n\n\n\n<ul class=\"wp-block-list\">\n<li>5x Flaska XTRM Poppers efter eget val med 15% rabatt<\/li>\n\n\n\n<li>5x XTRM SNFFR<\/li>\n\n\n\n<li>1x XTRM l\u00e4ckages\u00e4ker Turbo SNFFR<\/li>\n\n\n\n<li>1x XTRM Poppers propp f\u00f6r rund XTRM flaska<\/li>\n<\/ul>\n\n\n\n<h3 class=\"wp-block-heading\"><strong>V\u00e4lj bland dina favoritsorter:<\/strong><\/h3>\n\n\n\n<ul class=\"wp-block-list\">\n<li><a href=\"https:\/\/poppersparadise.eu\/sv\/product\/xtrm-alpha-x-power-black-label-30-ml-poppers\/\">Alpha X Power Black Label 30ml<\/a><\/li>\n\n\n\n<li><a href=\"https:\/\/poppersparadise.eu\/sv\/product\/xtrm-amsterdam-xxx-red-raw-power-30ml-poppers\/\">Amsterdam XXX Red Raw Power 30ml<\/a><\/li>\n\n\n\n<li><a href=\"https:\/\/poppersparadise.eu\/sv\/product\/xtrm-amyl-svart-30ml-poppers\/\">Amyl Black 30ml<\/a><\/li>\n\n\n\n<li><a href=\"https:\/\/poppersparadise.eu\/sv\/product\/xtrm-bad-6-boy-30ml-poppers\/\">Bad 6 Boy 30ml<\/a><\/li>\n\n\n\n<li><a href=\"https:\/\/poppersparadise.eu\/sv\/product\/xtrm-svart-tiger-xxtrm-bull-shock-30ml-poppers\/\">Black Tiger Xxtrm Bull Shock 30ml<\/a><\/li>\n\n\n\n<li><a href=\"https:\/\/poppersparadise.eu\/sv\/product\/xtrm-bulls-pisse-30ml-poppers\/\">Bullen Pisse 30ml<\/a><\/li>\n\n\n\n<li><a href=\"https:\/\/poppersparadise.eu\/sv\/product\/xtrm-crash-boom-bang-30ml-poppers\/\">Crash Boom! Bang! 30ml<\/a><\/li>\n\n\n\n<li><a href=\"https:\/\/poppersparadise.eu\/sv\/product\/xtrm-kraschar-hardare-snabbare-mer-intensivt-30-ml-poppers\/\">Kraschar h\u00e5rdare, snabbare och mer intensivt 30 ml<\/a><\/li>\n\n\n\n<li><a href=\"https:\/\/poppersparadise.eu\/sv\/product\/fist-xtrm-ultrastarka-30-ml-poppers\/\">Fist XTRM Ultra Strong 30ml<\/a><\/li>\n\n\n\n<li><a href=\"https:\/\/poppersparadise.eu\/sv\/product\/xtrm-gasmask-amyl-30ml-poppers\/\">Gasmask XTRM Amyl 30ml<\/a><\/li>\n\n\n\n<li><a href=\"https:\/\/poppersparadise.eu\/sv\/product\/xtrm-gorilla-ultra-strong-v2-30ml-poppers\/\">Gorilla Ultra Strong V2 30ml<\/a><\/li>\n\n\n\n<li><a href=\"https:\/\/poppersparadise.eu\/sv\/product\/xtrm-green-monsters-overkill-30ml-poppers\/\">Green Monsters Overkill 30ml<\/a><\/li>\n\n\n\n<li><a href=\"https:\/\/poppersparadise.eu\/sv\/product\/xtrm-iron-blast-green-30ml-poppers\/\">Iron Blast Green 30ml<\/a><\/li>\n\n\n\n<li><a href=\"https:\/\/poppersparadise.eu\/sv\/product\/xtrm-jarnblastring-gul-30ml-poppers\/\">Iron Blast Yellow 30ml<\/a><\/li>\n\n\n\n<li><a href=\"https:\/\/poppersparadise.eu\/sv\/product\/xtrm-iron-blast-ultra-30-ml-poppers\/\">Iron Blast Ultra 30ml<\/a><\/li>\n\n\n\n<li><a href=\"https:\/\/poppersparadise.eu\/sv\/product\/xtrm-kixor-ultra-impact-30ml-poppers\/\">Kixor Ultra Impact 30ml<\/a><\/li>\n\n\n\n<li><a href=\"https:\/\/poppersparadise.eu\/sv\/product\/xtrm-made-in-swiss-premium-amyl-30ml-poppers\/\">Made In Swiss Premium Amyl 30ml<\/a><\/li>\n\n\n\n<li><a href=\"https:\/\/poppersparadise.eu\/sv\/product\/xtrm-max-brutal-30-ml-poppers\/\">Max Brutal 30ml<\/a><\/li>\n\n\n\n<li><a href=\"https:\/\/poppersparadise.eu\/sv\/product\/xtrm-max-brutal-kickmaster-30-ml-poppers\/\">Max Brutal Kickmaster 30ml<\/a><\/li>\n\n\n\n<li><a href=\"https:\/\/poppersparadise.eu\/sv\/product\/xtrm-gris-slampa-premium-amyl-30ml-poppers\/\">Pig Slut Premium Amyl 30ml<\/a><\/li>\n\n\n\n<li><a href=\"https:\/\/poppersparadise.eu\/sv\/product\/xtrm-rush-fusion-bastard-30ml-poppers\/\">Rush Fusion Bastard 30ml<\/a><\/li>\n\n\n\n<li><a href=\"https:\/\/poppersparadise.eu\/sv\/product\/xtrm-rush-ultimax-30ml-poppers\/\">Rush Ultimax 30ml Poppers<\/a><\/li>\n\n\n\n<li><a href=\"https:\/\/poppersparadise.eu\/sv\/product\/xtrm-skuf-bull-power-30ml-poppers\/\">Skuf Bull Power 30ml<\/a><\/li>\n\n\n\n<li><a href=\"https:\/\/poppersparadise.eu\/sv\/product\/xtrm-snout-iron-rush-30ml-poppers\/\">Snout Iron Rush 30ml<\/a><\/li>\n\n\n\n<li><a href=\"https:\/\/poppersparadise.eu\/sv\/product\/xtrm-spermier-hybrid-power-30-ml-poppers\/\">Sperm Hybrid Power 30ml<\/a><\/li>\n\n\n\n<li><a href=\"https:\/\/poppersparadise.eu\/sv\/product\/xtrm-black-label-fist-30ml-poppers\/\">XTRM Black Label Fist 30ml<\/a><\/li>\n\n\n\n<li><a href=\"https:\/\/poppersparadise.eu\/sv\/product\/xtrm-zentox-brutal-the-scene-formula-30-ml-poppers\/\">Zentox Brutal - The Scene Formula 30 ml<\/a><\/li>\n\n\n\n<li><a href=\"https:\/\/poppersparadise.eu\/sv\/product\/xtrm-zentox-snffr-inuti-30-ml-poppers\/\">Zentox SNFFR Inside 30ml<\/a><\/li>\n\n\n\n<li><a href=\"https:\/\/poppersparadise.eu\/sv\/product\/xtrm-pup-play-30-ml-poppers\/\">Pup Play 30ml<\/a><\/li>\n\n\n\n<li><a href=\"https:\/\/poppersparadise.eu\/sv\/product\/xtrm-monkey-kinksters-30-ml-poppers\/\">Monkey Kinksters 30ml<\/a><\/li>\n\n\n\n<li><a href=\"https:\/\/poppersparadise.eu\/sv\/product\/xtrm-pride-xtrm-raw-30-ml-poppers\/\">Pride XTRM Raw 30ml<\/a><\/li>\n\n\n\n<li><a href=\"https:\/\/poppersparadise.eu\/sv\/product\/xtrm-darkroom-bottom-black-label-30-ml-poppers\/\">Bottom Darkroom Black Label 30ml<\/a><\/li>\n\n\n\n<li><a href=\"https:\/\/poppersparadise.eu\/sv\/product\/xtrm-iron-nitroxx-raw-30-ml-poppers\/\">Iron Nitroxx Raw 30ml<\/a><a href=\"https:\/\/poppersparadise.eu\/sv\/product\/xtrm-darkroom-bottom-black-label-30-ml-poppers\/\"><br><\/a><a href=\"https:\/\/poppersparadise.eu\/sv\/product\/xtrm-pride-xtrm-raw-30-ml-poppers\/\"><br><\/a><a href=\"https:\/\/poppersparadise.eu\/sv\/product\/xtrm-monkey-kinksters-30-ml-poppers\/\"><br><\/a><\/li>\n<\/ul>\n\n\n\n<h3 class=\"wp-block-heading\">Hur fungerar det?<\/h3>\n\n\n\n<p>V\u00e4lj helt enkelt 5 flaskor fr\u00e5n listan och skapa ditt eget unika paket. Perfekt att dela med sig av eller njuta av sj\u00e4lv under speciella stunder.<\/p>\n\n\n\n<h3 class=\"wp-block-heading\">Viktigt att veta<\/h3>\n\n\n\n<p>Anv\u00e4nd dessa produkter endast som doftspridare eller reng\u00f6ringsmedel. De \u00e4r inte l\u00e4mpliga f\u00f6r m\u00e4nsklig konsumtion och b\u00f6r inte inandas. F\u00f6rvara flaskorna p\u00e5 en sval, m\u00f6rk plats och f\u00f6rslut dem ordentligt efter anv\u00e4ndning.<\/p>\n\n\n\n<h3 class=\"wp-block-heading\">Varningar<\/h3>\n\n\n\n<ul class=\"wp-block-list\">\n<li>Mycket brandfarlig v\u00e4tska och \u00e5nga (H225).<\/li>\n\n\n\n<li>Orsakar hud- och \u00f6gonirritation (H315\/H319).<\/li>\n\n\n\n<li>Giftigt vid inandning (H331).<\/li>\n\n\n\n<li>Anv\u00e4nd endast enligt anvisningarna.<\/li>\n<\/ul>\n\n\n\n<h3 class=\"wp-block-heading\">F\u00f6rvaring<\/h3>\n\n\n\n<p>F\u00f6rvara p\u00e5 en sval och torr plats. F\u00f6rvaras o\u00e5tkomligt f\u00f6r barn.<\/p>\n\n\n\n<h3 class=\"wp-block-heading\">Land av ursprung<\/h3>\n\n\n\n<p>EU.<\/p>\n\n\n\n<p>S\u00e4tt ihop ditt eget XTRM Party Pack idag och uppt\u00e4ck m\u00e5ngsidigheten hos dessa h\u00f6gkvalitativa doftspridare!<\/p>\n\n\n\n<p><\/p>","protected":false},"excerpt":{"rendered":"<p>Utnyttja denna tillf\u00e4lliga kampanj nu<\/p>","protected":false},"featured_media":24403,"comment_status":"open","ping_status":"closed","template":"","meta":{"_acf_changed":false},"product_brand":[752],"product_cat":[33],"product_tag":[],"class_list":{"0":"post-23223","1":"product","2":"type-product","3":"status-publish","4":"has-post-thumbnail","6":"product_brand-xtrm","7":"product_cat-party-packs","9":"first","10":"instock","11":"sale","12":"taxable","13":"shipping-taxable","14":"purchasable","15":"product-type-composite"},"acf":[],"df_price":59.95,"df_sale_price":59.95,"df_regular_price":99.99,"df_image_link":"https:\/\/poppersparadise.eu\/wp-content\/uploads\/2025\/10\/XTRM-Pack2-1-300x300.jpg","_links":{"self":[{"href":"https:\/\/poppersparadise.eu\/sv\/wp-json\/wp\/v2\/product\/23223","targetHints":{"allow":["GET"]}}],"collection":[{"href":"https:\/\/poppersparadise.eu\/sv\/wp-json\/wp\/v2\/product"}],"about":[{"href":"https:\/\/poppersparadise.eu\/sv\/wp-json\/wp\/v2\/types\/product"}],"replies":[{"embeddable":true,"href":"https:\/\/poppersparadise.eu\/sv\/wp-json\/wp\/v2\/comments?post=23223"}],"wp:featuredmedia":[{"embeddable":true,"href":"https:\/\/poppersparadise.eu\/sv\/wp-json\/wp\/v2\/media\/24403"}],"wp:attachment":[{"href":"https:\/\/poppersparadise.eu\/sv\/wp-json\/wp\/v2\/media?parent=23223"}],"wp:term":[{"taxonomy":"product_brand","embeddable":true,"href":"https:\/\/poppersparadise.eu\/sv\/wp-json\/wp\/v2\/product_brand?post=23223"},{"taxonomy":"product_cat","embeddable":true,"href":"https:\/\/poppersparadise.eu\/sv\/wp-json\/wp\/v2\/product_cat?post=23223"},{"taxonomy":"product_tag","embeddable":true,"href":"https:\/\/poppersparadise.eu\/sv\/wp-json\/wp\/v2\/product_tag?post=23223"}],"curies":[{"name":"wp","href":"https:\/\/api.w.org\/{rel}","templated":true}]}}