{"id":20705,"date":"2025-08-20T16:38:24","date_gmt":"2025-08-20T14:38:24","guid":{"rendered":"https:\/\/poppersparadise.eu\/?post_type=product&#038;p=20705"},"modified":"2026-04-17T19:11:29","modified_gmt":"2026-04-17T17:11:29","slug":"amsterdam-hardcore-poppers-10ml","status":"publish","type":"product","link":"https:\/\/poppersparadise.eu\/sv\/product\/amsterdam-hardcore-poppers-10ml\/","title":{"rendered":"Amsterdam Hardcore 10ml"},"content":{"rendered":"<h2 class=\"wp-block-heading\">Uppt\u00e4ck ultimat avkoppling med Amsterdam Hardcore 10ml Poppers<\/h2>\n\n\n\n<p>F\u00f6rdjupa dig i en v\u00e4rld av o\u00f6vertr\u00e4ffad avkoppling med den exklusiva Amsterdam Hardcore Fragrance Diffuser. Denna doftspridare \u00e4r speciellt utformad f\u00f6r dem som s\u00f6ker en unik doftupplevelse och erbjuder en blandning av intensitet och l\u00e5ngvariga aromer som f\u00f6rvandlar alla rum till en oas av lugn.<\/p>\n\n\n\n<h3 class=\"wp-block-heading\">Produktspecifikationer<\/h3>\n\n\n\n<ul class=\"wp-block-list\">\n<li><strong>Namn<\/strong>: Amsterdam Hardcore (Exklusiv utg\u00e5va)<\/li>\n\n\n\n<li><strong>Aktiv best\u00e5ndsdel<\/strong>: Isopentylnitrit<\/li>\n\n\n\n<li><strong>Inneh\u00e5ll<\/strong>: 10 ml<\/li>\n\n\n\n<li><strong>Till\u00e4mpning<\/strong>: Idealisk f\u00f6r \u00e4lskare av doftspridare och sociala tillf\u00e4llen<\/li>\n\n\n\n<li><strong>Arom<\/strong>: Intensiv och l\u00e5ngvarig<\/li>\n<\/ul>\n\n\n\n<h3 class=\"wp-block-heading\">Varf\u00f6r v\u00e4lja Amsterdam Hardcore 10ml Poppers?<\/h3>\n\n\n\n<ul class=\"wp-block-list\">\n<li><strong>Unik doftupplevelse<\/strong>: Skapar en lugn och avkopplande atmosf\u00e4r i alla rum.<\/li>\n\n\n\n<li><strong>L\u00e5ngvarig effekt<\/strong>: Gradvis intensifiering av aromer f\u00f6r l\u00e5ngvarig doftspridning.<\/li>\n\n\n\n<li><strong>Exklusiv utg\u00e5va<\/strong>: En begr\u00e4nsad upplaga som \u00e4r perfekt f\u00f6r finsmakare.<\/li>\n\n\n\n<li><strong>Specialerbjudanden<\/strong>: Dra nytta av attraktiva rabatter p\u00e5 bulkbest\u00e4llningar.<\/li>\n<\/ul>\n\n\n\n<h3 class=\"wp-block-heading\">Viktig information om anv\u00e4ndning<\/h3>\n\n\n\n<ul class=\"wp-block-list\">\n<li>Denna produkt \u00e4r endast avsedd att anv\u00e4ndas som doftspridare eller reng\u00f6ringsmedel.<\/li>\n\n\n\n<li>Det \u00e4r inte l\u00e4mpligt f\u00f6r f\u00f6rt\u00e4ring eller inandning.<\/li>\n\n\n\n<li>Undvik direkt hudkontakt p\u00e5 grund av dess fr\u00e4tande egenskaper.<\/li>\n\n\n\n<li>F\u00f6rvara p\u00e5 en sval och m\u00f6rk plats och st\u00e4ng flaskan ordentligt efter anv\u00e4ndning.<\/li>\n<\/ul>\n\n\n\n<h3 class=\"wp-block-heading\">Varningar<\/h3>\n\n\n\n<ul class=\"wp-block-list\">\n<li>Mycket brandfarlig v\u00e4tska och \u00e5nga (H225)<\/li>\n\n\n\n<li>Orsakar hud- och \u00f6gonirritation (H315\/H319)<\/li>\n\n\n\n<li>Giftigt vid inandning (H331)<\/li>\n\n\n\n<li>Inte ett l\u00e4kemedel eller en medicinsk produkt<\/li>\n\n\n\n<li>Anv\u00e4nd endast enligt anvisningarna<\/li>\n<\/ul>\n\n\n\n<h3 class=\"wp-block-heading\">F\u00f6rvaring<\/h3>\n\n\n\n<ul class=\"wp-block-list\">\n<li>F\u00f6rvaras svalt och torrt.<\/li>\n\n\n\n<li>F\u00f6rvaras o\u00e5tkomligt f\u00f6r barn.<\/li>\n<\/ul>\n\n\n\n<h3 class=\"wp-block-heading\">Land av ursprung<\/h3>\n\n\n\n<ul class=\"wp-block-list\">\n<li>Luxemburg<\/li>\n<\/ul>\n\n\n\n<p>Missa inte chansen att uppleva den exklusiva Amsterdam Hardcore Fragrance Diffuser. Dra nytta av v\u00e5ra speciella m\u00e4ngdrabatter och dela denna unika doftupplevelse med v\u00e4nner eller njut av den sj\u00e4lv om och om igen. Best\u00e4ll idag och uppt\u00e4ck den ultimata avslappningen!<\/p>\n\n\n\n<p><\/p>","protected":false},"excerpt":{"rendered":"<p><strong><br \/>KOMPATIBLA TILLBEH\u00d6R:<\/strong><\/p>\n<ul>\n<li><a href=\"https:\/\/poppersparadise.eu\/sv\/produktkategori\/tillbehor\/sniffare-liten\/\">Sniffers Small<\/a><\/li>\n<li><a href=\"https:\/\/poppersparadise.eu\/sv\/product\/xtrm-poppers-houder-zwart-small\/\">XTRM Poppers H\u00e5llare liten<\/a><\/li>\n<li><a href=\"https:\/\/poppersparadise.eu\/sv\/product\/xtrm-poppers-keeper-liten-10ml-2\/\">XTRM Poppers Keeper liten<\/a><\/li>\n<\/ul>","protected":false},"featured_media":20706,"comment_status":"open","ping_status":"closed","template":"","meta":{"_acf_changed":false},"product_brand":[735],"product_cat":[34],"product_tag":[],"class_list":{"0":"post-20705","1":"product","2":"type-product","3":"status-publish","4":"has-post-thumbnail","6":"product_brand-amsterdam","7":"product_cat-kleine-flesjes-poppers","9":"first","10":"instock","11":"taxable","12":"shipping-taxable","13":"purchasable","14":"product-type-simple"},"acf":[],"df_price":5.75,"df_sale_price":"","df_regular_price":5.75,"df_image_link":"https:\/\/poppersparadise.eu\/wp-content\/uploads\/2025\/08\/AMPN10-300x300.jpg","_links":{"self":[{"href":"https:\/\/poppersparadise.eu\/sv\/wp-json\/wp\/v2\/product\/20705","targetHints":{"allow":["GET"]}}],"collection":[{"href":"https:\/\/poppersparadise.eu\/sv\/wp-json\/wp\/v2\/product"}],"about":[{"href":"https:\/\/poppersparadise.eu\/sv\/wp-json\/wp\/v2\/types\/product"}],"replies":[{"embeddable":true,"href":"https:\/\/poppersparadise.eu\/sv\/wp-json\/wp\/v2\/comments?post=20705"}],"wp:featuredmedia":[{"embeddable":true,"href":"https:\/\/poppersparadise.eu\/sv\/wp-json\/wp\/v2\/media\/20706"}],"wp:attachment":[{"href":"https:\/\/poppersparadise.eu\/sv\/wp-json\/wp\/v2\/media?parent=20705"}],"wp:term":[{"taxonomy":"product_brand","embeddable":true,"href":"https:\/\/poppersparadise.eu\/sv\/wp-json\/wp\/v2\/product_brand?post=20705"},{"taxonomy":"product_cat","embeddable":true,"href":"https:\/\/poppersparadise.eu\/sv\/wp-json\/wp\/v2\/product_cat?post=20705"},{"taxonomy":"product_tag","embeddable":true,"href":"https:\/\/poppersparadise.eu\/sv\/wp-json\/wp\/v2\/product_tag?post=20705"}],"curies":[{"name":"wp","href":"https:\/\/api.w.org\/{rel}","templated":true}]}}