{"id":19109,"date":"2025-06-27T17:35:12","date_gmt":"2025-06-27T15:35:12","guid":{"rendered":"https:\/\/poppersparadise.eu\/product\/asteroid-adventurer-dildo-m\/"},"modified":"2026-02-26T12:36:55","modified_gmt":"2026-02-26T11:36:55","slug":"asteroid-aventyrare-dildo-m","status":"publish","type":"product","link":"https:\/\/poppersparadise.eu\/sv\/product\/asteroid-adventurer-dildo-m\/","title":{"rendered":"Asteroid \u00c4ventyrare Dildo - M"},"content":{"rendered":"<h2 class=\"font-bold text-h3 leading-[36px] pt-[21px] pb-[2px] [&amp;_a]:underline-offset-[6px] [&amp;_.underline]:underline-offset-[6px]\" dir=\"ltr\">Ontdek kosmisch genot met de Asteroid Adventurer Dildo<\/h2>\n<p class=\"text-body font-regular leading-[24px] pt-[9px] pb-[2px]\" dir=\"ltr\">Ga op reis naar nieuwe dimensies van plezier met onze uniek ontworpen fantasie dildo, ge?nspireerd door mythische wezens en gemaakt van hoogwaardig platina siliconen voor een levensecht gevoel. Stel je een wezen voor dat van een verre astero?de is gekomen en onze wereld verrijkt met buitenaardse extase die je aardse verlangens vervult. Dit is niet zomaar een speeltje; het is je toegangspoort naar een universum van onontdekte fantasie?n. Of je nu een solo-avontuur aangaat of gedeelde momenten met een partner verkent, deze dildo is hier om je diepste, meest raadselachtige fantasie?n te bevredigen.<\/p>\n<h3 class=\"font-bold text-h4 leading-[30px] pt-[15px] pb-[2px] [&amp;_a]:underline-offset-[6px] [&amp;_.underline]:underline-offset-[6px]\" dir=\"ltr\">Productspecificaties<\/h3>\n<ul class=\"pt-[9px] pb-[2px] pl-[24px] list-disc [&amp;_ul]:pt-[5px] pt-[5px]\">\n<li class=\"text-body font-regular leading-[24px] my-[5px] [&amp;&gt;ol]:!pt-0 [&amp;&gt;ol]:!pb-0 [&amp;&gt;ul]:!pt-0 [&amp;&gt;ul]:!pb-0\" value=\"1\"><b><strong class=\"font-bold\">Totale lengte:<\/strong><\/b> 22.6 cm<\/li>\n<li class=\"text-body font-regular leading-[24px] my-[5px] [&amp;&gt;ol]:!pt-0 [&amp;&gt;ol]:!pb-0 [&amp;&gt;ul]:!pt-0 [&amp;&gt;ul]:!pb-0\" value=\"2\"><b><strong class=\"font-bold\">Inbrengbare lengte:<\/strong><\/b> 19.0 cm<\/li>\n<li class=\"text-body font-regular leading-[24px] my-[5px] [&amp;&gt;ol]:!pt-0 [&amp;&gt;ol]:!pb-0 [&amp;&gt;ul]:!pt-0 [&amp;&gt;ul]:!pb-0\" value=\"3\"><b><strong class=\"font-bold\">Bovendiameter:<\/strong><\/b> 3.7 cm<\/li>\n<li class=\"text-body font-regular leading-[24px] my-[5px] [&amp;&gt;ol]:!pt-0 [&amp;&gt;ol]:!pb-0 [&amp;&gt;ul]:!pt-0 [&amp;&gt;ul]:!pb-0\" value=\"4\"><b><strong class=\"font-bold\">Middendiameter:<\/strong><\/b> 6.4 cm<\/li>\n<li class=\"text-body font-regular leading-[24px] my-[5px] [&amp;&gt;ol]:!pt-0 [&amp;&gt;ol]:!pb-0 [&amp;&gt;ul]:!pt-0 [&amp;&gt;ul]:!pb-0\" value=\"5\"><b><strong class=\"font-bold\">Basisdiameter: <\/strong><\/b>10.8 cm<\/li>\n<li class=\"text-body font-regular leading-[24px] my-[5px] [&amp;&gt;ol]:!pt-0 [&amp;&gt;ol]:!pb-0 [&amp;&gt;ul]:!pt-0 [&amp;&gt;ul]:!pb-0\" value=\"6\"><b><strong class=\"font-bold\">Gewicht:<\/strong><\/b> 803 gram<\/li>\n<li class=\"text-body font-regular leading-[24px] my-[5px] [&amp;&gt;ol]:!pt-0 [&amp;&gt;ol]:!pb-0 [&amp;&gt;ul]:!pt-0 [&amp;&gt;ul]:!pb-0\" value=\"7\"><b><strong class=\"font-bold\">Kleuren:<\/strong><\/b> Een betoverende mix van groen-blauw, goud en roze<\/li>\n<li class=\"text-body font-regular leading-[24px] my-[5px] [&amp;&gt;ol]:!pt-0 [&amp;&gt;ol]:!pb-0 [&amp;&gt;ul]:!pt-0 [&amp;&gt;ul]:!pb-0\" value=\"8\"><b><strong class=\"font-bold\">Materiaal:<\/strong><\/b> Hoogwaardig platina siliconen<\/li>\n<\/ul>\n<h3 class=\"font-bold text-h4 leading-[30px] pt-[15px] pb-[2px] [&amp;_a]:underline-offset-[6px] [&amp;_.underline]:underline-offset-[6px]\" dir=\"ltr\">Unieke kenmerken<\/h3>\n<ul class=\"pt-[9px] pb-[2px] pl-[24px] list-disc [&amp;_ul]:pt-[5px] pt-[5px]\">\n<li class=\"text-body font-regular leading-[24px] my-[5px] [&amp;&gt;ol]:!pt-0 [&amp;&gt;ol]:!pb-0 [&amp;&gt;ul]:!pt-0 [&amp;&gt;ul]:!pb-0\" value=\"1\"><b><strong class=\"font-bold\">Premium kwaliteit:<\/strong><\/b> Gemaakt van het beste platina siliconen voor een ongelooflijk realistisch gevoel.<\/li>\n<li class=\"text-body font-regular leading-[24px] my-[5px] [&amp;&gt;ol]:!pt-0 [&amp;&gt;ol]:!pb-0 [&amp;&gt;ul]:!pt-0 [&amp;&gt;ul]:!pb-0\" value=\"2\"><b><strong class=\"font-bold\">Levendige kleuren:<\/strong><\/b> Een adembenemende mix van groen-blauw, goud en roze die de zintuigen betovert.<\/li>\n<li class=\"text-body font-regular leading-[24px] my-[5px] [&amp;&gt;ol]:!pt-0 [&amp;&gt;ol]:!pb-0 [&amp;&gt;ul]:!pt-0 [&amp;&gt;ul]:!pb-0\" value=\"3\"><b><strong class=\"font-bold\">Veelzijdig gebruik:<\/strong><\/b> Ideaal voor zowel anale als vaginale stimulatie, perfect voor elke fantasieliefhebber.<\/li>\n<\/ul>\n<h3 class=\"font-bold text-h4 leading-[30px] pt-[15px] pb-[2px] [&amp;_a]:underline-offset-[6px] [&amp;_.underline]:underline-offset-[6px]\" dir=\"ltr\">Ga op ontdekkingsreis naar een nieuwe wereld van genot<\/h3>\n<p class=\"text-body font-regular leading-[24px] pt-[9px] pb-[2px]\" dir=\"ltr\">Of je nu als koppel de boel wilt opfleuren of als fantasieliefhebber van solo spelen geniet, deze kosmische schoonheid is ontworpen om te behagen. Groot en imposant, met een ontwerp ge?nspireerd door mythische wezens, belooft het een visueel verbluffende en fysiek bevredigende ervaring.<\/p>\n","protected":false},"excerpt":{"rendered":"<p>Uppt\u00e4ck nya dimensioner av njutning med v\u00e5r unikt designade fantasidildo, inspirerad av mytiska teman. Expertutformad f\u00f6r en realistisk och m\u00e5ngsidig upplevelse.<\/p>","protected":false},"featured_media":19108,"comment_status":"open","ping_status":"closed","template":"","meta":{"_acf_changed":false},"product_brand":[767],"product_cat":[766,787],"product_tag":[],"class_list":{"0":"post-19109","1":"product","2":"type-product","3":"status-publish","4":"has-post-thumbnail","6":"product_brand-giant-space-intruders","7":"product_cat-dildos","8":"product_cat-monster-fantasy-dildos","10":"first","11":"instock","12":"sale","13":"taxable","14":"shipping-taxable","15":"purchasable","16":"product-type-simple"},"acf":[],"df_price":67.99,"df_sale_price":67.99,"df_regular_price":107.99,"df_image_link":"https:\/\/poppersparadise.eu\/wp-content\/uploads\/2025\/06\/asteroid-adventurer-dildo-m-300x300.jpg","_links":{"self":[{"href":"https:\/\/poppersparadise.eu\/sv\/wp-json\/wp\/v2\/product\/19109","targetHints":{"allow":["GET"]}}],"collection":[{"href":"https:\/\/poppersparadise.eu\/sv\/wp-json\/wp\/v2\/product"}],"about":[{"href":"https:\/\/poppersparadise.eu\/sv\/wp-json\/wp\/v2\/types\/product"}],"replies":[{"embeddable":true,"href":"https:\/\/poppersparadise.eu\/sv\/wp-json\/wp\/v2\/comments?post=19109"}],"wp:featuredmedia":[{"embeddable":true,"href":"https:\/\/poppersparadise.eu\/sv\/wp-json\/wp\/v2\/media\/19108"}],"wp:attachment":[{"href":"https:\/\/poppersparadise.eu\/sv\/wp-json\/wp\/v2\/media?parent=19109"}],"wp:term":[{"taxonomy":"product_brand","embeddable":true,"href":"https:\/\/poppersparadise.eu\/sv\/wp-json\/wp\/v2\/product_brand?post=19109"},{"taxonomy":"product_cat","embeddable":true,"href":"https:\/\/poppersparadise.eu\/sv\/wp-json\/wp\/v2\/product_cat?post=19109"},{"taxonomy":"product_tag","embeddable":true,"href":"https:\/\/poppersparadise.eu\/sv\/wp-json\/wp\/v2\/product_tag?post=19109"}],"curies":[{"name":"wp","href":"https:\/\/api.w.org\/{rel}","templated":true}]}}