{"id":17716,"date":"2025-05-29T10:56:06","date_gmt":"2025-05-29T08:56:06","guid":{"rendered":"https:\/\/poppersparadise.eu\/?post_type=product&#038;p=17716"},"modified":"2026-03-19T11:56:48","modified_gmt":"2026-03-19T10:56:48","slug":"jungle-juice-pentyl-10ml-poppers","status":"publish","type":"product","link":"https:\/\/poppersparadise.eu\/sv\/product\/jungle-juice-pentyl-10ml-poppers\/","title":{"rendered":"Jungle Juice Pentyl 10ml"},"content":{"rendered":"<h2 class=\"wp-block-heading\">Jungle Juice Pentyl 10ml poppers - kompakt, kraftfull och f\u00f6rfinad<\/h2>\n\n\n\n<p>Jungle Juice Pentyl 10ml poppers \u00e4r ett f\u00f6rstklassigt val f\u00f6r dig som vill ha en kraftfull och kontrollerad doftupplevelse. Med en h\u00f6gkvalitativ pentylnitritformel och en snygg, kompakt flaska erbjuder denna produkt en unik doftupplevelse, perfekt f\u00f6r speciella stunder och \u00e4ventyrliga andar.<\/p>\n\n\n\n<h3 class=\"wp-block-heading\">Viktiga egenskaper f\u00f6r Jungle Juice Pentyl<\/h3>\n\n\n\n<ul class=\"wp-block-list\">\n<li><strong>Formel av h\u00f6g kvalitet<\/strong>: Inneh\u00e5ller pentylnitrit f\u00f6r en intensiv och l\u00e5ngvarig doftupplevelse.<\/li>\n\n\n\n<li><strong>Kompakt storlek<\/strong>: Flaska i en praktisk 10 ml flaska, perfekt f\u00f6r resan.<\/li>\n\n\n\n<li><strong>Anv\u00e4ndarv\u00e4nlig design<\/strong>: \u00c5terf\u00f6rslutningsbart lock f\u00f6r optimal kvalitet och l\u00e5ngvarig anv\u00e4ndning.<\/li>\n\n\n\n<li><strong>Garanterad kvalitet<\/strong>: Tillverkas enligt strikta kvalitetsstandarder f\u00f6r konsekvens och renhet.<\/li>\n<\/ul>\n\n\n\n<h3 class=\"wp-block-heading\">Hur anv\u00e4nder man Jungle Juice Pentyl?<\/h3>\n\n\n\n<p>Anv\u00e4nd Jungle Juice Pentyl endast som doftdispergeringsmedel eller reng\u00f6ringsmedel. Det \u00e4r inte l\u00e4mpligt f\u00f6r m\u00e4nsklig konsumtion och b\u00f6r inte inandas. F\u00f6rvara produkten p\u00e5 en sval och torr plats och st\u00e4ng flaskan ordentligt efter anv\u00e4ndning.<\/p>\n\n\n\n<h3 class=\"wp-block-heading\">Varf\u00f6r Jungle Juice Pentyl \u00e4r en favorit<\/h3>\n\n\n\n<p>Den kraftfulla formulan, den kompakta f\u00f6rpackningen och den tillf\u00f6rlitliga kvaliteten g\u00f6r denna produkt till en favorit bland doftspridare. Den ger en intensiv doftupplevelse som \u00e4r perfekt f\u00f6r speciella stunder.<\/p>\n\n\n\n<h3 class=\"wp-block-heading\">Varningar<\/h3>\n\n\n\n<p>Mycket brandfarlig v\u00e4tska och \u00e5nga (H225).<br>Orsakar hud- och \u00f6gonirritation (H315\/H319).<br>Giftigt vid inandning (H331).<br>Inte ett l\u00e4kemedel. Anv\u00e4nd p\u00e5 egen risk.<\/p>\n\n\n\n<h3 class=\"wp-block-heading\">Anv\u00e4ndning<\/h3>\n\n\n\n<p>Endast avsedd som doftspridare eller reng\u00f6ringsmedel.<br>Ej l\u00e4mplig som livsmedel och b\u00f6r inte inandas.<\/p>\n\n\n\n<h3 class=\"wp-block-heading\">F\u00f6rvaring<\/h3>\n\n\n\n<p>F\u00f6rvara p\u00e5 en sval och torr plats. F\u00f6rvaras o\u00e5tkomligt f\u00f6r barn.<\/p>\n\n\n\n<h3 class=\"wp-block-heading\">Land av ursprung<\/h3>\n\n\n\n<p>Frankrike.<\/p>\n\n\n\n<p><\/p>","protected":false},"excerpt":{"rendered":"<p><strong><br \/>KOMPATIBLA TILLBEH\u00d6R:<\/strong><\/p>\n<ul>\n<li><a href=\"https:\/\/poppersparadise.eu\/sv\/produktkategori\/tillbehor\/sniffare-liten\/\">Sniffers Small<\/a><\/li>\n<li><a href=\"https:\/\/poppersparadise.eu\/sv\/product\/xtrm-poppers-houder-zwart-small\/\">XTRM Poppers H\u00e5llare liten<\/a><\/li>\n<li><a href=\"https:\/\/poppersparadise.eu\/sv\/product\/xtrm-poppers-keeper-liten-10ml-2\/\">XTRM Poppers Keeper liten<\/a><\/li>\n<\/ul>","protected":false},"featured_media":17717,"comment_status":"open","ping_status":"closed","template":"","meta":{"_acf_changed":false},"product_brand":[745],"product_cat":[34],"product_tag":[],"class_list":{"0":"post-17716","1":"product","2":"type-product","3":"status-publish","4":"has-post-thumbnail","6":"product_brand-jungle-juice","7":"product_cat-kleine-flesjes-poppers","9":"first","10":"instock","11":"taxable","12":"shipping-taxable","13":"purchasable","14":"product-type-simple"},"acf":[],"df_price":5.65,"df_sale_price":"","df_regular_price":5.65,"df_image_link":"https:\/\/poppersparadise.eu\/wp-content\/uploads\/2025\/05\/Jungle-Juice-Pentyl-10ml-ARBPDI73UK-300x300.jpg","_links":{"self":[{"href":"https:\/\/poppersparadise.eu\/sv\/wp-json\/wp\/v2\/product\/17716","targetHints":{"allow":["GET"]}}],"collection":[{"href":"https:\/\/poppersparadise.eu\/sv\/wp-json\/wp\/v2\/product"}],"about":[{"href":"https:\/\/poppersparadise.eu\/sv\/wp-json\/wp\/v2\/types\/product"}],"replies":[{"embeddable":true,"href":"https:\/\/poppersparadise.eu\/sv\/wp-json\/wp\/v2\/comments?post=17716"}],"wp:featuredmedia":[{"embeddable":true,"href":"https:\/\/poppersparadise.eu\/sv\/wp-json\/wp\/v2\/media\/17717"}],"wp:attachment":[{"href":"https:\/\/poppersparadise.eu\/sv\/wp-json\/wp\/v2\/media?parent=17716"}],"wp:term":[{"taxonomy":"product_brand","embeddable":true,"href":"https:\/\/poppersparadise.eu\/sv\/wp-json\/wp\/v2\/product_brand?post=17716"},{"taxonomy":"product_cat","embeddable":true,"href":"https:\/\/poppersparadise.eu\/sv\/wp-json\/wp\/v2\/product_cat?post=17716"},{"taxonomy":"product_tag","embeddable":true,"href":"https:\/\/poppersparadise.eu\/sv\/wp-json\/wp\/v2\/product_tag?post=17716"}],"curies":[{"name":"wp","href":"https:\/\/api.w.org\/{rel}","templated":true}]}}