{"id":16519,"date":"2025-04-30T13:26:44","date_gmt":"2025-04-30T11:26:44","guid":{"rendered":"https:\/\/poppersparadise.eu\/?post_type=product&#038;p=16519"},"modified":"2026-03-02T10:17:03","modified_gmt":"2026-03-02T09:17:03","slug":"fuck-fist-ultra-stark-amyl-24ml-poppers-2","status":"publish","type":"product","link":"https:\/\/poppersparadise.eu\/sv\/product\/fuck-fist-ultra-strong-amyl-24ml-poppers\/","title":{"rendered":"Fuck &amp; Fist Ultra Strong Amyl 24ml"},"content":{"rendered":"<h2 class=\"wp-block-heading\">Fuck &amp; Fist Ultra Strong Amyl 24ml poppers - kraftfulla, intensiva och robusta<\/h2>\n\n\n\n<p>Fuck &amp; Fist Ultra Strong Amyl 24ml poppers \u00e4r speciellt utformade f\u00f6r erfarna anv\u00e4ndare som vill ha en kraftfull doftupplevelse. Med en premiumformel med isoamylnitrit och en v\u00e4rmebest\u00e4ndig aluminiumflaska erbjuder den h\u00e4r produkten en f\u00f6rstklassig doftupplevelse som \u00e4r perfekt f\u00f6r intensiva sessioner, \u00e4ventyrliga stunder och l\u00e5nga n\u00e4tter. Perfekt f\u00f6r dig som inte vill kompromissa och som s\u00f6ker ultimat kraft och avkoppling.<\/p>\n\n\n\n<h3 class=\"wp-block-heading\">Viktiga egenskaper f\u00f6r Fuck &amp; Fist Ultra Strong Amyl 24ml<\/h3>\n\n\n\n<ul class=\"wp-block-list\">\n<li><strong>Kraftfull formel<\/strong>: Tillverkad med isoamylnitrit f\u00f6r intensiv doftspridning.<\/li>\n\n\n\n<li><strong>H\u00e5llbara f\u00f6rpackningar<\/strong>: V\u00e4rmebest\u00e4ndig aluminiumflaska som bevarar doftens friskhet och styrka.<\/li>\n\n\n\n<li><strong>Gener\u00f6st inneh\u00e5ll<\/strong>: 24 ml-formatet ger l\u00e5ngvarig anv\u00e4ndning och maximal effekt.<\/li>\n\n\n\n<li><strong>Speciellt f\u00f6r entusiaster<\/strong>: Utformad f\u00f6r dem som s\u00f6ker en r\u00e5, ofiltrerad k\u00e4nsla.<\/li>\n<\/ul>\n\n\n\n<h3 class=\"wp-block-heading\">Varf\u00f6r Fuck &amp; Fist \u00e4r en favorit<\/h3>\n\n\n\n<p>Fuck &amp; Fist Ultra Strong Amyl 24ml poppers kombinerar en kraftfull formula med en robust och h\u00e5llbar design. Produkten \u00e4r \u00e4lskad f\u00f6r sin tillf\u00f6rlitlighet och intensitet och \u00e4r ett perfekt val f\u00f6r dem som s\u00f6ker en f\u00f6rstklassig doftupplevelse. Fuck &amp; Fist erbjuder en unik och of\u00f6rgl\u00f6mlig upplevelse.<\/p>\n\n\n\n<h3 class=\"wp-block-heading\">Hur anv\u00e4nder du Fuck &amp; Fist Ultra Strong Amyl 24ml?<\/h3>\n\n\n\n<p>Anv\u00e4nd Fuck &amp; Fist Ultra Strong Amyl 24ml endast som doftspridare eller reng\u00f6ringsmedel. Den \u00e4r inte l\u00e4mplig f\u00f6r m\u00e4nsklig konsumtion och ska inte inandas. F\u00f6rvara produkten p\u00e5 en sval och torr plats och st\u00e4ng flaskan ordentligt efter anv\u00e4ndning.<\/p>\n\n\n\n<h3 class=\"wp-block-heading\">Varningar<\/h3>\n\n\n\n<ul class=\"wp-block-list\">\n<li>Mycket brandfarlig v\u00e4tska och \u00e5nga (H225).<\/li>\n\n\n\n<li>Orsakar hud- och \u00f6gonirritation (H315\/H319).<\/li>\n\n\n\n<li>Giftigt vid inandning (H331).<\/li>\n\n\n\n<li>Inte ett l\u00e4kemedel. Anv\u00e4nd p\u00e5 egen risk.<\/li>\n<\/ul>\n\n\n\n<h3 class=\"wp-block-heading\">Anv\u00e4ndning<\/h3>\n\n\n\n<p>Endast avsedd som doftspridare eller reng\u00f6ringsmedel.<br>Ej l\u00e4mplig som livsmedel och b\u00f6r inte inandas.<\/p>\n\n\n\n<h3 class=\"wp-block-heading\">F\u00f6rvaring<\/h3>\n\n\n\n<p>F\u00f6rvara p\u00e5 en sval och torr plats. F\u00f6rvaras o\u00e5tkomligt f\u00f6r barn.<\/p>\n\n\n\n<h3 class=\"wp-block-heading\">Land av ursprung<\/h3>\n\n\n\n<p>Frankrike.<\/p>","protected":false},"excerpt":{"rendered":"<p><strong><br \/>KOMPATIBLA TILLBEH\u00d6R:<\/strong><\/p>\n<ul>\n<li><a href=\"https:\/\/poppersparadise.eu\/sv\/produktkategori\/tillbehor\/sniffare-liten\/\">Sniffers Small<\/a><\/li>\n<\/ul>","protected":false},"featured_media":16520,"comment_status":"open","ping_status":"closed","template":"","meta":{"_acf_changed":false},"product_brand":[741,814],"product_cat":[35],"product_tag":[],"class_list":{"0":"post-16519","1":"product","2":"type-product","3":"status-publish","4":"has-post-thumbnail","6":"product_brand-fist","7":"product_brand-fuck-fist","8":"product_cat-grote-flesjes-poppers","10":"first","11":"instock","12":"taxable","13":"shipping-taxable","14":"purchasable","15":"product-type-simple"},"acf":[],"df_price":7.95,"df_sale_price":"","df_regular_price":7.95,"df_image_link":"https:\/\/poppersparadise.eu\/wp-content\/uploads\/2025\/04\/6150857066019-300x300.jpg","_links":{"self":[{"href":"https:\/\/poppersparadise.eu\/sv\/wp-json\/wp\/v2\/product\/16519","targetHints":{"allow":["GET"]}}],"collection":[{"href":"https:\/\/poppersparadise.eu\/sv\/wp-json\/wp\/v2\/product"}],"about":[{"href":"https:\/\/poppersparadise.eu\/sv\/wp-json\/wp\/v2\/types\/product"}],"replies":[{"embeddable":true,"href":"https:\/\/poppersparadise.eu\/sv\/wp-json\/wp\/v2\/comments?post=16519"}],"wp:featuredmedia":[{"embeddable":true,"href":"https:\/\/poppersparadise.eu\/sv\/wp-json\/wp\/v2\/media\/16520"}],"wp:attachment":[{"href":"https:\/\/poppersparadise.eu\/sv\/wp-json\/wp\/v2\/media?parent=16519"}],"wp:term":[{"taxonomy":"product_brand","embeddable":true,"href":"https:\/\/poppersparadise.eu\/sv\/wp-json\/wp\/v2\/product_brand?post=16519"},{"taxonomy":"product_cat","embeddable":true,"href":"https:\/\/poppersparadise.eu\/sv\/wp-json\/wp\/v2\/product_cat?post=16519"},{"taxonomy":"product_tag","embeddable":true,"href":"https:\/\/poppersparadise.eu\/sv\/wp-json\/wp\/v2\/product_tag?post=16519"}],"curies":[{"name":"wp","href":"https:\/\/api.w.org\/{rel}","templated":true}]}}