{"id":15746,"date":"2025-03-31T15:03:14","date_gmt":"2025-03-31T13:03:14","guid":{"rendered":"https:\/\/poppersparadise.eu\/?post_type=product&#038;p=15746"},"modified":"2026-04-16T09:00:39","modified_gmt":"2026-04-16T07:00:39","slug":"amsterdam-poppers-party-pack-5-x-24ml","status":"publish","type":"product","link":"https:\/\/poppersparadise.eu\/sv\/product\/amsterdam-poppers-party-pack-5-x-24ml\/","title":{"rendered":"Amsterdam Party Pack 5 x 24ml + Gratis XTRM SNFFR"},"content":{"rendered":"<h2 class=\"wp-block-heading\">Skapa din egen Amsterdam Party Pack<\/h2>\n\n\n\n<p>Komplettera din doftupplevelse med Amsterdam Poppers Party Pack 5 x 24ml! Skapa ditt eget paket genom att v\u00e4lja fem flaskor av Amsterdam 24ml fr\u00e5n v\u00e5rt omfattande sortiment. L\u00e4gg till en personlig touch med dina favoritvarianter och njut av extra f\u00f6rm\u00e5ner med din best\u00e4llning.<\/p>\n\n\n\n<h3 class=\"wp-block-heading\">V\u00e4lj bland f\u00f6ljande sorter:<\/h3>\n\n\n\n<ul class=\"wp-block-list\">\n<li><strong>Amsterdam 24ml<\/strong><\/li>\n\n\n\n<li><strong>Amsterdam Hardcore 24ml<\/strong><\/li>\n\n\n\n<li><strong>Amsterdam XXX Ultra Strong 24ml<\/strong><\/li>\n\n\n\n<li><strong>Amsterdam XXX Pride 24ml<\/strong><\/li>\n\n\n\n<li><strong>Amsterdam Smooth 24ml<\/strong><\/li>\n\n\n\n<li><strong>Amsterdam Black Label 24ml<\/strong><\/li>\n\n\n\n<li><strong>Amsterdam Platinum 24ml<\/strong><\/li>\n\n\n\n<li><strong>Amsterdam Ultra Gold 24ml<\/strong><\/li>\n\n\n\n<li><strong>Amsterdam Zero 24ml<\/strong><\/li>\n\n\n\n<li><strong>Amsterdam Special 24ml<\/strong><\/li>\n\n\n\n<li><strong>Amsterdam XXX Cosmic Power 24ml<\/strong><\/li>\n\n\n\n<li><strong>Amsterdam Butanol 24ml<\/strong><\/li>\n\n\n\n<li><strong>Amsterdam Gold Label 24ml<\/strong><\/li>\n\n\n\n<li><strong>Amsterdam A'Dam 24ml<\/strong><\/li>\n<\/ul>\n\n\n\n<h3 class=\"wp-block-heading\">Ytterligare f\u00f6rm\u00e5ner<\/h3>\n\n\n\n<ul class=\"wp-block-list\">\n<li><strong>Gratis extra<\/strong>: F\u00e5 en XTRM SNFFR (v\u00e4rde 9,95 \u20ac) som g\u00e5va med din best\u00e4llning.<\/li>\n\n\n\n<li><strong>Unik rabatt<\/strong>: Dra nytta av 15% extra rabatt per flaska n\u00e4r du k\u00f6per detta paket.<\/li>\n<\/ul>\n\n\n\n<h3 class=\"wp-block-heading\">Hur fungerar det?<\/h3>\n\n\n\n<p>V\u00e4lj helt enkelt fem flaskor fr\u00e5n listan och skapa ditt eget unika paket. Perfekt att dela med sig av eller njuta av sj\u00e4lv under speciella stunder.<\/p>\n\n\n\n<h3 class=\"wp-block-heading\">Viktigt att veta<\/h3>\n\n\n\n<p>Anv\u00e4nd dessa produkter endast som doftspridare eller reng\u00f6ringsmedel. De \u00e4r inte l\u00e4mpliga f\u00f6r m\u00e4nsklig konsumtion och b\u00f6r inte inandas. F\u00f6rvara flaskorna p\u00e5 en sval, m\u00f6rk plats och f\u00f6rslut dem ordentligt efter anv\u00e4ndning.<\/p>\n\n\n\n<h3 class=\"wp-block-heading\">Varningar<\/h3>\n\n\n\n<ul class=\"wp-block-list\">\n<li>Mycket brandfarlig v\u00e4tska och \u00e5nga (H225).<\/li>\n\n\n\n<li>Orsakar hud- och \u00f6gonirritation (H315\/H319).<\/li>\n\n\n\n<li>Giftigt vid inandning (H331).<\/li>\n\n\n\n<li>Anv\u00e4nd endast enligt anvisningarna.<\/li>\n<\/ul>\n\n\n\n<h3 class=\"wp-block-heading\">F\u00f6rvaring<\/h3>\n\n\n\n<p>F\u00f6rvara p\u00e5 en sval och torr plats. F\u00f6rvaras o\u00e5tkomligt f\u00f6r barn.<\/p>\n\n\n\n<h3 class=\"wp-block-heading\">Land av ursprung<\/h3>\n\n\n\n<p>EU.<\/p>\n\n\n\n<p>S\u00e4tt ihop ditt eget Amsterdam Party Pack idag och uppt\u00e4ck m\u00e5ngsidigheten hos dessa h\u00f6gkvalitativa doftspridare!<\/p>","protected":false},"excerpt":{"rendered":"<p><strong><br \/>KOMPATIBLA TILLBEH\u00d6R:<\/strong><\/p>\n<ul>\n<li><a href=\"https:\/\/poppersparadise.eu\/sv\/produktkategori\/tillbehor\/sniffare-stora\/\">Sniffers Large<\/a><\/li>\n<li><a href=\"https:\/\/poppersparadise.eu\/sv\/product\/xtrm-poppershallare-stor-2\/\">XTRM Poppers H\u00e5llare stor<\/a><\/li>\n<li><a href=\"https:\/\/poppersparadise.eu\/sv\/product\/xtrm-poppers-keeper-stor-24ml\/\">XTRM Poppers Keeper stor<\/a><\/li>\n<\/ul>","protected":false},"featured_media":15749,"comment_status":"open","ping_status":"closed","template":"","meta":{"_acf_changed":false},"product_brand":[735],"product_cat":[33],"product_tag":[],"class_list":{"0":"post-15746","1":"product","2":"type-product","3":"status-publish","4":"has-post-thumbnail","6":"product_brand-amsterdam","7":"product_cat-party-packs","9":"first","10":"instock","11":"sale","12":"taxable","13":"shipping-taxable","14":"purchasable","15":"product-type-composite"},"acf":[],"df_price":29.95,"df_sale_price":29.95,"df_regular_price":44.7,"df_image_link":"https:\/\/poppersparadise.eu\/wp-content\/uploads\/2025\/03\/5x-Large-Pack-Amsterdam-1-300x300.jpg","_links":{"self":[{"href":"https:\/\/poppersparadise.eu\/sv\/wp-json\/wp\/v2\/product\/15746","targetHints":{"allow":["GET"]}}],"collection":[{"href":"https:\/\/poppersparadise.eu\/sv\/wp-json\/wp\/v2\/product"}],"about":[{"href":"https:\/\/poppersparadise.eu\/sv\/wp-json\/wp\/v2\/types\/product"}],"replies":[{"embeddable":true,"href":"https:\/\/poppersparadise.eu\/sv\/wp-json\/wp\/v2\/comments?post=15746"}],"wp:featuredmedia":[{"embeddable":true,"href":"https:\/\/poppersparadise.eu\/sv\/wp-json\/wp\/v2\/media\/15749"}],"wp:attachment":[{"href":"https:\/\/poppersparadise.eu\/sv\/wp-json\/wp\/v2\/media?parent=15746"}],"wp:term":[{"taxonomy":"product_brand","embeddable":true,"href":"https:\/\/poppersparadise.eu\/sv\/wp-json\/wp\/v2\/product_brand?post=15746"},{"taxonomy":"product_cat","embeddable":true,"href":"https:\/\/poppersparadise.eu\/sv\/wp-json\/wp\/v2\/product_cat?post=15746"},{"taxonomy":"product_tag","embeddable":true,"href":"https:\/\/poppersparadise.eu\/sv\/wp-json\/wp\/v2\/product_tag?post=15746"}],"curies":[{"name":"wp","href":"https:\/\/api.w.org\/{rel}","templated":true}]}}