{"id":13783,"date":"2025-02-13T17:10:43","date_gmt":"2025-02-13T16:10:43","guid":{"rendered":"https:\/\/poppersparadise.eu\/?post_type=product&#038;p=13783"},"modified":"2026-03-29T19:42:57","modified_gmt":"2026-03-29T17:42:57","slug":"rush-10ml-med-adapter-2","status":"publish","type":"product","link":"https:\/\/poppersparadise.eu\/sv\/product\/rush-10ml-met-adapter\/","title":{"rendered":"Rush 10ml met Adapter"},"content":{"rendered":"<h2 class=\"wp-block-heading\">Uppt\u00e4ck Rush poppers 10ml med adapter<\/h2>\n\n\n\n<p>Rush poppers 10ml med adapter \u00e4r en h\u00f6gkvalitativ doftspridare som f\u00f6renar tradition och innovation. Denna exklusiva lansering f\u00f6r in arvet fr\u00e5n den legendariska PWD Rush poppern i en ny era och levereras med en gratis, innovativ doftspridare f\u00f6r \u00f6kad anv\u00e4ndbarhet. Den h\u00e4r produkten \u00e4r perfekt f\u00f6r b\u00e5de nyb\u00f6rjare och erfarna anv\u00e4ndare och ger en unik och l\u00e5ngvarig doftupplevelse.<\/p>\n\n\n\n<h3 class=\"wp-block-heading\">Varf\u00f6r v\u00e4lja Rush poppers?<\/h3>\n\n\n\n<p>Poppers Rush \u00e4r formulerade med isopropylnitrit, vilket s\u00e4kerst\u00e4ller snabb och intensiv doftspridning. Den medf\u00f6ljande doftspridaren g\u00f6r anv\u00e4ndningen enkel och problemfri, s\u00e5 att du kan njuta fullt ut av doftspridningen. Den h\u00e4r produkten \u00e4r perfekt f\u00f6r dig som vill ha en premiumupplevelse med en innovativ twist.<\/p>\n\n\n\n<h3 class=\"wp-block-heading\">Praktisk och innovativ design<\/h3>\n\n\n\n<p>Flaskan p\u00e5 10 ml \u00e4r kompakt och l\u00e4tt att anv\u00e4nda, med en h\u00f6gkvalitativ formula som s\u00e4kerst\u00e4ller en j\u00e4mn doftspridning. Den kostnadsfria doftspridaren ger extra bekv\u00e4mlighet och g\u00f6r denna produkt perfekt f\u00f6r olika anv\u00e4ndningsomr\u00e5den.<\/p>\n\n\n\n<h3 class=\"wp-block-heading\">Viktigt att veta<\/h3>\n\n\n\n<p>Denna produkt \u00e4r endast avsedd att anv\u00e4ndas som doftspridare eller reng\u00f6ringsmedel. Den \u00e4r inte l\u00e4mplig f\u00f6r f\u00f6rt\u00e4ring eller inandning. F\u00f6rvara produkten p\u00e5 en sval och m\u00f6rk plats och st\u00e4ng flaskan ordentligt efter anv\u00e4ndning.<\/p>\n\n\n\n<h3 class=\"wp-block-heading\">Varningar<\/h3>\n\n\n\n<p>Mycket brandfarlig v\u00e4tska och \u00e5nga (H225).<br>Orsakar hud- och \u00f6gonirritation (H315\/H319).<br>Giftigt vid inandning (H331).<br>Ingen medicin.<br>Anv\u00e4nd endast enligt anvisningarna.<\/p>\n\n\n\n<h3 class=\"wp-block-heading\">F\u00f6rvaring<\/h3>\n\n\n\n<p>F\u00f6rvara p\u00e5 en sval och torr plats. F\u00f6rvaras o\u00e5tkomligt f\u00f6r barn.<\/p>\n\n\n\n<h3 class=\"wp-block-heading\">Land av ursprung<\/h3>\n\n\n\n<p>Frankrike<\/p>","protected":false},"excerpt":{"rendered":"<p><strong><br \/>KOMPATIBLA TILLBEH\u00d6R:<\/strong><\/p>\n<ul>\n<li><a href=\"https:\/\/poppersparadise.eu\/sv\/produktkategori\/tillbehor\/sniffare-liten\/\">Sniffers Small<\/a><\/li>\n<li><a href=\"https:\/\/poppersparadise.eu\/sv\/product\/xtrm-poppers-houder-zwart-small\/\">XTRM Poppers H\u00e5llare liten<\/a><\/li>\n<li><a href=\"https:\/\/poppersparadise.eu\/sv\/product\/xtrm-poppers-keeper-liten-10ml-2\/\">XTRM Poppers Keeper liten<\/a><\/li>\n<\/ul>","protected":false},"featured_media":13784,"comment_status":"open","ping_status":"closed","template":"","meta":{"_acf_changed":false},"product_brand":[751],"product_cat":[34,482],"product_tag":[],"class_list":{"0":"post-13783","1":"product","2":"type-product","3":"status-publish","4":"has-post-thumbnail","6":"product_brand-rush","7":"product_cat-kleine-flesjes-poppers","8":"product_cat-aanbiedingen","10":"first","11":"instock","12":"sale","13":"taxable","14":"shipping-taxable","15":"purchasable","16":"product-type-simple"},"acf":[],"df_price":4.95,"df_sale_price":4.95,"df_regular_price":6.7,"df_image_link":"https:\/\/poppersparadise.eu\/wp-content\/uploads\/2025\/02\/RU10-1-300x300.webp","_links":{"self":[{"href":"https:\/\/poppersparadise.eu\/sv\/wp-json\/wp\/v2\/product\/13783","targetHints":{"allow":["GET"]}}],"collection":[{"href":"https:\/\/poppersparadise.eu\/sv\/wp-json\/wp\/v2\/product"}],"about":[{"href":"https:\/\/poppersparadise.eu\/sv\/wp-json\/wp\/v2\/types\/product"}],"replies":[{"embeddable":true,"href":"https:\/\/poppersparadise.eu\/sv\/wp-json\/wp\/v2\/comments?post=13783"}],"wp:featuredmedia":[{"embeddable":true,"href":"https:\/\/poppersparadise.eu\/sv\/wp-json\/wp\/v2\/media\/13784"}],"wp:attachment":[{"href":"https:\/\/poppersparadise.eu\/sv\/wp-json\/wp\/v2\/media?parent=13783"}],"wp:term":[{"taxonomy":"product_brand","embeddable":true,"href":"https:\/\/poppersparadise.eu\/sv\/wp-json\/wp\/v2\/product_brand?post=13783"},{"taxonomy":"product_cat","embeddable":true,"href":"https:\/\/poppersparadise.eu\/sv\/wp-json\/wp\/v2\/product_cat?post=13783"},{"taxonomy":"product_tag","embeddable":true,"href":"https:\/\/poppersparadise.eu\/sv\/wp-json\/wp\/v2\/product_tag?post=13783"}],"curies":[{"name":"wp","href":"https:\/\/api.w.org\/{rel}","templated":true}]}}