{"id":12975,"date":"2024-11-25T12:38:00","date_gmt":"2024-11-25T11:38:00","guid":{"rendered":"https:\/\/poppersparadise.eu\/?post_type=product&#038;p=12975"},"modified":"2026-04-05T14:08:33","modified_gmt":"2026-04-05T12:08:33","slug":"rush-koppar-deluxe-poppers-10ml-2","status":"publish","type":"product","link":"https:\/\/poppersparadise.eu\/sv\/product\/rush-copper-deluxe-poppers-10ml\/","title":{"rendered":"Rush Copper Deluxe 10ml"},"content":{"rendered":"<h1 class=\"wp-block-heading\">Uppt\u00e4ck Rush Copper Deluxe Poppers 10ml<\/h1>\n\n\n\n<p>Sl\u00e4pp loss de uppfriskande aromerna fr\u00e5n Rush Copper Deluxe Poppers 10ml - en port till o\u00f6vertr\u00e4ffad avkoppling och f\u00f6rb\u00e4ttrade sociala upplevelser. Med en kapacitet p\u00e5 10 ml \u00e4r den h\u00e4r flaskan din nyckel till en v\u00e4rld av lugn och komfort, oavsett om du vill varva ner efter en hektisk dag eller skapa st\u00e4mning f\u00f6r en livlig utekv\u00e4ll.<\/p>\n\n\n\n<h3 class=\"wp-block-heading\">Produktspecifikationer<\/h3>\n\n\n\n<ul class=\"wp-block-list\">\n<li><strong>Aktiv best\u00e5ndsdel<\/strong>: Amyl &amp; Isopropyl<\/li>\n\n\n\n<li><strong>Volym<\/strong>: 10 ml<\/li>\n<\/ul>\n\n\n\n<h3 class=\"wp-block-heading\">F\u00f6rdelar och funktioner<\/h3>\n\n\n\n<ul class=\"wp-block-list\">\n<li><strong>Snabbverkande<\/strong>: Med l\u00e5ngvarig doftspridning.<\/li>\n\n\n\n<li><strong>Uppfriskande dofter<\/strong>: En unik blandning av dofter som fr\u00e4schar upp.<\/li>\n\n\n\n<li><strong>Lugnande<\/strong>: Fr\u00e4mjar en stressfri och avslappnad milj\u00f6.<\/li>\n\n\n\n<li><strong>Social interaktion<\/strong>: \u00d6kar komforten och atmosf\u00e4ren vid sociala tillf\u00e4llen.<\/li>\n<\/ul>\n\n\n\n<h3 class=\"wp-block-heading\">Varf\u00f6r v\u00e4lja Rush Copper Deluxe Poppers 10ml?<\/h3>\n\n\n\n<p>Dessa poppers \u00e4r designade f\u00f6r poppers-\u00e4lskare och nattlivsfans och erbjuder mer \u00e4n en flyktig flykt. De kombinerar innovation med tradition, inspirerade av den legendariska PWD Rush Popper. Oavsett om du letar efter personlig avkoppling eller en unik present till andra \u00e4lskare, erbjuder dessa poppers en delbar upplevelse.<\/p>\n\n\n\n<p>Dra nytta av v\u00e5ra attraktiva rabatter p\u00e5 stork\u00f6p och dela en of\u00f6rgl\u00f6mlig upplevelse med v\u00e4nner och familj.<\/p>\n\n\n\n<h3 class=\"wp-block-heading\">Viktigt att veta<\/h3>\n\n\n\n<p>Denna produkt \u00e4r endast avsedd att anv\u00e4ndas som doftspridare eller reng\u00f6ringsmedel. Den \u00e4r inte l\u00e4mplig f\u00f6r f\u00f6rt\u00e4ring eller inandning. F\u00f6rvara produkten p\u00e5 en sval och m\u00f6rk plats och st\u00e4ng flaskan ordentligt efter anv\u00e4ndning.<\/p>\n\n\n\n<h3 class=\"wp-block-heading\">Varningar<\/h3>\n\n\n\n<ul class=\"wp-block-list\">\n<li>Mycket brandfarlig v\u00e4tska och \u00e5nga (H225).<\/li>\n\n\n\n<li>Orsakar hud- och \u00f6gonirritation (H315\/H319).<\/li>\n\n\n\n<li>Giftigt vid inandning (H331).<\/li>\n\n\n\n<li>Ingen medicin.<\/li>\n\n\n\n<li>Anv\u00e4nd endast enligt anvisningarna.<\/li>\n<\/ul>\n\n\n\n<h3 class=\"wp-block-heading\">F\u00f6rvaring<\/h3>\n\n\n\n<p>F\u00f6rvara p\u00e5 en sval och torr plats. F\u00f6rvaras o\u00e5tkomligt f\u00f6r barn.<\/p>\n\n\n\n<h3 class=\"wp-block-heading\">Land av ursprung<\/h3>\n\n\n\n<p>Frankrike<\/p>","protected":false},"excerpt":{"rendered":"<p><strong><br \/>KOMPATIBLA TILLBEH\u00d6R:<\/strong><\/p>\n<ul>\n<li><a href=\"https:\/\/poppersparadise.eu\/sv\/produktkategori\/tillbehor\/sniffare-liten\/\">Sniffers Small<\/a><\/li>\n<li><a href=\"https:\/\/poppersparadise.eu\/sv\/product\/xtrm-poppers-houder-zwart-small\/\">XTRM Poppers H\u00e5llare liten<\/a><\/li>\n<li><a href=\"https:\/\/poppersparadise.eu\/sv\/product\/xtrm-poppers-keeper-liten-10ml-2\/\">XTRM Poppers Keeper liten<\/a><\/li>\n<\/ul>","protected":false},"featured_media":12976,"comment_status":"open","ping_status":"closed","template":"","meta":{"_acf_changed":false},"product_brand":[751],"product_cat":[34],"product_tag":[],"class_list":{"0":"post-12975","1":"product","2":"type-product","3":"status-publish","4":"has-post-thumbnail","6":"product_brand-rush","7":"product_cat-kleine-flesjes-poppers","9":"first","10":"instock","11":"taxable","12":"shipping-taxable","13":"purchasable","14":"product-type-simple"},"acf":[],"df_price":5.75,"df_sale_price":"","df_regular_price":5.75,"df_image_link":"https:\/\/poppersparadise.eu\/wp-content\/uploads\/2024\/11\/RDL10-300x300.webp","_links":{"self":[{"href":"https:\/\/poppersparadise.eu\/sv\/wp-json\/wp\/v2\/product\/12975","targetHints":{"allow":["GET"]}}],"collection":[{"href":"https:\/\/poppersparadise.eu\/sv\/wp-json\/wp\/v2\/product"}],"about":[{"href":"https:\/\/poppersparadise.eu\/sv\/wp-json\/wp\/v2\/types\/product"}],"replies":[{"embeddable":true,"href":"https:\/\/poppersparadise.eu\/sv\/wp-json\/wp\/v2\/comments?post=12975"}],"wp:featuredmedia":[{"embeddable":true,"href":"https:\/\/poppersparadise.eu\/sv\/wp-json\/wp\/v2\/media\/12976"}],"wp:attachment":[{"href":"https:\/\/poppersparadise.eu\/sv\/wp-json\/wp\/v2\/media?parent=12975"}],"wp:term":[{"taxonomy":"product_brand","embeddable":true,"href":"https:\/\/poppersparadise.eu\/sv\/wp-json\/wp\/v2\/product_brand?post=12975"},{"taxonomy":"product_cat","embeddable":true,"href":"https:\/\/poppersparadise.eu\/sv\/wp-json\/wp\/v2\/product_cat?post=12975"},{"taxonomy":"product_tag","embeddable":true,"href":"https:\/\/poppersparadise.eu\/sv\/wp-json\/wp\/v2\/product_tag?post=12975"}],"curies":[{"name":"wp","href":"https:\/\/api.w.org\/{rel}","templated":true}]}}