{"id":12966,"date":"2024-11-25T12:15:44","date_gmt":"2024-11-25T11:15:44","guid":{"rendered":"https:\/\/poppersparadise.eu\/?post_type=product&#038;p=12966"},"modified":"2026-02-26T12:35:13","modified_gmt":"2026-02-26T11:35:13","slug":"iron-fist-raw-poppers-10ml","status":"publish","type":"product","link":"https:\/\/poppersparadise.eu\/sv\/product\/iron-fist-raw-poppers-10ml\/","title":{"rendered":"Iron Fist RAW 10ml"},"content":{"rendered":"<h2 class=\"wp-block-heading\">Uppt\u00e4ck k\u00e4nslan med Iron Fist RAW Poppers 10ml<\/h2>\n\n\n\n<p>V\u00e4lkommen till en v\u00e4rld av Iron Fist RAW Poppers 10ml, en doftspridare speciellt utformad f\u00f6r att ge en unik och intensiv doftupplevelse. Med en noggrant formulerad formula och en h\u00e5llbar design \u00e4r den h\u00e4r produkten perfekt f\u00f6r dig som s\u00f6ker en speciell atmosf\u00e4r.<\/p>\n\n\n\n<h3 class=\"wp-block-heading\">Viktiga funktioner<\/h3>\n\n\n\n<ul class=\"wp-block-list\">\n<li><strong>Unik formula f\u00f6r f\u00f6rfinade aromer<\/strong>: Utformad f\u00f6r att skapa en extraordin\u00e4r doftupplevelse.<\/li>\n\n\n\n<li><strong>Ultra-Amyl magi<\/strong>: K\u00e4nd f\u00f6r sin kraftfulla och l\u00e5ngvariga doftspridning.<\/li>\n\n\n\n<li><strong>F\u00f6rb\u00e4ttrad intensitet<\/strong>: Njut av en ultrastark doftupplevelse.<\/li>\n\n\n\n<li><strong>Slitstark aluminiumkonstruktion<\/strong>: Ger l\u00e5ngvarig fr\u00e4sch\u00f6r och \u00e4r praktisk att ha med sig.<\/li>\n\n\n\n<li><strong>S\u00e4kerhetslock<\/strong>: Skyddar mot o\u00f6nskad \u00f6ppning och garanterar s\u00e4ker anv\u00e4ndning.<\/li>\n<\/ul>\n\n\n\n<h3 class=\"wp-block-heading\">Viktigt att veta<\/h3>\n\n\n\n<p>Denna produkt \u00e4r endast avsedd att anv\u00e4ndas som doftspridare eller reng\u00f6ringsmedel. Den \u00e4r inte l\u00e4mplig f\u00f6r f\u00f6rt\u00e4ring eller inandning. F\u00f6rvara produkten p\u00e5 en sval och m\u00f6rk plats och st\u00e4ng flaskan ordentligt efter anv\u00e4ndning.<\/p>\n\n\n\n<h3 class=\"wp-block-heading\">Varningar<\/h3>\n\n\n\n<ul class=\"wp-block-list\">\n<li>Mycket brandfarlig v\u00e4tska och \u00e5nga (H225).<\/li>\n\n\n\n<li>Orsakar hud- och \u00f6gonirritation (H315\/H319).<\/li>\n\n\n\n<li>Giftigt vid inandning (H331).<\/li>\n\n\n\n<li>Ingen medicin.<\/li>\n\n\n\n<li>Anv\u00e4nd endast enligt anvisningarna.<\/li>\n<\/ul>\n\n\n\n<h3 class=\"wp-block-heading\">F\u00f6rvaring<\/h3>\n\n\n\n<p>F\u00f6rvara p\u00e5 en sval och torr plats. F\u00f6rvaras o\u00e5tkomligt f\u00f6r barn.<\/p>\n\n\n\n<h3 class=\"wp-block-heading\">Land av ursprung<\/h3>\n\n\n\n<p>Frankrike<\/p>","protected":false},"excerpt":{"rendered":"<p><strong><br \/>KOMPATIBLA TILLBEH\u00d6R:<\/strong><\/p>\n<ul>\n<li><a href=\"https:\/\/poppersparadise.eu\/sv\/produktkategori\/tillbehor\/sniffare-liten\/\">Sniffers Small<\/a><\/li>\n<li><a href=\"https:\/\/poppersparadise.eu\/sv\/product\/xtrm-poppers-houder-zwart-small\/\">XTRM Poppers H\u00e5llare liten<\/a><\/li>\n<li><a href=\"https:\/\/poppersparadise.eu\/sv\/product\/xtrm-poppers-keeper-liten-10ml-2\/\">XTRM Poppers Keeper liten<\/a><\/li>\n<\/ul>","protected":false},"featured_media":12967,"comment_status":"open","ping_status":"closed","template":"","meta":{"_acf_changed":false},"product_brand":[742],"product_cat":[34],"product_tag":[],"class_list":{"0":"post-12966","1":"product","2":"type-product","3":"status-publish","4":"has-post-thumbnail","6":"product_brand-iron-fist","7":"product_cat-kleine-flesjes-poppers","9":"first","10":"instock","11":"taxable","12":"shipping-taxable","13":"purchasable","14":"product-type-simple"},"acf":[],"df_price":5.75,"df_sale_price":"","df_regular_price":5.75,"df_image_link":"https:\/\/poppersparadise.eu\/wp-content\/uploads\/2024\/11\/IFR10-300x300.webp","_links":{"self":[{"href":"https:\/\/poppersparadise.eu\/sv\/wp-json\/wp\/v2\/product\/12966","targetHints":{"allow":["GET"]}}],"collection":[{"href":"https:\/\/poppersparadise.eu\/sv\/wp-json\/wp\/v2\/product"}],"about":[{"href":"https:\/\/poppersparadise.eu\/sv\/wp-json\/wp\/v2\/types\/product"}],"replies":[{"embeddable":true,"href":"https:\/\/poppersparadise.eu\/sv\/wp-json\/wp\/v2\/comments?post=12966"}],"wp:featuredmedia":[{"embeddable":true,"href":"https:\/\/poppersparadise.eu\/sv\/wp-json\/wp\/v2\/media\/12967"}],"wp:attachment":[{"href":"https:\/\/poppersparadise.eu\/sv\/wp-json\/wp\/v2\/media?parent=12966"}],"wp:term":[{"taxonomy":"product_brand","embeddable":true,"href":"https:\/\/poppersparadise.eu\/sv\/wp-json\/wp\/v2\/product_brand?post=12966"},{"taxonomy":"product_cat","embeddable":true,"href":"https:\/\/poppersparadise.eu\/sv\/wp-json\/wp\/v2\/product_cat?post=12966"},{"taxonomy":"product_tag","embeddable":true,"href":"https:\/\/poppersparadise.eu\/sv\/wp-json\/wp\/v2\/product_tag?post=12966"}],"curies":[{"name":"wp","href":"https:\/\/api.w.org\/{rel}","templated":true}]}}