{"id":12112,"date":"2024-11-01T15:52:57","date_gmt":"2024-11-01T14:52:57","guid":{"rendered":"https:\/\/poppersparadise.eu\/?post_type=product&#038;p=12112"},"modified":"2026-04-15T14:42:12","modified_gmt":"2026-04-15T12:42:12","slug":"ultramyl-poppers-24ml","status":"publish","type":"product","link":"https:\/\/poppersparadise.eu\/sv\/product\/ultramyl-poppers-24ml\/","title":{"rendered":"Ultramyl 24ml"},"content":{"rendered":"<h2 class=\"wp-block-heading\">Uppt\u00e4ck sp\u00e4nningen med Ultramyl 24ml Poppers<\/h2>\n\n\n\n<p>Upplev den unika doftupplevelsen med Ultramyl 24ml, en doftspridare som utformats speciellt f\u00f6r finsmakare. Denna b\u00e4sts\u00e4ljare erbjuder en raffinerad upplevelse och \u00e4r perfekt f\u00f6r dig som vill ha en intensiv och l\u00e5ngvarig doftspridning.<\/p>\n\n\n\n<h3 class=\"wp-block-heading\">Sl\u00e4pp loss kraften i avancerad formulering<\/h3>\n\n\n\n<ul class=\"wp-block-list\">\n<li><strong>Unik k\u00e4nsla<\/strong>: Speciellt utformad f\u00f6r doftspridare, erbjuder Ultramyl 24ml en verkligt unik upplevelse.<\/li>\n\n\n\n<li><strong>F\u00f6rb\u00e4ttrad upplevelse<\/strong>: En avancerad formula som ger en l\u00e5ngvarig och kraftfull doftspridning.<\/li>\n<\/ul>\n\n\n\n<h3 class=\"wp-block-heading\">Innovativ och h\u00e5llbar design<\/h3>\n\n\n\n<ul class=\"wp-block-list\">\n<li><strong>H\u00e5llbar glasflaska<\/strong>: Beh\u00e5ller aromens fr\u00e4sch\u00f6r och ger l\u00e5ng h\u00e5llbarhet.<\/li>\n\n\n\n<li><strong>S\u00e4kerhetslock<\/strong>: F\u00f6rhindrar oavsiktlig \u00f6ppning, f\u00f6r \u00f6kad s\u00e4kerhet och bekv\u00e4mlighet.<\/li>\n<\/ul>\n\n\n\n<h3 class=\"wp-block-heading\">Produktspecifikationer<\/h3>\n\n\n\n<ul class=\"wp-block-list\">\n<li><strong>Aktiv best\u00e5ndsdel<\/strong>: Amyl<\/li>\n\n\n\n<li><strong>Inneh\u00e5ll<\/strong>: 24 ml<\/li>\n<\/ul>\n\n\n\n<h3 class=\"wp-block-heading\">Viktiga s\u00e4kerhetsp\u00e5minnelser<\/h3>\n\n\n\n<ul class=\"wp-block-list\">\n<li>Denna produkt \u00e4r endast avsedd att anv\u00e4ndas som doftspridare eller reng\u00f6ringsmedel.<\/li>\n\n\n\n<li>Det \u00e4r inte l\u00e4mpligt f\u00f6r f\u00f6rt\u00e4ring eller inandning.<\/li>\n\n\n\n<li>Undvik direkt hudkontakt p\u00e5 grund av fr\u00e4tande egenskaper.<\/li>\n\n\n\n<li>F\u00f6rvara p\u00e5 en sval och m\u00f6rk plats och st\u00e4ng flaskan ordentligt efter anv\u00e4ndning.<\/li>\n<\/ul>\n\n\n\n<h3 class=\"wp-block-heading\">Varningar<\/h3>\n\n\n\n<ul class=\"wp-block-list\">\n<li>Mycket brandfarlig v\u00e4tska och \u00e5nga (H225)<\/li>\n\n\n\n<li>Orsakar hud- och \u00f6gonirritation (H315\/H319)<\/li>\n\n\n\n<li>Giftigt vid inandning (H331)<\/li>\n\n\n\n<li>Ingen medicin<\/li>\n\n\n\n<li>Anv\u00e4nd endast enligt anvisningarna<\/li>\n<\/ul>\n\n\n\n<h3 class=\"wp-block-heading\">F\u00f6rvaring<\/h3>\n\n\n\n<ul class=\"wp-block-list\">\n<li>F\u00f6rvaras svalt och torrt.<\/li>\n\n\n\n<li>F\u00f6rvaras o\u00e5tkomligt f\u00f6r barn.<\/li>\n<\/ul>\n\n\n\n<h3 class=\"wp-block-heading\">Land av ursprung<\/h3>\n\n\n\n<p>Luxemburg<\/p>","protected":false},"excerpt":{"rendered":"<p><strong><br \/>KOMPATIBLA TILLBEH\u00d6R:<\/strong><\/p>\n<ul>\n<li><a href=\"https:\/\/poppersparadise.eu\/sv\/produktkategori\/tillbehor\/sniffare-stora\/\">Sniffers Large<\/a><\/li>\n<li><a href=\"https:\/\/poppersparadise.eu\/sv\/product\/xtrm-poppershallare-stor-2\/\">XTRM Poppers H\u00e5llare stor<\/a><\/li>\n<li><a href=\"https:\/\/poppersparadise.eu\/sv\/product\/xtrm-poppers-keeper-stor-24ml\/\">XTRM Poppers Keeper stor<\/a><\/li>\n<\/ul>","protected":false},"featured_media":12113,"comment_status":"open","ping_status":"closed","template":"","meta":{"_acf_changed":false},"product_brand":[736],"product_cat":[35],"product_tag":[],"class_list":{"0":"post-12112","1":"product","2":"type-product","3":"status-publish","4":"has-post-thumbnail","6":"product_brand-amyl","7":"product_cat-grote-flesjes-poppers","9":"first","10":"instock","11":"taxable","12":"shipping-taxable","13":"purchasable","14":"product-type-simple"},"acf":[],"df_price":6.95,"df_sale_price":"","df_regular_price":6.95,"df_image_link":"https:\/\/poppersparadise.eu\/wp-content\/uploads\/2024\/11\/AMU24-300x300.webp","_links":{"self":[{"href":"https:\/\/poppersparadise.eu\/sv\/wp-json\/wp\/v2\/product\/12112","targetHints":{"allow":["GET"]}}],"collection":[{"href":"https:\/\/poppersparadise.eu\/sv\/wp-json\/wp\/v2\/product"}],"about":[{"href":"https:\/\/poppersparadise.eu\/sv\/wp-json\/wp\/v2\/types\/product"}],"replies":[{"embeddable":true,"href":"https:\/\/poppersparadise.eu\/sv\/wp-json\/wp\/v2\/comments?post=12112"}],"wp:featuredmedia":[{"embeddable":true,"href":"https:\/\/poppersparadise.eu\/sv\/wp-json\/wp\/v2\/media\/12113"}],"wp:attachment":[{"href":"https:\/\/poppersparadise.eu\/sv\/wp-json\/wp\/v2\/media?parent=12112"}],"wp:term":[{"taxonomy":"product_brand","embeddable":true,"href":"https:\/\/poppersparadise.eu\/sv\/wp-json\/wp\/v2\/product_brand?post=12112"},{"taxonomy":"product_cat","embeddable":true,"href":"https:\/\/poppersparadise.eu\/sv\/wp-json\/wp\/v2\/product_cat?post=12112"},{"taxonomy":"product_tag","embeddable":true,"href":"https:\/\/poppersparadise.eu\/sv\/wp-json\/wp\/v2\/product_tag?post=12112"}],"curies":[{"name":"wp","href":"https:\/\/api.w.org\/{rel}","templated":true}]}}