{"id":12065,"date":"2024-11-01T12:02:20","date_gmt":"2024-11-01T11:02:20","guid":{"rendered":"https:\/\/poppersparadise.eu\/product\/xtrm-the-beast-xxl-snffr-set-rood\/"},"modified":"2026-02-26T19:03:05","modified_gmt":"2026-02-26T18:03:05","slug":"xtrm-the-beast-xxl-snffr-set-rod","status":"publish","type":"product","link":"https:\/\/poppersparadise.eu\/sv\/product\/xtrm-the-beast-xxl-snffr-set-rood\/","title":{"rendered":"XTRM The Beast XXL Snffr Set Rood"},"content":{"rendered":"<h2 class=\"font-bold text-h3 leading-[36px] pt-[21px] pb-[2px] [&amp;_a]:underline-offset-[6px] [&amp;_.underline]:underline-offset-[6px]\" dir=\"ltr\">Ervaar het ultieme aroma met XTRM SNFFR<\/h2>\n<p class=\"text-body font-regular leading-[24px] pt-[9px] pb-[2px]\" dir=\"ltr\">Verhoog je aroma-ervaring met de XTRM SNFFR, het toppunt van snuftechnologie. Ontworpen voor volwassenen die een premium aroma-ervaring willen, zal &#8220;The Beast&#8221; zeker bevallen met zijn XXL-opening en 3-fasen kanaal voor een explosief effect. Deze geavanceerde snuffer maakt contactloze interactie met aroma&#8217;s mogelijk, biedt verbeterde circulatie en een krachtige kick, en vermindert huidirritatie en roodheid.<\/p>\n<p class=\"text-body font-regular leading-[24px] pt-[9px] pb-[2px]\" dir=\"ltr\">Zeg vaarwel tegen kleine snuffers en stap over naar een koninklijke ervaring. Het aroma ontwikkelt zich robuust in ons 60 ml blik, waardoor je oude aroma&#8217;s worden gerevitaliseerd en behouden. Met precisie vervaardigd in Oostenrijk is dit hoogwaardige product zowel stijlvol als praktisch. Het unieke standontwerp houdt je blik veilig, of deze nu stilstaat of om je nek hangt met een lint of ketting.<\/p>\n<h3 class=\"font-bold text-h4 leading-[30px] pt-[15px] pb-[2px] [&amp;_a]:underline-offset-[6px] [&amp;_.underline]:underline-offset-[6px]\" dir=\"ltr\">Belangrijkste voordelen<\/h3>\n<ul class=\"pt-[9px] pb-[2px] pl-[24px] list-disc [&amp;_ul]:pt-[5px] pt-[5px]\">\n<li class=\"text-body font-regular leading-[24px] my-[5px] [&amp;&gt;ol]:!pt-0 [&amp;&gt;ol]:!pb-0 [&amp;&gt;ul]:!pt-0 [&amp;&gt;ul]:!pb-0\" value=\"1\">Contactloze interactie met aroma&#8217;s<\/li>\n<li class=\"text-body font-regular leading-[24px] my-[5px] [&amp;&gt;ol]:!pt-0 [&amp;&gt;ol]:!pb-0 [&amp;&gt;ul]:!pt-0 [&amp;&gt;ul]:!pb-0\" value=\"2\">Verbeterde aromacirculatie en versterkt effect<\/li>\n<li class=\"text-body font-regular leading-[24px] my-[5px] [&amp;&gt;ol]:!pt-0 [&amp;&gt;ol]:!pb-0 [&amp;&gt;ul]:!pt-0 [&amp;&gt;ul]:!pb-0\" value=\"3\">Vermindering van huidirritatie en roodheid<\/li>\n<li class=\"text-body font-regular leading-[24px] my-[5px] [&amp;&gt;ol]:!pt-0 [&amp;&gt;ol]:!pb-0 [&amp;&gt;ul]:!pt-0 [&amp;&gt;ul]:!pb-0\" value=\"4\">Revitalisatie en behoud van oude aroma&#8217;s<\/li>\n<li class=\"text-body font-regular leading-[24px] my-[5px] [&amp;&gt;ol]:!pt-0 [&amp;&gt;ol]:!pb-0 [&amp;&gt;ul]:!pt-0 [&amp;&gt;ul]:!pb-0\" value=\"5\">Veilig en praktisch ontwerp voor veelzijdig gebruik en opslag<\/li>\n<li class=\"text-body font-regular leading-[24px] my-[5px] [&amp;&gt;ol]:!pt-0 [&amp;&gt;ol]:!pb-0 [&amp;&gt;ul]:!pt-0 [&amp;&gt;ul]:!pb-0\" value=\"6\">Gemaakt in Oostenrijk met hoogwaardige materialen<\/li>\n<\/ul>\n<h3>The Beast van de XXL SNFFR set bestaat uit:<\/h3>\n<ul class=\"pt-[9px] pb-[2px] pl-[24px] list-disc [&amp;_ul]:pt-[5px] pt-[5px]\">\n<li class=\"text-body font-regular leading-[24px] my-[5px] [&amp;&gt;ol]:!pt-0 [&amp;&gt;ol]:!pb-0 [&amp;&gt;ul]:!pt-0 [&amp;&gt;ul]:!pb-0\" value=\"1\">60 ml zwart aluminium blik<\/li>\n<li class=\"text-body font-regular leading-[24px] my-[5px] [&amp;&gt;ol]:!pt-0 [&amp;&gt;ol]:!pb-0 [&amp;&gt;ul]:!pt-0 [&amp;&gt;ul]:!pb-0\" value=\"2\">Zwarte deksel voor veilige sluiting<\/li>\n<li class=\"text-body font-regular leading-[24px] my-[5px] [&amp;&gt;ol]:!pt-0 [&amp;&gt;ol]:!pb-0 [&amp;&gt;ul]:!pt-0 [&amp;&gt;ul]:!pb-0\" value=\"3\">XXL SNFFR &#8220;the beast&#8221; in jouw kleurkeuze<\/li>\n<li class=\"text-body font-regular leading-[24px] my-[5px] [&amp;&gt;ol]:!pt-0 [&amp;&gt;ol]:!pb-0 [&amp;&gt;ul]:!pt-0 [&amp;&gt;ul]:!pb-0\" value=\"4\">Bijpassende houder voor de SNFFR<\/li>\n<li class=\"text-body font-regular leading-[24px] my-[5px] [&amp;&gt;ol]:!pt-0 [&amp;&gt;ol]:!pb-0 [&amp;&gt;ul]:!pt-0 [&amp;&gt;ul]:!pb-0\" value=\"5\">Opbergzak voor koele bewaring<\/li>\n<\/ul>\n<p class=\"text-body font-regular leading-[24px] pt-[9px] pb-[2px]\" dir=\"ltr\"><b><strong class=\"font-bold\"><br \/>\nBeschikbare kleuren<\/strong><\/b>: Zwart, Rood, Geel, Neon, Roze<\/p>\n<p class=\"text-body font-regular leading-[24px] pt-[9px] pb-[2px]\" dir=\"ltr\"><b><strong class=\"font-bold\">Opmerking<\/strong><\/b>: Vul ten minste de helft van het blik voor optimale aromavorming.<\/p>\n","protected":false},"excerpt":{"rendered":"<p>Upplev kraftfulla aromer med XTRM SNFFR. Ber\u00f6ringsfria, f\u00f6rst\u00e4rkta effekter och snygg design. Tillverkad i \u00d6sterrike.<\/p>","protected":false},"featured_media":12064,"comment_status":"open","ping_status":"closed","template":"","meta":{"_acf_changed":false},"product_brand":[752],"product_cat":[330,533],"product_tag":[],"class_list":{"0":"post-12065","1":"product","2":"type-product","3":"status-publish","4":"has-post-thumbnail","6":"product_brand-xtrm","7":"product_cat-accessoires","8":"product_cat-sniffers-sets-xxl","10":"first","11":"instock","12":"taxable","13":"shipping-taxable","14":"purchasable","15":"product-type-simple"},"acf":[],"df_price":29.95,"df_sale_price":"","df_regular_price":29.95,"df_image_link":"https:\/\/poppersparadise.eu\/wp-content\/uploads\/2024\/11\/the-beast-of-the-xxl-snffr-red3-300x300.jpg","_links":{"self":[{"href":"https:\/\/poppersparadise.eu\/sv\/wp-json\/wp\/v2\/product\/12065","targetHints":{"allow":["GET"]}}],"collection":[{"href":"https:\/\/poppersparadise.eu\/sv\/wp-json\/wp\/v2\/product"}],"about":[{"href":"https:\/\/poppersparadise.eu\/sv\/wp-json\/wp\/v2\/types\/product"}],"replies":[{"embeddable":true,"href":"https:\/\/poppersparadise.eu\/sv\/wp-json\/wp\/v2\/comments?post=12065"}],"wp:featuredmedia":[{"embeddable":true,"href":"https:\/\/poppersparadise.eu\/sv\/wp-json\/wp\/v2\/media\/12064"}],"wp:attachment":[{"href":"https:\/\/poppersparadise.eu\/sv\/wp-json\/wp\/v2\/media?parent=12065"}],"wp:term":[{"taxonomy":"product_brand","embeddable":true,"href":"https:\/\/poppersparadise.eu\/sv\/wp-json\/wp\/v2\/product_brand?post=12065"},{"taxonomy":"product_cat","embeddable":true,"href":"https:\/\/poppersparadise.eu\/sv\/wp-json\/wp\/v2\/product_cat?post=12065"},{"taxonomy":"product_tag","embeddable":true,"href":"https:\/\/poppersparadise.eu\/sv\/wp-json\/wp\/v2\/product_tag?post=12065"}],"curies":[{"name":"wp","href":"https:\/\/api.w.org\/{rel}","templated":true}]}}