{"id":953,"date":"2024-10-08T16:52:38","date_gmt":"2024-10-08T14:52:38","guid":{"rendered":"https:\/\/poppersparadise.eu\/product\/lmfao-pentyl-24ml\/"},"modified":"2026-04-22T12:02:21","modified_gmt":"2026-04-22T10:02:21","slug":"lmfao-pentyl-poppers-24ml","status":"publish","type":"product","link":"https:\/\/poppersparadise.eu\/pl\/product\/lmfao-pentyl-poppers-24ml\/","title":{"rendered":"LMFAO Boom Boom Pentyl 24ml"},"content":{"rendered":"<h2 class=\"wp-block-heading\">Odkryj LMFAO Boom Boom Pentyl Poppers 24ml<\/h2>\n\n\n\n<p>Poczuj orze\u017awiaj\u0105ce aromaty LMFAO Boom Boom Pentyl Poppers, dyfuzora zapachowego idealnego do relaksu i stworzenia spokojnego, wolnego od stresu otoczenia. Butelka o pojemno\u015bci 24 ml zapewnia d\u0142ugotrwa\u0142e doznania zapachowe, idealne dla os\u00f3b poszukuj\u0105cych spokoju i komfortu.<\/p>\n\n\n\n<h3 class=\"wp-block-heading\">Specyfikacja produktu<\/h3>\n\n\n\n<ul class=\"wp-block-list\">\n<li><strong>Sk\u0142adnik aktywny<\/strong>: Azotyn izopentylu<\/li>\n\n\n\n<li><strong>Obj\u0119to\u015b\u0107<\/strong>24 ml<\/li>\n<\/ul>\n\n\n\n<h3 class=\"wp-block-heading\">Korzy\u015bci i efekty<\/h3>\n\n\n\n<ul class=\"wp-block-list\">\n<li>Szybkie dzia\u0142anie i d\u0142ugotrwa\u0142a dyfuzja zapachu<\/li>\n\n\n\n<li>R\u00f3\u017cnorodno\u015b\u0107 orze\u017awiaj\u0105cych aromat\u00f3w dostosowanych do ka\u017cdych preferencji<\/li>\n\n\n\n<li>Promuje spokojne, wolne od stresu \u015brodowisko<\/li>\n\n\n\n<li>Zwi\u0119ksza relaksacj\u0119 i interakcje spo\u0142eczne<\/li>\n<\/ul>\n\n\n\n<h3 class=\"wp-block-heading\">Dlaczego warto wybra\u0107 LMFAO Boom Boom Pentyl Poppers?<\/h3>\n\n\n\n<ul class=\"wp-block-list\">\n<li>Specjalnie zaprojektowany dla koneser\u00f3w i mi\u0142o\u015bnik\u00f3w dyfuzor\u00f3w zapachowych<\/li>\n\n\n\n<li>\u0141\u0105czy innowacyjno\u015b\u0107 z tradycj\u0105, zainspirowany legendarnym PWD Rush Popper<\/li>\n\n\n\n<li>Idealny do osobistego relaksu lub jako wyj\u0105tkowy prezent dla przyjaci\u00f3\u0142 i rodziny<\/li>\n\n\n\n<li>Dost\u0119pne z atrakcyjnymi rabatami przy zakupach hurtowych<\/li>\n<\/ul>\n\n\n\n<h3 class=\"wp-block-heading\">Wa\u017cne uwagi<\/h3>\n\n\n\n<ul class=\"wp-block-list\">\n<li>Ten produkt jest przeznaczony wy\u0142\u0105cznie do u\u017cytku jako dyfuzor zapachowy lub rozpuszczalnik czyszcz\u0105cy.<\/li>\n\n\n\n<li>Nie nadaje si\u0119 do spo\u017cycia przez ludzi ani do wdychania.<\/li>\n\n\n\n<li>Nie \u0142\u0105czy\u0107 z lekami na zaburzenia erekcji.<\/li>\n\n\n\n<li>Unika\u0107 bezpo\u015bredniego kontaktu ze sk\u00f3r\u0105 ze wzgl\u0119du na w\u0142a\u015bciwo\u015bci \u017cr\u0105ce.<\/li>\n\n\n\n<li>Przechowywa\u0107 w ch\u0142odnym, ciemnym miejscu i szczelnie zamkn\u0105\u0107 butelk\u0119 po u\u017cyciu.<\/li>\n<\/ul>\n\n\n\n<h3 class=\"wp-block-heading\">Ostrze\u017cenia<\/h3>\n\n\n\n<ul class=\"wp-block-list\">\n<li>Wysoce \u0142atwopalna ciecz i pary (H225)<\/li>\n\n\n\n<li>Powoduje podra\u017cnienie sk\u00f3ry i oczu (H315\/H319)<\/li>\n\n\n\n<li>Dzia\u0142a toksycznie przez drogi oddechowe (H331)<\/li>\n\n\n\n<li>Brak lek\u00f3w<\/li>\n\n\n\n<li>Stosowa\u0107 wy\u0142\u0105cznie zgodnie z zaleceniami<\/li>\n<\/ul>\n\n\n\n<h3 class=\"wp-block-heading\">Przechowywanie<\/h3>\n\n\n\n<ul class=\"wp-block-list\">\n<li>Przechowywa\u0107 w ch\u0142odnym i suchym miejscu.<\/li>\n\n\n\n<li>Przechowywa\u0107 w miejscu niedost\u0119pnym dla dzieci.<\/li>\n<\/ul>\n\n\n\n<h3 class=\"wp-block-heading\">Kraj pochodzenia<\/h3>\n\n\n\n<p>Luksemburg<\/p>","protected":false},"excerpt":{"rendered":"<p><strong><br \/>KOMPATYBILNE AKCESORIA:<\/strong><\/p>\n<ul>\n<li><a href=\"https:\/\/poppersparadise.eu\/pl\/kategoria-produktu\/akcesoria\/sniffery-male\/\">Sniffers Small<\/a><\/li>\n<li><a href=\"https:\/\/poppersparadise.eu\/pl\/product\/owalny-uchwyt-na-poppersy-xtrm\/\">XTRM Poppers Uchwyt owalny<\/a><\/li>\n<li><a href=\"https:\/\/poppersparadise.eu\/pl\/product\/xtrm-poppers-keeper-large-24ml\/\">XTRM Poppers Keeper Large<\/a><\/li>\n<\/ul>","protected":false},"featured_media":12409,"comment_status":"open","ping_status":"closed","template":"","meta":{"_acf_changed":false},"product_brand":[],"product_cat":[35,482],"product_tag":[],"class_list":{"0":"post-953","1":"product","2":"type-product","3":"status-publish","4":"has-post-thumbnail","6":"product_cat-grote-flesjes-poppers","7":"product_cat-aanbiedingen","9":"first","10":"instock","11":"sale","12":"taxable","13":"shipping-taxable","14":"purchasable","15":"product-type-simple"},"acf":[],"df_price":3.5,"df_sale_price":3.5,"df_regular_price":6.95,"df_image_link":"https:\/\/poppersparadise.eu\/wp-content\/uploads\/2024\/10\/LMPN24-300x300.webp","_links":{"self":[{"href":"https:\/\/poppersparadise.eu\/pl\/wp-json\/wp\/v2\/product\/953","targetHints":{"allow":["GET"]}}],"collection":[{"href":"https:\/\/poppersparadise.eu\/pl\/wp-json\/wp\/v2\/product"}],"about":[{"href":"https:\/\/poppersparadise.eu\/pl\/wp-json\/wp\/v2\/types\/product"}],"replies":[{"embeddable":true,"href":"https:\/\/poppersparadise.eu\/pl\/wp-json\/wp\/v2\/comments?post=953"}],"wp:featuredmedia":[{"embeddable":true,"href":"https:\/\/poppersparadise.eu\/pl\/wp-json\/wp\/v2\/media\/12409"}],"wp:attachment":[{"href":"https:\/\/poppersparadise.eu\/pl\/wp-json\/wp\/v2\/media?parent=953"}],"wp:term":[{"taxonomy":"product_brand","embeddable":true,"href":"https:\/\/poppersparadise.eu\/pl\/wp-json\/wp\/v2\/product_brand?post=953"},{"taxonomy":"product_cat","embeddable":true,"href":"https:\/\/poppersparadise.eu\/pl\/wp-json\/wp\/v2\/product_cat?post=953"},{"taxonomy":"product_tag","embeddable":true,"href":"https:\/\/poppersparadise.eu\/pl\/wp-json\/wp\/v2\/product_tag?post=953"}],"curies":[{"name":"wp","href":"https:\/\/api.w.org\/{rel}","templated":true}]}}