{"id":933,"date":"2024-10-08T16:52:33","date_gmt":"2024-10-08T14:52:33","guid":{"rendered":"https:\/\/poppersparadise.eu\/product\/spunk-power-amyl-24ml\/"},"modified":"2026-02-26T12:35:01","modified_gmt":"2026-02-26T11:35:01","slug":"spunk-power-amyl-poppers-24ml","status":"publish","type":"product","link":"https:\/\/poppersparadise.eu\/pl\/product\/spunk-power-amyl-poppers-24ml\/","title":{"rendered":"Spunk Power Amyl 24ml"},"content":{"rendered":"<h3 class=\"wp-block-heading\">Discover Spunk Power Amyl Poppers 24ml<\/h3>\n\n\n\n<p>Do\u015bwiadcz silnych dozna\u0144 zapachowych dzi\u0119ki Spunk Power Amyl Poppers 24ml. Zaprojektowany specjalnie dla koneser\u00f3w, produkt ten oferuje intensywn\u0105 i d\u0142ugotrwa\u0142\u0105 dyfuzj\u0119 zapachu, kt\u00f3ra jest idealna do stworzenia relaksuj\u0105cej i przyjemnej atmosfery.<\/p>\n\n\n\n<h3 class=\"wp-block-heading\">Dlaczego warto wybra\u0107 Spunk Power Amyl Poppers 24ml?<\/h3>\n\n\n\n<ul class=\"wp-block-list\">\n<li><strong>Wydajna formu\u0142a<\/strong>Wykonany z bardzo silnego azotynu izoamylu dla intensywnego zapachu.<\/li>\n\n\n\n<li><strong>Zaprojektowany dla ekspert\u00f3w<\/strong>Specjalnie zaprojektowany dla zaawansowanych u\u017cytkownik\u00f3w poszukuj\u0105cych bardziej wydajnego dzia\u0142ania.<\/li>\n\n\n\n<li><strong>Wygodne opakowanie<\/strong>Dostarczany w stylowej szklanej butelce o pojemno\u015bci 24 ml, idealnej do \u0142atwego u\u017cycia.<\/li>\n<\/ul>\n\n\n\n<h3 class=\"wp-block-heading\">Oferta specjalna<\/h3>\n\n\n\n<ul class=\"wp-block-list\">\n<li><strong>Rabat ilo\u015bciowy<\/strong>Kup co najmniej trzy butelki i skorzystaj z atrakcyjnych rabat\u00f3w.<\/li>\n<\/ul>\n\n\n\n<h3 class=\"wp-block-heading\">Wa\u017cne informacje dla u\u017cytkownika<\/h3>\n\n\n\n<ul class=\"wp-block-list\">\n<li>Ten produkt jest przeznaczony wy\u0142\u0105cznie do u\u017cytku jako dyfuzor zapachowy lub rozpuszczalnik czyszcz\u0105cy.<\/li>\n\n\n\n<li>Nie nadaje si\u0119 do spo\u017cycia przez ludzi ani do wdychania.<\/li>\n\n\n\n<li>Unika\u0107 bezpo\u015bredniego kontaktu ze sk\u00f3r\u0105 ze wzgl\u0119du na w\u0142a\u015bciwo\u015bci \u017cr\u0105ce.<\/li>\n\n\n\n<li>Przechowywa\u0107 w ch\u0142odnym, ciemnym miejscu i szczelnie zamkn\u0105\u0107 butelk\u0119 po u\u017cyciu.<\/li>\n<\/ul>\n\n\n\n<h3 class=\"wp-block-heading\">Ostrze\u017cenia<\/h3>\n\n\n\n<ul class=\"wp-block-list\">\n<li>Wysoce \u0142atwopalna ciecz i pary (H225).<\/li>\n\n\n\n<li>Powoduje podra\u017cnienie sk\u00f3ry i oczu (H315\/H319).<\/li>\n\n\n\n<li>Dzia\u0142a toksycznie przez drogi oddechowe (H331).<\/li>\n\n\n\n<li>Nie jest to lek ani produkt medyczny.<\/li>\n\n\n\n<li>Stosowa\u0107 wy\u0142\u0105cznie zgodnie z zaleceniami.<\/li>\n<\/ul>\n\n\n\n<h3 class=\"wp-block-heading\">Przechowywanie<\/h3>\n\n\n\n<ul class=\"wp-block-list\">\n<li>Przechowywa\u0107 w ch\u0142odnym i suchym miejscu.<\/li>\n\n\n\n<li>Przechowywa\u0107 w miejscu niedost\u0119pnym dla dzieci.<\/li>\n<\/ul>\n\n\n\n<h3 class=\"wp-block-heading\">Kraj pochodzenia<\/h3>\n\n\n\n<ul class=\"wp-block-list\">\n<li>Luksemburg<\/li>\n<\/ul>\n\n\n\n<p>Odkryj moc Spunk Power Amyl Poppers 24ml i do\u015bwiadcz dyfuzji zapachowej, kt\u00f3ra przekroczy Twoje oczekiwania. Zam\u00f3w ju\u017c dzi\u015b i uczy\u0144 ka\u017cd\u0105 chwil\u0119 wyj\u0105tkow\u0105!<\/p>\n\n\n\n<p><\/p>","protected":false},"excerpt":{"rendered":"<p><strong><br \/>KOMPATYBILNE AKCESORIA:<\/strong><\/p>\n<ul>\n<li><a href=\"https:\/\/poppersparadise.eu\/pl\/kategoria-produktu\/akcesoria\/sniffery-duze\/\">Sniffers Large<\/a><\/li>\n<li><a href=\"https:\/\/poppersparadise.eu\/pl\/product\/xtrm-poppers-holder-large\/\">XTRM Poppers Uchwyt du\u017cy<\/a><\/li>\n<li><a href=\"https:\/\/poppersparadise.eu\/pl\/product\/xtrm-poppers-keeper-large-24ml\/\">XTRM Poppers Keeper Large<\/a><\/li>\n<\/ul>","protected":false},"featured_media":450,"comment_status":"open","ping_status":"closed","template":"","meta":{"_acf_changed":false},"product_brand":[736],"product_cat":[35],"product_tag":[],"class_list":{"0":"post-933","1":"product","2":"type-product","3":"status-publish","4":"has-post-thumbnail","6":"product_brand-amyl","7":"product_cat-grote-flesjes-poppers","9":"first","10":"outofstock","11":"taxable","12":"shipping-taxable","13":"purchasable","14":"product-type-simple"},"acf":[],"df_price":6.95,"df_sale_price":"","df_regular_price":6.95,"df_image_link":"https:\/\/poppersparadise.eu\/wp-content\/uploads\/2024\/10\/spunk-300x300.jpg","_links":{"self":[{"href":"https:\/\/poppersparadise.eu\/pl\/wp-json\/wp\/v2\/product\/933","targetHints":{"allow":["GET"]}}],"collection":[{"href":"https:\/\/poppersparadise.eu\/pl\/wp-json\/wp\/v2\/product"}],"about":[{"href":"https:\/\/poppersparadise.eu\/pl\/wp-json\/wp\/v2\/types\/product"}],"replies":[{"embeddable":true,"href":"https:\/\/poppersparadise.eu\/pl\/wp-json\/wp\/v2\/comments?post=933"}],"wp:featuredmedia":[{"embeddable":true,"href":"https:\/\/poppersparadise.eu\/pl\/wp-json\/wp\/v2\/media\/450"}],"wp:attachment":[{"href":"https:\/\/poppersparadise.eu\/pl\/wp-json\/wp\/v2\/media?parent=933"}],"wp:term":[{"taxonomy":"product_brand","embeddable":true,"href":"https:\/\/poppersparadise.eu\/pl\/wp-json\/wp\/v2\/product_brand?post=933"},{"taxonomy":"product_cat","embeddable":true,"href":"https:\/\/poppersparadise.eu\/pl\/wp-json\/wp\/v2\/product_cat?post=933"},{"taxonomy":"product_tag","embeddable":true,"href":"https:\/\/poppersparadise.eu\/pl\/wp-json\/wp\/v2\/product_tag?post=933"}],"curies":[{"name":"wp","href":"https:\/\/api.w.org\/{rel}","templated":true}]}}