{"id":925,"date":"2024-10-08T16:52:30","date_gmt":"2024-10-08T14:52:30","guid":{"rendered":"https:\/\/poppersparadise.eu\/product\/super-rush-black-label-pentyl-long-24ml\/"},"modified":"2026-04-05T18:05:18","modified_gmt":"2026-04-05T16:05:18","slug":"super-rush-black-label-pentyl-poppers-24ml","status":"publish","type":"product","link":"https:\/\/poppersparadise.eu\/pl\/product\/super-rush-black-label-pentyl-poppers-24ml\/","title":{"rendered":"Super Rush Black Label Pentyl Long 24ml"},"content":{"rendered":"<h2 class=\"wp-block-heading\">Odkryj mocny zapach Super Rush Black Label Poppers<\/h2>\n\n\n\n<p>Super Rush Black Label Poppers oferuj\u0105 intensywn\u0105 dyfuzj\u0119 zapachu, zapakowan\u0105 w stylow\u0105 pod\u0142u\u017cn\u0105 szklan\u0105 butelk\u0119 o pojemno\u015bci 24 ml. Dzi\u0119ki silnej formule opartej na azotynie pentylu, te dyfuzory zapachowe s\u0105 idealne dla mi\u0142o\u015bnik\u00f3w produkt\u00f3w wysokiej jako\u015bci.<\/p>\n\n\n\n<h3 class=\"wp-block-heading\">Godne uwagi cechy Super Rush Black Label Poppers<\/h3>\n\n\n\n<ul class=\"wp-block-list\">\n<li><strong>Marka<\/strong>Rush<\/li>\n\n\n\n<li><strong>Tre\u015b\u0107<\/strong>24 ml<\/li>\n\n\n\n<li><strong>Wydajna formu\u0142a<\/strong>Wykonany na bazie azotynu pentylu dla d\u0142ugotrwa\u0142ego i skutecznego rozpraszania zapachu.<\/li>\n\n\n\n<li><strong>Stylowe opakowanie<\/strong>Zapakowany w pod\u0142u\u017cn\u0105 szklan\u0105 butelk\u0119 dla \u0142atwego u\u017cycia.<\/li>\n\n\n\n<li><strong>Atrakcyjny rabat na uk\u0142adanie w stosy<\/strong>: Zaoszcz\u0119d\u017a wi\u0119cej na wi\u0119kszych zakupach.<\/li>\n<\/ul>\n\n\n\n<h3 class=\"wp-block-heading\">Wa\u017cne informacje dla u\u017cytkownika<\/h3>\n\n\n\n<ul class=\"wp-block-list\">\n<li>Ten produkt jest przeznaczony wy\u0142\u0105cznie do u\u017cytku jako dyfuzor zapachowy lub rozpuszczalnik czyszcz\u0105cy.<\/li>\n\n\n\n<li>Nie nadaje si\u0119 do spo\u017cycia przez ludzi ani do wdychania.<\/li>\n\n\n\n<li>Unika\u0107 bezpo\u015bredniego kontaktu ze sk\u00f3r\u0105 ze wzgl\u0119du na w\u0142a\u015bciwo\u015bci \u017cr\u0105ce.<\/li>\n\n\n\n<li>Przechowywa\u0107 w ch\u0142odnym, ciemnym miejscu i szczelnie zamkn\u0105\u0107 butelk\u0119 po u\u017cyciu.<\/li>\n<\/ul>\n\n\n\n<h3 class=\"wp-block-heading\">Ostrze\u017cenia<\/h3>\n\n\n\n<ul class=\"wp-block-list\">\n<li>Wysoce \u0142atwopalna ciecz i pary (H225).<\/li>\n\n\n\n<li>Powoduje podra\u017cnienie sk\u00f3ry i oczu (H315\/H319).<\/li>\n\n\n\n<li>Dzia\u0142a toksycznie przez drogi oddechowe (H331).<\/li>\n\n\n\n<li>Nie jest to lek ani produkt medyczny.<\/li>\n\n\n\n<li>Stosowa\u0107 wy\u0142\u0105cznie zgodnie z zaleceniami.<\/li>\n<\/ul>\n\n\n\n<h3 class=\"wp-block-heading\">Przechowywanie<\/h3>\n\n\n\n<ul class=\"wp-block-list\">\n<li>Przechowywa\u0107 w ch\u0142odnym i suchym miejscu.<\/li>\n\n\n\n<li>Przechowywa\u0107 w miejscu niedost\u0119pnym dla dzieci.<\/li>\n<\/ul>\n\n\n\n<h3 class=\"wp-block-heading\">Kraj pochodzenia<\/h3>\n\n\n\n<ul class=\"wp-block-list\">\n<li>Luksemburg<\/li>\n<\/ul>\n\n\n\n<h3 class=\"wp-block-heading\">Dlaczego warto wybra\u0107 Super Rush Black Label Poppers?<\/h3>\n\n\n\n<p>Super Rush Black Label Poppers \u0142\u0105cz\u0105 siln\u0105 dyfuzj\u0119 zapachu ze stylowym opakowaniem i korzy\u015bciami ekonomicznymi dzi\u0119ki rabatom za uk\u0142adanie. Idealne dla entuzjast\u00f3w poszukuj\u0105cych niezawodnych i wysokiej jako\u015bci zapach\u00f3w.<\/p>\n\n\n\n<p>Zam\u00f3w swoj\u0105 butelk\u0119 Super Rush Black Label Poppers ju\u017c dzi\u015b i przekonaj si\u0119 o jako\u015bci i intensywno\u015bci tego produktu!<\/p>\n\n\n\n<p><\/p>","protected":false},"excerpt":{"rendered":"<p><strong><br \/>\nKOMPATYBILNE AKCESORIA:<\/strong><\/p>\n<ul>\n<li><a href=\"https:\/\/poppersparadise.eu\/pl\/kategoria-produktu\/akcesoria\/sniffery-male\/\">Sniffers Small<\/a><\/li>\n<\/ul>","protected":false},"featured_media":427,"comment_status":"open","ping_status":"closed","template":"","meta":{"_acf_changed":false},"product_brand":[751],"product_cat":[35],"product_tag":[705],"class_list":{"0":"post-925","1":"product","2":"type-product","3":"status-publish","4":"has-post-thumbnail","6":"product_brand-rush","7":"product_cat-grote-flesjes-poppers","8":"product_tag-tube","10":"first","11":"instock","12":"taxable","13":"shipping-taxable","14":"purchasable","15":"product-type-simple"},"acf":[],"df_price":7.95,"df_sale_price":"","df_regular_price":7.95,"df_image_link":"https:\/\/poppersparadise.eu\/wp-content\/uploads\/2024\/10\/srup24-300x300.jpg","_links":{"self":[{"href":"https:\/\/poppersparadise.eu\/pl\/wp-json\/wp\/v2\/product\/925","targetHints":{"allow":["GET"]}}],"collection":[{"href":"https:\/\/poppersparadise.eu\/pl\/wp-json\/wp\/v2\/product"}],"about":[{"href":"https:\/\/poppersparadise.eu\/pl\/wp-json\/wp\/v2\/types\/product"}],"replies":[{"embeddable":true,"href":"https:\/\/poppersparadise.eu\/pl\/wp-json\/wp\/v2\/comments?post=925"}],"wp:featuredmedia":[{"embeddable":true,"href":"https:\/\/poppersparadise.eu\/pl\/wp-json\/wp\/v2\/media\/427"}],"wp:attachment":[{"href":"https:\/\/poppersparadise.eu\/pl\/wp-json\/wp\/v2\/media?parent=925"}],"wp:term":[{"taxonomy":"product_brand","embeddable":true,"href":"https:\/\/poppersparadise.eu\/pl\/wp-json\/wp\/v2\/product_brand?post=925"},{"taxonomy":"product_cat","embeddable":true,"href":"https:\/\/poppersparadise.eu\/pl\/wp-json\/wp\/v2\/product_cat?post=925"},{"taxonomy":"product_tag","embeddable":true,"href":"https:\/\/poppersparadise.eu\/pl\/wp-json\/wp\/v2\/product_tag?post=925"}],"curies":[{"name":"wp","href":"https:\/\/api.w.org\/{rel}","templated":true}]}}