{"id":29417,"date":"2026-03-27T13:55:57","date_gmt":"2026-03-27T12:55:57","guid":{"rendered":"https:\/\/poppersparadise.eu\/?post_type=product&#038;p=29417"},"modified":"2026-04-12T16:41:13","modified_gmt":"2026-04-12T14:41:13","slug":"poppersy-iron-fist-flash-24-ml","status":"publish","type":"product","link":"https:\/\/poppersparadise.eu\/pl\/product\/iron-fist-flash-24ml-poppers\/","title":{"rendered":"Iron Fist Flash 24ml"},"content":{"rendered":"<h2 class=\"wp-block-heading\">Odkryj emocje zwi\u0105zane z Iron Fist Flash 24ml Poppers<\/h2>\n\n\n\n<p>Przygotuj si\u0119 na wyj\u0105tkowe doznania zapachowe z Iron Fist Flash 24ml Poppers. Zaprojektowany specjalnie dla tych, kt\u00f3rzy szukaj\u0105 intensywnej i wyrafinowanej atmosfery, ten dyfuzor zapachowy oferuje mocne i d\u0142ugotrwa\u0142e doznania zapachowe.<\/p>\n\n\n\n<h3 class=\"wp-block-heading\">Co sprawia, \u017ce Iron Fist jest wyj\u0105tkowy?<\/h3>\n\n\n\n<ul class=\"wp-block-list\">\n<li><strong>Pot\u0119\u017cna mieszanka<\/strong>Unikalna kombinacja azotynu pentylu zapewniaj\u0105ca wszechstronne doznania zapachowe.<\/li>\n\n\n\n<li><strong>Wygodny format<\/strong>24 ml w smuk\u0142ej metalowej butelce, idealnej w podr\u00f3\u017cy.<\/li>\n\n\n\n<li><strong>Szybka, intensywna dyfuzja zapachu<\/strong>Poczu\u0107 efekty w ci\u0105gu kilku minut, aby poprawi\u0107 nastr\u00f3j.<\/li>\n\n\n\n<li><strong>Lepsza atmosfera<\/strong>: Stw\u00f3rz relaksuj\u0105c\u0105 i wyj\u0105tkow\u0105 atmosfer\u0119.<\/li>\n\n\n\n<li><strong>Wykorzystanie gospodarcze<\/strong>Dzi\u0119ki silnemu dzia\u0142aniu azotynu izoamylu potrzebna jest tylko niewielka ilo\u015b\u0107.<\/li>\n<\/ul>\n\n\n\n<h3 class=\"wp-block-heading\">Bli\u017csze spojrzenie na sk\u0142adniki<\/h3>\n\n\n\n<ul class=\"wp-block-list\">\n<li><strong>Azotyn pentylu<\/strong>\u0141agodniejsza opcja, idealna dla pocz\u0105tkuj\u0105cych, z minimalnym ryzykiem skutk\u00f3w ubocznych.<\/li>\n<\/ul>\n\n\n\n<h3 class=\"wp-block-heading\">Wa\u017cne informacje<\/h3>\n\n\n\n<p>Ten produkt jest przeznaczony wy\u0142\u0105cznie do u\u017cytku jako dyfuzor zapachowy lub rozpuszczalnik czyszcz\u0105cy. Nie nadaje si\u0119 do spo\u017cycia przez ludzi ani do wdychania. Produkt nale\u017cy przechowywa\u0107 w ch\u0142odnym i ciemnym miejscu, a po u\u017cyciu szczelnie zamkn\u0105\u0107 butelk\u0119.<\/p>\n\n\n\n<h3 class=\"wp-block-heading\">Ostrze\u017cenia<\/h3>\n\n\n\n<ul class=\"wp-block-list\">\n<li>Wysoce \u0142atwopalna ciecz i pary (H225).<\/li>\n\n\n\n<li>Powoduje podra\u017cnienie sk\u00f3ry i oczu (H315\/H319).<\/li>\n\n\n\n<li>Dzia\u0142a toksycznie przez drogi oddechowe (H331).<\/li>\n\n\n\n<li>Brak lek\u00f3w.<\/li>\n\n\n\n<li>Stosowa\u0107 wy\u0142\u0105cznie zgodnie z zaleceniami.<\/li>\n<\/ul>\n\n\n\n<h3 class=\"wp-block-heading\">Przechowywanie<\/h3>\n\n\n\n<p>Przechowywa\u0107 w ch\u0142odnym i suchym miejscu. Przechowywa\u0107 w miejscu niedost\u0119pnym dla dzieci.<\/p>\n\n\n\n<h3 class=\"wp-block-heading\">Kraj pochodzenia<\/h3>\n\n\n\n<p>Luksemburg<\/p>","protected":false},"excerpt":{"rendered":"<p><strong><br \/>KOMPATYBILNE AKCESORIA:<\/strong><\/p>\n<ul>\n<li><a href=\"https:\/\/poppersparadise.eu\/pl\/kategoria-produktu\/akcesoria\/sniffery-male\/\">Sniffers Small<\/a><\/li>\n<\/ul>","protected":false},"featured_media":29418,"comment_status":"open","ping_status":"closed","template":"","meta":{"_acf_changed":false},"product_brand":[742],"product_cat":[35],"product_tag":[],"class_list":{"0":"post-29417","1":"product","2":"type-product","3":"status-publish","4":"has-post-thumbnail","6":"product_brand-iron-fist","7":"product_cat-grote-flesjes-poppers","9":"first","10":"instock","11":"taxable","12":"shipping-taxable","13":"purchasable","14":"product-type-simple"},"acf":[],"df_price":7.95,"df_sale_price":"","df_regular_price":7.95,"df_image_link":"https:\/\/poppersparadise.eu\/wp-content\/uploads\/2026\/03\/iron-fist-flash-24ml-300x300.jpg","_links":{"self":[{"href":"https:\/\/poppersparadise.eu\/pl\/wp-json\/wp\/v2\/product\/29417","targetHints":{"allow":["GET"]}}],"collection":[{"href":"https:\/\/poppersparadise.eu\/pl\/wp-json\/wp\/v2\/product"}],"about":[{"href":"https:\/\/poppersparadise.eu\/pl\/wp-json\/wp\/v2\/types\/product"}],"replies":[{"embeddable":true,"href":"https:\/\/poppersparadise.eu\/pl\/wp-json\/wp\/v2\/comments?post=29417"}],"wp:featuredmedia":[{"embeddable":true,"href":"https:\/\/poppersparadise.eu\/pl\/wp-json\/wp\/v2\/media\/29418"}],"wp:attachment":[{"href":"https:\/\/poppersparadise.eu\/pl\/wp-json\/wp\/v2\/media?parent=29417"}],"wp:term":[{"taxonomy":"product_brand","embeddable":true,"href":"https:\/\/poppersparadise.eu\/pl\/wp-json\/wp\/v2\/product_brand?post=29417"},{"taxonomy":"product_cat","embeddable":true,"href":"https:\/\/poppersparadise.eu\/pl\/wp-json\/wp\/v2\/product_cat?post=29417"},{"taxonomy":"product_tag","embeddable":true,"href":"https:\/\/poppersparadise.eu\/pl\/wp-json\/wp\/v2\/product_tag?post=29417"}],"curies":[{"name":"wp","href":"https:\/\/api.w.org\/{rel}","templated":true}]}}