{"id":28995,"date":"2026-02-28T10:34:53","date_gmt":"2026-02-28T09:34:53","guid":{"rendered":"https:\/\/poppersparadise.eu\/?post_type=product&#038;p=28995"},"modified":"2026-02-28T10:49:55","modified_gmt":"2026-02-28T09:49:55","slug":"xtrm-snffr-double-large-orange","status":"publish","type":"product","link":"https:\/\/poppersparadise.eu\/pl\/product\/xtrm-snffr-double-large-oranje\/","title":{"rendered":"XTRM SNFFR Double Large Oranje"},"content":{"rendered":"<p><strong>XTRM SNFFR Double Large Oranje to przystawka do tabaki przeznaczona do urz\u0105dze\u0144 do czyszczenia sk\u00f3ry<\/strong>. Dzi\u0119ki tej przystawce wci\u0105ganie daje zupe\u0142nie nowy odlot. Tak intensywny, tak czysty, tak napalony z najgrubszym m\u0142otkiem, jakiego nigdy nie widzia\u0142e\u015b.<\/p>\n<p>Dzi\u0119ki inhalatorowi XTRM Sniffer, \u015brodek do czyszczenia sk\u00f3ry jest natychmiast gotowy do u\u017cycia, bez konieczno\u015bci grzebania przy zakr\u0119tce. Nie potrzeba ju\u017c waty ani maski, a ryzyko rozlania produktu jest znacznie mniejsze.<\/p>\n<p><strong>A co najlepsze: nie ma \u017cadnych skutk\u00f3w ubocznych. Brak nieprzyjemnego kontaktu sk\u00f3ry z aromatem, brak podra\u017cnie\u0144 i zaczerwienie\u0144 sk\u00f3ry.<\/strong><\/p>\n<ul>\n<li>XTRM Sniffer Podw\u00f3jna nasadka: inhalator z podw\u00f3jn\u0105 luf\u0105 dla zupe\u0142nie nowego kopa<\/li>\n<li>Pasuje do wszystkich du\u017cych butelek Leather Cleaner<\/li>\n<li>Efekt jest wielokrotnie wzmocniony<\/li>\n<li>System inhalacji otrzymuje wspania\u0142ego kopa dzi\u0119ki wielokrotnej cyrkulacji aromatu<\/li>\n<li>Brak podra\u017cnie\u0144 sk\u00f3ry i czerwonego nosa<\/li>\n<li>Stare aromaty s\u0105 o\u017cywiane przez nasz SNFFR i zn\u00f3w s\u0105 silne jak przedtem<\/li>\n<li>Brak nieprzyjemnego kontaktu sk\u00f3ry z aromatem, brak podra\u017cnienia lub zaczerwienienia sk\u00f3ry<\/li>\n<li>Zabawa na wyci\u0105gni\u0119cie r\u0119ki, koniec k\u0142opot\u00f3w z zakr\u0119tk\u0105<\/li>\n<li>100% wyprodukowane w Austrii (nie w Chinach lub innych tanich krajach)<\/li>\n<li>Inhalator XTRM Sniffer to przystawka do w\u0105chania przeznaczona do czyszczenia sk\u00f3r. Dzi\u0119ki tej przystawce w\u0105chanie daje zupe\u0142nie nowy odlot. Tak intensywny, tak czysty, tak napalony z najgrubszym m\u0142otkiem, jakiego nigdy nie widzia\u0142e\u015b.<\/li>\n<li>Dzi\u0119ki temu inhalatorowi XTRM Sniffer \u015brodek do czyszczenia sk\u00f3ry jest natychmiast gotowy do u\u017cycia, bez konieczno\u015bci grzebania przy zakr\u0119tce. Nie potrzeba ju\u017c waty ani maski, a ryzyko rozlania produktu jest znacznie mniejsze.<\/li>\n<li>A co najlepsze: nie ma \u017cadnych skutk\u00f3w ubocznych. Brak nieprzyjemnego kontaktu sk\u00f3ry z aromatem, brak podra\u017cnie\u0144 i zaczerwienie\u0144 sk\u00f3ry.<\/li>\n<\/ul>\n<p><strong><br \/>Podr\u0119cznik u\u017cytkownika<\/strong>Inhalator XTRM Sniffer nie lubi s\u0142o\u0144ca, ciep\u0142a, zimna ani ostrych \u015brodk\u00f3w czyszcz\u0105cych. Najlepiej umy\u0107 go po ka\u017cdym u\u017cyciu i w\u0142o\u017cy\u0107 z powrotem do opakowania.<\/p>\n<h3>\"Tak wiele SNFFR - w ko\u0144cu musieli\u015bmy uporz\u0105dkowa\u0107 nasz dom\"<br \/>Od teraz dost\u0119pne s\u0105 jasne rozmiary dla ka\u017cdej butelki: nasza nowa tabela rozmiar\u00f3w XTRM SNFFR pokazuje dok\u0142adnie, co pasuje - bez zgadywania, bez grzebania\".<\/h3>\n\n\n<figure class=\"wp-block-table\"><table class=\"has-fixed-layout\"><thead><tr><th>Rozmiar<\/th><th>Przyk\u0142ad&nbsp;<\/th><th>Opis<\/th><\/tr><\/thead><tbody><tr><td><strong>XXS<\/strong><\/td><td><img decoding=\"async\" src=\"https:\/\/wholesale.xtrm.net\/TAP\/XXS.jpg\" alt=\"Butelka XXS\" title=\"\"><\/td><td>Butelki z czaszk\u0105 24 ml<\/td><\/tr><tr><td><strong>XS<\/strong><\/td><td><img decoding=\"async\" src=\"https:\/\/wholesale.xtrm.net\/TAP\/XS.jpg\" alt=\"Butelka XS\" title=\"\"><\/td><td>French, Double Scorpio (USA), Everest, OXY - smuk\u0142e aluminiowe butelki (10-15 ml)<\/td><\/tr><tr><td><strong>S<\/strong><\/td><td><img decoding=\"async\" src=\"https:\/\/wholesale.xtrm.net\/TAP\/SMALL.jpg\" alt=\"Butelka S\" title=\"\"><\/td><td>Rush, Amsterdam, owalne butelki XTRM, szerokie butelki Lockerroom (niewysokie), PWD 10ml, Funline 10ml<\/td><\/tr><tr><td><strong>M<\/strong><\/td><td><img decoding=\"async\" src=\"https:\/\/wholesale.xtrm.net\/TAP\/M.jpg\" alt=\"Butelka M\" title=\"\"><\/td><td>Nowe wysokie butelki Lockerroom (30 ml) - wcze\u015bniej \"Small\", teraz rozmiar Medium<\/td><\/tr><tr><td><strong>L<\/strong><\/td><td><img decoding=\"async\" src=\"https:\/\/wholesale.xtrm.net\/TAP\/large.jpg\" alt=\"Butelka L\" title=\"\"><\/td><td>Kwadratowe butelki retro (24-25 ml), np. Belgo, Funline, Lockerroom, niekt\u00f3re butelki ameryka\u0144skie<\/td><\/tr><tr><td><strong>XL<\/strong><\/td><td><img decoding=\"async\" src=\"https:\/\/wholesale.xtrm.net\/TAP\/xl.jpg\" alt=\"Butelka XL\" title=\"\"><\/td><td>Nowe aluminiowe butelki OXY i Lockerroom (du\u017ce, okr\u0105g\u0142e)<\/td><\/tr><tr><td><strong>2XL<\/strong><\/td><td><img decoding=\"async\" src=\"https:\/\/wholesale.xtrm.net\/TAP\/2xl.jpg\" alt=\"Butelka 2XL\" title=\"\"><\/td><td>Bardzo szerokie butelki aluminiowe o pojemno\u015bci 30 ml z du\u017cym otworem<\/td><\/tr><tr><td><strong>3XL<\/strong><\/td><td><img decoding=\"async\" src=\"https:\/\/wholesale.xtrm.net\/TAP\/3xl.jpg\" alt=\"Butelka 3XL\" title=\"\"><\/td><td>Butelki plastikowe z izoamylem, Everest 30 ml, butelki szklane z szerokim otworem<\/td><\/tr><tr><td><strong>4XL<\/strong><\/td><td><img decoding=\"async\" src=\"https:\/\/wholesale.xtrm.net\/TAP\/4xl.jpg\" alt=\"Butelka 4XL\" title=\"\"><\/td><td>Butelki XTRM o pojemno\u015bci 60-100 ml, takie jak XTRM BEAST<\/td><\/tr><\/tbody><\/table><\/figure>","protected":false},"excerpt":{"rendered":"<p>Inhalator XTRM Sniffer to przystawka do w\u0105chania do urz\u0105dze\u0144 do czyszczenia sk\u00f3ry. Dzi\u0119ki tej przystawce w\u0105chanie daje zupe\u0142nie nowy odlot. Tak intensywny, tak czysty, tak napalony z najgrubszym m\u0142otkiem, jakiego nigdy nie widzia\u0142e\u015b.<\/p>","protected":false},"featured_media":29000,"comment_status":"open","ping_status":"closed","template":"","meta":{"_acf_changed":false},"product_brand":[752],"product_cat":[330,530],"product_tag":[528],"class_list":{"0":"post-28995","1":"product","2":"type-product","3":"status-publish","4":"has-post-thumbnail","6":"product_brand-xtrm","7":"product_cat-accessoires","8":"product_cat-sniffers-large","9":"product_tag-largesnnfr","11":"first","12":"instock","13":"sale","14":"taxable","15":"shipping-taxable","16":"purchasable","17":"product-type-simple"},"acf":[],"df_price":12.5,"df_sale_price":12.5,"df_regular_price":16.95,"df_image_link":"https:\/\/poppersparadise.eu\/wp-content\/uploads\/2026\/02\/large-double-snffr-orange-300x300.jpg","_links":{"self":[{"href":"https:\/\/poppersparadise.eu\/pl\/wp-json\/wp\/v2\/product\/28995","targetHints":{"allow":["GET"]}}],"collection":[{"href":"https:\/\/poppersparadise.eu\/pl\/wp-json\/wp\/v2\/product"}],"about":[{"href":"https:\/\/poppersparadise.eu\/pl\/wp-json\/wp\/v2\/types\/product"}],"replies":[{"embeddable":true,"href":"https:\/\/poppersparadise.eu\/pl\/wp-json\/wp\/v2\/comments?post=28995"}],"wp:featuredmedia":[{"embeddable":true,"href":"https:\/\/poppersparadise.eu\/pl\/wp-json\/wp\/v2\/media\/29000"}],"wp:attachment":[{"href":"https:\/\/poppersparadise.eu\/pl\/wp-json\/wp\/v2\/media?parent=28995"}],"wp:term":[{"taxonomy":"product_brand","embeddable":true,"href":"https:\/\/poppersparadise.eu\/pl\/wp-json\/wp\/v2\/product_brand?post=28995"},{"taxonomy":"product_cat","embeddable":true,"href":"https:\/\/poppersparadise.eu\/pl\/wp-json\/wp\/v2\/product_cat?post=28995"},{"taxonomy":"product_tag","embeddable":true,"href":"https:\/\/poppersparadise.eu\/pl\/wp-json\/wp\/v2\/product_tag?post=28995"}],"curies":[{"name":"wp","href":"https:\/\/api.w.org\/{rel}","templated":true}]}}