{"id":25471,"date":"2025-11-26T13:49:59","date_gmt":"2025-11-26T12:49:59","guid":{"rendered":"https:\/\/poppersparadise.eu\/?post_type=product&#038;p=25471"},"modified":"2026-03-29T17:28:22","modified_gmt":"2026-03-29T15:28:22","slug":"twisted-beast-swiecona-woda-10-ml-poppers","status":"publish","type":"product","link":"https:\/\/poppersparadise.eu\/pl\/product\/twisted-beast-holy-water-10ml-poppers\/","title":{"rendered":"Twisted Beast Holy Water 10ml"},"content":{"rendered":"<h2 class=\"wp-block-heading\">Twisted Beast Holy Water 10ml Poppers<\/h2>\n\n\n\n<p>Twisted Beast Holy Water 10ml Poppers \u2013 zosta\u0142 stworzony specjalnie dla os\u00f3b poszukuj\u0105cych intensywnego i d\u0142ugotrwa\u0142ego zapachu. Wyprodukowany przez angielsk\u0105 mark\u0119 Twisted Beast, produkt ten zapewnia wyj\u0105tkowe doznania zapachowe, idealne na wyj\u0105tkowe chwile i dla os\u00f3b o przygodowym duchu.<\/p>\n\n\n\n<h3 class=\"wp-block-heading\">Najwa\u017cniejsze cechy modelu Twisted Beast Holy Water Poppers<\/h3>\n\n\n\n<ul class=\"wp-block-list\">\n<li><strong>Wydajna formu\u0142a<\/strong>Zaprojektowany z my\u015bl\u0105 o d\u0142ugotrwa\u0142ym i intensywnym zapachu.<\/li>\n\n\n\n<li><strong>Wysoka jako\u015b\u0107<\/strong>Wyprodukowany przez Twisted Beast, mark\u0119 znan\u0105 ze swojej niezawodno\u015bci.<\/li>\n\n\n\n<li><strong>Wygodny format<\/strong>: Rozlewane do szklanych buteleczek o pojemno\u015bci 10 ml, idealnych do zabrania ze sob\u0105.<\/li>\n\n\n\n<li><strong>Wszechstronne zastosowanie<\/strong>Nadaje si\u0119 na r\u00f3\u017cne okazje i przygody.<\/li>\n<\/ul>\n\n\n\n<h3 class=\"wp-block-heading\">Jak stosowa\u0107 Twisted Beast Holy Water Poppers?<\/h3>\n\n\n\n<p>Produkt Twisted Beast Holy Water Poppers nale\u017cy stosowa\u0107 wy\u0142\u0105cznie jako \u015brodek zapachowy lub rozpuszczalnik czyszcz\u0105cy. Nie nadaje si\u0119 do spo\u017cycia przez ludzi i nie nale\u017cy go wdycha\u0107. Produkt nale\u017cy przechowywa\u0107 w ch\u0142odnym, suchym miejscu i po u\u017cyciu dobrze zamkn\u0105\u0107 butelk\u0119.<\/p>\n\n\n\n<h3 class=\"wp-block-heading\">Dlaczego Twisted Beast Holy Water Poppers jest ulubionym produktem<\/h3>\n\n\n\n<p>Wydajna formu\u0142a i niezawodno\u015b\u0107 marki Twisted Beast sprawiaj\u0105, \u017ce produkt ten jest faworytem w\u015br\u00f3d mi\u0142o\u015bnik\u00f3w intensywnych dyfuzor\u00f3w zapachowych. Oferuje on wyj\u0105tkowe doznania zapachowe, idealne na wyj\u0105tkowe chwile.<\/p>\n\n\n\n<h3 class=\"wp-block-heading\">Ostrze\u017cenia<\/h3>\n\n\n\n<p>Wysoce \u0142atwopalna ciecz i pary (H225).<br>Powoduje podra\u017cnienie sk\u00f3ry i oczu (H315\/H319).<br>Dzia\u0142a toksycznie przez drogi oddechowe (H331).<br>Nie jest lekiem. U\u017cywa\u0107 na w\u0142asne ryzyko.<\/p>\n\n\n\n<h3 class=\"wp-block-heading\">U\u017cycie<\/h3>\n\n\n\n<p>Przeznaczony wy\u0142\u0105cznie jako dyfuzor zapachowy lub rozpuszczalnik do czyszczenia.<br>Nie nadaje si\u0119 do spo\u017cycia przez ludzi i nie powinien by\u0107 wdychany.<\/p>\n\n\n\n<h3 class=\"wp-block-heading\">Przechowywanie<\/h3>\n\n\n\n<p>Przechowywa\u0107 w ch\u0142odnym i suchym miejscu. Przechowywa\u0107 w miejscu niedost\u0119pnym dla dzieci.<\/p>\n\n\n\n<h3 class=\"wp-block-heading\">Kraj pochodzenia<\/h3>\n\n\n\n<p>Luksemburg.<\/p>","protected":false},"excerpt":{"rendered":"<p><strong><br \/>KOMPATYBILNE AKCESORIA:<\/strong><\/p>\n<ul>\n<li><a href=\"https:\/\/poppersparadise.eu\/pl\/kategoria-produktu\/akcesoria\/sniffery-male\/\">Sniffers Small<\/a><\/li>\n<li><a href=\"https:\/\/poppersparadise.eu\/pl\/product\/xtrm-poppers-houder-zwart-small\/\">XTRM Poppers Uchwyt ma\u0142y<\/a><\/li>\n<li><a href=\"https:\/\/poppersparadise.eu\/pl\/product\/xtrm-poppers-keeper-small-10ml\/\">XTRM Poppers Keeper Small<\/a><\/li>\n<\/ul>","protected":false},"featured_media":25472,"comment_status":"open","ping_status":"closed","template":"","meta":{"_acf_changed":false},"product_brand":[580,789],"product_cat":[34],"product_tag":[],"class_list":{"0":"post-25471","1":"product","2":"type-product","3":"status-publish","4":"has-post-thumbnail","6":"product_brand-twisted-beast","7":"product_brand-uk","8":"product_cat-kleine-flesjes-poppers","10":"first","11":"instock","12":"taxable","13":"shipping-taxable","14":"purchasable","15":"product-type-simple"},"acf":[],"df_price":6.5,"df_sale_price":"","df_regular_price":6.5,"df_image_link":"https:\/\/poppersparadise.eu\/wp-content\/uploads\/2025\/11\/Holy-Water-10ml-Poppers-300x300.jpg","_links":{"self":[{"href":"https:\/\/poppersparadise.eu\/pl\/wp-json\/wp\/v2\/product\/25471","targetHints":{"allow":["GET"]}}],"collection":[{"href":"https:\/\/poppersparadise.eu\/pl\/wp-json\/wp\/v2\/product"}],"about":[{"href":"https:\/\/poppersparadise.eu\/pl\/wp-json\/wp\/v2\/types\/product"}],"replies":[{"embeddable":true,"href":"https:\/\/poppersparadise.eu\/pl\/wp-json\/wp\/v2\/comments?post=25471"}],"wp:featuredmedia":[{"embeddable":true,"href":"https:\/\/poppersparadise.eu\/pl\/wp-json\/wp\/v2\/media\/25472"}],"wp:attachment":[{"href":"https:\/\/poppersparadise.eu\/pl\/wp-json\/wp\/v2\/media?parent=25471"}],"wp:term":[{"taxonomy":"product_brand","embeddable":true,"href":"https:\/\/poppersparadise.eu\/pl\/wp-json\/wp\/v2\/product_brand?post=25471"},{"taxonomy":"product_cat","embeddable":true,"href":"https:\/\/poppersparadise.eu\/pl\/wp-json\/wp\/v2\/product_cat?post=25471"},{"taxonomy":"product_tag","embeddable":true,"href":"https:\/\/poppersparadise.eu\/pl\/wp-json\/wp\/v2\/product_tag?post=25471"}],"curies":[{"name":"wp","href":"https:\/\/api.w.org\/{rel}","templated":true}]}}