{"id":25353,"date":"2025-11-24T14:21:56","date_gmt":"2025-11-24T13:21:56","guid":{"rendered":"https:\/\/poppersparadise.eu\/?post_type=product&#038;p=25353"},"modified":"2026-04-21T15:46:16","modified_gmt":"2026-04-21T13:46:16","slug":"zestaw-xtrm-solo-snffr","status":"publish","type":"product","link":"https:\/\/poppersparadise.eu\/pl\/product\/xtrm-solo-snffr-set\/","title":{"rendered":"XTRM Zestaw Solo SNFFR (ma\u0142y i du\u017cy)"},"content":{"rendered":"<h2 data-start=\"145\" data-end=\"205\">Zam\u00f3w teraz kompletny zestaw XTRM Solo SNFFR, sk\u0142adaj\u0105cy si\u0119 zar\u00f3wno z <strong data-start=\"484\" data-end=\"493\">Ma\u0142y<\/strong> jak <strong data-start=\"498\" data-end=\"507\">Du\u017cy<\/strong> wykonanie.<\/h2>\n<p data-start=\"145\" data-end=\"205\">Te wysokiej jako\u015bci nasadki zosta\u0142y zaprojektowane, aby zapewni\u0107 bardziej wydajne i czystsze u\u017cytkowanie urz\u0105dzenia Poppers, bez konieczno\u015bci u\u017cywania nakr\u0119tek, bez kontaktu ze sk\u00f3r\u0105 i z mniejszym ryzykiem rozlania.<\/p>\n<p data-start=\"698\" data-end=\"1018\">Nasadki SNFFR mo\u017cna \u0142atwo za\u0142o\u017cy\u0107 na butelk\u0119, dzi\u0119ki czemu Poppers jest od razu gotowy do u\u017cycia. Dzi\u0119ki sprytnej konstrukcji nie potrzebujesz ju\u017c waty, maseczek ani dodatkowych narz\u0119dzi. Dodatkowo zapobiegasz niepo\u017c\u0105danemu kontaktowi aromatu ze sk\u00f3r\u0105, co pomaga unikn\u0105\u0107 podra\u017cnie\u0144 i zaczerwienie\u0144.<\/p>\n<p data-start=\"1020\" data-end=\"1061\"><strong data-start=\"1020\" data-end=\"1061\">Zalety zestawu XTRM Solo SNFFR:<\/strong><\/p>\n<ul>\n<li data-start=\"1064\" data-end=\"1117\">Zawiera zar\u00f3wno <strong data-start=\"1076\" data-end=\"1085\">Ma\u0142y<\/strong> jak <strong data-start=\"1090\" data-end=\"1099\">Du\u017cy<\/strong> Nasadka SNFFR<\/li>\n<li data-start=\"1120\" data-end=\"1252\">Ma\u0142e butelki<\/li>\n<li data-start=\"1120\" data-end=\"1252\">W\u0105skie wysokie butelki<\/li>\n<li data-start=\"1120\" data-end=\"1252\">Du\u017ce butelki Lockerroom<\/li>\n<li>Minimalizuje rozlewanie i kontakt ze sk\u00f3r\u0105<\/li>\n<li>Brak podra\u017cnie\u0144 sk\u00f3ry lub zaczerwienie\u0144 spowodowanych kontaktem z aromatem<\/li>\n<li>\u0141atwy w u\u017cyciu \u2013 bez odkr\u0119cania i dokr\u0119cania nakr\u0119tek<\/li>\n<li>Mo\u017ce ponownie zapewni\u0107 optymaln\u0105 cyrkulacj\u0119 starszych aromat\u00f3w.<\/li>\n<li>W 100% wyprodukowane w Austrii<\/li>\n<\/ul>\n<p data-start=\"1503\" data-end=\"1756\"><strong data-start=\"1503\" data-end=\"1526\">U\u017cytkowanie i konserwacja<\/strong><br data-start=\"1526\" data-end=\"1529\" \/>Akcesoria SNFFR najd\u0142u\u017cej zachowuj\u0105 optymalny stan, gdy s\u0105 chronione przed s\u0142o\u0144cem, wysok\u0105 temperatur\u0105, zimnem i agresywnymi \u015brodkami czyszcz\u0105cymi. Najlepiej po ka\u017cdym u\u017cyciu nale\u017cy je wyp\u0142uka\u0107 i przechowywa\u0107 w oryginalnym opakowaniu.<\/p>\n<p data-start=\"1758\" data-end=\"1978\"><strong data-start=\"1758\" data-end=\"1805\">Nowa tabela rozmiar\u00f3w \u2013 zawsze idealne dopasowanie<\/strong><br data-start=\"1805\" data-end=\"1808\" \/>Dzi\u0119ki zaktualizowanej tabeli rozmiar\u00f3w XTRM SNFFR od teraz bez trudu znajdziesz odpowiedni rozmiar dla ka\u017cdej butelki. Koniec z zgadywaniem i nieudolnymi pr\u00f3bami: od razu wiesz, kt\u00f3ry model SNFFR b\u0119dzie idealnie pasowa\u0142.<\/p>\n\n\n<figure class=\"wp-block-table\"><table class=\"has-fixed-layout\"><thead><tr><th>Rozmiar<\/th><th>Przyk\u0142ad&nbsp;<\/th><th>Opis<\/th><\/tr><\/thead><tbody><tr><td><strong>XXS<\/strong><\/td><td><img decoding=\"async\" src=\"https:\/\/wholesale.xtrm.net\/TAP\/XXS.jpg\" alt=\"Butelka XXS\" title=\"\"><\/td><td>Butelki z czaszk\u0105 24 ml<\/td><\/tr><tr><td><strong>XS<\/strong><\/td><td><img decoding=\"async\" src=\"https:\/\/wholesale.xtrm.net\/TAP\/XS.jpg\" alt=\"Butelka XS\" title=\"\"><\/td><td>French, Double Scorpio (USA), Everest, OXY - smuk\u0142e aluminiowe butelki (10-15 ml)<\/td><\/tr><tr><td><strong>S<\/strong><\/td><td><img decoding=\"async\" src=\"https:\/\/wholesale.xtrm.net\/TAP\/SMALL.jpg\" alt=\"Butelka S\" title=\"\"><\/td><td>Rush, Amsterdam, owalne butelki XTRM, szerokie butelki Lockerroom (niewysokie), PWD 10ml, Funline 10ml<\/td><\/tr><tr><td><strong>M<\/strong><\/td><td><img decoding=\"async\" src=\"https:\/\/wholesale.xtrm.net\/TAP\/M.jpg\" alt=\"Butelka M\" title=\"\"><\/td><td>Nowe wysokie butelki Lockerroom (30 ml) - wcze\u015bniej \"Small\", teraz rozmiar Medium<\/td><\/tr><tr><td><strong>L<\/strong><\/td><td><img decoding=\"async\" src=\"https:\/\/wholesale.xtrm.net\/TAP\/large.jpg\" alt=\"Butelka L\" title=\"\"><\/td><td>Kwadratowe butelki retro (24-25 ml), np. Belgo, Funline, Lockerroom, niekt\u00f3re butelki ameryka\u0144skie<\/td><\/tr><tr><td><strong>XL<\/strong><\/td><td><img decoding=\"async\" src=\"https:\/\/wholesale.xtrm.net\/TAP\/xl.jpg\" alt=\"Butelka XL\" title=\"\"><\/td><td>Nowe aluminiowe butelki OXY i Lockerroom (du\u017ce, okr\u0105g\u0142e)<\/td><\/tr><tr><td><strong>2XL<\/strong><\/td><td><img decoding=\"async\" src=\"https:\/\/wholesale.xtrm.net\/TAP\/2xl.jpg\" alt=\"Butelka 2XL\" title=\"\"><\/td><td>Bardzo szerokie butelki aluminiowe o pojemno\u015bci 30 ml z du\u017cym otworem<\/td><\/tr><tr><td><strong>3XL<\/strong><\/td><td><img decoding=\"async\" src=\"https:\/\/wholesale.xtrm.net\/TAP\/3xl.jpg\" alt=\"Butelka 3XL\" title=\"\"><\/td><td>Butelki plastikowe z izoamylem, Everest 30 ml, butelki szklane z szerokim otworem<\/td><\/tr><tr><td><strong>4XL<\/strong><\/td><td><img decoding=\"async\" src=\"https:\/\/wholesale.xtrm.net\/TAP\/4xl.jpg\" alt=\"Butelka 4XL\" title=\"\"><\/td><td>Butelki XTRM o pojemno\u015bci 60-100 ml, takie jak XTRM BEAST<\/td><\/tr><\/tbody><\/table><\/figure>\n\n\n\n<p><\/p>","protected":false},"excerpt":{"rendered":"<p>Inhalator XTRM Sniffer to nasadka do inhalatora Poppers. Dzi\u0119ki tej nasadce inhalowanie zapewnia zupe\u0142nie nowe doznania. Tak intensywne, tak czyste, tak podniecaj\u0105ce, z najsilniejszym hajem, jakiego jeszcze nie do\u015bwiadczy\u0142e\u015b.<\/p>","protected":false},"featured_media":25354,"comment_status":"open","ping_status":"closed","template":"","meta":{"_acf_changed":false},"product_brand":[752],"product_cat":[330,756],"product_tag":[],"class_list":{"0":"post-25353","1":"product","2":"type-product","3":"status-publish","4":"has-post-thumbnail","6":"product_brand-xtrm","7":"product_cat-accessoires","8":"product_cat-sniffers-small-large-sets","10":"first","11":"instock","12":"sale","13":"taxable","14":"shipping-taxable","15":"purchasable","16":"product-type-woosb"},"acf":[],"df_price":14.95,"df_sale_price":14.95,"df_regular_price":19.9,"df_image_link":"https:\/\/poppersparadise.eu\/wp-content\/uploads\/2025\/11\/XTRM-Set-300x300.jpg","_links":{"self":[{"href":"https:\/\/poppersparadise.eu\/pl\/wp-json\/wp\/v2\/product\/25353","targetHints":{"allow":["GET"]}}],"collection":[{"href":"https:\/\/poppersparadise.eu\/pl\/wp-json\/wp\/v2\/product"}],"about":[{"href":"https:\/\/poppersparadise.eu\/pl\/wp-json\/wp\/v2\/types\/product"}],"replies":[{"embeddable":true,"href":"https:\/\/poppersparadise.eu\/pl\/wp-json\/wp\/v2\/comments?post=25353"}],"wp:featuredmedia":[{"embeddable":true,"href":"https:\/\/poppersparadise.eu\/pl\/wp-json\/wp\/v2\/media\/25354"}],"wp:attachment":[{"href":"https:\/\/poppersparadise.eu\/pl\/wp-json\/wp\/v2\/media?parent=25353"}],"wp:term":[{"taxonomy":"product_brand","embeddable":true,"href":"https:\/\/poppersparadise.eu\/pl\/wp-json\/wp\/v2\/product_brand?post=25353"},{"taxonomy":"product_cat","embeddable":true,"href":"https:\/\/poppersparadise.eu\/pl\/wp-json\/wp\/v2\/product_cat?post=25353"},{"taxonomy":"product_tag","embeddable":true,"href":"https:\/\/poppersparadise.eu\/pl\/wp-json\/wp\/v2\/product_tag?post=25353"}],"curies":[{"name":"wp","href":"https:\/\/api.w.org\/{rel}","templated":true}]}}