{"id":22663,"date":"2025-10-20T21:12:31","date_gmt":"2025-10-20T19:12:31","guid":{"rendered":"https:\/\/poppersparadise.eu\/?post_type=product&#038;p=22663"},"modified":"2026-04-05T18:05:17","modified_gmt":"2026-04-05T16:05:17","slug":"locker-room-high-rise-extreme-formula-30ml-poppers","status":"publish","type":"product","link":"https:\/\/poppersparadise.eu\/pl\/product\/lockerroom-high-rise-extreme-formula-30ml-poppers\/","title":{"rendered":"Highrise Extreme Formula 30ml (JJ)"},"content":{"rendered":"<h2 class=\"wp-block-heading\">Lockerroom Highrise Extreme Formula 30ml Poppers - kultowy ulubieniec<\/h2>\n\n\n\n<p>Highrise Extreme Formula 30ml Poppers to kultowy dyfuzor zapachowy od Lockerroom Canada, uwielbiany przez koneser\u00f3w i trendsetter\u00f3w. Dzi\u0119ki nowej formule bazowej Pentyl, produkt ten oferuje intensywne doznania zapachowe, kt\u00f3re s\u0105 ulubione od lat. Du\u017ca butelka o pojemno\u015bci 30 ml jest idealna do d\u0142ugotrwa\u0142ego u\u017cytkowania i idealna dla tych, kt\u00f3rzy szukaj\u0105 niezawodnego klasyka.<\/p>\n\n\n\n<h3 class=\"wp-block-heading\">Kluczowe cechy Highrise Extreme Formula 30ml Poppers<\/h3>\n\n\n\n<p>Butelka ma pojemno\u015b\u0107 30 ml i zawiera starannie opracowan\u0105 mieszank\u0119 Pentylnitrite \/ 1-Pentanol 2-Methyl-1-Butanol 2-Methylbutylnitrite. Ta nowa formu\u0142a znana jest z silnego i d\u0142ugotrwa\u0142ego zapachu. Produkt jest wytwarzany przez Lockerroom Canada, wiod\u0105cego producenta dyfuzor\u00f3w zapachowych.<\/p>\n\n\n\n<h3 class=\"wp-block-heading\">Jak stosowa\u0107 Highrise Extreme Formula 30ml Poppers?<\/h3>\n\n\n\n<p>High Rise New Formula 30ml Poppers nale\u017cy stosowa\u0107 wy\u0142\u0105cznie jako dyfuzor zapachowy lub rozpuszczalnik czyszcz\u0105cy. Nie nadaje si\u0119 do spo\u017cycia przez ludzi i nie nale\u017cy go wdycha\u0107. Produkt nale\u017cy przechowywa\u0107 w ch\u0142odnym, ciemnym miejscu, aby zachowa\u0107 jego jako\u015b\u0107 i szczelnie zamkn\u0105\u0107 butelk\u0119 po u\u017cyciu ze wzgl\u0119du na lotny charakter produktu.<\/p>\n\n\n\n<h3 class=\"wp-block-heading\">Dlaczego Highrise Extreme Formula 30ml Poppers jest faworytem?<\/h3>\n\n\n\n<p>Highrise Extreme Formula 30ml Poppers to klasyczny wyb\u00f3r w\u015br\u00f3d dyfuzor\u00f3w zapachowych. Jego formu\u0142a oparta na pentylu i niezawodna wydajno\u015b\u0107 sprawiaj\u0105, \u017ce produkt ten jest ulubie\u0144cem fan\u00f3w poszukuj\u0105cych intensywnych i d\u0142ugotrwa\u0142ych dozna\u0144 zapachowych.<\/p>\n\n\n\n<h3 class=\"wp-block-heading\">Ostrze\u017cenia<\/h3>\n\n\n\n<p>Wysoce \u0142atwopalna ciecz i pary (H225).<br>Powoduje podra\u017cnienie sk\u00f3ry i oczu (H315\/H319).<br>Dzia\u0142a toksycznie przez drogi oddechowe (H331).<br>Nie jest lekiem. U\u017cywa\u0107 na w\u0142asne ryzyko.<\/p>\n\n\n\n<h3 class=\"wp-block-heading\">U\u017cycie<\/h3>\n\n\n\n<p>Przeznaczony wy\u0142\u0105cznie jako dyfuzor zapachowy lub rozpuszczalnik do czyszczenia.<br>Nie nadaje si\u0119 do spo\u017cycia przez ludzi i nie powinien by\u0107 wdychany.<\/p>\n\n\n\n<h3 class=\"wp-block-heading\">Przechowywanie<\/h3>\n\n\n\n<p>Przechowywa\u0107 w ch\u0142odnym i suchym miejscu. Przechowywa\u0107 w miejscu niedost\u0119pnym dla dzieci.<\/p>\n\n\n\n<h3 class=\"wp-block-heading\">Kraj pochodzenia<\/h3>\n\n\n\n<p>Kanada.<\/p>","protected":false},"excerpt":{"rendered":"<p><strong> <br \/>KOMPATYBILNE AKCESORIA:<\/strong><\/p>\n<ul>\n<li><a href=\"https:\/\/poppersparadise.eu\/pl\/kategoria-produktu\/akcesoria\/sniffery-medium\/\">Sniffers Medium<\/a><\/li>\n<\/ul>","protected":false},"featured_media":22666,"comment_status":"open","ping_status":"closed","template":"","meta":{"_acf_changed":false},"product_brand":[772],"product_cat":[35],"product_tag":[705],"class_list":{"0":"post-22663","1":"product","2":"type-product","3":"status-publish","4":"has-post-thumbnail","6":"product_brand-lockerroom-jj","7":"product_cat-grote-flesjes-poppers","8":"product_tag-tube","10":"first","11":"instock","12":"taxable","13":"shipping-taxable","14":"purchasable","15":"product-type-simple"},"acf":[],"df_price":8.75,"df_sale_price":"","df_regular_price":8.75,"df_image_link":"https:\/\/poppersparadise.eu\/wp-content\/uploads\/2025\/10\/High-Rise-Extreme-300x300.jpg","_links":{"self":[{"href":"https:\/\/poppersparadise.eu\/pl\/wp-json\/wp\/v2\/product\/22663","targetHints":{"allow":["GET"]}}],"collection":[{"href":"https:\/\/poppersparadise.eu\/pl\/wp-json\/wp\/v2\/product"}],"about":[{"href":"https:\/\/poppersparadise.eu\/pl\/wp-json\/wp\/v2\/types\/product"}],"replies":[{"embeddable":true,"href":"https:\/\/poppersparadise.eu\/pl\/wp-json\/wp\/v2\/comments?post=22663"}],"wp:featuredmedia":[{"embeddable":true,"href":"https:\/\/poppersparadise.eu\/pl\/wp-json\/wp\/v2\/media\/22666"}],"wp:attachment":[{"href":"https:\/\/poppersparadise.eu\/pl\/wp-json\/wp\/v2\/media?parent=22663"}],"wp:term":[{"taxonomy":"product_brand","embeddable":true,"href":"https:\/\/poppersparadise.eu\/pl\/wp-json\/wp\/v2\/product_brand?post=22663"},{"taxonomy":"product_cat","embeddable":true,"href":"https:\/\/poppersparadise.eu\/pl\/wp-json\/wp\/v2\/product_cat?post=22663"},{"taxonomy":"product_tag","embeddable":true,"href":"https:\/\/poppersparadise.eu\/pl\/wp-json\/wp\/v2\/product_tag?post=22663"}],"curies":[{"name":"wp","href":"https:\/\/api.w.org\/{rel}","templated":true}]}}