{"id":22631,"date":"2025-10-20T19:19:17","date_gmt":"2025-10-20T17:19:17","guid":{"rendered":"https:\/\/poppersparadise.eu\/product\/fuck-fist-anaal-relax-50ml\/"},"modified":"2026-02-26T12:37:29","modified_gmt":"2026-02-26T11:37:29","slug":"fuck-fist-anal-relax-50ml","status":"publish","type":"product","link":"https:\/\/poppersparadise.eu\/pl\/product\/fuck-fist-anaal-relax-50ml\/","title":{"rendered":"Fuck &amp; Fist Anaal Relax 50ml"},"content":{"rendered":"<h2 class=\"wp-block-heading\">Fuck &amp; Fist Anaal Relax 50ml zosta\u0142 opracowany przez ekspert\u00f3w, aby zwi\u0119kszy\u0107 komfort i pewno\u015b\u0107 siebie podczas eksploracji analnej. <\/h2>\n\n\n\n<p>Ten wysokiej jako\u015bci p\u0142yn na bazie wody zosta\u0142 zaprojektowany tak, aby penetracja by\u0142a p\u0142ynniejsza i przyjemniejsza, przygotowuj\u0105c ci\u0119 na to do\u015bwiadczenie. Wzbogacony mentolem i laureth-9, zapewnia wyj\u0105tkowe, delikatne uczucie ch\u0142odzenia, kt\u00f3re pomaga si\u0119 zrelaksowa\u0107 i skupi\u0107 na przyjemno\u015bci. Jedwabista, p\u0142ynna konsystencja zapewnia \u0142atw\u0105 aplikacj\u0119, toruj\u0105c drog\u0119 do bardziej komfortowych i g\u0142\u0119boko satysfakcjonuj\u0105cych dozna\u0144.<\/p>\n\n\n\n<h3 class=\"wp-block-heading\">Jak u\u017cywa\u0107<\/h3>\n\n\n\n<ul class=\"wp-block-list\">\n<li>Na\u0142\u00f3\u017c niewielk\u0105 ilo\u015b\u0107 na wybrany obszar na kilka minut przed rozpocz\u0119ciem gry.<\/li>\n\n\n\n<li>Zacznij od ilo\u015bci wielko\u015bci ziarnka grochu i w razie potrzeby dodaj wi\u0119cej, aby uzyska\u0107 po\u017c\u0105dany efekt.<\/li>\n\n\n\n<li>P\u0142yn jest na bazie wody, dzi\u0119ki czemu jest bezpieczny do stosowania ze wszystkimi zabawkami lateksowymi i silikonowymi, a tak\u017ce prezerwatywami.<\/li>\n\n\n\n<li>Stosuj ponownie w razie potrzeby, aby utrzyma\u0107 komfort przez ca\u0142\u0105 sesj\u0119.<\/li>\n\n\n\n<li>\u0141atwe do czyszczenia przy u\u017cyciu ciep\u0142ej wody i \u0142agodnego myd\u0142a.<\/li>\n<\/ul>\n\n\n\n<h3 class=\"wp-block-heading\">Specyfikacja produktu<\/h3>\n\n\n\n<ul class=\"wp-block-list\">\n<li><strong>Tre\u015b\u0107:<\/strong> 50 ml<\/li>\n\n\n\n<li><strong>Podstawy:<\/strong> Na bazie wody<\/li>\n\n\n\n<li><strong>Tekstura:<\/strong> P\u0142yn<\/li>\n\n\n\n<li><strong>Zapach:<\/strong> Neutralny<\/li>\n\n\n\n<li><strong>Pochodzenie:<\/strong> Francuska marka<\/li>\n\n\n\n<li><strong>Kompatybilno\u015b\u0107:<\/strong> Bezpieczny w u\u017cyciu z prezerwatywami lateksowymi i wszystkimi materia\u0142ami zabawek<\/li>\n\n\n\n<li><strong>G\u0142\u00f3wne sk\u0142adniki:<\/strong> Mentol, Laureth-9, aloes<\/li>\n<\/ul>\n\n\n\n<h3 class=\"wp-block-heading\">Sk\u0142adniki<\/h3>\n\n\n\n<p>Alcohol Denat, Aqua, Glycerin, Menthol, Phenoxyethanol, Aloe Barbadensis Leaf Juice, EthylHexylGlycerin, Laureth-9, Lactic Acid, Pentylene Glycol, Serine, Sodium Lactate, Sorbitol, Urea, Sodium Chloride, Allantoin.<\/p>\n\n\n\n<h3 class=\"wp-block-heading\">\u015arodki ostro\u017cno\u015bci dotycz\u0105ce u\u017cytkowania<\/h3>\n\n\n\n<ul class=\"wp-block-list\">\n<li>Przed pe\u0142nym zastosowaniem nale\u017cy zawsze wykona\u0107 test p\u0142atkowy na niewielkim obszarze sk\u00f3ry. Przerwa\u0107 stosowanie w przypadku wyst\u0105pienia zaczerwienienia lub dyskomfortu.<\/li>\n\n\n\n<li>Unika\u0107 kontaktu z oczami, otwartymi ranami lub uszkodzon\u0105 sk\u00f3r\u0105.<\/li>\n\n\n\n<li>W przypadku wyst\u0105pienia i utrzymywania si\u0119 podra\u017cnienia nale\u017cy zaprzesta\u0107 stosowania produktu i skonsultowa\u0107 si\u0119 z lekarzem.<\/li>\n\n\n\n<li>Przechowywa\u0107 w ch\u0142odnym, suchym miejscu, z dala od bezpo\u015bredniego \u015bwiat\u0142a i poza zasi\u0119giem dzieci.<\/li>\n\n\n\n<li>Ten produkt nie jest \u015brodkiem antykoncepcyjnym i nie zawiera \u015brodka plemnikob\u00f3jczego.<\/li>\n\n\n\n<li>Tylko do u\u017cytku zewn\u0119trznego; nie po\u0142yka\u0107.<\/li>\n\n\n\n<li>Aby uzyska\u0107 najlepsz\u0105 jako\u015b\u0107, nale\u017cy zu\u017cy\u0107 w ci\u0105gu 12 miesi\u0119cy od otwarcia.<\/li>\n<\/ul>","protected":false},"excerpt":{"rendered":"<h3 class=\"LC20lb MBeuO DKV0Md\">\u270a<strong data-start=\"178\" data-end=\"213\">Fuck &amp; Fist - Nie dla mi\u0119czak\u00f3w<\/strong><\/h3>\n<p>Stworzony dla tych, kt\u00f3rzy przekraczaj\u0105 granice i chc\u0105 poczu\u0107 g\u0142\u0119bokie doznania. Lubrykanty Fuck &amp; Fist \u015blizgaj\u0105 si\u0119 bez ko\u0144ca, pozostaj\u0105 tam, gdzie chcesz i utrzymuj\u0105 wszystko g\u0142adko - niezale\u017cnie od tego, czy grasz solo, czy idziesz na ca\u0142o\u015b\u0107. Na bazie wody, hybrydy lub silikonu: ka\u017cda kropla to czysta wydajno\u015b\u0107 dla ekstremalnej akcji.<br data-start=\"505\" data-end=\"508\" \/><br \/>Po\u0142\u0105czy\u0107 z <strong data-start=\"528\" data-end=\"554\" data-is-only-node=\"\">Fuck &amp; Fist Dildo line<\/strong> - Zbudowany z my\u015bl\u0105 o mocy, rozci\u0105gni\u0119ciu i niefiltrowanej przyjemno\u015bci.<\/p>\n<p>\u00a0<\/p>","protected":false},"featured_media":22638,"comment_status":"open","ping_status":"closed","template":"","meta":{"_acf_changed":false},"product_brand":[814],"product_cat":[479,817,671],"product_tag":[],"class_list":{"0":"post-22631","1":"product","2":"type-product","3":"status-publish","4":"has-post-thumbnail","6":"product_brand-fuck-fist","7":"product_cat-drogist","8":"product_cat-fuck-fist-glijmiddellen","9":"product_cat-glijmiddelen","11":"first","12":"instock","13":"taxable","14":"shipping-taxable","15":"purchasable","16":"product-type-simple"},"acf":[],"df_price":12.99,"df_sale_price":"","df_regular_price":12.99,"df_image_link":"https:\/\/poppersparadise.eu\/wp-content\/uploads\/2025\/10\/Fist-Fuck-Anaal-Relax-50ml-1-300x300.jpg","_links":{"self":[{"href":"https:\/\/poppersparadise.eu\/pl\/wp-json\/wp\/v2\/product\/22631","targetHints":{"allow":["GET"]}}],"collection":[{"href":"https:\/\/poppersparadise.eu\/pl\/wp-json\/wp\/v2\/product"}],"about":[{"href":"https:\/\/poppersparadise.eu\/pl\/wp-json\/wp\/v2\/types\/product"}],"replies":[{"embeddable":true,"href":"https:\/\/poppersparadise.eu\/pl\/wp-json\/wp\/v2\/comments?post=22631"}],"wp:featuredmedia":[{"embeddable":true,"href":"https:\/\/poppersparadise.eu\/pl\/wp-json\/wp\/v2\/media\/22638"}],"wp:attachment":[{"href":"https:\/\/poppersparadise.eu\/pl\/wp-json\/wp\/v2\/media?parent=22631"}],"wp:term":[{"taxonomy":"product_brand","embeddable":true,"href":"https:\/\/poppersparadise.eu\/pl\/wp-json\/wp\/v2\/product_brand?post=22631"},{"taxonomy":"product_cat","embeddable":true,"href":"https:\/\/poppersparadise.eu\/pl\/wp-json\/wp\/v2\/product_cat?post=22631"},{"taxonomy":"product_tag","embeddable":true,"href":"https:\/\/poppersparadise.eu\/pl\/wp-json\/wp\/v2\/product_tag?post=22631"}],"curies":[{"name":"wp","href":"https:\/\/api.w.org\/{rel}","templated":true}]}}