{"id":22623,"date":"2025-10-20T19:18:40","date_gmt":"2025-10-20T17:18:40","guid":{"rendered":"https:\/\/poppersparadise.eu\/product\/fuck-fist-vertragingsspray-50ml\/"},"modified":"2026-02-26T12:37:29","modified_gmt":"2026-02-26T11:37:29","slug":"fuck-fist-delay-spray-50ml","status":"publish","type":"product","link":"https:\/\/poppersparadise.eu\/pl\/product\/fuck-fist-vertragingsspray-50ml\/","title":{"rendered":"Fuck &amp; Fist Vertragingsspray 50ml"},"content":{"rendered":"<h2 class=\"wp-block-heading\">Fuck &amp; Fist Delay Spray 50 ml zosta\u0142 specjalnie zaprojektowany dla tych, kt\u00f3rzy chc\u0105 zachowa\u0107 kontrol\u0119 i przed\u0142u\u017cy\u0107 intymne chwile. <\/h2>\n\n\n\n<p>Ten od\u015bwie\u017caj\u0105cy spray na bazie wody \u0142\u0105czy ch\u0142odz\u0105ce w\u0142a\u015bciwo\u015bci mentolu z zapewniaj\u0105cym komfort dzia\u0142aniem laureth-9. Formu\u0142a pomaga kontrolowa\u0107 tempo i budowa\u0107 napi\u0119cie, dzi\u0119ki czemu mo\u017cesz cieszy\u0107 si\u0119 d\u0142u\u017csz\u0105 i bardziej intensywn\u0105 przyjemno\u015bci\u0105.<\/p>\n\n\n\n<h3 class=\"wp-block-heading\">Jak u\u017cywa\u0107<\/h3>\n\n\n\n<ul class=\"wp-block-list\">\n<li>Nanie\u015b\u0107 1-3 rozpylenia na \u017co\u0142\u0105d\u017a, najlepiej kilka minut przed stosunkiem.<\/li>\n\n\n\n<li>Pozostawi\u0107 spray na kr\u00f3tko, aby zoptymalizowa\u0107 efekt. Wytrzyj nadmiar produktu.<\/li>\n\n\n\n<li>Spray mo\u017cna bezpiecznie stosowa\u0107 z prezerwatywami lateksowymi.<\/li>\n\n\n\n<li>Po aplikacji nale\u017cy umy\u0107 r\u0119ce, aby zapobiec niepo\u017c\u0105danemu przenoszeniu.<\/li>\n<\/ul>\n\n\n\n<h3 class=\"wp-block-heading\">Specyfikacja produktu<\/h3>\n\n\n\n<ul class=\"wp-block-list\">\n<li><strong>Tre\u015b\u0107:<\/strong> 50 ml<\/li>\n\n\n\n<li><strong>Typ:<\/strong> Od\u015bwie\u017caj\u0105cy spray op\u00f3\u017aniaj\u0105cy<\/li>\n\n\n\n<li><strong>Podstawy:<\/strong> Na bazie wody<\/li>\n\n\n\n<li><strong>Zapach:<\/strong> Neutralny\/\u015bwie\u017cy<\/li>\n\n\n\n<li><strong>Kompatybilno\u015b\u0107:<\/strong> Nadaje si\u0119 do lateksu<\/li>\n\n\n\n<li><strong>Podstawowe sk\u0142adniki:<\/strong> Mentol, Laureth-9, aloes<\/li>\n\n\n\n<li><strong>Okres trwa\u0142o\u015bci po otwarciu:<\/strong> 12 miesi\u0119cy<\/li>\n<\/ul>\n\n\n\n<h3 class=\"wp-block-heading\">Sk\u0142adniki<\/h3>\n\n\n\n<p>Alcohol Denat, Aqua, Glycerin, Menthol, Phenoxyethanol, Aloe Barbadensis Leaf Juice, Ethylhexylglycerin, Laureth-9, Lactic Acid, Pentylene Glycol, Serine, Sodium Lactate, Sorbitol, Urea, Sodium Chloride, Allantoin.<\/p>\n\n\n\n<h3 class=\"wp-block-heading\">\u015arodki ostro\u017cno\u015bci<\/h3>\n\n\n\n<ul class=\"wp-block-list\">\n<li>Przed pierwszym u\u017cyciem nale\u017cy przetestowa\u0107 produkt na niewielkim fragmencie sk\u00f3ry, aby sprawdzi\u0107 tolerancj\u0119.<\/li>\n\n\n\n<li>W przypadku wyst\u0105pienia podra\u017cnienia, zaczerwienienia lub dyskomfortu nale\u017cy natychmiast przerwa\u0107 stosowanie i skonsultowa\u0107 si\u0119 z lekarzem, je\u015bli objawy nie ust\u0105pi\u0105.<\/li>\n\n\n\n<li>Unika\u0107 kontaktu z oczami, uszkodzon\u0105 sk\u00f3r\u0105 lub otwartymi ranami.<\/li>\n\n\n\n<li>Produkt nale\u017cy przechowywa\u0107 w ch\u0142odnym i suchym miejscu, z dala od bezpo\u015bredniego \u015bwiat\u0142a s\u0142onecznego.<\/li>\n\n\n\n<li>Przechowywa\u0107 w miejscu niedost\u0119pnym dla dzieci.<\/li>\n\n\n\n<li>Ten produkt nie jest \u015brodkiem antykoncepcyjnym i nie zawiera \u015brodk\u00f3w plemnikob\u00f3jczych.<\/li>\n\n\n\n<li>Tylko do u\u017cytku zewn\u0119trznego; nie po\u0142yka\u0107.<\/li>\n<\/ul>","protected":false},"excerpt":{"rendered":"<h3 class=\"LC20lb MBeuO DKV0Md\">\u270a<strong data-start=\"178\" data-end=\"213\">Fuck &amp; Fist - Nie dla mi\u0119czak\u00f3w<\/strong><\/h3>\n<p>Stworzony dla tych, kt\u00f3rzy przekraczaj\u0105 granice i chc\u0105 poczu\u0107 g\u0142\u0119bokie doznania. Lubrykanty Fuck &amp; Fist \u015blizgaj\u0105 si\u0119 bez ko\u0144ca, pozostaj\u0105 tam, gdzie chcesz i utrzymuj\u0105 wszystko g\u0142adko - niezale\u017cnie od tego, czy grasz solo, czy idziesz na ca\u0142o\u015b\u0107. Na bazie wody, hybrydy lub silikonu: ka\u017cda kropla to czysta wydajno\u015b\u0107 dla ekstremalnej akcji.<br data-start=\"505\" data-end=\"508\" \/><br \/>Po\u0142\u0105czy\u0107 z <strong data-start=\"528\" data-end=\"554\" data-is-only-node=\"\">Fuck &amp; Fist Dildo line<\/strong> - Zbudowany z my\u015bl\u0105 o mocy, rozci\u0105gni\u0119ciu i niefiltrowanej przyjemno\u015bci.<\/p>\n<p>\u00a0<\/p>","protected":false},"featured_media":22670,"comment_status":"open","ping_status":"closed","template":"","meta":{"_acf_changed":false},"product_brand":[814],"product_cat":[479,672],"product_tag":[],"class_list":{"0":"post-22623","1":"product","2":"type-product","3":"status-publish","4":"has-post-thumbnail","6":"product_brand-fuck-fist","7":"product_cat-drogist","8":"product_cat-verdovende-sprays","10":"first","11":"instock","12":"taxable","13":"shipping-taxable","14":"purchasable","15":"product-type-simple"},"acf":[],"df_price":12.99,"df_sale_price":"","df_regular_price":12.99,"df_image_link":"https:\/\/poppersparadise.eu\/wp-content\/uploads\/2025\/10\/Fuck-Fist-Delay-Spray-50ml-300x300.jpg","_links":{"self":[{"href":"https:\/\/poppersparadise.eu\/pl\/wp-json\/wp\/v2\/product\/22623","targetHints":{"allow":["GET"]}}],"collection":[{"href":"https:\/\/poppersparadise.eu\/pl\/wp-json\/wp\/v2\/product"}],"about":[{"href":"https:\/\/poppersparadise.eu\/pl\/wp-json\/wp\/v2\/types\/product"}],"replies":[{"embeddable":true,"href":"https:\/\/poppersparadise.eu\/pl\/wp-json\/wp\/v2\/comments?post=22623"}],"wp:featuredmedia":[{"embeddable":true,"href":"https:\/\/poppersparadise.eu\/pl\/wp-json\/wp\/v2\/media\/22670"}],"wp:attachment":[{"href":"https:\/\/poppersparadise.eu\/pl\/wp-json\/wp\/v2\/media?parent=22623"}],"wp:term":[{"taxonomy":"product_brand","embeddable":true,"href":"https:\/\/poppersparadise.eu\/pl\/wp-json\/wp\/v2\/product_brand?post=22623"},{"taxonomy":"product_cat","embeddable":true,"href":"https:\/\/poppersparadise.eu\/pl\/wp-json\/wp\/v2\/product_cat?post=22623"},{"taxonomy":"product_tag","embeddable":true,"href":"https:\/\/poppersparadise.eu\/pl\/wp-json\/wp\/v2\/product_tag?post=22623"}],"curies":[{"name":"wp","href":"https:\/\/api.w.org\/{rel}","templated":true}]}}