{"id":18945,"date":"2025-06-27T17:26:04","date_gmt":"2025-06-27T15:26:04","guid":{"rendered":"https:\/\/poppersparadise.eu\/product\/radiant-red-dildo-l\/"},"modified":"2026-03-10T17:39:17","modified_gmt":"2026-03-10T16:39:17","slug":"promiennie-czerwone-dildo-l","status":"publish","type":"product","link":"https:\/\/poppersparadise.eu\/pl\/product\/radiant-red-dildo-l\/","title":{"rendered":"Radiant Red Dildo - L"},"content":{"rendered":"<h2 class=\"font-bold text-h3 leading-[36px] pt-[21px] pb-[2px] [&amp;_a]:underline-offset-[6px] [&amp;_.underline]:underline-offset-[6px]\" dir=\"ltr\">Ervaar de schittering van de kosmos met Radiant Red<\/h2>\n<p class=\"text-body font-regular leading-[24px] pt-[9px] pb-[2px]\" dir=\"ltr\">Ontsteek je verbeelding en til je intieme momenten naar een hoger niveau met de Radiant Red Dildo. Het gedurfde, door de sterren ge?nspireerde ontwerp vangt de schoonheid en aantrekkingskracht van het universum, waardoor je ervaringen verder gaan dan het gewone. Versierd met een intrigerende mix van levendig rood en diepe donkere tinten, vertegenwoordigt Radiant Red de oneindige pracht van de kosmos.<\/p>\n<p class=\"text-body font-regular leading-[24px] pt-[9px] pb-[2px]\" dir=\"ltr\">Perfect ontworpen voor avonturiers en fantasieliefhebbers, is dit uitzonderlijke stuk meer dan alleen een accessoire-het is je toegangspoort tot onge?venaard genot en ontdekking. Of je nu solo verkent of op zoek bent naar opwinding in rollenspellen, Radiant Red biedt een buitengewone ervaring die als buitenaards aanvoelt.<\/p>\n<h3 class=\"font-bold text-h4 leading-[30px] pt-[15px] pb-[2px] [&amp;_a]:underline-offset-[6px] [&amp;_.underline]:underline-offset-[6px]\" dir=\"ltr\">Productspecificaties<\/h3>\n<ul class=\"pt-[9px] pb-[2px] pl-[24px] list-disc [&amp;_ul]:pt-[5px] pt-[5px]\">\n<li class=\"text-body font-regular leading-[24px] my-[5px] [&amp;&gt;ol]:!pt-0 [&amp;&gt;ol]:!pb-0 [&amp;&gt;ul]:!pt-0 [&amp;&gt;ul]:!pb-0\" value=\"1\"><b><strong class=\"font-bold\">Totale lengte<\/strong><\/b>: Een indrukwekkende <b><strong class=\"font-bold\">26.7 cm<\/strong><\/b> voor diepe verkenning.<\/li>\n<li class=\"text-body font-regular leading-[24px] my-[5px] [&amp;&gt;ol]:!pt-0 [&amp;&gt;ol]:!pb-0 [&amp;&gt;ul]:!pt-0 [&amp;&gt;ul]:!pb-0\" value=\"2\"><b><strong class=\"font-bold\">Inbrengbare lengte<\/strong><\/b>: <b><strong class=\"font-bold\">22.1 cm<\/strong><\/b> aan genot op maat voor onge?venaarde voldoening.<\/li>\n<li class=\"text-body font-regular leading-[24px] my-[5px] [&amp;&gt;ol]:!pt-0 [&amp;&gt;ol]:!pb-0 [&amp;&gt;ul]:!pt-0 [&amp;&gt;ul]:!pb-0\" value=\"3\"><b><strong class=\"font-bold\">Bovendiameter<\/strong><\/b>: <b><strong class=\"font-bold\">4.5 cm<\/strong><\/b>, ontworpen voor een uitnodigende en soepele ingang.<\/li>\n<li class=\"text-body font-regular leading-[24px] my-[5px] [&amp;&gt;ol]:!pt-0 [&amp;&gt;ol]:!pb-0 [&amp;&gt;ul]:!pt-0 [&amp;&gt;ul]:!pb-0\" value=\"4\"><b><strong class=\"font-bold\">Middendiameter<\/strong><\/b>: Een robuuste <b><strong class=\"font-bold\">6.7 cm<\/strong><\/b>, biedt een bevredigende omvang.<\/li>\n<li class=\"text-body font-regular leading-[24px] my-[5px] [&amp;&gt;ol]:!pt-0 [&amp;&gt;ol]:!pb-0 [&amp;&gt;ul]:!pt-0 [&amp;&gt;ul]:!pb-0\" value=\"5\"><b><strong class=\"font-bold\">Basisdiameter<\/strong><\/b>: Een stabiele <b><strong class=\"font-bold\">13,5 cm<\/strong><\/b>, voor veilige en comfortabele hantering.<\/li>\n<li class=\"text-body font-regular leading-[24px] my-[5px] [&amp;&gt;ol]:!pt-0 [&amp;&gt;ol]:!pb-0 [&amp;&gt;ul]:!pt-0 [&amp;&gt;ul]:!pb-0\" value=\"6\"><b><strong class=\"font-bold\">Gewicht<\/strong><\/b>: Een aanzienlijke <b><strong class=\"font-bold\">1165 gram<\/strong><\/b> voor een realistisch en stabiel gevoel.<\/li>\n<li class=\"text-body font-regular leading-[24px] my-[5px] [&amp;&gt;ol]:!pt-0 [&amp;&gt;ol]:!pb-0 [&amp;&gt;ul]:!pt-0 [&amp;&gt;ul]:!pb-0\" value=\"7\"><b><strong class=\"font-bold\">Materiaal<\/strong><\/b>: Hoogwaardig platinum-grade siliconen voor duurzaamheid en een levensechte aanraking.<\/li>\n<li class=\"text-body font-regular leading-[24px] my-[5px] [&amp;&gt;ol]:!pt-0 [&amp;&gt;ol]:!pb-0 [&amp;&gt;ul]:!pt-0 [&amp;&gt;ul]:!pb-0\" value=\"8\"><b><strong class=\"font-bold\">Kleuren<\/strong><\/b>: Een verbluffende mix van rode en donkere tinten, symbool voor de tijdloze schoonheid van de sterren.<\/li>\n<\/ul>\n<p class=\"text-body font-regular leading-[24px] pt-[9px] pb-[2px]\" dir=\"ltr\">Geef je over aan de uitzonderlijke kwaliteit en spectaculaire vormgeving van Radiant Red. Dit kosmische meesterwerk belooft een onvergetelijke ervaring die de verbeelding overstijgt.<\/p>\n","protected":false},"excerpt":{"rendered":"<p>Odkryj pi\u0119knie zaprojektowane Radiant Red Dildo- luksusowy, obszerny design inspirowany kosmosem. Do\u015bwiadcz najwy\u017cszej satysfakcji.<\/p>","protected":false},"featured_media":18944,"comment_status":"open","ping_status":"closed","template":"","meta":{"_acf_changed":false},"product_brand":[767],"product_cat":[766,787],"product_tag":[],"class_list":{"0":"post-18945","1":"product","2":"type-product","3":"status-publish","4":"has-post-thumbnail","6":"product_brand-giant-space-intruders","7":"product_cat-dildos","8":"product_cat-monster-fantasy-dildos","10":"first","11":"instock","12":"sale","13":"taxable","14":"shipping-taxable","15":"purchasable","16":"product-type-simple"},"acf":[],"df_price":87.99,"df_sale_price":87.99,"df_regular_price":139.99,"df_image_link":"https:\/\/poppersparadise.eu\/wp-content\/uploads\/2025\/06\/giant-space-intruders-radiant-red-dildo-l-300x300.jpg","_links":{"self":[{"href":"https:\/\/poppersparadise.eu\/pl\/wp-json\/wp\/v2\/product\/18945","targetHints":{"allow":["GET"]}}],"collection":[{"href":"https:\/\/poppersparadise.eu\/pl\/wp-json\/wp\/v2\/product"}],"about":[{"href":"https:\/\/poppersparadise.eu\/pl\/wp-json\/wp\/v2\/types\/product"}],"replies":[{"embeddable":true,"href":"https:\/\/poppersparadise.eu\/pl\/wp-json\/wp\/v2\/comments?post=18945"}],"wp:featuredmedia":[{"embeddable":true,"href":"https:\/\/poppersparadise.eu\/pl\/wp-json\/wp\/v2\/media\/18944"}],"wp:attachment":[{"href":"https:\/\/poppersparadise.eu\/pl\/wp-json\/wp\/v2\/media?parent=18945"}],"wp:term":[{"taxonomy":"product_brand","embeddable":true,"href":"https:\/\/poppersparadise.eu\/pl\/wp-json\/wp\/v2\/product_brand?post=18945"},{"taxonomy":"product_cat","embeddable":true,"href":"https:\/\/poppersparadise.eu\/pl\/wp-json\/wp\/v2\/product_cat?post=18945"},{"taxonomy":"product_tag","embeddable":true,"href":"https:\/\/poppersparadise.eu\/pl\/wp-json\/wp\/v2\/product_tag?post=18945"}],"curies":[{"name":"wp","href":"https:\/\/api.w.org\/{rel}","templated":true}]}}