{"id":17713,"date":"2025-05-29T10:38:05","date_gmt":"2025-05-29T08:38:05","guid":{"rendered":"https:\/\/poppersparadise.eu\/?post_type=product&#038;p=17713"},"modified":"2026-04-21T03:20:53","modified_gmt":"2026-04-21T01:20:53","slug":"jungle-juice-stoned-10ml-poppers","status":"publish","type":"product","link":"https:\/\/poppersparadise.eu\/pl\/product\/jungle-juice-stoned-10ml-poppers\/","title":{"rendered":"Jungle Juice Stoned 10ml"},"content":{"rendered":"<h2 class=\"wp-block-heading\">Poppery Jungle Juice Stoned 10ml - kompaktowe, wydajne i wyj\u0105tkowe<\/h2>\n\n\n\n<p>Poppers Jungle Juice Stoned 10ml to wyb\u00f3r premium dla os\u00f3b poszukuj\u0105cych intensywnych i wyrafinowanych dozna\u0144 zapachowych. Dzi\u0119ki silnej formule azotynu amylu i stylowemu srebrnoszaremu flakonowi, produkt ten oferuje wyj\u0105tkowe doznania zapachowe, idealne na wyj\u0105tkowe chwile i dla odwa\u017cnych os\u00f3b.<\/p>\n\n\n\n<h3 class=\"wp-block-heading\">Kluczowe cechy Jungle Juice Stoned<\/h3>\n\n\n\n<ul class=\"wp-block-list\">\n<li><strong>Wysokiej jako\u015bci formu\u0142a<\/strong>: Zawiera azotyn amylu zapewniaj\u0105cy silne doznania zapachowe.<\/li>\n\n\n\n<li><strong>Kompaktowy rozmiar<\/strong>Butelka o pojemno\u015bci 10 ml, idealna w podr\u00f3\u017cy.<\/li>\n\n\n\n<li><strong>Stylowe opakowanie<\/strong>Srebrno-szara butelka, kt\u00f3ra emanuje luksusem i jako\u015bci\u0105.<\/li>\n\n\n\n<li><strong>Przewaga obj\u0119to\u015bciowa<\/strong>: Zaoszcz\u0119d\u017a wi\u0119cej przy wi\u0119kszych zam\u00f3wieniach.<\/li>\n<\/ul>\n\n\n\n<h3 class=\"wp-block-heading\">Jak korzysta\u0107 z Jungle Juice Stoned?<\/h3>\n\n\n\n<p>Jungle Juice Stoned nale\u017cy u\u017cywa\u0107 wy\u0142\u0105cznie jako dyfuzora zapachowego lub rozpuszczalnika do czyszczenia. Nie nadaje si\u0119 do spo\u017cycia przez ludzi i nie nale\u017cy go wdycha\u0107. Przechowywa\u0107 w ch\u0142odnym, suchym miejscu i szczelnie zamkn\u0105\u0107 butelk\u0119 po u\u017cyciu.<\/p>\n\n\n\n<h3 class=\"wp-block-heading\">Dlaczego Jungle Juice Stoned jest faworytem<\/h3>\n\n\n\n<p>Jego silna formu\u0142a, stylowe opakowanie i niezawodna jako\u015b\u0107 sprawiaj\u0105, \u017ce produkt ten jest ulubionym w\u015br\u00f3d entuzjast\u00f3w dyfuzor\u00f3w zapachowych. Oferuje intensywne doznania zapachowe, idealne na wyj\u0105tkowe chwile.<\/p>\n\n\n\n<h3 class=\"wp-block-heading\">Ostrze\u017cenia<\/h3>\n\n\n\n<p>Wysoce \u0142atwopalna ciecz i pary (H225).<br>Powoduje podra\u017cnienie sk\u00f3ry i oczu (H315\/H319).<br>Dzia\u0142a toksycznie przez drogi oddechowe (H331).<br>Nie jest lekiem. U\u017cywa\u0107 na w\u0142asne ryzyko.<\/p>\n\n\n\n<h3 class=\"wp-block-heading\">U\u017cycie<\/h3>\n\n\n\n<p>Przeznaczony wy\u0142\u0105cznie jako dyfuzor zapachowy lub rozpuszczalnik do czyszczenia.<br>Nie nadaje si\u0119 do spo\u017cycia przez ludzi i nie powinien by\u0107 wdychany.<\/p>\n\n\n\n<h3 class=\"wp-block-heading\">Przechowywanie<\/h3>\n\n\n\n<p>Przechowywa\u0107 w ch\u0142odnym i suchym miejscu. Przechowywa\u0107 w miejscu niedost\u0119pnym dla dzieci.<\/p>\n\n\n\n<h3 class=\"wp-block-heading\">Kraj pochodzenia<\/h3>\n\n\n\n<p>Francja.<\/p>\n\n\n\n<p><\/p>","protected":false},"excerpt":{"rendered":"<p><strong><br \/>KOMPATYBILNE AKCESORIA:<\/strong><\/p>\n<ul>\n<li><a href=\"https:\/\/poppersparadise.eu\/pl\/kategoria-produktu\/akcesoria\/sniffery-male\/\">Sniffers Small<\/a><\/li>\n<li><a href=\"https:\/\/poppersparadise.eu\/pl\/product\/xtrm-poppers-houder-zwart-small\/\">XTRM Poppers Uchwyt ma\u0142y<\/a><\/li>\n<li><a href=\"https:\/\/poppersparadise.eu\/pl\/product\/xtrm-poppers-keeper-small-10ml\/\">XTRM Poppers Keeper Small<\/a><\/li>\n<\/ul>","protected":false},"featured_media":17715,"comment_status":"open","ping_status":"closed","template":"","meta":{"_acf_changed":false},"product_brand":[745],"product_cat":[34],"product_tag":[],"class_list":{"0":"post-17713","1":"product","2":"type-product","3":"status-publish","4":"has-post-thumbnail","6":"product_brand-jungle-juice","7":"product_cat-kleine-flesjes-poppers","9":"first","10":"instock","11":"taxable","12":"shipping-taxable","13":"purchasable","14":"product-type-simple"},"acf":[],"df_price":5.65,"df_sale_price":"","df_regular_price":5.65,"df_image_link":"https:\/\/poppersparadise.eu\/wp-content\/uploads\/2025\/05\/poppers-jungle-juice-def-10ml-ARBPDI47UK-1-300x300.jpg","_links":{"self":[{"href":"https:\/\/poppersparadise.eu\/pl\/wp-json\/wp\/v2\/product\/17713","targetHints":{"allow":["GET"]}}],"collection":[{"href":"https:\/\/poppersparadise.eu\/pl\/wp-json\/wp\/v2\/product"}],"about":[{"href":"https:\/\/poppersparadise.eu\/pl\/wp-json\/wp\/v2\/types\/product"}],"replies":[{"embeddable":true,"href":"https:\/\/poppersparadise.eu\/pl\/wp-json\/wp\/v2\/comments?post=17713"}],"wp:featuredmedia":[{"embeddable":true,"href":"https:\/\/poppersparadise.eu\/pl\/wp-json\/wp\/v2\/media\/17715"}],"wp:attachment":[{"href":"https:\/\/poppersparadise.eu\/pl\/wp-json\/wp\/v2\/media?parent=17713"}],"wp:term":[{"taxonomy":"product_brand","embeddable":true,"href":"https:\/\/poppersparadise.eu\/pl\/wp-json\/wp\/v2\/product_brand?post=17713"},{"taxonomy":"product_cat","embeddable":true,"href":"https:\/\/poppersparadise.eu\/pl\/wp-json\/wp\/v2\/product_cat?post=17713"},{"taxonomy":"product_tag","embeddable":true,"href":"https:\/\/poppersparadise.eu\/pl\/wp-json\/wp\/v2\/product_tag?post=17713"}],"curies":[{"name":"wp","href":"https:\/\/api.w.org\/{rel}","templated":true}]}}