{"id":17329,"date":"2025-05-22T16:18:06","date_gmt":"2025-05-22T14:18:06","guid":{"rendered":"https:\/\/poppersparadise.eu\/?post_type=product&#038;p=17329"},"modified":"2026-04-22T14:36:11","modified_gmt":"2026-04-22T12:36:11","slug":"amsterdam-10ml-poppers-z-kopia-adaptera-2","status":"publish","type":"product","link":"https:\/\/poppersparadise.eu\/pl\/product\/amsterdam-10ml-poppers-met-adapter-copy\/","title":{"rendered":"Amyl 10ml met Adapter"},"content":{"rendered":"<h2 class=\"wp-block-heading\">Amyl 10 ml poppers z adapterem - innowacja i elegancja<\/h2>\n\n\n\n<h3 class=\"wp-block-heading\">Dlaczego warto wybra\u0107 Amyl 10ml poppers z adapterem?<\/h3>\n\n\n\n<p>Poppery Amyl 10 ml z adapterem to innowacyjny wyb\u00f3r dla os\u00f3b poszukuj\u0105cych wyrafinowanych i bezproblemowych dozna\u0144 zapachowych. Wydany w maju 2025 roku, ten najnowszy popper PWD jest wyposa\u017cony w por\u0119czny adapter, dzi\u0119ki czemu korzystanie z niego jest jeszcze \u0142atwiejsze i bardziej wydajne. Idealny na wyj\u0105tkowe chwile.<\/p>\n\n\n\n<h3 class=\"wp-block-heading\">Kluczowe cechy popper\u00f3w Amyl 10 ml<\/h3>\n\n\n\n<ul class=\"wp-block-list\">\n<li><strong>Innowacyjny adapter<\/strong>: Zawiera bezp\u0142atny adapter zapewniaj\u0105cy przyjazne dla u\u017cytkownika wra\u017cenia.<\/li>\n\n\n\n<li><strong>Wysokiej jako\u015bci formu\u0142a<\/strong>: Zawiera azotyn amylu zapewniaj\u0105cy intensywn\u0105 dyfuzj\u0119 zapachu.<\/li>\n\n\n\n<li><strong>Kompaktowy rozmiar<\/strong>Zapakowany w stylow\u0105 szklan\u0105 butelk\u0119 o pojemno\u015bci 10 ml, idealn\u0105 w podr\u00f3\u017cy.<\/li>\n\n\n\n<li><strong>Przewaga obj\u0119to\u015bciowa<\/strong>: Zaoszcz\u0119d\u017a wi\u0119cej przy wi\u0119kszych zam\u00f3wieniach.<\/li>\n<\/ul>\n\n\n\n<h3 class=\"wp-block-heading\">Jak u\u017cywa\u0107 popper\u00f3w Amyl 10 ml?<\/h3>\n\n\n\n<p>Poppers Amyl 10 ml nale\u017cy stosowa\u0107 wy\u0142\u0105cznie jako dyfuzor zapachowy lub rozpuszczalnik czyszcz\u0105cy. Nie nadaje si\u0119 do spo\u017cycia przez ludzi i nie nale\u017cy go wdycha\u0107. Przechowywa\u0107 w ch\u0142odnym, suchym miejscu i szczelnie zamkn\u0105\u0107 butelk\u0119 po u\u017cyciu.<\/p>\n\n\n\n<h3 class=\"wp-block-heading\">Dlaczego Amyl 10ml poppers jest ulubionym modelem<\/h3>\n\n\n\n<p>Po\u0142\u0105czenie innowacyjnego adaptera, wydajnej formu\u0142y i stylowej prezentacji sprawia, \u017ce produkt ten jest ulubionym w\u015br\u00f3d entuzjast\u00f3w dyfuzor\u00f3w zapachowych. Oferuje on intensywne doznania zapachowe, idealne na wyj\u0105tkowe chwile.<\/p>\n\n\n\n<h3 class=\"wp-block-heading\">Ostrze\u017cenia<\/h3>\n\n\n\n<p>Wysoce \u0142atwopalna ciecz i pary (H225).<br>Powoduje podra\u017cnienie sk\u00f3ry i oczu (H315\/H319).<br>Dzia\u0142a toksycznie przez drogi oddechowe (H331).<br>Nie jest lekiem. U\u017cywa\u0107 na w\u0142asne ryzyko.<\/p>\n\n\n\n<h3 class=\"wp-block-heading\">U\u017cycie<\/h3>\n\n\n\n<p>Przeznaczony wy\u0142\u0105cznie jako dyfuzor zapachowy lub rozpuszczalnik do czyszczenia.<br>Nie nadaje si\u0119 do spo\u017cycia przez ludzi i nie powinien by\u0107 wdychany.<\/p>\n\n\n\n<h3 class=\"wp-block-heading\">Przechowywanie<\/h3>\n\n\n\n<p>Przechowywa\u0107 w ch\u0142odnym i suchym miejscu. Przechowywa\u0107 w miejscu niedost\u0119pnym dla dzieci.<\/p>\n\n\n\n<h3 class=\"wp-block-heading\">Kraj pochodzenia<\/h3>\n\n\n\n<p>Francja.<\/p>","protected":false},"excerpt":{"rendered":"<p><strong> KOMPATYBILNE AKCESORIA:<\/strong><\/p>\n<ul>\n<li><a href=\"https:\/\/poppersparadise.eu\/pl\/kategoria-produktu\/akcesoria\/sniffery-male\/\">Sniffers Small<\/a><\/li>\n<li><a href=\"https:\/\/poppersparadise.eu\/pl\/product\/xtrm-poppers-houder-zwart-small\/\">XTRM Poppers Uchwyt ma\u0142y<\/a><\/li>\n<li><a href=\"https:\/\/poppersparadise.eu\/pl\/product\/xtrm-poppers-keeper-small-10ml\/\">XTRM Poppers Keeper Small<\/a><\/li>\n<\/ul>","protected":false},"featured_media":17330,"comment_status":"open","ping_status":"closed","template":"","meta":{"_acf_changed":false},"product_brand":[736],"product_cat":[34,482],"product_tag":[],"class_list":{"0":"post-17329","1":"product","2":"type-product","3":"status-publish","4":"has-post-thumbnail","6":"product_brand-amyl","7":"product_cat-kleine-flesjes-poppers","8":"product_cat-aanbiedingen","10":"first","11":"instock","12":"sale","13":"taxable","14":"shipping-taxable","15":"purchasable","16":"product-type-simple"},"acf":[],"df_price":4.95,"df_sale_price":4.95,"df_regular_price":6.7,"df_image_link":"https:\/\/poppersparadise.eu\/wp-content\/uploads\/2025\/05\/AMYAD10-FRONT-BOX-300x300.webp","_links":{"self":[{"href":"https:\/\/poppersparadise.eu\/pl\/wp-json\/wp\/v2\/product\/17329","targetHints":{"allow":["GET"]}}],"collection":[{"href":"https:\/\/poppersparadise.eu\/pl\/wp-json\/wp\/v2\/product"}],"about":[{"href":"https:\/\/poppersparadise.eu\/pl\/wp-json\/wp\/v2\/types\/product"}],"replies":[{"embeddable":true,"href":"https:\/\/poppersparadise.eu\/pl\/wp-json\/wp\/v2\/comments?post=17329"}],"wp:featuredmedia":[{"embeddable":true,"href":"https:\/\/poppersparadise.eu\/pl\/wp-json\/wp\/v2\/media\/17330"}],"wp:attachment":[{"href":"https:\/\/poppersparadise.eu\/pl\/wp-json\/wp\/v2\/media?parent=17329"}],"wp:term":[{"taxonomy":"product_brand","embeddable":true,"href":"https:\/\/poppersparadise.eu\/pl\/wp-json\/wp\/v2\/product_brand?post=17329"},{"taxonomy":"product_cat","embeddable":true,"href":"https:\/\/poppersparadise.eu\/pl\/wp-json\/wp\/v2\/product_cat?post=17329"},{"taxonomy":"product_tag","embeddable":true,"href":"https:\/\/poppersparadise.eu\/pl\/wp-json\/wp\/v2\/product_tag?post=17329"}],"curies":[{"name":"wp","href":"https:\/\/api.w.org\/{rel}","templated":true}]}}