{"id":15746,"date":"2025-03-31T15:03:14","date_gmt":"2025-03-31T13:03:14","guid":{"rendered":"https:\/\/poppersparadise.eu\/?post_type=product&#038;p=15746"},"modified":"2026-04-16T09:00:39","modified_gmt":"2026-04-16T07:00:39","slug":"amsterdam-poppers-party-pack-5-x-24ml","status":"publish","type":"product","link":"https:\/\/poppersparadise.eu\/pl\/product\/amsterdam-poppers-party-pack-5-x-24ml\/","title":{"rendered":"Amsterdam Party Pack 5 x 24ml + Gratis XTRM SNFFR"},"content":{"rendered":"<h2 class=\"wp-block-heading\">Stw\u00f3rz sw\u00f3j w\u0142asny zestaw imprezowy Amsterdam<\/h2>\n\n\n\n<p>Uzupe\u0142nij swoje do\u015bwiadczenie z zapachami Amsterdam Poppers Party Pack 5 x 24ml! Stw\u00f3rz sw\u00f3j w\u0142asny pakiet, wybieraj\u0105c pi\u0119\u0107 butelek Amsterdam 24ml z naszej szerokiej oferty. Dodaj osobisty charakter swoim ulubionym wariantom i ciesz si\u0119 dodatkowymi korzy\u015bciami z zam\u00f3wienia.<\/p>\n\n\n\n<h3 class=\"wp-block-heading\">Wybierz spo\u015br\u00f3d nast\u0119puj\u0105cych odmian:<\/h3>\n\n\n\n<ul class=\"wp-block-list\">\n<li><strong>Amsterdam 24ml<\/strong><\/li>\n\n\n\n<li><strong>Amsterdam Hardcore 24ml<\/strong><\/li>\n\n\n\n<li><strong>Amsterdam XXX Ultra Strong 24ml<\/strong><\/li>\n\n\n\n<li><strong>Amsterdam XXX Pride 24ml<\/strong><\/li>\n\n\n\n<li><strong>Amsterdam Smooth 24ml<\/strong><\/li>\n\n\n\n<li><strong>Amsterdam Black Label 24ml<\/strong><\/li>\n\n\n\n<li><strong>Amsterdam Platinum 24ml<\/strong><\/li>\n\n\n\n<li><strong>Amsterdam Ultra Gold 24ml<\/strong><\/li>\n\n\n\n<li><strong>Amsterdam Zero 24ml<\/strong><\/li>\n\n\n\n<li><strong>Amsterdam Special 24ml<\/strong><\/li>\n\n\n\n<li><strong>Amsterdam XXX Cosmic Power 24ml<\/strong><\/li>\n\n\n\n<li><strong>Amsterdam Butanol 24ml<\/strong><\/li>\n\n\n\n<li><strong>Amsterdam Gold Label 24ml<\/strong><\/li>\n\n\n\n<li><strong>Amsterdam A'Dam 24ml<\/strong><\/li>\n<\/ul>\n\n\n\n<h3 class=\"wp-block-heading\">Dodatkowe korzy\u015bci<\/h3>\n\n\n\n<ul class=\"wp-block-list\">\n<li><strong>Bezp\u0142atny dodatek<\/strong>XTRM SNFFR (o warto\u015bci 9,95 \u20ac) w prezencie do zam\u00f3wienia.<\/li>\n\n\n\n<li><strong>Wyj\u0105tkowa zni\u017cka<\/strong>Skorzystaj z 15% dodatkowej zni\u017cki na butelk\u0119 przy zakupie tego pakietu.<\/li>\n<\/ul>\n\n\n\n<h3 class=\"wp-block-heading\">Jak to dzia\u0142a?<\/h3>\n\n\n\n<p>Wystarczy wybra\u0107 pi\u0119\u0107 butelek z listy i stworzy\u0107 w\u0142asny, niepowtarzalny pakiet. Idealny do dzielenia si\u0119 lub cieszenia si\u0119 nim w wyj\u0105tkowych chwilach.<\/p>\n\n\n\n<h3 class=\"wp-block-heading\">Wa\u017cne informacje<\/h3>\n\n\n\n<p>Tych produkt\u00f3w nale\u017cy u\u017cywa\u0107 wy\u0142\u0105cznie jako dyfuzor\u00f3w zapachowych lub rozpuszczalnik\u00f3w czyszcz\u0105cych. Nie nadaj\u0105 si\u0119 one do spo\u017cycia przez ludzi i nie nale\u017cy ich wdycha\u0107. Butelki nale\u017cy przechowywa\u0107 w ch\u0142odnym, ciemnym miejscu i szczelnie zamyka\u0107 po u\u017cyciu.<\/p>\n\n\n\n<h3 class=\"wp-block-heading\">Ostrze\u017cenia<\/h3>\n\n\n\n<ul class=\"wp-block-list\">\n<li>Wysoce \u0142atwopalna ciecz i pary (H225).<\/li>\n\n\n\n<li>Powoduje podra\u017cnienie sk\u00f3ry i oczu (H315\/H319).<\/li>\n\n\n\n<li>Dzia\u0142a toksycznie przez drogi oddechowe (H331).<\/li>\n\n\n\n<li>Stosowa\u0107 wy\u0142\u0105cznie zgodnie z zaleceniami.<\/li>\n<\/ul>\n\n\n\n<h3 class=\"wp-block-heading\">Przechowywanie<\/h3>\n\n\n\n<p>Przechowywa\u0107 w ch\u0142odnym i suchym miejscu. Przechowywa\u0107 w miejscu niedost\u0119pnym dla dzieci.<\/p>\n\n\n\n<h3 class=\"wp-block-heading\">Kraj pochodzenia<\/h3>\n\n\n\n<p>UE.<\/p>\n\n\n\n<p>Ju\u017c dzi\u015b skompletuj sw\u00f3j w\u0142asny zestaw imprezowy Amsterdam i odkryj wszechstronno\u015b\u0107 tych wysokiej jako\u015bci dyfuzor\u00f3w zapachowych!<\/p>","protected":false},"excerpt":{"rendered":"<p><strong><br \/>KOMPATYBILNE AKCESORIA:<\/strong><\/p>\n<ul>\n<li><a href=\"https:\/\/poppersparadise.eu\/pl\/kategoria-produktu\/akcesoria\/sniffery-duze\/\">Sniffers Large<\/a><\/li>\n<li><a href=\"https:\/\/poppersparadise.eu\/pl\/product\/xtrm-poppers-holder-large\/\">XTRM Poppers Uchwyt du\u017cy<\/a><\/li>\n<li><a href=\"https:\/\/poppersparadise.eu\/pl\/product\/xtrm-poppers-keeper-large-24ml\/\">XTRM Poppers Keeper Large<\/a><\/li>\n<\/ul>","protected":false},"featured_media":15749,"comment_status":"open","ping_status":"closed","template":"","meta":{"_acf_changed":false},"product_brand":[735],"product_cat":[33],"product_tag":[],"class_list":{"0":"post-15746","1":"product","2":"type-product","3":"status-publish","4":"has-post-thumbnail","6":"product_brand-amsterdam","7":"product_cat-party-packs","9":"first","10":"instock","11":"sale","12":"taxable","13":"shipping-taxable","14":"purchasable","15":"product-type-composite"},"acf":[],"df_price":29.95,"df_sale_price":29.95,"df_regular_price":44.7,"df_image_link":"https:\/\/poppersparadise.eu\/wp-content\/uploads\/2025\/03\/5x-Large-Pack-Amsterdam-1-300x300.jpg","_links":{"self":[{"href":"https:\/\/poppersparadise.eu\/pl\/wp-json\/wp\/v2\/product\/15746","targetHints":{"allow":["GET"]}}],"collection":[{"href":"https:\/\/poppersparadise.eu\/pl\/wp-json\/wp\/v2\/product"}],"about":[{"href":"https:\/\/poppersparadise.eu\/pl\/wp-json\/wp\/v2\/types\/product"}],"replies":[{"embeddable":true,"href":"https:\/\/poppersparadise.eu\/pl\/wp-json\/wp\/v2\/comments?post=15746"}],"wp:featuredmedia":[{"embeddable":true,"href":"https:\/\/poppersparadise.eu\/pl\/wp-json\/wp\/v2\/media\/15749"}],"wp:attachment":[{"href":"https:\/\/poppersparadise.eu\/pl\/wp-json\/wp\/v2\/media?parent=15746"}],"wp:term":[{"taxonomy":"product_brand","embeddable":true,"href":"https:\/\/poppersparadise.eu\/pl\/wp-json\/wp\/v2\/product_brand?post=15746"},{"taxonomy":"product_cat","embeddable":true,"href":"https:\/\/poppersparadise.eu\/pl\/wp-json\/wp\/v2\/product_cat?post=15746"},{"taxonomy":"product_tag","embeddable":true,"href":"https:\/\/poppersparadise.eu\/pl\/wp-json\/wp\/v2\/product_tag?post=15746"}],"curies":[{"name":"wp","href":"https:\/\/api.w.org\/{rel}","templated":true}]}}