{"id":13783,"date":"2025-02-13T17:10:43","date_gmt":"2025-02-13T16:10:43","guid":{"rendered":"https:\/\/poppersparadise.eu\/?post_type=product&#038;p=13783"},"modified":"2026-03-29T19:42:57","modified_gmt":"2026-03-29T17:42:57","slug":"pedzel-10-ml-z-adapterem","status":"publish","type":"product","link":"https:\/\/poppersparadise.eu\/pl\/product\/rush-10ml-met-adapter\/","title":{"rendered":"Rush 10ml met Adapter"},"content":{"rendered":"<h2 class=\"wp-block-heading\">Odkryj Rush poppers 10 ml z adapterem<\/h2>\n\n\n\n<p>Rush poppers 10 ml z adapterem to wysokiej jako\u015bci dyfuzor zapachowy, kt\u00f3ry \u0142\u0105czy w sobie tradycj\u0119 i innowacj\u0119. Ta ekskluzywna premiera przenosi dziedzictwo legendarnego poppera PWD Rush w now\u0105 er\u0119 i jest dostarczana z bezp\u0142atnym, innowacyjnym dyfuzorem zapachowym dla zwi\u0119kszenia u\u017cyteczno\u015bci. Idealny zar\u00f3wno dla nowicjuszy, jak i do\u015bwiadczonych u\u017cytkownik\u00f3w, produkt ten oferuje wyj\u0105tkowe i d\u0142ugotrwa\u0142e doznania zapachowe.<\/p>\n\n\n\n<h3 class=\"wp-block-heading\">Dlaczego warto wybra\u0107 poppery Rush?<\/h3>\n\n\n\n<p>Poppery Rush zawieraj\u0105 azotyn izopropylu, kt\u00f3ry zapewnia szybk\u0105 i intensywn\u0105 dyfuzj\u0119 zapachu. Do\u0142\u0105czony dyfuzor zapachu sprawia, \u017ce u\u017cytkowanie jest \u0142atwe i bezproblemowe, pozwalaj\u0105c w pe\u0142ni cieszy\u0107 si\u0119 dyfuzj\u0105 zapachu. Ten produkt jest idealny dla tych, kt\u00f3rzy szukaj\u0105 najwy\u017cszej jako\u015bci wra\u017ce\u0144 z innowacyjnym akcentem.<\/p>\n\n\n\n<h3 class=\"wp-block-heading\">Praktyczna i innowacyjna konstrukcja<\/h3>\n\n\n\n<p>Butelka o pojemno\u015bci 10 ml jest kompaktowa i \u0142atwa w u\u017cyciu, a wysokiej jako\u015bci formu\u0142a zapewnia sta\u0142\u0105 dyfuzj\u0119 zapachu. Bezp\u0142atny dyfuzor zapachowy zapewnia dodatkow\u0105 wygod\u0119 i sprawia, \u017ce produkt ten jest idealny do r\u00f3\u017cnych zastosowa\u0144.<\/p>\n\n\n\n<h3 class=\"wp-block-heading\">Wa\u017cne informacje<\/h3>\n\n\n\n<p>Ten produkt jest przeznaczony wy\u0142\u0105cznie do u\u017cytku jako dyfuzor zapachowy lub rozpuszczalnik czyszcz\u0105cy. Nie nadaje si\u0119 do spo\u017cycia przez ludzi ani do wdychania. Produkt nale\u017cy przechowywa\u0107 w ch\u0142odnym i ciemnym miejscu, a po u\u017cyciu szczelnie zamkn\u0105\u0107 butelk\u0119.<\/p>\n\n\n\n<h3 class=\"wp-block-heading\">Ostrze\u017cenia<\/h3>\n\n\n\n<p>Wysoce \u0142atwopalna ciecz i pary (H225).<br>Powoduje podra\u017cnienie sk\u00f3ry i oczu (H315\/H319).<br>Dzia\u0142a toksycznie przez drogi oddechowe (H331).<br>Brak lek\u00f3w.<br>Stosowa\u0107 wy\u0142\u0105cznie zgodnie z zaleceniami.<\/p>\n\n\n\n<h3 class=\"wp-block-heading\">Przechowywanie<\/h3>\n\n\n\n<p>Przechowywa\u0107 w ch\u0142odnym i suchym miejscu. Przechowywa\u0107 w miejscu niedost\u0119pnym dla dzieci.<\/p>\n\n\n\n<h3 class=\"wp-block-heading\">Kraj pochodzenia<\/h3>\n\n\n\n<p>Francja<\/p>","protected":false},"excerpt":{"rendered":"<p><strong><br \/>KOMPATYBILNE AKCESORIA:<\/strong><\/p>\n<ul>\n<li><a href=\"https:\/\/poppersparadise.eu\/pl\/kategoria-produktu\/akcesoria\/sniffery-male\/\">Sniffers Small<\/a><\/li>\n<li><a href=\"https:\/\/poppersparadise.eu\/pl\/product\/xtrm-poppers-houder-zwart-small\/\">XTRM Poppers Uchwyt ma\u0142y<\/a><\/li>\n<li><a href=\"https:\/\/poppersparadise.eu\/pl\/product\/xtrm-poppers-keeper-small-10ml\/\">XTRM Poppers Keeper Small<\/a><\/li>\n<\/ul>","protected":false},"featured_media":13784,"comment_status":"open","ping_status":"closed","template":"","meta":{"_acf_changed":false},"product_brand":[751],"product_cat":[34,482],"product_tag":[],"class_list":{"0":"post-13783","1":"product","2":"type-product","3":"status-publish","4":"has-post-thumbnail","6":"product_brand-rush","7":"product_cat-kleine-flesjes-poppers","8":"product_cat-aanbiedingen","10":"first","11":"instock","12":"sale","13":"taxable","14":"shipping-taxable","15":"purchasable","16":"product-type-simple"},"acf":[],"df_price":4.95,"df_sale_price":4.95,"df_regular_price":6.7,"df_image_link":"https:\/\/poppersparadise.eu\/wp-content\/uploads\/2025\/02\/RU10-1-300x300.webp","_links":{"self":[{"href":"https:\/\/poppersparadise.eu\/pl\/wp-json\/wp\/v2\/product\/13783","targetHints":{"allow":["GET"]}}],"collection":[{"href":"https:\/\/poppersparadise.eu\/pl\/wp-json\/wp\/v2\/product"}],"about":[{"href":"https:\/\/poppersparadise.eu\/pl\/wp-json\/wp\/v2\/types\/product"}],"replies":[{"embeddable":true,"href":"https:\/\/poppersparadise.eu\/pl\/wp-json\/wp\/v2\/comments?post=13783"}],"wp:featuredmedia":[{"embeddable":true,"href":"https:\/\/poppersparadise.eu\/pl\/wp-json\/wp\/v2\/media\/13784"}],"wp:attachment":[{"href":"https:\/\/poppersparadise.eu\/pl\/wp-json\/wp\/v2\/media?parent=13783"}],"wp:term":[{"taxonomy":"product_brand","embeddable":true,"href":"https:\/\/poppersparadise.eu\/pl\/wp-json\/wp\/v2\/product_brand?post=13783"},{"taxonomy":"product_cat","embeddable":true,"href":"https:\/\/poppersparadise.eu\/pl\/wp-json\/wp\/v2\/product_cat?post=13783"},{"taxonomy":"product_tag","embeddable":true,"href":"https:\/\/poppersparadise.eu\/pl\/wp-json\/wp\/v2\/product_tag?post=13783"}],"curies":[{"name":"wp","href":"https:\/\/api.w.org\/{rel}","templated":true}]}}