{"id":12985,"date":"2024-11-26T12:46:56","date_gmt":"2024-11-26T11:46:56","guid":{"rendered":"https:\/\/poppersparadise.eu\/?post_type=product&#038;p=12985"},"modified":"2026-04-19T17:09:00","modified_gmt":"2026-04-19T15:09:00","slug":"berlin-x-hard-poppers-24ml","status":"publish","type":"product","link":"https:\/\/poppersparadise.eu\/pl\/product\/berlin-x-hard-poppers-24ml\/","title":{"rendered":"Berlin X-Hard 24ml"},"content":{"rendered":"<h2 class=\"wp-block-heading\">Uwolnij moc z Berlin X-Hard Poppers 24ml<\/h2>\n\n\n\n<p>Odkryj wyj\u0105tkowy zapach Berlin X-Hard Poppers 24ml. Stworzony z wysokiej jako\u015bci azotynu propylu, ten dyfuzor zapachowy oferuje intensywny i d\u0142ugotrwa\u0142y zapach idealny na specjalne okazje. Idealny dla os\u00f3b poszukuj\u0105cych mocnego i wyrazistego zapachu.<\/p>\n\n\n\n<h3 class=\"wp-block-heading\">Dlaczego warto wybra\u0107 Berlin X-Hard Poppers 24ml?<\/h3>\n\n\n\n<ul class=\"wp-block-list\">\n<li><strong>Ekonomiczne opcje masowe<\/strong>Skorzystaj z atrakcyjnych rabat\u00f3w przy wi\u0119kszych zakupach.<\/li>\n\n\n\n<li><strong>Wyj\u0105tkowe doznania zapachowe<\/strong>Specjalnie zaprojektowany, aby rozprowadza\u0107 intensywny i d\u0142ugotrwa\u0142y zapach.<\/li>\n\n\n\n<li><strong>Doskona\u0142a warto\u015b\u0107<\/strong>Dzi\u0119ki du\u017cej pojemno\u015bci 24 ml b\u0119dziesz m\u00f3g\u0142 d\u0142u\u017cej cieszy\u0107 si\u0119 tym wysokiej jako\u015bci dyfuzorem zapach\u00f3w.<\/li>\n<\/ul>\n\n\n\n<h3 class=\"wp-block-heading\">Instrukcje u\u017cytkowania<\/h3>\n\n\n\n<ul class=\"wp-block-list\">\n<li><strong>Zapisz<\/strong>Przechowywa\u0107 z dala od bezpo\u015bredniego \u015bwiat\u0142a s\u0142onecznego i ciep\u0142a, aby zachowa\u0107 jako\u015b\u0107.<\/li>\n\n\n\n<li><strong>Bezpiecze\u0144stwo<\/strong>: Wysoce \u0142atwopalny, u\u017cywa\u0107 ostro\u017cnie.<\/li>\n\n\n\n<li><strong>Tylko dla doros\u0142ych<\/strong>: Nieodpowiednie dla nieletnich.<\/li>\n\n\n\n<li><strong>U\u017cywaj ostro\u017cnie<\/strong>Otworzy\u0107 butelk\u0119 w dobrze wentylowanym miejscu i szczelnie zamkn\u0105\u0107 po u\u017cyciu, aby zapobiec parowaniu.<\/li>\n<\/ul>\n\n\n\n<h3 class=\"wp-block-heading\">Wa\u017cne informacje<\/h3>\n\n\n\n<p>Ten produkt jest przeznaczony wy\u0142\u0105cznie do u\u017cytku jako dyfuzor zapachowy lub \u015brodek czyszcz\u0105cy. Nie nadaje si\u0119 do spo\u017cycia ani bezpo\u015bredniego kontaktu ze sk\u00f3r\u0105. Produkt nale\u017cy przechowywa\u0107 w ch\u0142odnym i suchym miejscu, a po u\u017cyciu szczelnie zamkn\u0105\u0107 butelk\u0119.<\/p>\n\n\n\n<h3 class=\"wp-block-heading\">Ostrze\u017cenia<\/h3>\n\n\n\n<ul class=\"wp-block-list\">\n<li>Wysoce \u0142atwopalna ciecz i pary (H225).<\/li>\n\n\n\n<li>Mo\u017ce powodowa\u0107 podra\u017cnienie sk\u00f3ry i oczu (H315\/H319).<\/li>\n\n\n\n<li>Dzia\u0142a toksycznie przez drogi oddechowe (H331).<\/li>\n\n\n\n<li>Brak lek\u00f3w.<\/li>\n\n\n\n<li>Stosowa\u0107 wy\u0142\u0105cznie zgodnie z zaleceniami.<\/li>\n<\/ul>\n\n\n\n<h3 class=\"wp-block-heading\">Przechowywanie<\/h3>\n\n\n\n<p>Przechowywa\u0107 w ch\u0142odnym i suchym miejscu. Przechowywa\u0107 w miejscu niedost\u0119pnym dla dzieci.<\/p>\n\n\n\n<h3 class=\"wp-block-heading\">Kraj pochodzenia<\/h3>\n\n\n\n<p>Francja<\/p>","protected":false},"excerpt":{"rendered":"<p><strong><br \/>KOMPATYBILNE AKCESORIA:<\/strong><\/p>\n<ul>\n<li><a href=\"https:\/\/poppersparadise.eu\/pl\/kategoria-produktu\/akcesoria\/sniffery-duze\/\">Sniffers Large<\/a><\/li>\n<li><a href=\"https:\/\/poppersparadise.eu\/pl\/product\/xtrm-poppers-holder-large\/\">XTRM Poppers Uchwyt du\u017cy<\/a><\/li>\n<li><a href=\"https:\/\/poppersparadise.eu\/pl\/product\/xtrm-poppers-keeper-large-24ml\/\">XTRM Poppers Keeper Large<\/a><\/li>\n<\/ul>","protected":false},"featured_media":12986,"comment_status":"open","ping_status":"closed","template":"","meta":{"_acf_changed":false},"product_brand":[739],"product_cat":[35],"product_tag":[],"class_list":{"0":"post-12985","1":"product","2":"type-product","3":"status-publish","4":"has-post-thumbnail","6":"product_brand-berlin","7":"product_cat-grote-flesjes-poppers","9":"first","10":"instock","11":"taxable","12":"shipping-taxable","13":"purchasable","14":"product-type-simple"},"acf":[],"df_price":6.95,"df_sale_price":"","df_regular_price":6.95,"df_image_link":"https:\/\/poppersparadise.eu\/wp-content\/uploads\/2024\/11\/BH24-300x300.webp","_links":{"self":[{"href":"https:\/\/poppersparadise.eu\/pl\/wp-json\/wp\/v2\/product\/12985","targetHints":{"allow":["GET"]}}],"collection":[{"href":"https:\/\/poppersparadise.eu\/pl\/wp-json\/wp\/v2\/product"}],"about":[{"href":"https:\/\/poppersparadise.eu\/pl\/wp-json\/wp\/v2\/types\/product"}],"replies":[{"embeddable":true,"href":"https:\/\/poppersparadise.eu\/pl\/wp-json\/wp\/v2\/comments?post=12985"}],"wp:featuredmedia":[{"embeddable":true,"href":"https:\/\/poppersparadise.eu\/pl\/wp-json\/wp\/v2\/media\/12986"}],"wp:attachment":[{"href":"https:\/\/poppersparadise.eu\/pl\/wp-json\/wp\/v2\/media?parent=12985"}],"wp:term":[{"taxonomy":"product_brand","embeddable":true,"href":"https:\/\/poppersparadise.eu\/pl\/wp-json\/wp\/v2\/product_brand?post=12985"},{"taxonomy":"product_cat","embeddable":true,"href":"https:\/\/poppersparadise.eu\/pl\/wp-json\/wp\/v2\/product_cat?post=12985"},{"taxonomy":"product_tag","embeddable":true,"href":"https:\/\/poppersparadise.eu\/pl\/wp-json\/wp\/v2\/product_tag?post=12985"}],"curies":[{"name":"wp","href":"https:\/\/api.w.org\/{rel}","templated":true}]}}