{"id":12977,"date":"2024-11-25T12:41:32","date_gmt":"2024-11-25T11:41:32","guid":{"rendered":"https:\/\/poppersparadise.eu\/?post_type=product&#038;p=12977"},"modified":"2026-02-26T12:35:14","modified_gmt":"2026-02-26T11:35:14","slug":"rush-imperial-gold-poppers-10ml","status":"publish","type":"product","link":"https:\/\/poppersparadise.eu\/pl\/product\/rush-imperial-gold-poppers-10ml\/","title":{"rendered":"Rush Imperial Gold 10ml"},"content":{"rendered":"<h2 class=\"wp-block-heading\">Rush Imperial Gold Poppers 10ml<\/h2>\n\n\n\n<p>Uwolnij orze\u017awiaj\u0105ce aromaty dzi\u0119ki Rush Imperial Gold Poppers 10ml - bramie do niezr\u00f3wnanego relaksu i lepszych do\u015bwiadcze\u0144 towarzyskich. Butelka o pojemno\u015bci 10 ml zapewnia \u0142atwy dost\u0119p do \u015bwiata spokoju i komfortu, niezale\u017cnie od tego, czy chcesz si\u0119 zrelaksowa\u0107 po m\u0119cz\u0105cym dniu, czy te\u017c wprawi\u0107 w nastr\u00f3j przed energiczn\u0105 noc\u0105.<\/p>\n\n\n\n<h3 class=\"wp-block-heading\">Specyfikacja produktu<\/h3>\n\n\n\n<ul class=\"wp-block-list\">\n<li><strong>Sk\u0142adnik aktywny<\/strong>: Azotyn izopentylu<\/li>\n\n\n\n<li><strong>Obj\u0119to\u015b\u0107<\/strong>10 ml<\/li>\n<\/ul>\n\n\n\n<h3 class=\"wp-block-heading\">Zalety i funkcje<\/h3>\n\n\n\n<ul class=\"wp-block-list\">\n<li><strong>Szybkie dzia\u0142anie<\/strong>D\u0142ugotrwa\u0142a dyfuzja zapachu dla natychmiastowej ulgi.<\/li>\n\n\n\n<li><strong>Orze\u017awiaj\u0105ce aromaty<\/strong>Unikalna mieszanka dopasowana do ka\u017cdych preferencji.<\/li>\n\n\n\n<li><strong>Relaks i interakcja<\/strong>Zwi\u0119ksza komfort i interakcje spo\u0142eczne.<\/li>\n\n\n\n<li><strong>Uspokojenie<\/strong>: Promuje bezstresowe i spokojne \u015brodowisko.<\/li>\n<\/ul>\n\n\n\n<h3 class=\"wp-block-heading\">Dlaczego warto wybra\u0107 Rush Imperial Gold Poppers 10ml?<\/h3>\n\n\n\n<p>Zaprojektowane dla mi\u0142o\u015bnik\u00f3w popper\u00f3w i fan\u00f3w nocnego \u017cycia, te poppery oferuj\u0105 wi\u0119cej ni\u017c tylko ulotn\u0105 ucieczk\u0119. \u0141\u0105cz\u0105 innowacj\u0119 z tradycj\u0105, inspirowane legendarnym popperem PWD Rush. Niezale\u017cnie od tego, czy szukasz osobistego relaksu, czy wyj\u0105tkowego prezentu dla innych mi\u0142o\u015bnik\u00f3w, te poppery oferuj\u0105 do\u015bwiadczenie, kt\u00f3rym warto si\u0119 podzieli\u0107.<\/p>\n\n\n\n<p>Skorzystaj z naszych atrakcyjnych rabat\u00f3w na zakupy hurtowe i podziel si\u0119 niezapomnianymi wra\u017ceniami z przyjaci\u00f3\u0142mi i rodzin\u0105.<\/p>\n\n\n\n<h3 class=\"wp-block-heading\">Wa\u017cne informacje<\/h3>\n\n\n\n<p>Ten produkt jest przeznaczony wy\u0142\u0105cznie do u\u017cytku jako dyfuzor zapachowy lub rozpuszczalnik czyszcz\u0105cy. Nie nadaje si\u0119 do spo\u017cycia przez ludzi ani do wdychania. Produkt nale\u017cy przechowywa\u0107 w ch\u0142odnym i ciemnym miejscu, a po u\u017cyciu szczelnie zamkn\u0105\u0107 butelk\u0119.<\/p>\n\n\n\n<h3 class=\"wp-block-heading\">Ostrze\u017cenia<\/h3>\n\n\n\n<ul class=\"wp-block-list\">\n<li>Wysoce \u0142atwopalna ciecz i pary (H225).<\/li>\n\n\n\n<li>Powoduje podra\u017cnienie sk\u00f3ry i oczu (H315\/H319).<\/li>\n\n\n\n<li>Dzia\u0142a toksycznie przez drogi oddechowe (H331).<\/li>\n\n\n\n<li>Brak lek\u00f3w.<\/li>\n\n\n\n<li>Stosowa\u0107 wy\u0142\u0105cznie zgodnie z zaleceniami.<\/li>\n<\/ul>\n\n\n\n<h3 class=\"wp-block-heading\">Przechowywanie<\/h3>\n\n\n\n<p>Przechowywa\u0107 w ch\u0142odnym i suchym miejscu. Przechowywa\u0107 w miejscu niedost\u0119pnym dla dzieci.<\/p>\n\n\n\n<h3 class=\"wp-block-heading\">Kraj pochodzenia<\/h3>\n\n\n\n<p>Francja<\/p>","protected":false},"excerpt":{"rendered":"<p><strong><br \/>KOMPATYBILNE AKCESORIA:<\/strong><\/p>\n<ul>\n<li><a href=\"https:\/\/poppersparadise.eu\/pl\/kategoria-produktu\/akcesoria\/sniffery-male\/\">Sniffers Small<\/a><\/li>\n<li><a href=\"https:\/\/poppersparadise.eu\/pl\/product\/xtrm-poppers-houder-zwart-small\/\">XTRM Poppers Uchwyt ma\u0142y<\/a><\/li>\n<li><a href=\"https:\/\/poppersparadise.eu\/pl\/product\/xtrm-poppers-keeper-small-10ml\/\">XTRM Poppers Keeper Small<\/a><\/li>\n<\/ul>","protected":false},"featured_media":12982,"comment_status":"open","ping_status":"closed","template":"","meta":{"_acf_changed":false},"product_brand":[751],"product_cat":[34],"product_tag":[],"class_list":{"0":"post-12977","1":"product","2":"type-product","3":"status-publish","4":"has-post-thumbnail","6":"product_brand-rush","7":"product_cat-kleine-flesjes-poppers","9":"first","10":"instock","11":"taxable","12":"shipping-taxable","13":"purchasable","14":"product-type-simple"},"acf":[],"df_price":5.75,"df_sale_price":"","df_regular_price":5.75,"df_image_link":"https:\/\/poppersparadise.eu\/wp-content\/uploads\/2024\/11\/RIG10-300x300.webp","_links":{"self":[{"href":"https:\/\/poppersparadise.eu\/pl\/wp-json\/wp\/v2\/product\/12977","targetHints":{"allow":["GET"]}}],"collection":[{"href":"https:\/\/poppersparadise.eu\/pl\/wp-json\/wp\/v2\/product"}],"about":[{"href":"https:\/\/poppersparadise.eu\/pl\/wp-json\/wp\/v2\/types\/product"}],"replies":[{"embeddable":true,"href":"https:\/\/poppersparadise.eu\/pl\/wp-json\/wp\/v2\/comments?post=12977"}],"wp:featuredmedia":[{"embeddable":true,"href":"https:\/\/poppersparadise.eu\/pl\/wp-json\/wp\/v2\/media\/12982"}],"wp:attachment":[{"href":"https:\/\/poppersparadise.eu\/pl\/wp-json\/wp\/v2\/media?parent=12977"}],"wp:term":[{"taxonomy":"product_brand","embeddable":true,"href":"https:\/\/poppersparadise.eu\/pl\/wp-json\/wp\/v2\/product_brand?post=12977"},{"taxonomy":"product_cat","embeddable":true,"href":"https:\/\/poppersparadise.eu\/pl\/wp-json\/wp\/v2\/product_cat?post=12977"},{"taxonomy":"product_tag","embeddable":true,"href":"https:\/\/poppersparadise.eu\/pl\/wp-json\/wp\/v2\/product_tag?post=12977"}],"curies":[{"name":"wp","href":"https:\/\/api.w.org\/{rel}","templated":true}]}}