{"id":12963,"date":"2024-11-25T12:09:11","date_gmt":"2024-11-25T11:09:11","guid":{"rendered":"https:\/\/poppersparadise.eu\/?post_type=product&#038;p=12963"},"modified":"2026-04-22T21:31:23","modified_gmt":"2026-04-22T19:31:23","slug":"iron-fist-ultra-strong-poppers-10ml","status":"publish","type":"product","link":"https:\/\/poppersparadise.eu\/pl\/product\/iron-fist-ultra-strong-poppers-10ml\/","title":{"rendered":"Iron Fist Ultra Strong 10ml"},"content":{"rendered":"<h2 class=\"wp-block-heading\">Odkryj sensacj\u0119 z Iron Fist Ultra Strong Poppers 10ml<\/h2>\n\n\n\n<p>Poznaj moc Iron Fist Ultra Strong Poppers 10ml, dyfuzora zapachowego zaprojektowanego specjalnie, aby zapewni\u0107 intensywne i wyj\u0105tkowe doznania zapachowe. Idealny dla os\u00f3b poszukuj\u0105cych wyrafinowanej atmosfery i d\u0142ugotrwa\u0142ej dyfuzji zapachu.<\/p>\n\n\n\n<h3 class=\"wp-block-heading\">Uwolnij moc zaawansowanej formu\u0142y<\/h3>\n\n\n\n<ul class=\"wp-block-list\">\n<li><strong>Magia azotynu pentylu<\/strong>Pot\u0119\u017cna formu\u0142a, kt\u00f3ra zapewnia intensywne i d\u0142ugotrwa\u0142e doznania zapachowe.<\/li>\n\n\n\n<li><strong>Ultra-wytrzyma\u0142a wersja<\/strong>Ciesz si\u0119 ulepszon\u0105 wersj\u0105, kt\u00f3ra zapewnia jeszcze bardziej intensywne wra\u017cenia.<\/li>\n<\/ul>\n\n\n\n<h3 class=\"wp-block-heading\">Innowacyjny i zr\u00f3wnowa\u017cony projekt<\/h3>\n\n\n\n<ul class=\"wp-block-list\">\n<li><strong>Nak\u0142adka zabezpieczaj\u0105ca<\/strong>Zapobiega niepo\u017c\u0105danemu otwarciu i zapewnia bezpieczne u\u017cytkowanie.<\/li>\n<\/ul>\n\n\n\n<h3 class=\"wp-block-heading\">Wa\u017cne informacje<\/h3>\n\n\n\n<p>Ten produkt jest przeznaczony wy\u0142\u0105cznie do u\u017cytku jako dyfuzor zapachowy lub rozpuszczalnik czyszcz\u0105cy. Nie nadaje si\u0119 do spo\u017cycia przez ludzi ani do wdychania. Produkt nale\u017cy przechowywa\u0107 w ch\u0142odnym i ciemnym miejscu, a po u\u017cyciu szczelnie zamkn\u0105\u0107 butelk\u0119.<\/p>\n\n\n\n<h3 class=\"wp-block-heading\">Ostrze\u017cenia<\/h3>\n\n\n\n<ul class=\"wp-block-list\">\n<li>Wysoce \u0142atwopalna ciecz i pary (H225).<\/li>\n\n\n\n<li>Powoduje podra\u017cnienie sk\u00f3ry i oczu (H315\/H319).<\/li>\n\n\n\n<li>Dzia\u0142a toksycznie przez drogi oddechowe (H331).<\/li>\n\n\n\n<li>Brak lek\u00f3w.<\/li>\n\n\n\n<li>Stosowa\u0107 wy\u0142\u0105cznie zgodnie z zaleceniami.<\/li>\n<\/ul>\n\n\n\n<h3 class=\"wp-block-heading\">Przechowywanie<\/h3>\n\n\n\n<p>Przechowywa\u0107 w ch\u0142odnym i suchym miejscu. Przechowywa\u0107 w miejscu niedost\u0119pnym dla dzieci.<\/p>\n\n\n\n<h3 class=\"wp-block-heading\">Kraj pochodzenia<\/h3>\n\n\n\n<p>Francja<\/p>","protected":false},"excerpt":{"rendered":"<p><strong><br \/>KOMPATYBILNE AKCESORIA:<\/strong><\/p>\n<ul>\n<li><a href=\"https:\/\/poppersparadise.eu\/pl\/kategoria-produktu\/akcesoria\/sniffery-male\/\">Sniffers Small<\/a><\/li>\n<li><a href=\"https:\/\/poppersparadise.eu\/pl\/product\/xtrm-poppers-houder-zwart-small\/\">XTRM Poppers Uchwyt ma\u0142y<\/a><\/li>\n<li><a href=\"https:\/\/poppersparadise.eu\/pl\/product\/xtrm-poppers-keeper-small-10ml\/\">XTRM Poppers Keeper Small<\/a><\/li>\n<\/ul>","protected":false},"featured_media":12964,"comment_status":"open","ping_status":"closed","template":"","meta":{"_acf_changed":false},"product_brand":[742],"product_cat":[34],"product_tag":[],"class_list":{"0":"post-12963","1":"product","2":"type-product","3":"status-publish","4":"has-post-thumbnail","6":"product_brand-iron-fist","7":"product_cat-kleine-flesjes-poppers","9":"first","10":"instock","11":"taxable","12":"shipping-taxable","13":"purchasable","14":"product-type-simple"},"acf":[],"df_price":5.75,"df_sale_price":"","df_regular_price":5.75,"df_image_link":"https:\/\/poppersparadise.eu\/wp-content\/uploads\/2024\/11\/IFUS10-300x300.webp","_links":{"self":[{"href":"https:\/\/poppersparadise.eu\/pl\/wp-json\/wp\/v2\/product\/12963","targetHints":{"allow":["GET"]}}],"collection":[{"href":"https:\/\/poppersparadise.eu\/pl\/wp-json\/wp\/v2\/product"}],"about":[{"href":"https:\/\/poppersparadise.eu\/pl\/wp-json\/wp\/v2\/types\/product"}],"replies":[{"embeddable":true,"href":"https:\/\/poppersparadise.eu\/pl\/wp-json\/wp\/v2\/comments?post=12963"}],"wp:featuredmedia":[{"embeddable":true,"href":"https:\/\/poppersparadise.eu\/pl\/wp-json\/wp\/v2\/media\/12964"}],"wp:attachment":[{"href":"https:\/\/poppersparadise.eu\/pl\/wp-json\/wp\/v2\/media?parent=12963"}],"wp:term":[{"taxonomy":"product_brand","embeddable":true,"href":"https:\/\/poppersparadise.eu\/pl\/wp-json\/wp\/v2\/product_brand?post=12963"},{"taxonomy":"product_cat","embeddable":true,"href":"https:\/\/poppersparadise.eu\/pl\/wp-json\/wp\/v2\/product_cat?post=12963"},{"taxonomy":"product_tag","embeddable":true,"href":"https:\/\/poppersparadise.eu\/pl\/wp-json\/wp\/v2\/product_tag?post=12963"}],"curies":[{"name":"wp","href":"https:\/\/api.w.org\/{rel}","templated":true}]}}