{"id":12112,"date":"2024-11-01T15:52:57","date_gmt":"2024-11-01T14:52:57","guid":{"rendered":"https:\/\/poppersparadise.eu\/?post_type=product&#038;p=12112"},"modified":"2026-04-15T14:42:12","modified_gmt":"2026-04-15T12:42:12","slug":"ultramyl-poppers-24ml","status":"publish","type":"product","link":"https:\/\/poppersparadise.eu\/pl\/product\/ultramyl-poppers-24ml\/","title":{"rendered":"Ultramyl 24ml"},"content":{"rendered":"<h2 class=\"wp-block-heading\">Odkryj dreszczyk emocji z Ultramyl 24ml Poppers<\/h2>\n\n\n\n<p>Poznaj wyj\u0105tkowe doznania zapachowe Ultramyl 24ml, dyfuzora zapachowego zaprojektowanego specjalnie dla koneser\u00f3w. Ten bestseller oferuje wyrafinowane doznania i jest idealny dla tych, kt\u00f3rzy szukaj\u0105 intensywnej i d\u0142ugotrwa\u0142ej dyfuzji zapach\u00f3w.<\/p>\n\n\n\n<h3 class=\"wp-block-heading\">Uwolnij moc zaawansowanej formu\u0142y<\/h3>\n\n\n\n<ul class=\"wp-block-list\">\n<li><strong>Wyj\u0105tkowe doznania<\/strong>Zaprojektowany specjalnie dla mi\u0142o\u015bnik\u00f3w dyfuzor\u00f3w zapachowych, Ultramyl 24ml oferuje naprawd\u0119 wyj\u0105tkowe doznania.<\/li>\n\n\n\n<li><strong>Zwi\u0119kszone do\u015bwiadczenie<\/strong>Zaawansowana formu\u0142a zapewniaj\u0105ca d\u0142ugotrwa\u0142\u0105 i siln\u0105 dyfuzj\u0119 zapachu.<\/li>\n<\/ul>\n\n\n\n<h3 class=\"wp-block-heading\">Innowacyjny i zr\u00f3wnowa\u017cony projekt<\/h3>\n\n\n\n<ul class=\"wp-block-list\">\n<li><strong>Wytrzyma\u0142a szklana butelka<\/strong>: Zachowuje \u015bwie\u017co\u015b\u0107 aromatu i zapewnia trwa\u0142o\u015b\u0107.<\/li>\n\n\n\n<li><strong>Nak\u0142adka zabezpieczaj\u0105ca<\/strong>Zapobiega przypadkowemu otwarciu, zapewniaj\u0105c dodatkowe bezpiecze\u0144stwo i wygod\u0119.<\/li>\n<\/ul>\n\n\n\n<h3 class=\"wp-block-heading\">Specyfikacja produktu<\/h3>\n\n\n\n<ul class=\"wp-block-list\">\n<li><strong>Sk\u0142adnik aktywny<\/strong>Amyl<\/li>\n\n\n\n<li><strong>Tre\u015b\u0107<\/strong>24 ml<\/li>\n<\/ul>\n\n\n\n<h3 class=\"wp-block-heading\">Wa\u017cne przypomnienia dotycz\u0105ce bezpiecze\u0144stwa<\/h3>\n\n\n\n<ul class=\"wp-block-list\">\n<li>Ten produkt jest przeznaczony wy\u0142\u0105cznie do u\u017cytku jako dyfuzor zapachowy lub rozpuszczalnik czyszcz\u0105cy.<\/li>\n\n\n\n<li>Nie nadaje si\u0119 do spo\u017cycia przez ludzi ani do wdychania.<\/li>\n\n\n\n<li>Unika\u0107 bezpo\u015bredniego kontaktu ze sk\u00f3r\u0105 ze wzgl\u0119du na w\u0142a\u015bciwo\u015bci \u017cr\u0105ce.<\/li>\n\n\n\n<li>Przechowywa\u0107 w ch\u0142odnym, ciemnym miejscu i szczelnie zamkn\u0105\u0107 butelk\u0119 po u\u017cyciu.<\/li>\n<\/ul>\n\n\n\n<h3 class=\"wp-block-heading\">Ostrze\u017cenia<\/h3>\n\n\n\n<ul class=\"wp-block-list\">\n<li>Wysoce \u0142atwopalna ciecz i pary (H225)<\/li>\n\n\n\n<li>Powoduje podra\u017cnienie sk\u00f3ry i oczu (H315\/H319)<\/li>\n\n\n\n<li>Dzia\u0142a toksycznie przez drogi oddechowe (H331)<\/li>\n\n\n\n<li>Brak lek\u00f3w<\/li>\n\n\n\n<li>Stosowa\u0107 wy\u0142\u0105cznie zgodnie z zaleceniami<\/li>\n<\/ul>\n\n\n\n<h3 class=\"wp-block-heading\">Przechowywanie<\/h3>\n\n\n\n<ul class=\"wp-block-list\">\n<li>Przechowywa\u0107 w ch\u0142odnym i suchym miejscu.<\/li>\n\n\n\n<li>Przechowywa\u0107 w miejscu niedost\u0119pnym dla dzieci.<\/li>\n<\/ul>\n\n\n\n<h3 class=\"wp-block-heading\">Kraj pochodzenia<\/h3>\n\n\n\n<p>Luksemburg<\/p>","protected":false},"excerpt":{"rendered":"<p><strong><br \/>KOMPATYBILNE AKCESORIA:<\/strong><\/p>\n<ul>\n<li><a href=\"https:\/\/poppersparadise.eu\/pl\/kategoria-produktu\/akcesoria\/sniffery-duze\/\">Sniffers Large<\/a><\/li>\n<li><a href=\"https:\/\/poppersparadise.eu\/pl\/product\/xtrm-poppers-holder-large\/\">XTRM Poppers Uchwyt du\u017cy<\/a><\/li>\n<li><a href=\"https:\/\/poppersparadise.eu\/pl\/product\/xtrm-poppers-keeper-large-24ml\/\">XTRM Poppers Keeper Large<\/a><\/li>\n<\/ul>","protected":false},"featured_media":12113,"comment_status":"open","ping_status":"closed","template":"","meta":{"_acf_changed":false},"product_brand":[736],"product_cat":[35],"product_tag":[],"class_list":{"0":"post-12112","1":"product","2":"type-product","3":"status-publish","4":"has-post-thumbnail","6":"product_brand-amyl","7":"product_cat-grote-flesjes-poppers","9":"first","10":"instock","11":"taxable","12":"shipping-taxable","13":"purchasable","14":"product-type-simple"},"acf":[],"df_price":6.95,"df_sale_price":"","df_regular_price":6.95,"df_image_link":"https:\/\/poppersparadise.eu\/wp-content\/uploads\/2024\/11\/AMU24-300x300.webp","_links":{"self":[{"href":"https:\/\/poppersparadise.eu\/pl\/wp-json\/wp\/v2\/product\/12112","targetHints":{"allow":["GET"]}}],"collection":[{"href":"https:\/\/poppersparadise.eu\/pl\/wp-json\/wp\/v2\/product"}],"about":[{"href":"https:\/\/poppersparadise.eu\/pl\/wp-json\/wp\/v2\/types\/product"}],"replies":[{"embeddable":true,"href":"https:\/\/poppersparadise.eu\/pl\/wp-json\/wp\/v2\/comments?post=12112"}],"wp:featuredmedia":[{"embeddable":true,"href":"https:\/\/poppersparadise.eu\/pl\/wp-json\/wp\/v2\/media\/12113"}],"wp:attachment":[{"href":"https:\/\/poppersparadise.eu\/pl\/wp-json\/wp\/v2\/media?parent=12112"}],"wp:term":[{"taxonomy":"product_brand","embeddable":true,"href":"https:\/\/poppersparadise.eu\/pl\/wp-json\/wp\/v2\/product_brand?post=12112"},{"taxonomy":"product_cat","embeddable":true,"href":"https:\/\/poppersparadise.eu\/pl\/wp-json\/wp\/v2\/product_cat?post=12112"},{"taxonomy":"product_tag","embeddable":true,"href":"https:\/\/poppersparadise.eu\/pl\/wp-json\/wp\/v2\/product_tag?post=12112"}],"curies":[{"name":"wp","href":"https:\/\/api.w.org\/{rel}","templated":true}]}}