{"id":865,"date":"2024-10-08T16:52:13","date_gmt":"2024-10-08T14:52:13","guid":{"rendered":"https:\/\/poppersparadise.eu\/product\/amyl-metal-30ml\/"},"modified":"2026-04-14T14:16:04","modified_gmt":"2026-04-14T12:16:04","slug":"popper-in-metallo-amilico-24ml-2","status":"publish","type":"product","link":"https:\/\/poppersparadise.eu\/it\/product\/amyl-metal-poppers-24ml\/","title":{"rendered":"Amyl (Metal) 30ml"},"content":{"rendered":"<h2 class=\"wp-block-heading\">La potenza di Amyl Metal Poppers <\/h2>\n\n\n\n<p>Scoprite l'irresistibile qualit\u00e0 di Amyl Metal Poppers , confezionato in un comodo e resistente flacone di metallo da 30 ml. Questo diffusore di fragranze offre un'esperienza di profumazione intensa e duratura, perfetta per gli amanti dei prodotti di alta qualit\u00e0.<\/p>\n\n\n\n<h3 class=\"wp-block-heading\">Caratteristiche principali<\/h3>\n\n\n\n<ul class=\"wp-block-list\">\n<li><strong>Effetto di lunga durata<\/strong>Con una capacit\u00e0 di 30 ml, potrete godere di una potente diffusione del profumo pi\u00f9 a lungo.<\/li>\n\n\n\n<li><strong>Bottiglia in metallo resistente<\/strong>Il design robusto garantisce freschezza e qualit\u00e0.<\/li>\n\n\n\n<li><strong>Formula di alta qualit\u00e0<\/strong>: Appositamente progettato per un'esperienza di profumazione intensa.<\/li>\n<\/ul>\n\n\n\n<h3 class=\"wp-block-heading\">Informazioni importanti per l'utente<\/h3>\n\n\n\n<ul class=\"wp-block-list\">\n<li>Questo prodotto \u00e8 destinato esclusivamente all'uso come diffusore di fragranze o come solvente per la pulizia.<\/li>\n\n\n\n<li>Non \u00e8 adatto al consumo umano o all'inalazione.<\/li>\n\n\n\n<li>Evitare il contatto diretto con la pelle a causa delle sue propriet\u00e0 caustiche.<\/li>\n\n\n\n<li>Conservare in un luogo fresco e buio e chiudere bene il flacone dopo l'uso.<\/li>\n<\/ul>\n\n\n\n<h3 class=\"wp-block-heading\">Avvertenze<\/h3>\n\n\n\n<ul class=\"wp-block-list\">\n<li>Liquido e vapore altamente infiammabili (H225).<\/li>\n\n\n\n<li>Provoca irritazione cutanea e oculare (H315\/H319).<\/li>\n\n\n\n<li>Tossico per inalazione (H331).<\/li>\n\n\n\n<li>Non \u00e8 un farmaco o un prodotto medico.<\/li>\n\n\n\n<li>Utilizzare solo come indicato.<\/li>\n<\/ul>\n\n\n\n<h3 class=\"wp-block-heading\">Immagazzinamento<\/h3>\n\n\n\n<ul class=\"wp-block-list\">\n<li>Conservare al fresco e all'asciutto.<\/li>\n\n\n\n<li>Tenere fuori dalla portata dei bambini.<\/li>\n<\/ul>\n\n\n\n<p><strong>Paese di origine<\/strong>: Lussemburgo<\/p>\n\n\n\n<h3 class=\"wp-block-heading\">Ordina oggi Amyl Metal Poppers<\/h3>\n\n\n\n<p>Con Amyl Metal Poppers si ottiene un potente diffusore di fragranze che unisce qualit\u00e0 e funzionalit\u00e0. Ordinate oggi stesso e scoprite perch\u00e9 questo prodotto \u00e8 il preferito dagli appassionati di diffusori di fragranze!<\/p>","protected":false},"excerpt":{"rendered":"<p><strong><br \/>ACCESSORI COMPATIBILI:<\/strong><\/p>\n<ul>\n<li><a href=\"https:\/\/poppersparadise.eu\/it\/categoria-di-prodotto\/accessori\/annusatori-piccoli\/\">Fiuto Piccolo<\/a><\/li>\n<\/ul>","protected":false},"featured_media":329,"comment_status":"open","ping_status":"closed","template":"","meta":{"_acf_changed":false},"product_brand":[736],"product_cat":[35],"product_tag":[],"class_list":{"0":"post-865","1":"product","2":"type-product","3":"status-publish","4":"has-post-thumbnail","6":"product_brand-amyl","7":"product_cat-grote-flesjes-poppers","9":"first","10":"instock","11":"taxable","12":"shipping-taxable","13":"purchasable","14":"product-type-simple"},"acf":[],"df_price":7.95,"df_sale_price":"","df_regular_price":7.95,"df_image_link":"https:\/\/poppersparadise.eu\/wp-content\/uploads\/2024\/10\/amy30-b-300x300.jpg","_links":{"self":[{"href":"https:\/\/poppersparadise.eu\/it\/wp-json\/wp\/v2\/product\/865","targetHints":{"allow":["GET"]}}],"collection":[{"href":"https:\/\/poppersparadise.eu\/it\/wp-json\/wp\/v2\/product"}],"about":[{"href":"https:\/\/poppersparadise.eu\/it\/wp-json\/wp\/v2\/types\/product"}],"replies":[{"embeddable":true,"href":"https:\/\/poppersparadise.eu\/it\/wp-json\/wp\/v2\/comments?post=865"}],"wp:featuredmedia":[{"embeddable":true,"href":"https:\/\/poppersparadise.eu\/it\/wp-json\/wp\/v2\/media\/329"}],"wp:attachment":[{"href":"https:\/\/poppersparadise.eu\/it\/wp-json\/wp\/v2\/media?parent=865"}],"wp:term":[{"taxonomy":"product_brand","embeddable":true,"href":"https:\/\/poppersparadise.eu\/it\/wp-json\/wp\/v2\/product_brand?post=865"},{"taxonomy":"product_cat","embeddable":true,"href":"https:\/\/poppersparadise.eu\/it\/wp-json\/wp\/v2\/product_cat?post=865"},{"taxonomy":"product_tag","embeddable":true,"href":"https:\/\/poppersparadise.eu\/it\/wp-json\/wp\/v2\/product_tag?post=865"}],"curies":[{"name":"wp","href":"https:\/\/api.w.org\/{rel}","templated":true}]}}