{"id":864,"date":"2024-10-08T16:52:13","date_gmt":"2024-10-08T14:52:13","guid":{"rendered":"https:\/\/poppersparadise.eu\/product\/amyl-24ml-long\/"},"modified":"2026-04-14T13:54:31","modified_gmt":"2026-04-14T11:54:31","slug":"amile-lungo-poppers-24ml","status":"publish","type":"product","link":"https:\/\/poppersparadise.eu\/it\/product\/amyl-long-poppers-24ml\/","title":{"rendered":"Amyl 24ml Long"},"content":{"rendered":"<h2 class=\"wp-block-heading\">Amyl Bottiglia lunga Poppers - Potente diffusore di fragranze in un formato conveniente<\/h2>\n\n\n\n<p>Scoprite la qualit\u00e0 di Amyl Long Bottle Poppers, confezionato in un comodo flacone da 24 ml. Questo diffusore di fragranze offre un'esperienza di profumazione intensa e duratura, perfetta per gli amanti dei prodotti di alta qualit\u00e0.<\/p>\n\n\n\n<h3 class=\"wp-block-heading\">Caratteristiche principali<\/h3>\n\n\n\n<ul class=\"wp-block-list\">\n<li><strong>Effetto di lunga durata<\/strong>Con una capacit\u00e0 di 24 ml, potrete godere di una potente diffusione del profumo pi\u00f9 a lungo.<\/li>\n\n\n\n<li><strong>Formato conveniente<\/strong>La bottiglia sottile \u00e8 facile da riporre e da trasportare.<\/li>\n\n\n\n<li><strong>Formula di alta qualit\u00e0<\/strong>: Appositamente progettato per un'esperienza di profumazione intensa.<\/li>\n<\/ul>\n\n\n\n<h3 class=\"wp-block-heading\">Informazioni importanti per l'utente<\/h3>\n\n\n\n<ul class=\"wp-block-list\">\n<li>Questo prodotto \u00e8 destinato esclusivamente all'uso come diffusore di fragranze o come solvente per la pulizia.<\/li>\n\n\n\n<li>Non \u00e8 adatto al consumo umano o all'inalazione.<\/li>\n\n\n\n<li>Evitare il contatto diretto con la pelle a causa delle sue propriet\u00e0 caustiche.<\/li>\n\n\n\n<li>Conservare in un luogo fresco e buio e chiudere bene il flacone dopo l'uso.<\/li>\n<\/ul>\n\n\n\n<h3 class=\"wp-block-heading\">Avvertenze<\/h3>\n\n\n\n<ul class=\"wp-block-list\">\n<li>Liquido e vapore altamente infiammabili (H225).<\/li>\n\n\n\n<li>Provoca irritazione cutanea e oculare (H315\/H319).<\/li>\n\n\n\n<li>Tossico per inalazione (H331).<\/li>\n\n\n\n<li>Non \u00e8 un farmaco o un prodotto medico.<\/li>\n\n\n\n<li>Utilizzare solo come indicato.<\/li>\n<\/ul>\n\n\n\n<h3 class=\"wp-block-heading\">Immagazzinamento<\/h3>\n\n\n\n<ul class=\"wp-block-list\">\n<li>Conservare al fresco e all'asciutto.<\/li>\n\n\n\n<li>Tenere fuori dalla portata dei bambini.<\/li>\n<\/ul>\n\n\n\n<p><strong>Paese di origine<\/strong>: Lussemburgo<\/p>\n\n\n\n<h3 class=\"wp-block-heading\">Ordina oggi il flacone lungo Amyl Poppers<\/h3>\n\n\n\n<p>Con Amyl Long Bottle Poppers si ottiene un potente diffusore di fragranze che unisce qualit\u00e0 e funzionalit\u00e0. Ordinate oggi stesso e scoprite perch\u00e9 questo prodotto \u00e8 il preferito dagli appassionati di diffusori di fragranze!<\/p>","protected":false},"excerpt":{"rendered":"<p><strong><br \/>ACCESSORI COMPATIBILI:<\/strong><\/p>\n<ul>\n<li><a href=\"https:\/\/poppersparadise.eu\/it\/categoria-di-prodotto\/accessori\/annusatori-piccoli\/\">Fiuto Piccolo<\/a><\/li>\n<\/ul>","protected":false},"featured_media":328,"comment_status":"open","ping_status":"closed","template":"","meta":{"_acf_changed":false},"product_brand":[736],"product_cat":[35],"product_tag":[705],"class_list":{"0":"post-864","1":"product","2":"type-product","3":"status-publish","4":"has-post-thumbnail","6":"product_brand-amyl","7":"product_cat-grote-flesjes-poppers","8":"product_tag-tube","10":"first","11":"instock","12":"taxable","13":"shipping-taxable","14":"purchasable","15":"product-type-simple"},"acf":[],"df_price":7.95,"df_sale_price":"","df_regular_price":7.95,"df_image_link":"https:\/\/poppersparadise.eu\/wp-content\/uploads\/2024\/10\/al24-300x300.jpg","_links":{"self":[{"href":"https:\/\/poppersparadise.eu\/it\/wp-json\/wp\/v2\/product\/864","targetHints":{"allow":["GET"]}}],"collection":[{"href":"https:\/\/poppersparadise.eu\/it\/wp-json\/wp\/v2\/product"}],"about":[{"href":"https:\/\/poppersparadise.eu\/it\/wp-json\/wp\/v2\/types\/product"}],"replies":[{"embeddable":true,"href":"https:\/\/poppersparadise.eu\/it\/wp-json\/wp\/v2\/comments?post=864"}],"wp:featuredmedia":[{"embeddable":true,"href":"https:\/\/poppersparadise.eu\/it\/wp-json\/wp\/v2\/media\/328"}],"wp:attachment":[{"href":"https:\/\/poppersparadise.eu\/it\/wp-json\/wp\/v2\/media?parent=864"}],"wp:term":[{"taxonomy":"product_brand","embeddable":true,"href":"https:\/\/poppersparadise.eu\/it\/wp-json\/wp\/v2\/product_brand?post=864"},{"taxonomy":"product_cat","embeddable":true,"href":"https:\/\/poppersparadise.eu\/it\/wp-json\/wp\/v2\/product_cat?post=864"},{"taxonomy":"product_tag","embeddable":true,"href":"https:\/\/poppersparadise.eu\/it\/wp-json\/wp\/v2\/product_tag?post=864"}],"curies":[{"name":"wp","href":"https:\/\/api.w.org\/{rel}","templated":true}]}}