{"id":862,"date":"2024-10-08T16:52:12","date_gmt":"2024-10-08T14:52:12","guid":{"rendered":"https:\/\/poppersparadise.eu\/product\/amsterdam-zero-10ml\/"},"modified":"2026-04-07T22:04:01","modified_gmt":"2026-04-07T20:04:01","slug":"amsterdam-zero-poppers-10ml","status":"publish","type":"product","link":"https:\/\/poppersparadise.eu\/it\/product\/amsterdam-zero-poppers-10ml\/","title":{"rendered":"Amsterdam Zero 10ml"},"content":{"rendered":"<h2 class=\"wp-block-heading\">Scoprite la potente esperienza di Amsterdam Zero Poppers<\/h2>\n\n\n\n<p>Entrate nel mondo della diffusione di fragranze di alta qualit\u00e0 con Amsterdam Zero Poppers. Disponibile in flaconi da 10 o 24 ml in confezione discreta, questo prodotto offre un'esperienza di fragranza intensa e duratura, perfetta per gli amanti della qualit\u00e0 e dell'efficacia.<\/p>\n\n\n\n<h3 class=\"wp-block-heading\">Miscela unica per un'esperienza di fragranza potente<\/h3>\n\n\n\n<p>Amsterdam Zero Poppers \u00e8 composto da una miscela unica di nitriti di isopropile e isopentile, che garantisce una dispersione della fragranza potente e duratura.<\/p>\n\n\n\n<h3 class=\"wp-block-heading\">Aroma di lunga durata grazie alla megapellet<\/h3>\n\n\n\n<p>La megapellet presente nel flacone aiuta a mantenere l'aroma pi\u00f9 a lungo, anche quando viene aperto pi\u00f9 volte. Questo lo rende ideale per un uso prolungato.<\/p>\n\n\n\n<h3 class=\"wp-block-heading\">Caratteristiche principali<\/h3>\n\n\n\n<ul class=\"wp-block-list\">\n<li><strong>Formula unica<\/strong>Una miscela di nitriti di isopropile e isopentile per un'esperienza di profumazione intensa.<\/li>\n\n\n\n<li><strong>Aroma di lunga durata<\/strong>Grazie alla megapellet, la fragranza rimane pi\u00f9 a lungo.<\/li>\n\n\n\n<li><strong>Disponibile in 10 ml e 24 ml<\/strong>Scegliere il formato pi\u00f9 adatto alle proprie esigenze.<\/li>\n<\/ul>\n\n\n\n<h3 class=\"wp-block-heading\">Informazioni importanti per l'utente<\/h3>\n\n\n\n<ul class=\"wp-block-list\">\n<li>Questo prodotto \u00e8 destinato esclusivamente all'uso come diffusore di fragranze o come solvente per la pulizia.<\/li>\n\n\n\n<li>Non \u00e8 adatto al consumo umano o all'inalazione.<\/li>\n\n\n\n<li>Evitare il contatto diretto con la pelle a causa delle sue propriet\u00e0 caustiche.<\/li>\n\n\n\n<li>Conservare in un luogo fresco e buio e chiudere bene il flacone dopo l'uso.<\/li>\n<\/ul>\n\n\n\n<h3 class=\"wp-block-heading\">Avvertenze<\/h3>\n\n\n\n<ul class=\"wp-block-list\">\n<li>Liquido e vapore altamente infiammabili (H225).<\/li>\n\n\n\n<li>Provoca irritazione cutanea e oculare (H315\/H319).<\/li>\n\n\n\n<li>Tossico per inalazione (H331).<\/li>\n\n\n\n<li>Non \u00e8 un farmaco o un prodotto medico.<\/li>\n\n\n\n<li>Utilizzare solo come indicato.<\/li>\n<\/ul>\n\n\n\n<h3 class=\"wp-block-heading\">Immagazzinamento<\/h3>\n\n\n\n<ul class=\"wp-block-list\">\n<li>Conservare al fresco e all'asciutto.<\/li>\n\n\n\n<li>Tenere fuori dalla portata dei bambini.<\/li>\n<\/ul>\n\n\n\n<p><strong>Paese di origine<\/strong>: Paesi Bassi<\/p>\n\n\n\n<h3 class=\"wp-block-heading\">Ordina oggi Zero Amsterdam Poppers<\/h3>\n\n\n\n<p>Con Amsterdam Zero Poppers si ottiene un potente diffusore di fragranze che unisce qualit\u00e0 e funzionalit\u00e0. Ordinate oggi stesso e scoprite perch\u00e9 questo prodotto \u00e8 il preferito dagli appassionati di diffusori di fragranze!<\/p>","protected":false},"excerpt":{"rendered":"<p><strong><br \/>ACCESSORI COMPATIBILI:<\/strong><\/p>\n<ul>\n<li><a href=\"https:\/\/poppersparadise.eu\/it\/categoria-di-prodotto\/accessori\/annusatori-piccoli\/\">Fiuto Piccolo<\/a><\/li>\n<li><a href=\"https:\/\/poppersparadise.eu\/it\/prodotto\/xtrm-poppers-houder-zwart-small\/\">XTRM Poppers Supporto Piccolo<\/a><\/li>\n<li><a href=\"https:\/\/poppersparadise.eu\/it\/prodotto\/poppers-xtrm-keeper-small-10ml-2\/\">XTRM Poppers Custode Piccolo<\/a><\/li>\n<\/ul>","protected":false},"featured_media":556,"comment_status":"open","ping_status":"closed","template":"","meta":{"_acf_changed":false},"product_brand":[735],"product_cat":[34],"product_tag":[],"class_list":{"0":"post-862","1":"product","2":"type-product","3":"status-publish","4":"has-post-thumbnail","6":"product_brand-amsterdam","7":"product_cat-kleine-flesjes-poppers","9":"first","10":"instock","11":"taxable","12":"shipping-taxable","13":"purchasable","14":"product-type-simple"},"acf":[],"df_price":5.75,"df_sale_price":"","df_regular_price":5.75,"df_image_link":"https:\/\/poppersparadise.eu\/wp-content\/uploads\/2024\/10\/amz10-300x300.jpg","_links":{"self":[{"href":"https:\/\/poppersparadise.eu\/it\/wp-json\/wp\/v2\/product\/862","targetHints":{"allow":["GET"]}}],"collection":[{"href":"https:\/\/poppersparadise.eu\/it\/wp-json\/wp\/v2\/product"}],"about":[{"href":"https:\/\/poppersparadise.eu\/it\/wp-json\/wp\/v2\/types\/product"}],"replies":[{"embeddable":true,"href":"https:\/\/poppersparadise.eu\/it\/wp-json\/wp\/v2\/comments?post=862"}],"wp:featuredmedia":[{"embeddable":true,"href":"https:\/\/poppersparadise.eu\/it\/wp-json\/wp\/v2\/media\/556"}],"wp:attachment":[{"href":"https:\/\/poppersparadise.eu\/it\/wp-json\/wp\/v2\/media?parent=862"}],"wp:term":[{"taxonomy":"product_brand","embeddable":true,"href":"https:\/\/poppersparadise.eu\/it\/wp-json\/wp\/v2\/product_brand?post=862"},{"taxonomy":"product_cat","embeddable":true,"href":"https:\/\/poppersparadise.eu\/it\/wp-json\/wp\/v2\/product_cat?post=862"},{"taxonomy":"product_tag","embeddable":true,"href":"https:\/\/poppersparadise.eu\/it\/wp-json\/wp\/v2\/product_tag?post=862"}],"curies":[{"name":"wp","href":"https:\/\/api.w.org\/{rel}","templated":true}]}}