{"id":851,"date":"2024-10-08T16:52:09","date_gmt":"2024-10-08T14:52:09","guid":{"rendered":"https:\/\/poppersparadise.eu\/product\/adam-10ml\/"},"modified":"2026-04-07T22:04:01","modified_gmt":"2026-04-07T20:04:01","slug":"adam-poppers-10ml","status":"publish","type":"product","link":"https:\/\/poppersparadise.eu\/it\/product\/adam-poppers-10ml\/","title":{"rendered":"A'Dam 10ml"},"content":{"rendered":"<h2 class=\"wp-block-heading\">Amsterdam XXX Propyl Poppers per un'esperienza di fragranza intensa<\/h2>\n\n\n\n<p>Cercate un'esperienza di fragranza potente? L'Amsterdam XXX Propyl Poppers, a base di nitrito di isopropile, offre proprio questo! Disponibili in comodi flaconi da 10 e 24 ml, questi popper sono perfetti per gli amanti degli aromi di alta qualit\u00e0.<\/p>\n\n\n\n<h3 class=\"wp-block-heading\">Cosa rende speciali questi popper?<\/h3>\n\n\n\n<ul class=\"wp-block-list\">\n<li><strong>Diffusione diretta degli odori<\/strong>Un'esperienza di fragranza potente e intensa.<\/li>\n\n\n\n<li><strong>Scelta della forza<\/strong>: Disponibile in versione ultra forte o in una variante pi\u00f9 blanda.<\/li>\n\n\n\n<li><strong>Sconto per il personale<\/strong>: Risparmia di pi\u00f9 se acquisti pi\u00f9 bottiglie.<\/li>\n\n\n\n<li><strong>Variazione<\/strong>: Oltre a Amsterdam XXX, sono disponibili anche altri aromi.<\/li>\n<\/ul>\n\n\n\n<h3 class=\"wp-block-heading\">Cosa aspettarsi da questi popper?<\/h3>\n\n\n\n<p>Amsterdam XXX Propyl Poppers offrono una diffusione della fragranza breve e potente. Creano un'atmosfera rilassante e sono ideali per migliorare un ambiente piacevole.<\/p>\n\n\n\n<h3 class=\"wp-block-heading\">Informazioni importanti per l'utente<\/h3>\n\n\n\n<ul class=\"wp-block-list\">\n<li>Questo prodotto \u00e8 destinato esclusivamente all'uso come diffusore di fragranze o come solvente per la pulizia.<\/li>\n\n\n\n<li>Non \u00e8 adatto al consumo umano o all'inalazione.<\/li>\n\n\n\n<li>Evitare il contatto diretto con la pelle o con gli occhi a causa delle sue propriet\u00e0 corrosive.<\/li>\n\n\n\n<li>Conservare in un luogo fresco e buio e chiudere bene il flacone dopo l'uso.<\/li>\n<\/ul>\n\n\n\n<h3 class=\"wp-block-heading\">Avvertenze<\/h3>\n\n\n\n<ul class=\"wp-block-list\">\n<li>Liquido e vapore altamente infiammabili (H225).<\/li>\n\n\n\n<li>Provoca irritazione cutanea e oculare (H315\/H319).<\/li>\n\n\n\n<li>Tossico per inalazione (H331).<\/li>\n\n\n\n<li>Non \u00e8 un farmaco o un prodotto medico.<\/li>\n\n\n\n<li>Utilizzare solo come indicato.<\/li>\n<\/ul>\n\n\n\n<h3 class=\"wp-block-heading\">Immagazzinamento<\/h3>\n\n\n\n<ul class=\"wp-block-list\">\n<li>Conservare al fresco e all'asciutto.<\/li>\n\n\n\n<li>Tenere fuori dalla portata dei bambini.<\/li>\n<\/ul>\n\n\n\n<p><strong>Paese di origine<\/strong>: Lussemburgo<\/p>\n\n\n\n<h3 class=\"wp-block-heading\">Ordina oggi Amsterdam XXX Propyl Poppers<\/h3>\n\n\n\n<p>Con Amsterdam XXX Propyl Poppers si ottiene un diffusore di fragranze di alta qualit\u00e0 che unisce qualit\u00e0 e versatilit\u00e0. Ordinate oggi stesso e scoprite perch\u00e9 questo prodotto \u00e8 il preferito dagli appassionati di diffusori di profumi!<\/p>","protected":false},"excerpt":{"rendered":"<p><strong><br \/>ACCESSORI COMPATIBILI:<\/strong><\/p>\n<ul>\n<li><a href=\"https:\/\/poppersparadise.eu\/it\/categoria-di-prodotto\/accessori\/annusatori-piccoli\/\">Fiuto Piccolo<\/a><\/li>\n<li><a href=\"https:\/\/poppersparadise.eu\/it\/prodotto\/xtrm-poppers-houder-zwart-small\/\">XTRM Poppers Supporto Piccolo<\/a><\/li>\n<li><a href=\"https:\/\/poppersparadise.eu\/it\/prodotto\/poppers-xtrm-keeper-small-10ml-2\/\">XTRM Poppers Custode Piccolo<\/a><\/li>\n<\/ul>","protected":false},"featured_media":528,"comment_status":"open","ping_status":"closed","template":"","meta":{"_acf_changed":false},"product_brand":[735],"product_cat":[34],"product_tag":[],"class_list":{"0":"post-851","1":"product","2":"type-product","3":"status-publish","4":"has-post-thumbnail","6":"product_brand-amsterdam","7":"product_cat-kleine-flesjes-poppers","9":"first","10":"instock","11":"taxable","12":"shipping-taxable","13":"purchasable","14":"product-type-simple"},"acf":[],"df_price":5.75,"df_sale_price":"","df_regular_price":5.75,"df_image_link":"https:\/\/poppersparadise.eu\/wp-content\/uploads\/2024\/10\/ada10-300x300.jpg","_links":{"self":[{"href":"https:\/\/poppersparadise.eu\/it\/wp-json\/wp\/v2\/product\/851","targetHints":{"allow":["GET"]}}],"collection":[{"href":"https:\/\/poppersparadise.eu\/it\/wp-json\/wp\/v2\/product"}],"about":[{"href":"https:\/\/poppersparadise.eu\/it\/wp-json\/wp\/v2\/types\/product"}],"replies":[{"embeddable":true,"href":"https:\/\/poppersparadise.eu\/it\/wp-json\/wp\/v2\/comments?post=851"}],"wp:featuredmedia":[{"embeddable":true,"href":"https:\/\/poppersparadise.eu\/it\/wp-json\/wp\/v2\/media\/528"}],"wp:attachment":[{"href":"https:\/\/poppersparadise.eu\/it\/wp-json\/wp\/v2\/media?parent=851"}],"wp:term":[{"taxonomy":"product_brand","embeddable":true,"href":"https:\/\/poppersparadise.eu\/it\/wp-json\/wp\/v2\/product_brand?post=851"},{"taxonomy":"product_cat","embeddable":true,"href":"https:\/\/poppersparadise.eu\/it\/wp-json\/wp\/v2\/product_cat?post=851"},{"taxonomy":"product_tag","embeddable":true,"href":"https:\/\/poppersparadise.eu\/it\/wp-json\/wp\/v2\/product_tag?post=851"}],"curies":[{"name":"wp","href":"https:\/\/api.w.org\/{rel}","templated":true}]}}