{"id":28994,"date":"2026-02-28T10:34:45","date_gmt":"2026-02-28T09:34:45","guid":{"rendered":"https:\/\/poppersparadise.eu\/?post_type=product&#038;p=28994"},"modified":"2026-02-28T10:47:07","modified_gmt":"2026-02-28T09:47:07","slug":"xtrm-snffr-doppio-grande-verde","status":"publish","type":"product","link":"https:\/\/poppersparadise.eu\/it\/product\/xtrm-snffr-double-large-groen\/","title":{"rendered":"XTRM SNFFR Double Large Groen"},"content":{"rendered":"<p><strong>Il modello XTRM SNFFR Double Large Groen \u00e8 un accessorio per la pulizia delle pelli.<\/strong>. Con questo accessorio, sniffare ti d\u00e0 una scarica assolutamente nuova. Cos\u00ec intensa, cos\u00ec pura, cos\u00ec arrapante, con lo sballo pi\u00f9 grasso che non si sia mai visto.<\/p>\n<p>Con questo inalatore XTRM Sniffer, il detergente per pelle \u00e8 immediatamente pronto per l'uso, senza pi\u00f9 dover armeggiare con il tappo a vite. Non \u00e8 pi\u00f9 necessario usare il cotone idrofilo o la mascherina e c'\u00e8 meno possibilit\u00e0 di versare il prodotto.<\/p>\n<p><strong>E soprattutto: non ci sono effetti collaterali. Nessun contatto sgradevole con l'aroma, nessuna irritazione o arrossamento della pelle.<\/strong><\/p>\n<ul>\n<li>XTRM Sniffer Doppio attacco: inalatore a doppia canna per un calcio assolutamente nuovo<\/li>\n<li>Adatto a tutti i flaconi grandi di detergente per pelle<\/li>\n<li>L'effetto \u00e8 amplificato molte volte<\/li>\n<li>Il sistema di inalazione riceve una spinta grandiosa dalla circolazione multipla dell'aroma.<\/li>\n<li>Nessuna irritazione cutanea o naso arrossato<\/li>\n<li>I vecchi aromi vengono ravvivati dal nostro SNFFR e tornano forti come prima<\/li>\n<li>Nessun contatto sgradevole con l'aroma, nessuna irritazione o arrossamento della pelle.<\/li>\n<li>Divertimento a portata di mano, senza pi\u00f9 problemi con il tappo a vite<\/li>\n<li>100% prodotto in Austria (non in Cina o in altri paesi a basso costo)<\/li>\n<li>L'inalatore XTRM Sniffer \u00e8 un accessorio per la pulizia della pelle. Con questo accessorio, l'annusare ti d\u00e0 una scarica assolutamente nuova. Cos\u00ec intenso, cos\u00ec puro, cos\u00ec arrapante, con lo sballo pi\u00f9 grasso che si sia mai visto.<\/li>\n<li>Con questo inalatore XTRM Sniffer, il detergente per la pelle \u00e8 immediatamente pronto per l'uso, senza pi\u00f9 dover armeggiare con il tappo a vite. Non sono pi\u00f9 necessari cotone idrofilo o mascherina e c'\u00e8 meno possibilit\u00e0 di versare il prodotto.<\/li>\n<li>E soprattutto: non ci sono effetti collaterali. Nessun contatto sgradevole con l'aroma, nessuna irritazione o arrossamento della pelle.<\/li>\n<\/ul>\n<p><strong><br \/>Manuale d'uso<\/strong>L'inalatore XTRM Sniffer non ama il sole, il caldo, il freddo o i detergenti aggressivi. \u00c8 meglio lavarlo dopo ogni utilizzo e riporlo nella sua confezione.<\/p>\n<h3>\"Tanti SNFFR: alla fine abbiamo dovuto mettere ordine in casa\".<br \/>D'ora in poi, ci sono misure chiare per ogni bottiglia: la nostra nuova tabella delle taglie XTRM SNFFR mostra esattamente ci\u00f2 che si adatta, senza congetture e senza armeggiare\".<\/h3>\n\n\n<figure class=\"wp-block-table\"><table class=\"has-fixed-layout\"><thead><tr><th>Dimensione<\/th><th>Esempio&nbsp;<\/th><th>Descrizione<\/th><\/tr><\/thead><tbody><tr><td><strong>XXS<\/strong><\/td><td><img decoding=\"async\" src=\"https:\/\/wholesale.xtrm.net\/TAP\/XXS.jpg\" alt=\"Bottiglia XXS\" title=\"\"><\/td><td>Cranio Flaconi da 24 ml<\/td><\/tr><tr><td><strong>XS<\/strong><\/td><td><img decoding=\"async\" src=\"https:\/\/wholesale.xtrm.net\/TAP\/XS.jpg\" alt=\"Bottiglia XS\" title=\"\"><\/td><td>Francese, Double Scorpio (USA), Everest, OXY - bottiglie sottili in alluminio (10-15 ml)<\/td><\/tr><tr><td><strong>S<\/strong><\/td><td><img decoding=\"async\" src=\"https:\/\/wholesale.xtrm.net\/TAP\/SMALL.jpg\" alt=\"Bottiglia S\" title=\"\"><\/td><td>Rush, Amsterdam, bottiglie ovali XTRM, bottiglie Lockerroom larghe (non alte), PWD 10ml, Funline 10ml<\/td><\/tr><tr><td><strong>M<\/strong><\/td><td><img decoding=\"async\" src=\"https:\/\/wholesale.xtrm.net\/TAP\/M.jpg\" alt=\"M Bottiglia\" title=\"\"><\/td><td>Nuovi flaconi alti Lockerroom (30 ml) - prima \"Small\", ora Medium<\/td><\/tr><tr><td><strong>L<\/strong><\/td><td><img decoding=\"async\" src=\"https:\/\/wholesale.xtrm.net\/TAP\/large.jpg\" alt=\"L Bottiglia\" title=\"\"><\/td><td>Bottiglie quadrate retr\u00f2 (24-25 ml), ad es. Belgo, Funline, Lockerroom, alcune bottiglie USA<\/td><\/tr><tr><td><strong>XL<\/strong><\/td><td><img decoding=\"async\" src=\"https:\/\/wholesale.xtrm.net\/TAP\/xl.jpg\" alt=\"Bottiglia XL\" title=\"\"><\/td><td>Nuove bottiglie in alluminio OXY e Lockerroom (grandi, rotonde)<\/td><\/tr><tr><td><strong>2XL<\/strong><\/td><td><img decoding=\"async\" src=\"https:\/\/wholesale.xtrm.net\/TAP\/2xl.jpg\" alt=\"Bottiglia 2XL\" title=\"\"><\/td><td>Bottiglie in alluminio extra-larghe da 30 ml con grande apertura<\/td><\/tr><tr><td><strong>3XL<\/strong><\/td><td><img decoding=\"async\" src=\"https:\/\/wholesale.xtrm.net\/TAP\/3xl.jpg\" alt=\"Bottiglia 3XL\" title=\"\"><\/td><td>Bottiglie di plastica isoamiliche, Everest 30 ml, bottiglie di vetro a bocca larga<\/td><\/tr><tr><td><strong>4XL<\/strong><\/td><td><img decoding=\"async\" src=\"https:\/\/wholesale.xtrm.net\/TAP\/4xl.jpg\" alt=\"Bottiglia 4XL\" title=\"\"><\/td><td>XTRM bottiglie da 60-100 ml, come XTRM BEAST<\/td><\/tr><\/tbody><\/table><\/figure>","protected":false},"excerpt":{"rendered":"<p>L'inalatore XTRM Sniffer \u00e8 un accessorio per la pulizia delle pelli. Con questo accessorio, l'annusare ti d\u00e0 una scarica assolutamente nuova. Cos\u00ec intenso, cos\u00ec puro, cos\u00ec eccitante con lo sballo pi\u00f9 grasso che abbiate mai visto.<\/p>","protected":false},"featured_media":28999,"comment_status":"open","ping_status":"closed","template":"","meta":{"_acf_changed":false},"product_brand":[752],"product_cat":[330,530],"product_tag":[528],"class_list":{"0":"post-28994","1":"product","2":"type-product","3":"status-publish","4":"has-post-thumbnail","6":"product_brand-xtrm","7":"product_cat-accessoires","8":"product_cat-sniffers-large","9":"product_tag-largesnnfr","11":"first","12":"instock","13":"sale","14":"taxable","15":"shipping-taxable","16":"purchasable","17":"product-type-simple"},"acf":[],"df_price":12.5,"df_sale_price":12.5,"df_regular_price":16.95,"df_image_link":"https:\/\/poppersparadise.eu\/wp-content\/uploads\/2026\/02\/small-double-snffr-Green-300x300.jpg","_links":{"self":[{"href":"https:\/\/poppersparadise.eu\/it\/wp-json\/wp\/v2\/product\/28994","targetHints":{"allow":["GET"]}}],"collection":[{"href":"https:\/\/poppersparadise.eu\/it\/wp-json\/wp\/v2\/product"}],"about":[{"href":"https:\/\/poppersparadise.eu\/it\/wp-json\/wp\/v2\/types\/product"}],"replies":[{"embeddable":true,"href":"https:\/\/poppersparadise.eu\/it\/wp-json\/wp\/v2\/comments?post=28994"}],"wp:featuredmedia":[{"embeddable":true,"href":"https:\/\/poppersparadise.eu\/it\/wp-json\/wp\/v2\/media\/28999"}],"wp:attachment":[{"href":"https:\/\/poppersparadise.eu\/it\/wp-json\/wp\/v2\/media?parent=28994"}],"wp:term":[{"taxonomy":"product_brand","embeddable":true,"href":"https:\/\/poppersparadise.eu\/it\/wp-json\/wp\/v2\/product_brand?post=28994"},{"taxonomy":"product_cat","embeddable":true,"href":"https:\/\/poppersparadise.eu\/it\/wp-json\/wp\/v2\/product_cat?post=28994"},{"taxonomy":"product_tag","embeddable":true,"href":"https:\/\/poppersparadise.eu\/it\/wp-json\/wp\/v2\/product_tag?post=28994"}],"curies":[{"name":"wp","href":"https:\/\/api.w.org\/{rel}","templated":true}]}}