{"id":25849,"date":"2025-12-06T11:23:30","date_gmt":"2025-12-06T10:23:30","guid":{"rendered":"https:\/\/poppersparadise.eu\/?post_type=product&#038;p=25849"},"modified":"2026-02-26T12:37:41","modified_gmt":"2026-02-26T11:37:41","slug":"berlin-xxx-hardcore-super-strength-25-ml-poppers","status":"publish","type":"product","link":"https:\/\/poppersparadise.eu\/it\/product\/berlin-xxx-hardcore-super-strength-25ml-poppers\/","title":{"rendered":"Berlin XXX Hardcore Super Strength 25ml"},"content":{"rendered":"<h2 class=\"wp-block-heading\">Sblocca Berlin XXX Hardcore Super Strength 25ml<\/h2>\n\n\n\n<p>Scopri l'esperienza olfattiva unica di Berlin XXX Hardcore Super Strength 25ml Poppers. Formulato con propil nitrito di alta qualit\u00e0, questo diffusore di profumo offre una fragranza intensa e duratura, perfetta per le occasioni speciali. Ideale per chi \u00e8 alla ricerca di un'esperienza olfattiva potente e distintiva.<\/p>\n\n\n\n<h3 class=\"wp-block-heading\">Perch\u00e9 scegliere Berlin XXX Hardcore Super Strength 25ml Poppers?<\/h3>\n\n\n\n<ul class=\"wp-block-list\">\n<li><strong>Opzioni economiche per il trasporto alla rinfusa<\/strong>Approfittate di sconti interessanti sugli acquisti pi\u00f9 consistenti.<\/li>\n\n\n\n<li><strong>Esperienza di profumazione unica<\/strong>Appositamente studiato per diffondere una fragranza intensa e di lunga durata.<\/li>\n\n\n\n<li><strong>Valore eccellente<\/strong>Con una generosa capacit\u00e0 di 24 ml, potrete godere pi\u00f9 a lungo di questo diffusore di fragranze di alta qualit\u00e0.<\/li>\n<\/ul>\n\n\n\n<h3 class=\"wp-block-heading\">Istruzioni per l'uso<\/h3>\n\n\n\n<ul class=\"wp-block-list\">\n<li><strong>Risparmiare<\/strong>Tenere lontano dalla luce diretta del sole e dal calore per mantenere la qualit\u00e0.<\/li>\n\n\n\n<li><strong>Sicurezza<\/strong>: Altamente infiammabile, usare con cautela.<\/li>\n\n\n\n<li><strong>Solo per adulti<\/strong>: Non adatto ai minori.<\/li>\n\n\n\n<li><strong>Usare con cautela<\/strong>Aprire il flacone in un luogo ben ventilato e chiuderlo bene dopo l'uso per evitare l'evaporazione.<\/li>\n<\/ul>\n\n\n\n<h3 class=\"wp-block-heading\">Importante da sapere<\/h3>\n\n\n\n<p>Questo prodotto \u00e8 destinato esclusivamente all'uso come diffusore di fragranze o detergente. Non \u00e8 adatto al consumo o al contatto diretto con la pelle. Conservare il prodotto in un luogo fresco e asciutto e chiudere bene il flacone dopo l'uso.<\/p>\n\n\n\n<h3 class=\"wp-block-heading\">Avvertenze<\/h3>\n\n\n\n<ul class=\"wp-block-list\">\n<li>Liquido e vapore altamente infiammabili (H225).<\/li>\n\n\n\n<li>Pu\u00f2 causare irritazione alla pelle e agli occhi (H315\/H319).<\/li>\n\n\n\n<li>Tossico per inalazione (H331).<\/li>\n\n\n\n<li>Nessun farmaco.<\/li>\n\n\n\n<li>Utilizzare solo come indicato.<\/li>\n<\/ul>\n\n\n\n<h3 class=\"wp-block-heading\">Immagazzinamento<\/h3>\n\n\n\n<p>Conservare in un luogo fresco e asciutto. Tenere fuori dalla portata dei bambini.<\/p>\n\n\n\n<h3 class=\"wp-block-heading\">Paese di origine<\/h3>\n\n\n\n<p>Francia<\/p>","protected":false},"excerpt":{"rendered":"<p>Ontketen Berlin XXX Hardcore Super Strength 25ml Ontdek de unieke geurervaring van Berlin XXX Hardcore Super Strength 25ml Poppers. Geformuleerd met hoogwaardige propylnitriet, biedt deze geurverspreider een intense en langdurige geur die perfect is voor speciale gelegenheden. Ideaal voor wie op zoek is naar een krachtige en onderscheidende geurbeleving. Waarom kiezen voor Berlin XXX Hardcore [&hellip;]<\/p>\n","protected":false},"featured_media":25850,"comment_status":"open","ping_status":"closed","template":"","meta":{"_acf_changed":false},"product_brand":[739],"product_cat":[35],"product_tag":[],"class_list":{"0":"post-25849","1":"product","2":"type-product","3":"status-publish","4":"has-post-thumbnail","6":"product_brand-berlin","7":"product_cat-grote-flesjes-poppers","9":"first","10":"instock","11":"taxable","12":"shipping-taxable","13":"purchasable","14":"product-type-simple"},"acf":[],"df_price":7.95,"df_sale_price":"","df_regular_price":7.95,"df_image_link":"https:\/\/poppersparadise.eu\/wp-content\/uploads\/2025\/12\/Berlin-XXX-Extra-Strong-300x300.jpg","_links":{"self":[{"href":"https:\/\/poppersparadise.eu\/it\/wp-json\/wp\/v2\/product\/25849","targetHints":{"allow":["GET"]}}],"collection":[{"href":"https:\/\/poppersparadise.eu\/it\/wp-json\/wp\/v2\/product"}],"about":[{"href":"https:\/\/poppersparadise.eu\/it\/wp-json\/wp\/v2\/types\/product"}],"replies":[{"embeddable":true,"href":"https:\/\/poppersparadise.eu\/it\/wp-json\/wp\/v2\/comments?post=25849"}],"wp:featuredmedia":[{"embeddable":true,"href":"https:\/\/poppersparadise.eu\/it\/wp-json\/wp\/v2\/media\/25850"}],"wp:attachment":[{"href":"https:\/\/poppersparadise.eu\/it\/wp-json\/wp\/v2\/media?parent=25849"}],"wp:term":[{"taxonomy":"product_brand","embeddable":true,"href":"https:\/\/poppersparadise.eu\/it\/wp-json\/wp\/v2\/product_brand?post=25849"},{"taxonomy":"product_cat","embeddable":true,"href":"https:\/\/poppersparadise.eu\/it\/wp-json\/wp\/v2\/product_cat?post=25849"},{"taxonomy":"product_tag","embeddable":true,"href":"https:\/\/poppersparadise.eu\/it\/wp-json\/wp\/v2\/product_tag?post=25849"}],"curies":[{"name":"wp","href":"https:\/\/api.w.org\/{rel}","templated":true}]}}