{"id":25353,"date":"2025-11-24T14:21:56","date_gmt":"2025-11-24T13:21:56","guid":{"rendered":"https:\/\/poppersparadise.eu\/?post_type=product&#038;p=25353"},"modified":"2026-04-21T15:46:16","modified_gmt":"2026-04-21T13:46:16","slug":"set-xtrm-solo-snffr","status":"publish","type":"product","link":"https:\/\/poppersparadise.eu\/it\/product\/xtrm-solo-snffr-set\/","title":{"rendered":"XTRM Set Solo SNFFR (piccolo e grande)"},"content":{"rendered":"<h2 data-start=\"145\" data-end=\"205\">Acquista ora il set completo XTRM Solo SNFFR, composto da entrambi i modelli. <strong data-start=\"484\" data-end=\"493\">Piccolo<\/strong> come <strong data-start=\"498\" data-end=\"507\">Grande<\/strong> implementazione.<\/h2>\n<p data-start=\"145\" data-end=\"205\">Questi accessori di alta qualit\u00e0 sono stati progettati per rendere il vostro Poppers pi\u00f9 efficiente e pi\u00f9 pulito da usare, senza problemi di tappi, senza contatto con la pelle e con minori possibilit\u00e0 di fuoriuscite.<\/p>\n<p data-start=\"698\" data-end=\"1018\">Gli attacchi SNFFR si posizionano facilmente sul flacone, rendendo il vostro Poppers immediatamente pronto all'uso. Grazie al design intelligente, non sono pi\u00f9 necessari cotone idrofilo, maschere o strumenti aggiuntivi. Inoltre, si evita il contatto indesiderato dell'aroma con la pelle, evitando cos\u00ec irritazioni e arrossamenti.<\/p>\n<p data-start=\"1020\" data-end=\"1061\"><strong data-start=\"1020\" data-end=\"1061\">Vantaggi del set XTRM Solo SNFFR:<\/strong><\/p>\n<ul>\n<li data-start=\"1064\" data-end=\"1117\">Contiene sia <strong data-start=\"1076\" data-end=\"1085\">Piccolo<\/strong> come <strong data-start=\"1090\" data-end=\"1099\">Grande<\/strong> Attacco SNFFR<\/li>\n<li data-start=\"1120\" data-end=\"1252\">Bottiglie piccole<\/li>\n<li data-start=\"1120\" data-end=\"1252\">Bottiglie alte e strette<\/li>\n<li data-start=\"1120\" data-end=\"1252\">Ampi spogliatoi<\/li>\n<li>Riduce al minimo le fuoriuscite e il contatto con la pelle<\/li>\n<li>Nessuna irritazione o arrossamento della pelle a causa del contatto con l'aroma<\/li>\n<li>Facile da usare - nessun tappo da allentare e stringere<\/li>\n<li>Pu\u00f2 ripristinare la circolazione ottimale degli aromi pi\u00f9 vecchi<\/li>\n<li>100% prodotto in Austria<\/li>\n<\/ul>\n<p data-start=\"1503\" data-end=\"1756\"><strong data-start=\"1503\" data-end=\"1526\">Uso e manutenzione<\/strong><br data-start=\"1526\" data-end=\"1529\" \/>Gli accessori SNFFR si mantengono in condizioni ottimali pi\u00f9 a lungo se protetti da sole, calore, freddo e detergenti aggressivi. Risciacquateli preferibilmente dopo ogni utilizzo e conservateli nella loro confezione originale.<\/p>\n<p data-start=\"1758\" data-end=\"1978\"><strong data-start=\"1758\" data-end=\"1805\">Nuova tabella delle taglie: sempre la giusta misura<\/strong><br data-start=\"1805\" data-end=\"1808\" \/>Con la tabella aggiornata delle taglie XTRM SNFFR, \u00e8 ora possibile trovare senza fatica la taglia giusta per ogni bottiglia. Niente pi\u00f9 congetture o incertezze: saprete subito quale SNFFR si adatta perfettamente.<\/p>\n\n\n<figure class=\"wp-block-table\"><table class=\"has-fixed-layout\"><thead><tr><th>Dimensione<\/th><th>Esempio&nbsp;<\/th><th>Descrizione<\/th><\/tr><\/thead><tbody><tr><td><strong>XXS<\/strong><\/td><td><img decoding=\"async\" src=\"https:\/\/wholesale.xtrm.net\/TAP\/XXS.jpg\" alt=\"Bottiglia XXS\" title=\"\"><\/td><td>Cranio Flaconi da 24 ml<\/td><\/tr><tr><td><strong>XS<\/strong><\/td><td><img decoding=\"async\" src=\"https:\/\/wholesale.xtrm.net\/TAP\/XS.jpg\" alt=\"Bottiglia XS\" title=\"\"><\/td><td>Francese, Double Scorpio (USA), Everest, OXY - bottiglie sottili in alluminio (10-15 ml)<\/td><\/tr><tr><td><strong>S<\/strong><\/td><td><img decoding=\"async\" src=\"https:\/\/wholesale.xtrm.net\/TAP\/SMALL.jpg\" alt=\"Bottiglia S\" title=\"\"><\/td><td>Rush, Amsterdam, bottiglie ovali XTRM, bottiglie Lockerroom larghe (non alte), PWD 10ml, Funline 10ml<\/td><\/tr><tr><td><strong>M<\/strong><\/td><td><img decoding=\"async\" src=\"https:\/\/wholesale.xtrm.net\/TAP\/M.jpg\" alt=\"M Bottiglia\" title=\"\"><\/td><td>Nuovi flaconi alti Lockerroom (30 ml) - prima \"Small\", ora Medium<\/td><\/tr><tr><td><strong>L<\/strong><\/td><td><img decoding=\"async\" src=\"https:\/\/wholesale.xtrm.net\/TAP\/large.jpg\" alt=\"L Bottiglia\" title=\"\"><\/td><td>Bottiglie quadrate retr\u00f2 (24-25 ml), ad es. Belgo, Funline, Lockerroom, alcune bottiglie USA<\/td><\/tr><tr><td><strong>XL<\/strong><\/td><td><img decoding=\"async\" src=\"https:\/\/wholesale.xtrm.net\/TAP\/xl.jpg\" alt=\"Bottiglia XL\" title=\"\"><\/td><td>Nuove bottiglie in alluminio OXY e Lockerroom (grandi, rotonde)<\/td><\/tr><tr><td><strong>2XL<\/strong><\/td><td><img decoding=\"async\" src=\"https:\/\/wholesale.xtrm.net\/TAP\/2xl.jpg\" alt=\"Bottiglia 2XL\" title=\"\"><\/td><td>Bottiglie in alluminio extra-larghe da 30 ml con grande apertura<\/td><\/tr><tr><td><strong>3XL<\/strong><\/td><td><img decoding=\"async\" src=\"https:\/\/wholesale.xtrm.net\/TAP\/3xl.jpg\" alt=\"Bottiglia 3XL\" title=\"\"><\/td><td>Bottiglie di plastica isoamiliche, Everest 30 ml, bottiglie di vetro a bocca larga<\/td><\/tr><tr><td><strong>4XL<\/strong><\/td><td><img decoding=\"async\" src=\"https:\/\/wholesale.xtrm.net\/TAP\/4xl.jpg\" alt=\"Bottiglia 4XL\" title=\"\"><\/td><td>XTRM bottiglie da 60-100 ml, come XTRM BEAST<\/td><\/tr><\/tbody><\/table><\/figure>\n\n\n\n<p><\/p>","protected":false},"excerpt":{"rendered":"<p>L'inalatore XTRM Sniffer \u00e8 un accessorio per sniffare per Poppers. Con questo accessorio, sniffare ti d\u00e0 una scarica assolutamente nuova. Cos\u00ec intenso, cos\u00ec puro, cos\u00ec arrapante con lo sballo pi\u00f9 grasso che abbiate mai visto.<\/p>","protected":false},"featured_media":25354,"comment_status":"open","ping_status":"closed","template":"","meta":{"_acf_changed":false},"product_brand":[752],"product_cat":[330,756],"product_tag":[],"class_list":{"0":"post-25353","1":"product","2":"type-product","3":"status-publish","4":"has-post-thumbnail","6":"product_brand-xtrm","7":"product_cat-accessoires","8":"product_cat-sniffers-small-large-sets","10":"first","11":"instock","12":"sale","13":"taxable","14":"shipping-taxable","15":"purchasable","16":"product-type-woosb"},"acf":[],"df_price":14.95,"df_sale_price":14.95,"df_regular_price":19.9,"df_image_link":"https:\/\/poppersparadise.eu\/wp-content\/uploads\/2025\/11\/XTRM-Set-300x300.jpg","_links":{"self":[{"href":"https:\/\/poppersparadise.eu\/it\/wp-json\/wp\/v2\/product\/25353","targetHints":{"allow":["GET"]}}],"collection":[{"href":"https:\/\/poppersparadise.eu\/it\/wp-json\/wp\/v2\/product"}],"about":[{"href":"https:\/\/poppersparadise.eu\/it\/wp-json\/wp\/v2\/types\/product"}],"replies":[{"embeddable":true,"href":"https:\/\/poppersparadise.eu\/it\/wp-json\/wp\/v2\/comments?post=25353"}],"wp:featuredmedia":[{"embeddable":true,"href":"https:\/\/poppersparadise.eu\/it\/wp-json\/wp\/v2\/media\/25354"}],"wp:attachment":[{"href":"https:\/\/poppersparadise.eu\/it\/wp-json\/wp\/v2\/media?parent=25353"}],"wp:term":[{"taxonomy":"product_brand","embeddable":true,"href":"https:\/\/poppersparadise.eu\/it\/wp-json\/wp\/v2\/product_brand?post=25353"},{"taxonomy":"product_cat","embeddable":true,"href":"https:\/\/poppersparadise.eu\/it\/wp-json\/wp\/v2\/product_cat?post=25353"},{"taxonomy":"product_tag","embeddable":true,"href":"https:\/\/poppersparadise.eu\/it\/wp-json\/wp\/v2\/product_tag?post=25353"}],"curies":[{"name":"wp","href":"https:\/\/api.w.org\/{rel}","templated":true}]}}