{"id":16519,"date":"2025-04-30T13:26:44","date_gmt":"2025-04-30T11:26:44","guid":{"rendered":"https:\/\/poppersparadise.eu\/?post_type=product&#038;p=16519"},"modified":"2026-03-02T10:17:03","modified_gmt":"2026-03-02T09:17:03","slug":"pugno-di-scopa-popper-amilico-ultra-forte-24ml","status":"publish","type":"product","link":"https:\/\/poppersparadise.eu\/it\/product\/fuck-fist-ultra-strong-amyl-24ml-poppers\/","title":{"rendered":"Fuck &amp; Fist Ultra Strong Amyl 24ml"},"content":{"rendered":"<h2 class=\"wp-block-heading\">Popper Fuck &amp; Fist Ultra Strong Amyl 24ml - potenti, intensi e robusti<\/h2>\n\n\n\n<p>I popper Fuck &amp; Fist Ultra Strong Amyl 24ml sono stati progettati appositamente per gli utenti esperti che desiderano un'esperienza di profumazione potente. Con una formula a base di nitrito di isoamile di prima qualit\u00e0 e un flacone in alluminio resistente al calore, questo prodotto offre un'esperienza profumata di prima qualit\u00e0, perfetta per sessioni intense, momenti avventurosi e lunghe notti. Ideale per chi non vuole scendere a compromessi e cerca il massimo della potenza e del relax.<\/p>\n\n\n\n<h3 class=\"wp-block-heading\">Caratteristiche principali di Fuck &amp; Fist Ultra Strong Amyl 24ml<\/h3>\n\n\n\n<ul class=\"wp-block-list\">\n<li><strong>Formula potente<\/strong>A base di nitrito di isoamile per un'intensa diffusione della fragranza.<\/li>\n\n\n\n<li><strong>Imballaggio sostenibile<\/strong>Flacone in alluminio resistente al calore che mantiene la freschezza e la forza dell'aroma.<\/li>\n\n\n\n<li><strong>Contenuti generosi<\/strong>Il formato da 24 ml offre una lunga durata e il massimo impatto.<\/li>\n\n\n\n<li><strong>Specialmente per gli appassionati<\/strong>Progettato per chi \u00e8 alla ricerca di una sensazione cruda e non filtrata.<\/li>\n<\/ul>\n\n\n\n<h3 class=\"wp-block-heading\">Perch\u00e9 Fuck &amp; Fist \u00e8 uno dei nostri preferiti<\/h3>\n\n\n\n<p>I popper Fuck &amp; Fist Ultra Strong Amyl 24ml combinano una formula potente con un design robusto e durevole. Amato per la sua affidabilit\u00e0 e intensit\u00e0, il prodotto \u00e8 la scelta perfetta per chi \u00e8 alla ricerca di un'esperienza profumata di alto livello. Fuck &amp; Fist offre un'esperienza unica e indimenticabile.<\/p>\n\n\n\n<h3 class=\"wp-block-heading\">Come si usa l'Fuck &amp; Fist Ultra Strong Amyl 24ml?<\/h3>\n\n\n\n<p>Utilizzare Fuck &amp; Fist Ultra Strong Amyl 24ml solo come diffusore di fragranze o solvente per la pulizia. Non \u00e8 adatto al consumo umano e non deve essere inalato. Conservare il prodotto in un luogo fresco e asciutto e chiudere bene il flacone dopo l'uso.<\/p>\n\n\n\n<h3 class=\"wp-block-heading\">Avvertenze<\/h3>\n\n\n\n<ul class=\"wp-block-list\">\n<li>Liquido e vapore altamente infiammabili (H225).<\/li>\n\n\n\n<li>Provoca irritazione cutanea e oculare (H315\/H319).<\/li>\n\n\n\n<li>Tossico per inalazione (H331).<\/li>\n\n\n\n<li>Non \u00e8 un farmaco. Usare a proprio rischio e pericolo.<\/li>\n<\/ul>\n\n\n\n<h3 class=\"wp-block-heading\">Utilizzo<\/h3>\n\n\n\n<p>\u00c8 inteso solo come diffusore di fragranze o solvente per la pulizia.<br>Non \u00e8 adatto al consumo umano e non deve essere inalato.<\/p>\n\n\n\n<h3 class=\"wp-block-heading\">Immagazzinamento<\/h3>\n\n\n\n<p>Conservare in un luogo fresco e asciutto. Tenere fuori dalla portata dei bambini.<\/p>\n\n\n\n<h3 class=\"wp-block-heading\">Paese di origine<\/h3>\n\n\n\n<p>Francia.<\/p>","protected":false},"excerpt":{"rendered":"<p><strong><br \/>ACCESSORI COMPATIBILI:<\/strong><\/p>\n<ul>\n<li><a href=\"https:\/\/poppersparadise.eu\/it\/categoria-di-prodotto\/accessori\/annusatori-piccoli\/\">Fiuto Piccolo<\/a><\/li>\n<\/ul>","protected":false},"featured_media":16520,"comment_status":"open","ping_status":"closed","template":"","meta":{"_acf_changed":false},"product_brand":[741,814],"product_cat":[35],"product_tag":[],"class_list":{"0":"post-16519","1":"product","2":"type-product","3":"status-publish","4":"has-post-thumbnail","6":"product_brand-fist","7":"product_brand-fuck-fist","8":"product_cat-grote-flesjes-poppers","10":"first","11":"instock","12":"taxable","13":"shipping-taxable","14":"purchasable","15":"product-type-simple"},"acf":[],"df_price":7.95,"df_sale_price":"","df_regular_price":7.95,"df_image_link":"https:\/\/poppersparadise.eu\/wp-content\/uploads\/2025\/04\/6150857066019-300x300.jpg","_links":{"self":[{"href":"https:\/\/poppersparadise.eu\/it\/wp-json\/wp\/v2\/product\/16519","targetHints":{"allow":["GET"]}}],"collection":[{"href":"https:\/\/poppersparadise.eu\/it\/wp-json\/wp\/v2\/product"}],"about":[{"href":"https:\/\/poppersparadise.eu\/it\/wp-json\/wp\/v2\/types\/product"}],"replies":[{"embeddable":true,"href":"https:\/\/poppersparadise.eu\/it\/wp-json\/wp\/v2\/comments?post=16519"}],"wp:featuredmedia":[{"embeddable":true,"href":"https:\/\/poppersparadise.eu\/it\/wp-json\/wp\/v2\/media\/16520"}],"wp:attachment":[{"href":"https:\/\/poppersparadise.eu\/it\/wp-json\/wp\/v2\/media?parent=16519"}],"wp:term":[{"taxonomy":"product_brand","embeddable":true,"href":"https:\/\/poppersparadise.eu\/it\/wp-json\/wp\/v2\/product_brand?post=16519"},{"taxonomy":"product_cat","embeddable":true,"href":"https:\/\/poppersparadise.eu\/it\/wp-json\/wp\/v2\/product_cat?post=16519"},{"taxonomy":"product_tag","embeddable":true,"href":"https:\/\/poppersparadise.eu\/it\/wp-json\/wp\/v2\/product_tag?post=16519"}],"curies":[{"name":"wp","href":"https:\/\/api.w.org\/{rel}","templated":true}]}}