{"id":16509,"date":"2025-04-30T12:32:11","date_gmt":"2025-04-30T10:32:11","guid":{"rendered":"https:\/\/poppersparadise.eu\/?post_type=product&#038;p=16509"},"modified":"2026-02-26T12:35:35","modified_gmt":"2026-02-26T11:35:35","slug":"bestia-contorta-hypno-24ml","status":"publish","type":"product","link":"https:\/\/poppersparadise.eu\/it\/product\/twisted-beast-hypno-24ml\/","title":{"rendered":"Twisted Beast Hypno 24ml"},"content":{"rendered":"<h2 class=\"wp-block-heading\">Popper Twisted Beast Hypno 24ml - intenso, misterioso e irresistibile<\/h2>\n\n\n\n<p>I popper Twisted Beast Hypno 24ml sono stati progettati appositamente per gli utenti che cercano un'esperienza di profumo potente con un tocco misterioso. Con una formula premium a base di pentile\/isoamil nitrito e una generosa capacit\u00e0 di 24 ml, questo prodotto offre un'intensa esperienza di profumo, perfetta per i momenti avventurosi e le esplorazioni pi\u00f9 approfondite. Ideale per chi vuole spingersi oltre i limiti e cercare l'intensit\u00e0 massima.<\/p>\n\n\n\n<h3 class=\"wp-block-heading\">Caratteristiche principali di Twisted Beast Hypno 24ml<\/h3>\n\n\n\n<ul class=\"wp-block-list\">\n<li><strong>Formula potente<\/strong>A base di nitrito di pentile\/isoamile per un'intensa diffusione della fragranza.<\/li>\n\n\n\n<li><strong>Contenuti generosi<\/strong>Il formato da 24 ml offre una lunga durata e il massimo impatto.<\/li>\n\n\n\n<li><strong>Ispirato dall'Inghilterra<\/strong>Un prodotto cult dell'iconico marchio Twisted Beast, direttamente dall'Inghilterra.<\/li>\n\n\n\n<li><strong>Uso versatile<\/strong>Perfetto per sessioni di avventura ed esplorazioni approfondite.<\/li>\n\n\n\n<li><strong>Misterioso e seducente<\/strong>Lasciatevi trasportare dalle vibrazioni uniche di Hypno.<\/li>\n<\/ul>\n\n\n\n<h3 class=\"wp-block-heading\">Perch\u00e9 Hypno \u00e8 uno dei preferiti<\/h3>\n\n\n\n<p>I popper Twisted Beast Hypno 24ml combinano una formula potente con un design facile da usare e una qualit\u00e0 superiore. Amato per la sua intensit\u00e0 e il suo fascino mistico, il prodotto \u00e8 la scelta perfetta per chi \u00e8 alla ricerca di un'esperienza di fragranza premium. Che stiate pianificando una serata avventurosa o vogliate esplorare i vostri desideri pi\u00f9 profondi, Hypno offre un'esperienza unica e indimenticabile.<\/p>\n\n\n\n<h3 class=\"wp-block-heading\">Come si usa l'Twisted Beast Hypno 24ml?<\/h3>\n\n\n\n<p>Utilizzare Twisted Beast Hypno 24ml solo come diffusore di fragranze o solvente per la pulizia. Non \u00e8 adatto al consumo umano e non deve essere inalato. Conservare il prodotto in un luogo fresco e asciutto e chiudere bene il flacone dopo l'uso.<\/p>\n\n\n\n<h3 class=\"wp-block-heading\">Avvertenze<\/h3>\n\n\n\n<ul class=\"wp-block-list\">\n<li>Liquido e vapore altamente infiammabili (H225).<\/li>\n\n\n\n<li>Provoca irritazione cutanea e oculare (H315\/H319).<\/li>\n\n\n\n<li>Tossico per inalazione (H331).<\/li>\n\n\n\n<li>Non \u00e8 un farmaco. Usare a proprio rischio e pericolo.<\/li>\n\n\n\n<li>Evitare il contatto con gli occhi e la pelle.<\/li>\n\n\n\n<li>Non utilizzare in combinazione con ausili per l'erezione, alcol o droghe.<\/li>\n<\/ul>\n\n\n\n<h3 class=\"wp-block-heading\">Utilizzo<\/h3>\n\n\n\n<p>\u00c8 inteso solo come diffusore di fragranze o solvente per la pulizia.<br>Non \u00e8 adatto al consumo umano e non deve essere inalato.<\/p>\n\n\n\n<h3 class=\"wp-block-heading\">Immagazzinamento<\/h3>\n\n\n\n<p>Conservare in un luogo fresco e asciutto. Tenere fuori dalla portata dei bambini.<\/p>\n\n\n\n<h3 class=\"wp-block-heading\">Paese di origine<\/h3>\n\n\n\n<p>Lussemburgo.<\/p>","protected":false},"excerpt":{"rendered":"<p><strong><br \/>ACCESSORI COMPATIBILI:<\/strong><\/p>\n<ul>\n<li><a href=\"https:\/\/poppersparadise.eu\/it\/categoria-di-prodotto\/accessori\/annusatori-piccoli\/\">Fiuto Piccolo<\/a><\/li>\n<li><a href=\"https:\/\/poppersparadise.eu\/it\/prodotto\/porta-poppers-xtrm-ovale-2\/\">XTRM Poppers Supporto ovale<\/a><\/li>\n<li><a href=\"https:\/\/poppersparadise.eu\/it\/prodotto\/xtrm-poppers-keeper-grande-24ml\/\">XTRM Poppers Custode Grande<\/a><\/li>\n<\/ul>","protected":false},"featured_media":17218,"comment_status":"open","ping_status":"closed","template":"","meta":{"_acf_changed":false},"product_brand":[580,789],"product_cat":[35],"product_tag":[],"class_list":{"0":"post-16509","1":"product","2":"type-product","3":"status-publish","4":"has-post-thumbnail","6":"product_brand-twisted-beast","7":"product_brand-uk","8":"product_cat-grote-flesjes-poppers","10":"first","11":"instock","12":"taxable","13":"shipping-taxable","14":"purchasable","15":"product-type-simple"},"acf":[],"df_price":7.5,"df_sale_price":"","df_regular_price":7.5,"df_image_link":"https:\/\/poppersparadise.eu\/wp-content\/uploads\/2025\/04\/6096239038031-1-300x300.jpg","_links":{"self":[{"href":"https:\/\/poppersparadise.eu\/it\/wp-json\/wp\/v2\/product\/16509","targetHints":{"allow":["GET"]}}],"collection":[{"href":"https:\/\/poppersparadise.eu\/it\/wp-json\/wp\/v2\/product"}],"about":[{"href":"https:\/\/poppersparadise.eu\/it\/wp-json\/wp\/v2\/types\/product"}],"replies":[{"embeddable":true,"href":"https:\/\/poppersparadise.eu\/it\/wp-json\/wp\/v2\/comments?post=16509"}],"wp:featuredmedia":[{"embeddable":true,"href":"https:\/\/poppersparadise.eu\/it\/wp-json\/wp\/v2\/media\/17218"}],"wp:attachment":[{"href":"https:\/\/poppersparadise.eu\/it\/wp-json\/wp\/v2\/media?parent=16509"}],"wp:term":[{"taxonomy":"product_brand","embeddable":true,"href":"https:\/\/poppersparadise.eu\/it\/wp-json\/wp\/v2\/product_brand?post=16509"},{"taxonomy":"product_cat","embeddable":true,"href":"https:\/\/poppersparadise.eu\/it\/wp-json\/wp\/v2\/product_cat?post=16509"},{"taxonomy":"product_tag","embeddable":true,"href":"https:\/\/poppersparadise.eu\/it\/wp-json\/wp\/v2\/product_tag?post=16509"}],"curies":[{"name":"wp","href":"https:\/\/api.w.org\/{rel}","templated":true}]}}