{"id":16486,"date":"2025-04-29T19:58:02","date_gmt":"2025-04-29T17:58:02","guid":{"rendered":"https:\/\/poppersparadise.eu\/?post_type=product&#038;p=16486"},"modified":"2026-04-22T12:30:44","modified_gmt":"2026-04-22T10:30:44","slug":"twisted-beast-dumb-bitch-juice-mojito-madness-10ml","status":"publish","type":"product","link":"https:\/\/poppersparadise.eu\/it\/product\/twisted-beast-dumb-bitch-juice-mojito-madness-10ml\/","title":{"rendered":"Twisted Beast Dumb Bitch Juice Mojito Madness 10ml"},"content":{"rendered":"<h2 class=\"wp-block-heading\">Twisted Beast Dumb Bitch Juice Mojito Madness 10ml poppers - freschi, piccanti e irresistibili<\/h2>\n\n\n\n<p>I popper Twisted Beast Dumb Bitch Juice Mojito Madness 10ml sono stati progettati appositamente per gli utenti che desiderano un'esperienza di profumazione unica con un tocco estivo. Con un seducente profumo di mojito e una potente formula a base di nitrito di isoamile, questo prodotto offre un'esperienza di fragranza premium perfetta per feste, momenti intimi e avventure giocose. Ideale per chi ama la freschezza e l'intensit\u00e0 in un unico flacone.<\/p>\n\n\n\n<h3 class=\"wp-block-heading\">Caratteristiche principali di Twisted Beast Dumb Bitch Juice Mojito Madness 10ml<\/h3>\n\n\n\n<ul class=\"wp-block-list\">\n<li><strong>Profumo di mojito<\/strong>Una miscela rinfrescante di lime e menta che mette subito di buon umore.<\/li>\n\n\n\n<li><strong>Dimensioni compatte<\/strong>Il pratico flacone da 10 ml \u00e8 perfetto da portare con s\u00e9 ovunque si vada.<\/li>\n\n\n\n<li><strong>Formula potente<\/strong>A base di nitrito di isoamile per un'intensa diffusione della fragranza.<\/li>\n\n\n\n<li><strong>Qualit\u00e0 premium<\/strong>Prodotto secondo rigorosi standard di qualit\u00e0 per un'esperienza affidabile.<\/li>\n<\/ul>\n\n\n\n<h3 class=\"wp-block-heading\">Perch\u00e9 Mojito Madness \u00e8 uno dei preferiti<\/h3>\n\n\n\n<p>I popper Twisted Beast Dumb Bitch Juice Mojito Madness 10ml combinano un profumo seducente con un'azione potente e un design facile da usare. Apprezzato per l'intensit\u00e0 e l'aroma unico del mojito, il prodotto \u00e8 la scelta perfetta per chi \u00e8 alla ricerca di un'esperienza di profumazione di alto livello. Che si voglia animare una festa o godersi una serata speciale, Mojito Madness offre un'esperienza unica e indimenticabile.<\/p>\n\n\n\n<h3 class=\"wp-block-heading\">Come si usa l'Twisted Beast Dumb Bitch Juice Mojito Madness 10ml?<\/h3>\n\n\n\n<p>Utilizzare Twisted Beast Dumb Bitch Juice Mojito Madness 10ml solo come diffusore di fragranze o solvente per la pulizia. Non \u00e8 adatto al consumo umano e non deve essere inalato. Conservare il prodotto in un luogo fresco e asciutto e chiudere bene il flacone dopo l'uso.<\/p>\n\n\n\n<h3 class=\"wp-block-heading\">Avvertenze<\/h3>\n\n\n\n<ul class=\"wp-block-list\">\n<li>Liquido e vapore altamente infiammabili (H225).<\/li>\n\n\n\n<li>Provoca irritazione cutanea e oculare (H315\/H319).<\/li>\n\n\n\n<li>Tossico per inalazione (H331).<\/li>\n\n\n\n<li>Non \u00e8 un farmaco. Usare a proprio rischio e pericolo.<\/li>\n\n\n\n<li>Evitare il contatto con gli occhi e la pelle.<\/li>\n\n\n\n<li>Non utilizzare in combinazione con ausili per l'erezione, alcol o droghe.<\/li>\n<\/ul>\n\n\n\n<h3 class=\"wp-block-heading\">Utilizzo<\/h3>\n\n\n\n<p>\u00c8 inteso solo come diffusore di fragranze o solvente per la pulizia.<br>Non \u00e8 adatto al consumo umano e non deve essere inalato.<\/p>\n\n\n\n<h3 class=\"wp-block-heading\">Immagazzinamento<\/h3>\n\n\n\n<p>Conservare in un luogo fresco e asciutto. Tenere fuori dalla portata dei bambini.<\/p>\n\n\n\n<h3 class=\"wp-block-heading\">Paese di origine<\/h3>\n\n\n\n<p>Francia.<\/p>\n\n\n\n<p><\/p>","protected":false},"excerpt":{"rendered":"<p><strong><br \/>ACCESSORI COMPATIBILI:<\/strong><\/p>\n<ul>\n<li><a href=\"https:\/\/poppersparadise.eu\/it\/categoria-di-prodotto\/accessori\/annusatori-piccoli\/\">Fiuto Piccolo<\/a><\/li>\n<li><a href=\"https:\/\/poppersparadise.eu\/it\/prodotto\/xtrm-poppers-houder-zwart-small\/\">XTRM Poppers Supporto Piccolo<\/a><\/li>\n<li><a href=\"https:\/\/poppersparadise.eu\/it\/prodotto\/poppers-xtrm-keeper-small-10ml-2\/\">XTRM Poppers Custode Piccolo<\/a><\/li>\n<\/ul>","protected":false},"featured_media":16487,"comment_status":"open","ping_status":"closed","template":"","meta":{"_acf_changed":false},"product_brand":[580,789],"product_cat":[34],"product_tag":[],"class_list":{"0":"post-16486","1":"product","2":"type-product","3":"status-publish","4":"has-post-thumbnail","6":"product_brand-twisted-beast","7":"product_brand-uk","8":"product_cat-kleine-flesjes-poppers","10":"first","11":"outofstock","12":"taxable","13":"shipping-taxable","14":"purchasable","15":"product-type-simple"},"acf":[],"df_price":6.5,"df_sale_price":"","df_regular_price":6.5,"df_image_link":"https:\/\/poppersparadise.eu\/wp-content\/uploads\/2025\/04\/6150853240260-300x300.jpg","_links":{"self":[{"href":"https:\/\/poppersparadise.eu\/it\/wp-json\/wp\/v2\/product\/16486","targetHints":{"allow":["GET"]}}],"collection":[{"href":"https:\/\/poppersparadise.eu\/it\/wp-json\/wp\/v2\/product"}],"about":[{"href":"https:\/\/poppersparadise.eu\/it\/wp-json\/wp\/v2\/types\/product"}],"replies":[{"embeddable":true,"href":"https:\/\/poppersparadise.eu\/it\/wp-json\/wp\/v2\/comments?post=16486"}],"wp:featuredmedia":[{"embeddable":true,"href":"https:\/\/poppersparadise.eu\/it\/wp-json\/wp\/v2\/media\/16487"}],"wp:attachment":[{"href":"https:\/\/poppersparadise.eu\/it\/wp-json\/wp\/v2\/media?parent=16486"}],"wp:term":[{"taxonomy":"product_brand","embeddable":true,"href":"https:\/\/poppersparadise.eu\/it\/wp-json\/wp\/v2\/product_brand?post=16486"},{"taxonomy":"product_cat","embeddable":true,"href":"https:\/\/poppersparadise.eu\/it\/wp-json\/wp\/v2\/product_cat?post=16486"},{"taxonomy":"product_tag","embeddable":true,"href":"https:\/\/poppersparadise.eu\/it\/wp-json\/wp\/v2\/product_tag?post=16486"}],"curies":[{"name":"wp","href":"https:\/\/api.w.org\/{rel}","templated":true}]}}