{"id":12985,"date":"2024-11-26T12:46:56","date_gmt":"2024-11-26T11:46:56","guid":{"rendered":"https:\/\/poppersparadise.eu\/?post_type=product&#038;p=12985"},"modified":"2026-04-19T17:09:00","modified_gmt":"2026-04-19T15:09:00","slug":"berlin-x-hard-poppers-24ml","status":"publish","type":"product","link":"https:\/\/poppersparadise.eu\/it\/product\/berlin-x-hard-poppers-24ml\/","title":{"rendered":"Berlin X-Hard 24ml"},"content":{"rendered":"<h2 class=\"wp-block-heading\">Scatenate la potenza con Berlin X-Hard Poppers 24ml<\/h2>\n\n\n\n<p>Scoprite l'esperienza unica della fragranza Berlin X-Hard Poppers 24ml. Formulato con nitrito di propile di alta qualit\u00e0, questo diffusore di fragranze offre un profumo intenso e duraturo, perfetto per le occasioni speciali. Ideale per chi cerca un'esperienza di fragranza potente e distintiva.<\/p>\n\n\n\n<h3 class=\"wp-block-heading\">Perch\u00e9 scegliere Berlin X-Hard Poppers 24ml?<\/h3>\n\n\n\n<ul class=\"wp-block-list\">\n<li><strong>Opzioni economiche per il trasporto alla rinfusa<\/strong>Approfittate di sconti interessanti sugli acquisti pi\u00f9 consistenti.<\/li>\n\n\n\n<li><strong>Esperienza di profumazione unica<\/strong>Appositamente studiato per diffondere una fragranza intensa e di lunga durata.<\/li>\n\n\n\n<li><strong>Valore eccellente<\/strong>Con una generosa capacit\u00e0 di 24 ml, potrete godere pi\u00f9 a lungo di questo diffusore di fragranze di alta qualit\u00e0.<\/li>\n<\/ul>\n\n\n\n<h3 class=\"wp-block-heading\">Istruzioni per l'uso<\/h3>\n\n\n\n<ul class=\"wp-block-list\">\n<li><strong>Risparmiare<\/strong>Tenere lontano dalla luce diretta del sole e dal calore per mantenere la qualit\u00e0.<\/li>\n\n\n\n<li><strong>Sicurezza<\/strong>: Altamente infiammabile, usare con cautela.<\/li>\n\n\n\n<li><strong>Solo per adulti<\/strong>: Non adatto ai minori.<\/li>\n\n\n\n<li><strong>Usare con cautela<\/strong>Aprire il flacone in un luogo ben ventilato e chiuderlo bene dopo l'uso per evitare l'evaporazione.<\/li>\n<\/ul>\n\n\n\n<h3 class=\"wp-block-heading\">Importante da sapere<\/h3>\n\n\n\n<p>Questo prodotto \u00e8 destinato esclusivamente all'uso come diffusore di fragranze o detergente. Non \u00e8 adatto al consumo o al contatto diretto con la pelle. Conservare il prodotto in un luogo fresco e asciutto e chiudere bene il flacone dopo l'uso.<\/p>\n\n\n\n<h3 class=\"wp-block-heading\">Avvertenze<\/h3>\n\n\n\n<ul class=\"wp-block-list\">\n<li>Liquido e vapore altamente infiammabili (H225).<\/li>\n\n\n\n<li>Pu\u00f2 causare irritazione alla pelle e agli occhi (H315\/H319).<\/li>\n\n\n\n<li>Tossico per inalazione (H331).<\/li>\n\n\n\n<li>Nessun farmaco.<\/li>\n\n\n\n<li>Utilizzare solo come indicato.<\/li>\n<\/ul>\n\n\n\n<h3 class=\"wp-block-heading\">Immagazzinamento<\/h3>\n\n\n\n<p>Conservare in un luogo fresco e asciutto. Tenere fuori dalla portata dei bambini.<\/p>\n\n\n\n<h3 class=\"wp-block-heading\">Paese di origine<\/h3>\n\n\n\n<p>Francia<\/p>","protected":false},"excerpt":{"rendered":"<p><strong><br \/>ACCESSORI COMPATIBILI:<\/strong><\/p>\n<ul>\n<li><a href=\"https:\/\/poppersparadise.eu\/it\/categoria-di-prodotto\/accessori\/annusatori-grandi\/\">Fiuto Grande<\/a><\/li>\n<li><a href=\"https:\/\/poppersparadise.eu\/it\/prodotto\/porta-poppers-xtrm-grande\/\">XTRM Poppers Supporto grande<\/a><\/li>\n<li><a href=\"https:\/\/poppersparadise.eu\/it\/prodotto\/xtrm-poppers-keeper-grande-24ml\/\">XTRM Poppers Custode Grande<\/a><\/li>\n<\/ul>","protected":false},"featured_media":12986,"comment_status":"open","ping_status":"closed","template":"","meta":{"_acf_changed":false},"product_brand":[739],"product_cat":[35],"product_tag":[],"class_list":{"0":"post-12985","1":"product","2":"type-product","3":"status-publish","4":"has-post-thumbnail","6":"product_brand-berlin","7":"product_cat-grote-flesjes-poppers","9":"first","10":"instock","11":"taxable","12":"shipping-taxable","13":"purchasable","14":"product-type-simple"},"acf":[],"df_price":6.95,"df_sale_price":"","df_regular_price":6.95,"df_image_link":"https:\/\/poppersparadise.eu\/wp-content\/uploads\/2024\/11\/BH24-300x300.webp","_links":{"self":[{"href":"https:\/\/poppersparadise.eu\/it\/wp-json\/wp\/v2\/product\/12985","targetHints":{"allow":["GET"]}}],"collection":[{"href":"https:\/\/poppersparadise.eu\/it\/wp-json\/wp\/v2\/product"}],"about":[{"href":"https:\/\/poppersparadise.eu\/it\/wp-json\/wp\/v2\/types\/product"}],"replies":[{"embeddable":true,"href":"https:\/\/poppersparadise.eu\/it\/wp-json\/wp\/v2\/comments?post=12985"}],"wp:featuredmedia":[{"embeddable":true,"href":"https:\/\/poppersparadise.eu\/it\/wp-json\/wp\/v2\/media\/12986"}],"wp:attachment":[{"href":"https:\/\/poppersparadise.eu\/it\/wp-json\/wp\/v2\/media?parent=12985"}],"wp:term":[{"taxonomy":"product_brand","embeddable":true,"href":"https:\/\/poppersparadise.eu\/it\/wp-json\/wp\/v2\/product_brand?post=12985"},{"taxonomy":"product_cat","embeddable":true,"href":"https:\/\/poppersparadise.eu\/it\/wp-json\/wp\/v2\/product_cat?post=12985"},{"taxonomy":"product_tag","embeddable":true,"href":"https:\/\/poppersparadise.eu\/it\/wp-json\/wp\/v2\/product_tag?post=12985"}],"curies":[{"name":"wp","href":"https:\/\/api.w.org\/{rel}","templated":true}]}}