{"id":950,"date":"2024-10-08T16:52:37","date_gmt":"2024-10-08T14:52:37","guid":{"rendered":"https:\/\/poppersparadise.eu\/product\/original-super-inhaler10ml\/"},"modified":"2026-05-09T17:38:47","modified_gmt":"2026-05-09T15:38:47","slug":"original-super-inhalateur-poppers-10ml","status":"publish","type":"product","link":"https:\/\/poppersparadise.eu\/fr\/product\/original-super-inhaler-poppers-10ml\/","title":{"rendered":"\u26a1Original Super &amp; Adapter\u26a110ml"},"content":{"rendered":"<h2 class=\"wp-block-heading\">Vivez le frisson du Super Rush<\/h2>\n\n\n\n<p>D\u00e9couvrez l'excitation et l'intensit\u00e9 de Super Rush, un diffuseur de parfum qui fait revivre la formule embl\u00e9matique Amyl des ann\u00e9es 1990. Gr\u00e2ce \u00e0 son intensification progressive des ar\u00f4mes, Super Rush offre une exp\u00e9rience olfactive puissante et durable, parfaite pour les lieux de convivialit\u00e9 et d'intimit\u00e9.<\/p>\n\n\n\n<h3 class=\"wp-block-heading\">Sp\u00e9cifications du produit<\/h3>\n\n\n\n<ul class=\"wp-block-list\">\n<li><strong>Formule<\/strong>La formule Amyl r\u00e9invent\u00e9e dans les ann\u00e9es 1990<\/li>\n\n\n\n<li><strong>Ingr\u00e9dient actif<\/strong>: Nitrite d'isoamyle<\/li>\n\n\n\n<li><strong>Contenu<\/strong>: 10 ml<\/li>\n\n\n\n<li><strong>Y compris<\/strong>Adaptateur libre pour une plus grande facilit\u00e9 d'utilisation<\/li>\n\n\n\n<li><strong>Effets<\/strong>La diffusion d'un parfum puissant et durable qui s'intensifie graduellement.<\/li>\n\n\n\n<li><strong>Application<\/strong>La collection d'objets de d\u00e9coration : Convient aux moments de convivialit\u00e9 et d'intimit\u00e9<\/li>\n<\/ul>\n\n\n\n<h3 class=\"wp-block-heading\">Pourquoi choisir Super Rush ?<\/h3>\n\n\n\n<ul class=\"wp-block-list\">\n<li><strong>Une exp\u00e9rience unique<\/strong>: Les sensations nostalgiques des ann\u00e9es 1990 reviennent.<\/li>\n\n\n\n<li><strong>Haute qualit\u00e9<\/strong>Les parfums : Fabriqu\u00e9s \u00e0 partir d'ingr\u00e9dients soigneusement s\u00e9lectionn\u00e9s pour une exp\u00e9rience olfactive s\u00fbre et inoubliable.<\/li>\n\n\n\n<li><strong>Utilisation polyvalente<\/strong>: Id\u00e9al pour les f\u00eates et la d\u00e9tente personnelle.<\/li>\n\n\n\n<li><strong>Edition exclusive<\/strong>Le prix de l'eau : Une \u00e9dition limit\u00e9e \u00e0 ne pas manquer.<\/li>\n\n\n\n<li><strong>Remise en vrac<\/strong>Les prix : Profitez de remises int\u00e9ressantes sur des achats plus importants.<\/li>\n<\/ul>\n\n\n\n<h3 class=\"wp-block-heading\">Informations importantes sur l'utilisation<\/h3>\n\n\n\n<ul class=\"wp-block-list\">\n<li>Ce produit est destin\u00e9 \u00e0 \u00eatre utilis\u00e9 uniquement comme diffuseur de parfum ou solvant de nettoyage.<\/li>\n\n\n\n<li>Il ne convient pas \u00e0 la consommation humaine ni \u00e0 l'inhalation.<\/li>\n\n\n\n<li>\u00c9viter le contact direct avec la peau en raison de ses propri\u00e9t\u00e9s caustiques.<\/li>\n\n\n\n<li>Conserver dans un endroit frais et sombre et bien refermer le flacon apr\u00e8s utilisation.<\/li>\n<\/ul>\n\n\n\n<h3 class=\"wp-block-heading\">Avertissements<\/h3>\n\n\n\n<ul class=\"wp-block-list\">\n<li>Liquide et vapeur hautement inflammables (H225)<\/li>\n\n\n\n<li>Provoque une irritation de la peau et des yeux (H315\/H319)<\/li>\n\n\n\n<li>Toxique par inhalation (H331)<\/li>\n\n\n\n<li>Pas de m\u00e9dicaments<\/li>\n\n\n\n<li>Utiliser uniquement selon les instructions<\/li>\n<\/ul>\n\n\n\n<h3 class=\"wp-block-heading\">Stockage<\/h3>\n\n\n\n<ul class=\"wp-block-list\">\n<li>Conserver au frais et au sec.<\/li>\n\n\n\n<li>Tenir hors de port\u00e9e des enfants.<\/li>\n<\/ul>\n\n\n\n<h3 class=\"wp-block-heading\">Pays d'origine<\/h3>\n\n\n\n<p>Luxembourg<\/p>","protected":false},"excerpt":{"rendered":"<p><strong><br \/>ACCESSOIRES COMPATIBLES :<\/strong><\/p>\n<ul>\n<li><a href=\"https:\/\/poppersparadise.eu\/fr\/categorie-de-produits\/accessoires\/renifleurs-petits\/\">Renifleurs Petit<\/a><\/li>\n<li><a href=\"https:\/\/poppersparadise.eu\/fr\/produit\/xtrm-poppers-houder-zwart-small\/\">XTRM Poppers Support petit<\/a><\/li>\n<li><a href=\"https:\/\/poppersparadise.eu\/fr\/produit\/xtrm-poppers-keeper-small-10ml-2\/\">XTRM Poppers Keeper Small<\/a><\/li>\n<\/ul>","protected":false},"featured_media":653,"comment_status":"open","ping_status":"closed","template":"","meta":{"_acf_changed":false},"product_brand":[748],"product_cat":[34],"product_tag":[],"class_list":{"0":"post-950","1":"product","2":"type-product","3":"status-publish","4":"has-post-thumbnail","6":"product_brand-original","7":"product_cat-kleine-flesjes-poppers","9":"first","10":"instock","11":"taxable","12":"shipping-taxable","13":"purchasable","14":"product-type-simple"},"acf":[],"df_price":6.95,"df_sale_price":"","df_regular_price":6.95,"df_image_link":"https:\/\/poppersparadise.eu\/wp-content\/uploads\/2024\/10\/super-original-poppers-met-gratis-inhaler-300x300.jpg","_links":{"self":[{"href":"https:\/\/poppersparadise.eu\/fr\/wp-json\/wp\/v2\/product\/950","targetHints":{"allow":["GET"]}}],"collection":[{"href":"https:\/\/poppersparadise.eu\/fr\/wp-json\/wp\/v2\/product"}],"about":[{"href":"https:\/\/poppersparadise.eu\/fr\/wp-json\/wp\/v2\/types\/product"}],"replies":[{"embeddable":true,"href":"https:\/\/poppersparadise.eu\/fr\/wp-json\/wp\/v2\/comments?post=950"}],"wp:featuredmedia":[{"embeddable":true,"href":"https:\/\/poppersparadise.eu\/fr\/wp-json\/wp\/v2\/media\/653"}],"wp:attachment":[{"href":"https:\/\/poppersparadise.eu\/fr\/wp-json\/wp\/v2\/media?parent=950"}],"wp:term":[{"taxonomy":"product_brand","embeddable":true,"href":"https:\/\/poppersparadise.eu\/fr\/wp-json\/wp\/v2\/product_brand?post=950"},{"taxonomy":"product_cat","embeddable":true,"href":"https:\/\/poppersparadise.eu\/fr\/wp-json\/wp\/v2\/product_cat?post=950"},{"taxonomy":"product_tag","embeddable":true,"href":"https:\/\/poppersparadise.eu\/fr\/wp-json\/wp\/v2\/product_tag?post=950"}],"curies":[{"name":"wp","href":"https:\/\/api.w.org\/{rel}","templated":true}]}}