{"id":942,"date":"2024-10-08T14:52:35","date_gmt":"2024-10-08T14:52:35","guid":{"rendered":"https:\/\/poppersparadise.eu\/product\/original-gold30ml\/"},"modified":"2026-05-14T13:58:26","modified_gmt":"2026-05-14T11:58:26","slug":"original-gold-poppers-30ml","status":"publish","type":"product","link":"https:\/\/poppersparadise.eu\/fr\/product\/original-gold-poppers-30ml\/","title":{"rendered":"\u26a1Original Gold\u26a130ml"},"content":{"rendered":"<h2 class=\"wp-block-heading\">Am\u00e9liorez votre exp\u00e9rience avec Original Gold Poppers<\/h2>\n\n\n\n<p>D\u00e9couvrez une exp\u00e9rience olfactive puissante avec Original Gold Poppers. Sp\u00e9cialement con\u00e7u pour les utilisateurs exp\u00e9riment\u00e9s, ce produit de haute qualit\u00e9 offre une diffusion intense et raffin\u00e9e du parfum. La formule \u00e0 action rapide, \u00e0 base de nitrite d'isoamyle, offre une exp\u00e9rience parfum\u00e9e imm\u00e9diate et durable.<\/p>\n\n\n\n<p>Conditionn\u00e9 dans un flacon en verre pratique de 10 ou 30 ml, Original Gold est facile \u00e0 transporter et id\u00e9al pour une utilisation dans divers contextes. De plus, b\u00e9n\u00e9ficiez de remises int\u00e9ressantes pour l'achat de trois flacons ou plus.<\/p>\n\n\n\n<h3 class=\"wp-block-heading\">Sp\u00e9cifications du produit<\/h3>\n\n\n\n<ul class=\"wp-block-list\">\n<li><strong>Contenu<\/strong>: 10 ml \/ 30 ml<\/li>\n\n\n\n<li><strong>Ingr\u00e9dient actif<\/strong>: Nitrite d'isoamyle<\/li>\n\n\n\n<li><strong>Caract\u00e9ristiques<\/strong>:\n<ul class=\"wp-block-list\">\n<li>Diffusion d'odeurs de haute qualit\u00e9<\/li>\n\n\n\n<li>Ar\u00f4mes imm\u00e9diats et intenses<\/li>\n\n\n\n<li>Une exp\u00e9rience olfactive de longue dur\u00e9e<\/li>\n<\/ul>\n<\/li>\n<\/ul>\n\n\n\n<h3 class=\"wp-block-heading\">Informations importantes pour l'utilisateur<\/h3>\n\n\n\n<ul class=\"wp-block-list\">\n<li>Ce produit est destin\u00e9 \u00e0 \u00eatre utilis\u00e9 uniquement comme diffuseur de parfum ou solvant de nettoyage.<\/li>\n\n\n\n<li>Il ne convient pas \u00e0 la consommation humaine ni \u00e0 l'inhalation.<\/li>\n\n\n\n<li>\u00c9viter tout contact direct avec la peau ou les yeux en raison de ses propri\u00e9t\u00e9s corrosives.<\/li>\n\n\n\n<li>Conserver dans un endroit frais et sombre et bien refermer le flacon apr\u00e8s utilisation.<\/li>\n<\/ul>\n\n\n\n<h3 class=\"wp-block-heading\">Avertissements<\/h3>\n\n\n\n<ul class=\"wp-block-list\">\n<li>Liquide et vapeur hautement inflammables (H225).<\/li>\n\n\n\n<li>Provoque une irritation de la peau et des yeux (H315\/H319).<\/li>\n\n\n\n<li>Toxique par inhalation (H331).<\/li>\n\n\n\n<li>Il ne s'agit pas d'un m\u00e9dicament ou d'un produit m\u00e9dical.<\/li>\n\n\n\n<li>Utiliser uniquement selon les instructions.<\/li>\n<\/ul>\n\n\n\n<h3 class=\"wp-block-heading\">Stockage<\/h3>\n\n\n\n<ul class=\"wp-block-list\">\n<li>Conserver au frais et au sec.<\/li>\n\n\n\n<li>Tenir hors de port\u00e9e des enfants.<\/li>\n<\/ul>\n\n\n\n<p><strong>Pays d'origine<\/strong>Luxembourg : Luxembourg<\/p>\n\n\n\n<h3 class=\"wp-block-heading\">Commander Original Gold aujourd'hui<\/h3>\n\n\n\n<p>Avec Original Gold Poppers, vous obtenez un diffuseur de parfum haut de gamme qui allie qualit\u00e9 et fonctionnalit\u00e9. Commandez d\u00e8s aujourd'hui et d\u00e9couvrez pourquoi ce produit est le pr\u00e9f\u00e9r\u00e9 des amateurs de diffuseurs de parfum !<\/p>","protected":false},"excerpt":{"rendered":"<p>Amyl<\/p>","protected":false},"featured_media":649,"comment_status":"open","ping_status":"closed","template":"","meta":{"_acf_changed":false},"product_brand":[748],"product_cat":[482,35],"product_tag":[],"class_list":{"0":"post-942","1":"product","2":"type-product","3":"status-publish","4":"has-post-thumbnail","6":"product_brand-original","7":"product_cat-aanbiedingen","8":"product_cat-grote-flesjes-poppers","10":"first","11":"instock","12":"sale","13":"taxable","14":"shipping-taxable","15":"purchasable","16":"product-type-simple"},"acf":[],"df_price":3.95,"df_sale_price":3.95,"df_regular_price":7.95,"df_image_link":"https:\/\/poppersparadise.eu\/wp-content\/uploads\/2024\/10\/olg30-300x300.jpg","_links":{"self":[{"href":"https:\/\/poppersparadise.eu\/fr\/wp-json\/wp\/v2\/product\/942","targetHints":{"allow":["GET"]}}],"collection":[{"href":"https:\/\/poppersparadise.eu\/fr\/wp-json\/wp\/v2\/product"}],"about":[{"href":"https:\/\/poppersparadise.eu\/fr\/wp-json\/wp\/v2\/types\/product"}],"replies":[{"embeddable":true,"href":"https:\/\/poppersparadise.eu\/fr\/wp-json\/wp\/v2\/comments?post=942"}],"wp:featuredmedia":[{"embeddable":true,"href":"https:\/\/poppersparadise.eu\/fr\/wp-json\/wp\/v2\/media\/649"}],"wp:attachment":[{"href":"https:\/\/poppersparadise.eu\/fr\/wp-json\/wp\/v2\/media?parent=942"}],"wp:term":[{"taxonomy":"product_brand","embeddable":true,"href":"https:\/\/poppersparadise.eu\/fr\/wp-json\/wp\/v2\/product_brand?post=942"},{"taxonomy":"product_cat","embeddable":true,"href":"https:\/\/poppersparadise.eu\/fr\/wp-json\/wp\/v2\/product_cat?post=942"},{"taxonomy":"product_tag","embeddable":true,"href":"https:\/\/poppersparadise.eu\/fr\/wp-json\/wp\/v2\/product_tag?post=942"}],"curies":[{"name":"wp","href":"https:\/\/api.w.org\/{rel}","templated":true}]}}