{"id":920,"date":"2024-10-08T16:52:29","date_gmt":"2024-10-08T14:52:29","guid":{"rendered":"https:\/\/poppersparadise.eu\/product\/rush-zero-red-distilled-24ml\/"},"modified":"2026-04-06T18:36:19","modified_gmt":"2026-04-06T16:36:19","slug":"rush-zero-red-distilled-poppers-24ml","status":"publish","type":"product","link":"https:\/\/poppersparadise.eu\/fr\/product\/rush-zero-red-distilled-poppers-24ml\/","title":{"rendered":"Rush Zero Red Distilled 24ml"},"content":{"rendered":"<h2 class=\"wp-block-heading\">D\u00e9couvrez Rush Zero Red Distilled Poppers<\/h2>\n\n\n\n<p>Vivez une exp\u00e9rience olfactive unique avec Rush Zero Red Distilled Poppers. Sp\u00e9cialement con\u00e7u pour les connaisseurs, ce diffuseur de parfum offre une double composition puissante de nitrite d'amyle et de nitrite de propyle. Gr\u00e2ce \u00e0 la technologie innovante Mega Pellet, l'ar\u00f4me reste frais plus longtemps, ce qui vous permet de profiter pleinement de sa haute qualit\u00e9.<\/p>\n\n\n\n<h3 class=\"wp-block-heading\">Caract\u00e9ristiques principales de Rush Zero Red Distilled Poppers<\/h3>\n\n\n\n<ul class=\"wp-block-list\">\n<li><strong>Double composition<\/strong>: Contient du nitrite d'amyle et du nitrite de propyle pour une dispersion puissante des odeurs.<\/li>\n\n\n\n<li><strong>Technologie Mega Pellet<\/strong>Les produits de la gamme sont de qualit\u00e9 sup\u00e9rieure et offrent une fra\u00eecheur et une durabilit\u00e9 durables.<\/li>\n\n\n\n<li><strong>Formats utiles<\/strong>Les produits sont disponibles en flacons de 10 ml et 24 ml, selon vos pr\u00e9f\u00e9rences.<\/li>\n\n\n\n<li><strong>Sp\u00e9cialement pour les connaisseurs<\/strong>: Id\u00e9al pour les utilisateurs exp\u00e9riment\u00e9s \u00e0 la recherche d'un parfum intense.<\/li>\n<\/ul>\n\n\n\n<h3 class=\"wp-block-heading\">Informations importantes pour l'utilisateur<\/h3>\n\n\n\n<ul class=\"wp-block-list\">\n<li>Ce produit est destin\u00e9 \u00e0 \u00eatre utilis\u00e9 uniquement comme diffuseur de parfum ou solvant de nettoyage.<\/li>\n\n\n\n<li>Il ne convient pas \u00e0 la consommation humaine ni \u00e0 l'inhalation.<\/li>\n\n\n\n<li>\u00c9viter le contact direct avec la peau en raison de ses propri\u00e9t\u00e9s caustiques.<\/li>\n\n\n\n<li>Conserver dans un endroit frais et sombre et bien refermer le flacon apr\u00e8s utilisation.<\/li>\n<\/ul>\n\n\n\n<h3 class=\"wp-block-heading\">Avertissements<\/h3>\n\n\n\n<ul class=\"wp-block-list\">\n<li>Liquide et vapeur hautement inflammables (H225).<\/li>\n\n\n\n<li>Provoque une irritation de la peau et des yeux (H315\/H319).<\/li>\n\n\n\n<li>Toxique par inhalation (H331).<\/li>\n\n\n\n<li>Il ne s'agit pas d'un m\u00e9dicament ou d'un produit m\u00e9dical.<\/li>\n\n\n\n<li>Utiliser uniquement selon les instructions.<\/li>\n<\/ul>\n\n\n\n<h3 class=\"wp-block-heading\">Stockage<\/h3>\n\n\n\n<ul class=\"wp-block-list\">\n<li>Conserver au frais et au sec.<\/li>\n\n\n\n<li>Tenir hors de port\u00e9e des enfants.<\/li>\n<\/ul>\n\n\n\n<h3 class=\"wp-block-heading\">Pourquoi choisir Rush Zero Red Distilled Poppers ?<\/h3>\n\n\n\n<p>Rush Zero Red Distilled Poppers associent une diffusion de parfum puissante \u00e0 une technologie innovante et \u00e0 la fiabilit\u00e9. Parfait pour les amateurs \u00e0 la recherche d'une exp\u00e9rience olfactive de haute qualit\u00e9.<\/p>\n\n\n\n<p>Commandez d\u00e8s aujourd'hui votre bouteille de Rush Zero Red Distilled Poppers et d\u00e9couvrez l'intensit\u00e9 et la qualit\u00e9 de ce produit !<\/p>","protected":false},"excerpt":{"rendered":"<p><strong><br \/>ACCESSOIRES COMPATIBLES :<\/strong><\/p>\n<ul>\n<li><a href=\"https:\/\/poppersparadise.eu\/fr\/categorie-de-produits\/accessoires\/renifleurs-de-grande-taille\/\">Renifleurs Large<\/a><\/li>\n<li><a href=\"https:\/\/poppersparadise.eu\/fr\/produit\/xtrm-poppers-holder-large\/\">XTRM Poppers Support Large<\/a><\/li>\n<li><a href=\"https:\/\/poppersparadise.eu\/fr\/produit\/xtrm-poppers-keeper-large-24ml-2\/\">XTRM Poppers Keeper Large<\/a><\/li>\n<\/ul>","protected":false},"featured_media":424,"comment_status":"open","ping_status":"closed","template":"","meta":{"_acf_changed":false},"product_brand":[751],"product_cat":[35],"product_tag":[],"class_list":{"0":"post-920","1":"product","2":"type-product","3":"status-publish","4":"has-post-thumbnail","6":"product_brand-rush","7":"product_cat-grote-flesjes-poppers","9":"first","10":"instock","11":"taxable","12":"shipping-taxable","13":"purchasable","14":"product-type-simple"},"acf":[],"df_price":6.95,"df_sale_price":"","df_regular_price":6.95,"df_image_link":"https:\/\/poppersparadise.eu\/wp-content\/uploads\/2024\/10\/rzr24-300x300.jpg","_links":{"self":[{"href":"https:\/\/poppersparadise.eu\/fr\/wp-json\/wp\/v2\/product\/920","targetHints":{"allow":["GET"]}}],"collection":[{"href":"https:\/\/poppersparadise.eu\/fr\/wp-json\/wp\/v2\/product"}],"about":[{"href":"https:\/\/poppersparadise.eu\/fr\/wp-json\/wp\/v2\/types\/product"}],"replies":[{"embeddable":true,"href":"https:\/\/poppersparadise.eu\/fr\/wp-json\/wp\/v2\/comments?post=920"}],"wp:featuredmedia":[{"embeddable":true,"href":"https:\/\/poppersparadise.eu\/fr\/wp-json\/wp\/v2\/media\/424"}],"wp:attachment":[{"href":"https:\/\/poppersparadise.eu\/fr\/wp-json\/wp\/v2\/media?parent=920"}],"wp:term":[{"taxonomy":"product_brand","embeddable":true,"href":"https:\/\/poppersparadise.eu\/fr\/wp-json\/wp\/v2\/product_brand?post=920"},{"taxonomy":"product_cat","embeddable":true,"href":"https:\/\/poppersparadise.eu\/fr\/wp-json\/wp\/v2\/product_cat?post=920"},{"taxonomy":"product_tag","embeddable":true,"href":"https:\/\/poppersparadise.eu\/fr\/wp-json\/wp\/v2\/product_tag?post=920"}],"curies":[{"name":"wp","href":"https:\/\/api.w.org\/{rel}","templated":true}]}}