{"id":915,"date":"2024-10-08T16:52:27","date_gmt":"2024-10-08T14:52:27","guid":{"rendered":"https:\/\/poppersparadise.eu\/product\/real-rush-10ml\/"},"modified":"2026-04-27T20:25:32","modified_gmt":"2026-04-27T18:25:32","slug":"real-rush-poppers-10ml","status":"publish","type":"product","link":"https:\/\/poppersparadise.eu\/fr\/product\/real-rush-poppers-10ml\/","title":{"rendered":"Real Rush 10ml"},"content":{"rendered":"<h2 class=\"wp-block-heading\">D\u00e9couvrez le parfum puissant de Real Rush Original Poppers<\/h2>\n\n\n\n<p>Real Rush Original Poppers offre un ar\u00f4me intense et vivifiant, parfait pour cr\u00e9er une atmosph\u00e8re unique et agr\u00e9able. Dot\u00e9s d'une formule puissante \u00e0 base de nitrite d'isoamyle et conditionn\u00e9s dans un flacon en verre pratique de 10 ml, ces diffuseurs de parfum sont id\u00e9aux pour les amateurs de produits de haute qualit\u00e9.<\/p>\n\n\n\n<h3 class=\"wp-block-heading\">Caract\u00e9ristiques principales de Real Rush Original Poppers<\/h3>\n\n\n\n<ul class=\"wp-block-list\">\n<li><strong>Une exp\u00e9rience parfum\u00e9e intense<\/strong>Le parfum puissant du nitrite d'isoamyle assure une dispersion durable et efficace.<\/li>\n\n\n\n<li><strong>Sp\u00e9cialement pour les connaisseurs<\/strong>: Con\u00e7u pour les utilisateurs exp\u00e9riment\u00e9s \u00e0 la recherche d'une formule puissante.<\/li>\n\n\n\n<li><strong>Format pratique<\/strong>La solution : Pr\u00e9sent\u00e9e dans un flacon compact en verre de 10 ml, elle est facile \u00e0 utiliser.<\/li>\n\n\n\n<li><strong>Utilisation \u00e9conomique<\/strong>La formule puissante de ce produit permet de n'utiliser qu'une petite quantit\u00e9.<\/li>\n\n\n\n<li><strong>Un choix abordable<\/strong>Les prix : Profitez de prix toujours bas et de remises en vrac attrayantes.<\/li>\n<\/ul>\n\n\n\n<h3 class=\"wp-block-heading\">Informations importantes pour l'utilisateur<\/h3>\n\n\n\n<ul class=\"wp-block-list\">\n<li>Ce produit est destin\u00e9 \u00e0 \u00eatre utilis\u00e9 uniquement comme diffuseur de parfum ou solvant de nettoyage.<\/li>\n\n\n\n<li>Il ne convient pas \u00e0 la consommation humaine ni \u00e0 l'inhalation.<\/li>\n\n\n\n<li>\u00c9viter le contact direct avec la peau en raison de ses propri\u00e9t\u00e9s caustiques.<\/li>\n\n\n\n<li>Conserver dans un endroit frais et sombre et bien refermer le flacon apr\u00e8s utilisation.<\/li>\n<\/ul>\n\n\n\n<h3 class=\"wp-block-heading\">Avertissements<\/h3>\n\n\n\n<ul class=\"wp-block-list\">\n<li>Liquide et vapeur hautement inflammables (H225).<\/li>\n\n\n\n<li>Provoque une irritation de la peau et des yeux (H315\/H319).<\/li>\n\n\n\n<li>Toxique par inhalation (H331).<\/li>\n\n\n\n<li>Il ne s'agit pas d'un m\u00e9dicament ou d'un produit m\u00e9dical.<\/li>\n\n\n\n<li>Utiliser uniquement selon les instructions.<\/li>\n<\/ul>\n\n\n\n<h3 class=\"wp-block-heading\">Stockage<\/h3>\n\n\n\n<ul class=\"wp-block-list\">\n<li>Conserver au frais et au sec.<\/li>\n\n\n\n<li>Tenir hors de port\u00e9e des enfants.<\/li>\n<\/ul>\n\n\n\n<h3 class=\"wp-block-heading\">Pays d'origine<\/h3>\n\n\n\n<ul class=\"wp-block-list\">\n<li>Luxembourg<\/li>\n<\/ul>\n\n\n\n<h3 class=\"wp-block-heading\">Pourquoi choisir Real Rush Original Poppers ?<\/h3>\n\n\n\n<p>Real Rush Original Poppers combine une diffusion de parfum puissante avec une facilit\u00e9 d'utilisation et des avantages \u00e9conomiques. Ils sont parfaits pour les amateurs \u00e0 la recherche d'une exp\u00e9rience olfactive fiable et de haute qualit\u00e9.<\/p>\n\n\n\n<p>Commandez votre bouteille de Real Rush Original Poppers d\u00e8s aujourd'hui et d\u00e9couvrez l'intensit\u00e9 et la qualit\u00e9 de ce produit !<\/p>","protected":false},"excerpt":{"rendered":"<p><strong><br \/>ACCESSOIRES COMPATIBLES :<\/strong><\/p>\n<ul>\n<li><a href=\"https:\/\/poppersparadise.eu\/fr\/categorie-de-produits\/accessoires\/renifleurs-petits\/\">Renifleurs Petit<\/a><\/li>\n<li><a href=\"https:\/\/poppersparadise.eu\/fr\/produit\/xtrm-poppers-houder-zwart-small\/\">XTRM Poppers Support petit<\/a><\/li>\n<li><a href=\"https:\/\/poppersparadise.eu\/fr\/produit\/xtrm-poppers-keeper-small-10ml-2\/\">XTRM Poppers Keeper Small<\/a><\/li>\n<\/ul>","protected":false},"featured_media":622,"comment_status":"open","ping_status":"closed","template":"","meta":{"_acf_changed":false},"product_brand":[751],"product_cat":[34,482],"product_tag":[],"class_list":{"0":"post-915","1":"product","2":"type-product","3":"status-publish","4":"has-post-thumbnail","6":"product_brand-rush","7":"product_cat-kleine-flesjes-poppers","8":"product_cat-aanbiedingen","10":"first","11":"instock","12":"sale","13":"taxable","14":"shipping-taxable","15":"purchasable","16":"product-type-simple"},"acf":[],"df_price":3.95,"df_sale_price":3.95,"df_regular_price":5.95,"df_image_link":"https:\/\/poppersparadise.eu\/wp-content\/uploads\/2024\/10\/rr10-300x300.jpg","_links":{"self":[{"href":"https:\/\/poppersparadise.eu\/fr\/wp-json\/wp\/v2\/product\/915","targetHints":{"allow":["GET"]}}],"collection":[{"href":"https:\/\/poppersparadise.eu\/fr\/wp-json\/wp\/v2\/product"}],"about":[{"href":"https:\/\/poppersparadise.eu\/fr\/wp-json\/wp\/v2\/types\/product"}],"replies":[{"embeddable":true,"href":"https:\/\/poppersparadise.eu\/fr\/wp-json\/wp\/v2\/comments?post=915"}],"wp:featuredmedia":[{"embeddable":true,"href":"https:\/\/poppersparadise.eu\/fr\/wp-json\/wp\/v2\/media\/622"}],"wp:attachment":[{"href":"https:\/\/poppersparadise.eu\/fr\/wp-json\/wp\/v2\/media?parent=915"}],"wp:term":[{"taxonomy":"product_brand","embeddable":true,"href":"https:\/\/poppersparadise.eu\/fr\/wp-json\/wp\/v2\/product_brand?post=915"},{"taxonomy":"product_cat","embeddable":true,"href":"https:\/\/poppersparadise.eu\/fr\/wp-json\/wp\/v2\/product_cat?post=915"},{"taxonomy":"product_tag","embeddable":true,"href":"https:\/\/poppersparadise.eu\/fr\/wp-json\/wp\/v2\/product_tag?post=915"}],"curies":[{"name":"wp","href":"https:\/\/api.w.org\/{rel}","templated":true}]}}