{"id":913,"date":"2024-10-08T16:52:27","date_gmt":"2024-10-08T14:52:27","guid":{"rendered":"https:\/\/poppersparadise.eu\/product\/gold-rush-long-24ml\/"},"modified":"2026-04-05T18:05:18","modified_gmt":"2026-04-05T16:05:18","slug":"gold-rush-poppers-24ml-2","status":"publish","type":"product","link":"https:\/\/poppersparadise.eu\/fr\/product\/gold-rush-poppers-24ml-2\/","title":{"rendered":"Gold Rush Long 24ml"},"content":{"rendered":"<h2 class=\"wp-block-heading\">D\u00e9couvrez le parfum puissant de l'or Rush Poppers<\/h2>\n\n\n\n<p>Gold Rush Poppers offrent un ar\u00f4me intense et vivifiant, parfait pour cr\u00e9er une atmosph\u00e8re unique et agr\u00e9able. Dot\u00e9s d'une formule puissante \u00e0 base de nitrite d'isoamyle et disponibles en flacons de 10 ou 24 ml, ces diffuseurs de parfum sont id\u00e9aux pour les amateurs de produits de qualit\u00e9.<\/p>\n\n\n\n<h3 class=\"wp-block-heading\">Caract\u00e9ristiques principales de Gold Rush Poppers<\/h3>\n\n\n\n<ul class=\"wp-block-list\">\n<li><strong>Ar\u00f4me intense et durable<\/strong>L'odeur puissante du nitrite d'isoamyle persiste longtemps.<\/li>\n\n\n\n<li><strong>Une exp\u00e9rience olfactive agr\u00e9able<\/strong>: Cr\u00e9e une atmosph\u00e8re d\u00e9tendue et agr\u00e9able.<\/li>\n\n\n\n<li><strong>Tailles disponibles<\/strong>Disponible en flacons de 10 ml ou de 24 ml.<\/li>\n\n\n\n<li><strong>Utilisation \u00e9conomique<\/strong>La formule puissante de ce produit permet de n'utiliser qu'une petite quantit\u00e9 de produit.<\/li>\n\n\n\n<li><strong>La s\u00e9curit\u00e9 avant tout<\/strong>Les produits de l'Union europ\u00e9enne doivent \u00eatre utilis\u00e9s de mani\u00e8re responsable : Suivez les directives pour une utilisation responsable.<\/li>\n<\/ul>\n\n\n\n<h3 class=\"wp-block-heading\">Informations importantes pour l'utilisateur<\/h3>\n\n\n\n<ul class=\"wp-block-list\">\n<li>Ce produit est destin\u00e9 \u00e0 \u00eatre utilis\u00e9 uniquement comme diffuseur de parfum ou solvant de nettoyage.<\/li>\n\n\n\n<li>Il ne convient pas \u00e0 la consommation humaine ni \u00e0 l'inhalation.<\/li>\n\n\n\n<li>\u00c9viter le contact direct avec la peau en raison de ses propri\u00e9t\u00e9s caustiques.<\/li>\n\n\n\n<li>Conserver dans un endroit frais et sombre et bien refermer le flacon apr\u00e8s utilisation.<\/li>\n<\/ul>\n\n\n\n<h3 class=\"wp-block-heading\">Avertissements<\/h3>\n\n\n\n<ul class=\"wp-block-list\">\n<li>Liquide et vapeur hautement inflammables (H225).<\/li>\n\n\n\n<li>Provoque une irritation de la peau et des yeux (H315\/H319).<\/li>\n\n\n\n<li>Toxique par inhalation (H331).<\/li>\n\n\n\n<li>Il ne s'agit pas d'un m\u00e9dicament ou d'un produit m\u00e9dical.<\/li>\n\n\n\n<li>Utiliser uniquement selon les instructions.<\/li>\n<\/ul>\n\n\n\n<h3 class=\"wp-block-heading\">Stockage<\/h3>\n\n\n\n<ul class=\"wp-block-list\">\n<li>Conserver au frais et au sec.<\/li>\n\n\n\n<li>Tenir hors de port\u00e9e des enfants.<\/li>\n<\/ul>\n\n\n\n<h3 class=\"wp-block-heading\">Pays d'origine<\/h3>\n\n\n\n<ul class=\"wp-block-list\">\n<li>Luxembourg<\/li>\n<\/ul>\n\n\n\n<h3 class=\"wp-block-heading\">Pourquoi choisir Gold Rush Poppers ?<\/h3>\n\n\n\n<p>Gold Rush Poppers associent une diffusion de parfum puissante \u00e0 des avantages \u00e9conomiques, gr\u00e2ce \u00e0 des remises en vrac et \u00e0 un choix de tailles de flacons. Ils sont parfaits pour les amateurs \u00e0 la recherche d'une exp\u00e9rience olfactive fiable et de haute qualit\u00e9.<\/p>\n\n\n\n<p>Commandez votre bouteille de Gold Rush Poppers d\u00e8s aujourd'hui et d\u00e9couvrez l'intensit\u00e9 et la qualit\u00e9 de ce produit !<\/p>","protected":false},"excerpt":{"rendered":"<p><strong><br \/>ACCESSOIRES COMPATIBLES :<\/strong><\/p>\n<ul>\n<li><a href=\"https:\/\/poppersparadise.eu\/fr\/categorie-de-produits\/accessoires\/renifleurs-petits\/\">Renifleurs Petit<\/a><\/li>\n<\/ul>","protected":false},"featured_media":420,"comment_status":"open","ping_status":"closed","template":"","meta":{"_acf_changed":false},"product_brand":[751],"product_cat":[35],"product_tag":[705],"class_list":{"0":"post-913","1":"product","2":"type-product","3":"status-publish","4":"has-post-thumbnail","6":"product_brand-rush","7":"product_cat-grote-flesjes-poppers","8":"product_tag-tube","10":"first","11":"instock","12":"taxable","13":"shipping-taxable","14":"purchasable","15":"product-type-simple"},"acf":[],"df_price":7.95,"df_sale_price":"","df_regular_price":7.95,"df_image_link":"https:\/\/poppersparadise.eu\/wp-content\/uploads\/2024\/10\/gr24eta-300x300.jpg","_links":{"self":[{"href":"https:\/\/poppersparadise.eu\/fr\/wp-json\/wp\/v2\/product\/913","targetHints":{"allow":["GET"]}}],"collection":[{"href":"https:\/\/poppersparadise.eu\/fr\/wp-json\/wp\/v2\/product"}],"about":[{"href":"https:\/\/poppersparadise.eu\/fr\/wp-json\/wp\/v2\/types\/product"}],"replies":[{"embeddable":true,"href":"https:\/\/poppersparadise.eu\/fr\/wp-json\/wp\/v2\/comments?post=913"}],"wp:featuredmedia":[{"embeddable":true,"href":"https:\/\/poppersparadise.eu\/fr\/wp-json\/wp\/v2\/media\/420"}],"wp:attachment":[{"href":"https:\/\/poppersparadise.eu\/fr\/wp-json\/wp\/v2\/media?parent=913"}],"wp:term":[{"taxonomy":"product_brand","embeddable":true,"href":"https:\/\/poppersparadise.eu\/fr\/wp-json\/wp\/v2\/product_brand?post=913"},{"taxonomy":"product_cat","embeddable":true,"href":"https:\/\/poppersparadise.eu\/fr\/wp-json\/wp\/v2\/product_cat?post=913"},{"taxonomy":"product_tag","embeddable":true,"href":"https:\/\/poppersparadise.eu\/fr\/wp-json\/wp\/v2\/product_tag?post=913"}],"curies":[{"name":"wp","href":"https:\/\/api.w.org\/{rel}","templated":true}]}}